{"id":69220,"date":"2026-03-19T10:38:18","date_gmt":"2026-03-19T10:38:18","guid":{"rendered":"https:\/\/soydeaqui.ddns.net\/pachuca\/index.php\/producto\/montaje-lateral-ajustable-en-kit-para-antenas-de-8-89-cm-de-diametro-a-228-cm-de-distancia-torre\/"},"modified":"2026-03-19T10:38:22","modified_gmt":"2026-03-19T10:38:22","slug":"montaje-lateral-ajustable-en-kit-para-antenas-de-8-89-cm-de-diametro-a-228-cm-de-distancia-torre","status":"publish","type":"product","link":"https:\/\/soydeaqui.ddns.net\/pachuca\/index.php\/producto\/montaje-lateral-ajustable-en-kit-para-antenas-de-8-89-cm-de-diametro-a-228-cm-de-distancia-torre\/","title":{"rendered":"Montaje Lateral Ajustable en Kit para Antenas de 8.89 cm de Di\u00e1metro a 228 cm de Distancia-Torre."},"content":{"rendered":"<div style='width: 100%; max-width: 1200px; margin: 0 auto; font-family: sans-serif; line-height: 1.6; color: inherit; background-color: transparent;'>\n<div style='display: flex; flex-wrap: wrap; gap: 30px; margin-bottom: 30px;'>\n<div style='flex: 1 1 300px; min-width: 280px;'>\n<h3 style='font-size: 22px; border-bottom: 2px solid currentColor; padding-bottom: 5px; margin-top: 0; color: inherit; opacity: 0.8;'>Caracter\u00edsticas Principales<\/h3>\n<ul style='padding-left: 20px; font-size: 15px; color: inherit;'>\n<li style='margin-bottom: 5px;'>Montaje lateral ajustable para antenas<\/li>\n<li style='margin-bottom: 5px;'>Dise\u00f1ado para antenas con di\u00e1metro de 8.89 cm<\/li>\n<li style='margin-bottom: 5px;'>Distancia ajustable hasta 228 cm desde la torre<\/li>\n<li style='margin-bottom: 5px;'>Fabricado en acero al carbono galvanizado en caliente<\/li>\n<li style='margin-bottom: 5px;'>Compatible con diversos tipos de fijaciones y superficies<\/li>\n<\/ul><\/div>\n<div style='flex: 1 1 300px; min-width: 280px;'>\n<h3 style='font-size: 22px; border-bottom: 2px solid currentColor; padding-bottom: 5px; margin-top: 0; color: inherit; opacity: 0.8;'>Aplicaciones<\/h3>\n<ul style='padding-left: 20px; font-size: 15px; color: inherit;'>\n<li style='margin-bottom: 5px;'>Montaje de antenas en torres de telecomunicaciones<\/li>\n<li style='margin-bottom: 5px;'>Instalaci\u00f3n en tuber\u00edas&comma; barras de \u00e1ngulo&comma; postes de madera<\/li>\n<li style='margin-bottom: 5px;'>Fijaci\u00f3n a superficies planas y paredes<\/li>\n<li style='margin-bottom: 5px;'>Configuraciones omnidireccionales y de 90 grados<\/li>\n<\/ul><\/div>\n<\/p><\/div>\n<div style='display: flex; flex-wrap: wrap; gap: 20px; margin-bottom: 30px;'>\n<div style='flex: 1 1 250px; border: 1px solid rgba(150&comma; 150&comma; 150&comma; 0.4); border-radius: 8px; overflow: hidden; display: flex; flex-direction: column;'>\n<div style='padding: 15px; border-bottom: 1px solid rgba(150&comma; 150&comma; 150&comma; 0.2); font-weight: bold; font-size: 18px; color: inherit;'>Especificaciones T\u00e9cnicas<\/div>\n<div style='padding: 15px; color: inherit;'>\n<ul style='padding-left: 20px; margin: 0; font-size: 14px; list-style-type: disc;'>\n<li style='margin-bottom: 5px;'><strong>Tipo:<\/strong> Montaje lateral ajustable<\/li>\n<li style='margin-bottom: 5px;'><strong>Di\u00e1metro compatible:<\/strong> 8.89 cm<\/li>\n<li style='margin-bottom: 5px;'><strong>Distancia m\u00e1xima:<\/strong> 228 cm<\/li>\n<li style='margin-bottom: 5px;'><strong>Material:<\/strong> Acero al carbono galvanizado en caliente<\/li>\n<\/ul><\/div>\n<\/p><\/div>\n<div style='flex: 1 1 250px; border: 1px solid rgba(150&comma; 150&comma; 150&comma; 0.4); border-radius: 8px; overflow: hidden; display: flex; flex-direction: column;'>\n<div style='padding: 15px; border-bottom: 1px solid rgba(150&comma; 150&comma; 150&comma; 0.2); font-weight: bold; font-size: 18px; color: inherit;'>Compatibilidad<\/div>\n<div style='padding: 15px; color: inherit;'>\n<ul style='padding-left: 20px; margin: 0; font-size: 14px; list-style-type: disc;'>\n<li style='margin-bottom: 5px;'>Tuber\u00edas paralelas<\/li>\n<li style='margin-bottom: 5px;'>Tuber\u00edas a 90 grados<\/li>\n<li style='margin-bottom: 5px;'>Superficies planas<\/li>\n<li style='margin-bottom: 5px;'>Postes de madera<\/li>\n<\/ul><\/div>\n<\/p><\/div>\n<div style='flex: 1 1 250px; border: 1px solid rgba(150&comma; 150&comma; 150&comma; 0.4); border-radius: 8px; overflow: hidden; display: flex; flex-direction: column;'>\n<div style='padding: 15px; border-bottom: 1px solid rgba(150&comma; 150&comma; 150&comma; 0.2); font-weight: bold; font-size: 18px; color: inherit;'>Opciones de Montaje<\/div>\n<div style='padding: 15px; color: inherit;'>\n<ul style='padding-left: 20px; margin: 0; font-size: 14px; list-style-type: disc;'>\n<li style='margin-bottom: 5px;'>Configuraci\u00f3n paralela<\/li>\n<li style='margin-bottom: 5px;'>Configuraci\u00f3n perpendicular<\/li>\n<li style='margin-bottom: 5px;'>Montaje en \u00e1ngulo (60\u00b0 y 90\u00b0)<\/li>\n<li style='margin-bottom: 5px;'>Montaje en bridas<\/li>\n<\/ul><\/div>\n<\/p><\/div>\n<\/p><\/div>\n<hr style='border: 0; border-top: 1px solid rgba(150&comma; 150&comma; 150&comma; 0.3); margin: 30px 0;'>\n<div style='display: flex; flex-wrap: wrap; gap: 30px; margin-bottom: 30px;'>\n<div style='flex: 1 1 300px; min-width: 280px;'>\n<h3 style='font-size: 22px; border-bottom: 2px solid currentColor; padding-bottom: 5px; margin-top: 0; color: inherit; opacity: 0.8;'>Compatibilidad con Clamps<\/h3>\n<ul style='padding-left: 20px; font-size: 15px; color: inherit;'>\n<li style='margin-bottom: 5px;'>Clamp005<\/li>\n<li style='margin-bottom: 5px;'>Clamp006A<\/li>\n<li style='margin-bottom: 5px;'>Clamp006B<\/li>\n<li style='margin-bottom: 5px;'>Clamp006C<\/li>\n<li style='margin-bottom: 5px;'>Clamp006E<\/li>\n<\/ul><\/div>\n<div style='flex: 1 1 300px; min-width: 280px;'>\n<h3 style='font-size: 22px; border-bottom: 2px solid currentColor; padding-bottom: 5px; margin-top: 0; color: inherit; opacity: 0.8;'>Opciones de Material<\/h3>\n<ul style='padding-left: 20px; font-size: 15px; color: inherit;'>\n<li style='margin-bottom: 5px;'>Acero al carbono galvanizado en caliente<\/li>\n<li style='margin-bottom: 5px;'>Aluminio<\/li>\n<li style='margin-bottom: 5px;'>Acero inoxidable (Stainless Steel)<\/li>\n<\/ul><\/div>\n<\/p><\/div>\n<hr style='border: 0; border-top: 1px solid rgba(150&comma; 150&comma; 150&comma; 0.3); margin: 30px 0;'>\n<div style='display: flex; flex-wrap: wrap; gap: 30px; margin-bottom: 30px;'>\n<div style='flex: 1 1 300px; min-width: 280px;'>\n<h3 style='font-size: 22px; border-bottom: 2px solid currentColor; padding-bottom: 5px; margin-top: 0; color: inherit; opacity: 0.8;'>Clamps Incluidos<\/h3>\n<ul style='padding-left: 20px; font-size: 15px; color: inherit;'>\n<li style='margin-bottom: 5px;'>Clamp120<\/li>\n<li style='margin-bottom: 5px;'>Clamp130<\/li>\n<li style='margin-bottom: 5px;'>Clamp147<\/li>\n<li style='margin-bottom: 5px;'>Clamp148<\/li>\n<\/ul><\/div>\n<div style='flex: 1 1 300px; min-width: 280px;'>\n<h3 style='font-size: 22px; border-bottom: 2px solid currentColor; padding-bottom: 5px; margin-top: 0; color: inherit; opacity: 0.8;'>Rango de Di\u00e1metros Soportados<\/h3>\n<ul style='padding-left: 20px; font-size: 15px; color: inherit;'>\n<li style='margin-bottom: 5px;'>1.5&#8242; &#8211; 3.5&#8242; Di\u00e1metro<\/li>\n<li style='margin-bottom: 5px;'>1.9&#8242; &#8211; 3.56&#8242; Di\u00e1metro<\/li>\n<li style='margin-bottom: 5px;'>2.37&#8242; &#8211; 4.5&#8242; Di\u00e1metro<\/li>\n<li style='margin-bottom: 5px;'>3.5&#8242; &#8211; 5.563&#8242; Di\u00e1metro<\/li>\n<li style='margin-bottom: 5px;'>4.0&#8242; &#8211; 8.63&#8242; Di\u00e1metro<\/li>\n<\/ul><\/div>\n<\/p><\/div>\n<\/p><\/div>\n","protected":false},"excerpt":{"rendered":"<p>Montaje Lateral Ajustable en Kit para Antenas de 8.89 cm de Di\u00e1metro a 228 cm de Distancia-Torre.<\/p>\n","protected":false},"featured_media":69219,"comment_status":"open","ping_status":"closed","template":"","meta":[],"product_brand":[],"product_cat":[1615],"product_tag":[1404,1616,1671],"class_list":{"0":"post-69220","1":"product","2":"type-product","3":"status-publish","4":"has-post-thumbnail","6":"product_cat-montajes-y-divisores","7":"product_tag-antenas","8":"product_tag-montajes-y-divisores","9":"product_tag-sinclair","11":"first","12":"outofstock","13":"sale","14":"shipping-taxable","15":"purchasable","16":"product-type-simple"},"_links":{"self":[{"href":"https:\/\/soydeaqui.ddns.net\/pachuca\/index.php\/wp-json\/wp\/v2\/product\/69220","targetHints":{"allow":["GET"]}}],"collection":[{"href":"https:\/\/soydeaqui.ddns.net\/pachuca\/index.php\/wp-json\/wp\/v2\/product"}],"about":[{"href":"https:\/\/soydeaqui.ddns.net\/pachuca\/index.php\/wp-json\/wp\/v2\/types\/product"}],"replies":[{"embeddable":true,"href":"https:\/\/soydeaqui.ddns.net\/pachuca\/index.php\/wp-json\/wp\/v2\/comments?post=69220"}],"wp:featuredmedia":[{"embeddable":true,"href":"https:\/\/soydeaqui.ddns.net\/pachuca\/index.php\/wp-json\/wp\/v2\/media\/69219"}],"wp:attachment":[{"href":"https:\/\/soydeaqui.ddns.net\/pachuca\/index.php\/wp-json\/wp\/v2\/media?parent=69220"}],"wp:term":[{"taxonomy":"product_brand","embeddable":true,"href":"https:\/\/soydeaqui.ddns.net\/pachuca\/index.php\/wp-json\/wp\/v2\/product_brand?post=69220"},{"taxonomy":"product_cat","embeddable":true,"href":"https:\/\/soydeaqui.ddns.net\/pachuca\/index.php\/wp-json\/wp\/v2\/product_cat?post=69220"},{"taxonomy":"product_tag","embeddable":true,"href":"https:\/\/soydeaqui.ddns.net\/pachuca\/index.php\/wp-json\/wp\/v2\/product_tag?post=69220"}],"curies":[{"name":"wp","href":"https:\/\/api.w.org\/{rel}","templated":true}]}}