{"id":6919,"date":"2026-03-18T06:49:23","date_gmt":"2026-03-18T06:49:23","guid":{"rendered":"https:\/\/soydeaqui.ddns.net\/pachuca\/index.php\/producto\/boton-de-salida-con-multiples-mensajes-en-ingles\/"},"modified":"2026-03-18T06:49:27","modified_gmt":"2026-03-18T06:49:27","slug":"boton-de-salida-con-multiples-mensajes-en-ingles","status":"publish","type":"product","link":"https:\/\/soydeaqui.ddns.net\/pachuca\/index.php\/producto\/boton-de-salida-con-multiples-mensajes-en-ingles\/","title":{"rendered":"Bot\u00f3n de Salida con M\u00faltiples Mensajes en Ingles"},"content":{"rendered":"<div style='width: 100%; max-width: 1200px; margin: 0 auto; font-family: sans-serif; line-height: 1.6; color: inherit; background-color: transparent;'> <!-- Secci\u00f3n de descripci\u00f3n --> <\/p>\n<div style='margin-bottom: 30px; font-size: 15px; color: inherit;'>\n<p>Este pulsador moment\u00e1neo ayuda a eliminar el tener que tener existencias de docenas de pulsadores. Ya no m\u00e1s perder valioso tiempo y dinero buscando el pulsador justo para el cliente. Tiene todo lo necesario para brindarle al cliente exactamente lo que necesita en un conveniente paquete. Est\u00e1 listo para armar al sacarlo de la caja y se instala f\u00e1cilmente en minutos en el lugar requerido.<\/p>\n<p>El &#8216;Universal Button&#8217; ofrece la sorprendente cantidad de 300 combinaciones diferentes por el precio de un pulsador de configuraci\u00f3n standard simple. La carcasa est\u00e1 fabricada de aluminio fundido&comma; lo que le permite absorber fuertes golpes y tiene dimensiones sobremedida a fin de cubrir marcas de instalaci\u00f3n de tapas viejas. El bot\u00f3n y las placas de mensaje son construyendo de policarbonato resistente. El paquete de pulsador incluye: una tapa&comma; tres pulsadores iluminados&comma; cuatro r\u00f3tulos de pulsador cambiables y diez mensajes de activaci\u00f3n cambiables.<\/p>\n<\/p><\/div>\n<p> <!-- Secci\u00f3n de caracter\u00edsticas --> <\/p>\n<div style='display: flex; flex-wrap: wrap; gap: 20px; margin-bottom: 30px;'>\n<div style='flex: 1 1 250px; border: 1px solid rgba(150&comma; 150&comma; 150&comma; 0.4); border-radius: 8px; overflow: hidden; display: flex; flex-direction: column;'>\n<div style='padding: 15px; border-bottom: 1px solid rgba(150&comma; 150&comma; 150&comma; 0.2); font-weight: bold; font-size: 18px; color: inherit;'>Caracter\u00edsticas Principales<\/div>\n<div style='padding: 15px; color: inherit;'>\n<ul style='padding-left: 20px; margin: 0; font-size: 14px; list-style-type: disc;'>\n<li style='margin-bottom: 5px;'>Pulsador moment\u00e1neo.<\/li>\n<li style='margin-bottom: 5px;'>M\u00e1s de 300 combinaciones en un solo conveniente paquete.<\/li>\n<li style='margin-bottom: 5px;'>Incluye cinco insertos para el pulsador &#8211; SALIDA&comma; OPRIMA&comma; EMPUJAR PARA SALIR&comma; s\u00edmbolo de discapacitado o en blanco.<\/li>\n<li style='margin-bottom: 5px;'>Placas de mensajes inscriptas con SALIDA&comma; EMERGENCIA y en traslucido blanco (para etiquetas personalizables).<\/li>\n<li style='margin-bottom: 5px;'>Diez insertos de mensaje en colores en verde&comma; azul&comma; amarillo y blanco.<\/li>\n<li style='margin-bottom: 5px;'>Tres diferentes coberturas de lente &#8211; rojo&comma; verde y azul.<\/li>\n<li style='margin-bottom: 5px;'>Tapa construida en aluminio fundido.<\/li>\n<li style='margin-bottom: 5px;'>Tapa \u00fanica ligeramente m\u00e1s grande para cubrir marcas de instalaci\u00f3n de tapas viejas.<\/li>\n<li style='margin-bottom: 5px;'>El bot\u00f3n y las placas de mensaje son construyendo de policarbonato resistente.<\/li>\n<li style='margin-bottom: 5px;'>Bot\u00f3n LED blanco de 12\/24 voltios (standard o iluminado).<\/li>\n<li style='margin-bottom: 5px;'>Dos juegos de contactos Forma &#8216;C&#8217;.<\/li>\n<li style='margin-bottom: 5px;'>Listado por UL a las normas de seguridad de los EEUU y Canad\u00e1.<\/li>\n<li style='margin-bottom: 5px;'>Garant\u00eda de tres a\u00f1os contra rotura del policarbonato durante el uso normal (un a\u00f1o para la parte electromec\u00e1nica y los componentes electr\u00f3nicos).<\/li>\n<li style='margin-bottom: 5px;'>Dimensiones: 82 x 123 x 56 mm<\/li>\n<\/ul><\/div>\n<\/p><\/div>\n<\/p><\/div>\n<\/p><\/div>\n","protected":false},"excerpt":{"rendered":"<p>Bot\u00f3n de Salida con M\u00faltiples Mensajes en Ingles<\/p>\n","protected":false},"featured_media":6918,"comment_status":"open","ping_status":"closed","template":"","meta":[],"product_brand":[],"product_cat":[190],"product_tag":[93,191,169],"class_list":{"0":"post-6919","1":"product","2":"type-product","3":"status-publish","4":"has-post-thumbnail","6":"product_cat-botones-de-salida","7":"product_tag-accesorios","8":"product_tag-botones-de-salida","9":"product_tag-sti","11":"first","12":"instock","13":"sale","14":"shipping-taxable","15":"purchasable","16":"product-type-simple"},"_links":{"self":[{"href":"https:\/\/soydeaqui.ddns.net\/pachuca\/index.php\/wp-json\/wp\/v2\/product\/6919","targetHints":{"allow":["GET"]}}],"collection":[{"href":"https:\/\/soydeaqui.ddns.net\/pachuca\/index.php\/wp-json\/wp\/v2\/product"}],"about":[{"href":"https:\/\/soydeaqui.ddns.net\/pachuca\/index.php\/wp-json\/wp\/v2\/types\/product"}],"replies":[{"embeddable":true,"href":"https:\/\/soydeaqui.ddns.net\/pachuca\/index.php\/wp-json\/wp\/v2\/comments?post=6919"}],"wp:featuredmedia":[{"embeddable":true,"href":"https:\/\/soydeaqui.ddns.net\/pachuca\/index.php\/wp-json\/wp\/v2\/media\/6918"}],"wp:attachment":[{"href":"https:\/\/soydeaqui.ddns.net\/pachuca\/index.php\/wp-json\/wp\/v2\/media?parent=6919"}],"wp:term":[{"taxonomy":"product_brand","embeddable":true,"href":"https:\/\/soydeaqui.ddns.net\/pachuca\/index.php\/wp-json\/wp\/v2\/product_brand?post=6919"},{"taxonomy":"product_cat","embeddable":true,"href":"https:\/\/soydeaqui.ddns.net\/pachuca\/index.php\/wp-json\/wp\/v2\/product_cat?post=6919"},{"taxonomy":"product_tag","embeddable":true,"href":"https:\/\/soydeaqui.ddns.net\/pachuca\/index.php\/wp-json\/wp\/v2\/product_tag?post=6919"}],"curies":[{"name":"wp","href":"https:\/\/api.w.org\/{rel}","templated":true}]}}