{"id":69129,"date":"2026-03-19T10:34:52","date_gmt":"2026-03-19T10:34:52","guid":{"rendered":"https:\/\/soydeaqui.ddns.net\/pachuca\/index.php\/producto\/convertidor-de-corriente-de-110-240-vca-a-12-vcc-500-mah-con-enchufe-para-encendedor-de-cigarrillos\/"},"modified":"2026-03-19T10:34:54","modified_gmt":"2026-03-19T10:34:54","slug":"convertidor-de-corriente-de-110-240-vca-a-12-vcc-500-mah-con-enchufe-para-encendedor-de-cigarrillos","status":"publish","type":"product","link":"https:\/\/soydeaqui.ddns.net\/pachuca\/index.php\/producto\/convertidor-de-corriente-de-110-240-vca-a-12-vcc-500-mah-con-enchufe-para-encendedor-de-cigarrillos\/","title":{"rendered":"Convertidor de Corriente de 110 \/ 240 Vca a 12 Vcc \/ 500 mAh con enchufe para encendedor de cigarrillos."},"content":{"rendered":"<p style='text-align: center;'><img src='data:image\/png;base64&comma;iVBORw0KGgoAAAANSUhEUgAAALIAAABNCAYAAAACTj6kAAAAAXNSR0IArs4c6QAAAARnQU1BAACxjwv8YQUAAAAJcEhZcwAADsMAAA7DAcdvqGQAABGBSURBVHhe7Zx5dBRVvse\/t6qrl3Q6kKSTQMJiWIMBnIiEPbgAokZ0ODOjzHMBB1neEwf1ufGevBkd2d5DZ0Y8R1wGAUFGRQTlCAJBBJElaBJEAYFAAIGkE7L1Ur3U7\/3R3ZWu7g4JngFj5X7O+XFO7v3d371V\/e17f7duNUz2+ggczi8cIbqAw\/klwoXM0QVcyBxdwIXM0QVcyBxdwIXM0QVcyBxdwIXM0QVcyBxdwIXM0QVcyBxdwIXM0QVcyBxdwIXM0QVcyBxdwIXM0QVcyBxdwIXM0QVcyBxdwIXM0QVcyBxdwIXM0QVcyBxdwIXM0QVcyBxdwIXM0QVcyBxdwH7O\/\/uNiEDUuu4ZY01\/ECGyFWMMweoInxDRfYTjRMaL9mmJYH8t93UpBCF2Drmc9v+KMbREdB\/huPH6\/bm56kImIiiKgpqaGhQVFeHHs2ehlWV87PY0TJo0CYcOHcL27UWaDyshIQH33HMvkpOT1TIiQkNDA95++234\/T4AAAODQTLg7rt\/ja5du0JRFHi9XuzdswffHjoEWfao7ZtDYALGjhuH3NxcIOJ6HA4HthcV4dz5cy0KKdGaiHsnTUJSUhIAQFEUyLKMbVu34tjxY1AUJbpJDJ06dUZhYSFsNpsqLJ\/PhxXLl6Ouvi7a\/SeRlZWF2267HTabDW63GxvWr8c12dkYMmRI2xOz7PXR1TKP7KXKKgf99W9\/ow4dOpAgCMQYa9FEUaSnnnqaXG4Pbd1WRAaDQVNvNBpp8+bPyCN71X6qHNV0\/wMPaPowm8308LRpVFtXT06Xm3Z\/tYeGDRve6nEwxqhz5850\/ES52o\/DUU0LFi6kpKSkVsURBIF+d889VFffQB7ZS41OF72zahWlp6e3qn1knJycHDpRflIdS2lpGdnt9hjfn2qCINANgwfThcpKevqZZ+i5uXNp8eKX6JuSkpjP9ue2qyrkKkc1TZw4kQwGAwFotQ0YMIDOX6gk2euj+oZGyszMJMaYxmfy5CnkcnvII3up4vQZKigoIFEU1XqTyUQvzpunCmjV6tWUnJwS09elzGKx0M5du9QvTM3FWrr99jtIkqQY33jGGKPMzCwqP3lKvZYZM2aSxWKJ8W2NCYJAK1asJDkk5Ndff+Oy721LJggCvfbaUnr8iSdo4aJFtOHjT+jzHV+o96Ct2FVNLXbu\/AIvLV4MfyAQvE2tQBRFvPCXv6B\/\/\/7qcrZs2T+w7sMPEbmCJyYmYsXKlTAYDHh1yRJs2fIZFKJgPwwYNWoUZs9+DEajER6PB9OnPYyLFy9qYlwSBgwZMgRz5vwXBEEAEWHt2rVYuWJ5Uz8twASGmTP\/HePHjwdjDCUlJXjh+efh9Xlb1T4e\/\/HIIxg\/fjyICIsWLcSXu3a1\/ppaAWPAgw9OxoCBA1FUVASDKGLylCkwGAzRrj8rV1XIPp8PgUAgurhZwpsNSZI0OVkgEIDf79fkopF+Xq8XRKTZAEqSpG6wwrlxawnHEUVR\/QCJCH6\/X3M9LeWNjDEYDAb1ixC+jsj6SxGde4fjiaIIIoLP59Pk19HxotujFT6RY44sa2tcNSFXVlbi8OHvgzeqFT1KRgl9+vRBaqo97o07evQozp07h+amH8YY0tLT0a9fP025z+dDSUkJXC5XcPWM37wJxpCRkY5evXprRHz48GFUXrigupnNZvwqLw8mkymicfNUVJxCeflJdfxMENC\/f3+kpKREuwIA3G43DhwoRsAf+uIwoGPHZAwcOBBEhLLS0uAmL7QCMSZg6NChMBqNQOi6S0tL4XQ2hnwYEiwWDM7PV\/vw+Xwo3r+\/6UvOGLKystCrVy\/Vp80SnWtcCfPIXvpqz15KSLCS2Wwmk8lEJpOJjEZjs2Y2mykjI4P27dsfNx9btOh\/yWw2x7QLm9VqpW3bimLa1dbV0+jRo8lisajjaGksVmsizZ37P+o4Gp0u6tGjh8YnPz+fKqscMf01Z3fddZemX5vNRiUlpTF+cuj+bdmylWw2m+pvMpnouefmktsj09kfz9HAgQPVeCaTibKzs8ntkdUYJ8pPUvfu3VUfs9lM06dP1\/Tx\/eEjlJCQoPZhsVho5cp34t7\/tmaxDzOvAIwx5OXlYe++fXj9jTfx7LNzcP\/9D2DMmLHIzc1Fhw4d1GXW5\/PB6\/XC4\/GgqqoKf\/rznyDLcnRIjL8tmBd6vV6N+Xw+ZGdn49NPN2HEyJHRzWA2m\/H++x\/gvfc\/wLz5CzBj5kxMmHAXBufnIysrC4IgaMbh9Xrhcjkxb96LKCsrAxHhyy+\/xKlTp9R6v9+P4cNHqI\/TWqKiogLFxQcgy7IaY8CAAejVu3e0KxBaAYqKiuB0OtVrlCQJUx56CIwxHDt2DMePH1fj+f1+PP3MM2o6QETYufMLnD59WvURRRGTpzyk9qEoChYtWgiXy6WOKTk5GYPz8+OuiG2OaGVfSfPIXvLIXnJ7ZHJ7ZHK5PeR0uanR6aLDR47StGnTNU8jGGM0ZOhQcjiqY2K53B4aM2aM6hveYaemplJp2cEWZ5HIsYTH4XS5qarKQStWrqTMzExNbFEUad26j8jtkemxxx\/XjFOSpGZn02jzyF5a++E6kiSj5jo\/3bS52TE7XW7KyclR+2SMUWFhoXof\/zh7tmasnTp1ouqai5r2eXl5Gp+8vOs1K0jF6TMxY7rxppuoodEZM562aFd8RqbQgYGiKKA4p2yCIEAURXTr1g1Tp06N+fZ37dIVZotFU4ZQ2zFjxmrKMjIysGnzZ+jbt29MHFxiLOFxCIKARJsNEybchWtzczUxBEFATk4OFEXBjs93aK5j0A03oFfv3mrseBbp\/+7q1eohDQB06dIFI0eO1IwvbIFAAFu2bMGRI0fUGKIoorDwTjDGUFtbi9WrVqmxGGMYNmw4zGazWnaguBgHDx7U+IwYOQI2m00t27RpEwKBpo2nIAiYNGmSmmO3da74Zu9keTm++\/67FjdVAUXBklf+jh07mkRiNpuxfsPHGD16dIwwfT4fbrpxNPbv36+W3XrreLz\/wQdxN1wejwd79+yB0+mMrtJAAA6WlWHhwgWhDWFQOPff\/wBeW7oU1dXVuKZ7N\/h8TULMyMjA\/y1ejERrYkSkCBjQr9+1yM7OhizLSE+zw+NpOkW0Wq145ZUl6JicHHPI7nA48Nxz\/43z588D4U1sWhr27N2HzMxMLF++HDNnTIcSelohCAKWvPoq\/vCHqUDoyzvn2Wfw8ssvq\/dVkiQUbf8c+aGNnqIomPzgg\/jnP9eo\/drtdhz94RisVqta1qaJnqL\/leZ0uemmm28mQRBatPBpUnhpM5vNNH\/BAs2GJdJ2fblb8\/BfEAR6ZcmrMX5yaDlfuvR1slgsMf3Gs5j0ZsgQOnP2R5K9Pvr+8JGYQ4fIk7B4ZrFY6ONPNpIcOhSKPKiJjBHdLjyWyPGkpaVRUdF2kr0+amhopMLCQk291WqlUxWn1Wuvraun\/Px8TV9Dhw6lRqdL49OpUyeNz6xHH2323rdFu2KphaIoWLJkCb4IzbAtWRhRFJGVlYVn58zBI4\/Mavblmo2ffAJFUcBCz5qTkpIwceLEaFcQEY4ePYInnngcsizH9BvPEJrZrFYrbrllDFa\/uwZ2ux0A0L17d+Tm5kIQBLXvyL7iWWpqKq677joAgM1mw\/jbboPBYFDbh2NEtwuPBQAkyYi+ffvizTffwrDhwwEAjupqlJaWAaGZmjGGSZN+j\/T0dLXd6YoKHDx4UK0XRRFTH35Yc6CxetUqVFVVqT4JCQmYMGFCzCrYlrliqcWZM2fw1JP\/CY\/H09yj3hgSbYkYOnQoxo4dh549e0IUxWgXIHQg8sLzz6O0tFQtGzlqJB577PEY4QcCASx97TVs3bpVI4xLIYgCevfujcLCO5GXl4eEhASN2I4ePYJly5bhhx9+gBJo+QWfgoIC\/HH2bPUg5MKFC1ixYjmK9xdrUpR4MMaQak\/FuHHjMGpUATIyMtSxFBcXY8H8+eqhjCAwzJu\/AH369FF9li9\/GxvWr4eiBK\/dZrNh3vz56NKlCxC6nkdnzcLZs2fUz8luT8WChYuQmpoaLPgFcMWEjNCsfLlEz3LNET1jXapdtG9ruFQ8XGbMeLEupz0u47XP6L5+ik90\/S+BKypkDudqoXshk6LAc\/wUFHfL7xoDgJRhh5TSEZ6TZ1rVxpDSEf6LdWhV\/mQQIUhSq+ICADNKYAYDFJc7ukqDaEuEqVsmWDOpWHtA90IONDjx9bAJ8FXVRFfFwASG7BeeRNWHn6Lx629jluR4ZNz3a1x4Z110cVyM6XYIFhM8p85GV8UlZVwB6vd8DX99Y3RVBARBMqLny3OR9ps7EHrDqd2hbyEToXLNBhyd9nTw73gfcoRYhQQLEq+7FvV7vwZCmyMgol2ksBmD7YaB8J6rhHz2fLAuOn4cf\/eJCvirL6plGiLzVMmAlPE3onpjERDeazTnzxgsfbIxaP\/GWJ92gq6FrPh8+HrQHfCUVwAAjJ3TkDXrIYAIFAjg\/Iq18Bw\/pQrCmtsX\/oYGyBU\/qjGYKKLDzcPRsPsAAs7gAQkAQBCQMq4ANZt3AERgRiOyZk2GlNIRANBY+h2q3t+oxmaiiPTf340LK9eqIZJvGYGOY0YBjIFkL06\/9AYCdfUAAGPndDCjEXLF2WB8g4jUCeNgu74\/iDHI5adx7q016heo443D0H\/9W+1WyLFbYR3RuL8sKIQQGf82EbXbd6Py3fVwln2PlPGj1TpmlJB8awG8Z5tezRRMJmTOuA\/2CWMhpWlfrxQTrfDXNv02ztKzOxSnC5WrP0Llmg2w9s\/R7Pxt+deh8Ztv1b8BwHX4OEAEZ8khVK7ZAKUhlEIwBvM1XUEeWRVqyu03QzBKcGz4DI4PP0XN5s\/VOMwgotPk3zYFbofoV8hEuLhtFyi0LIvWBIiJVpDfD2tuX1h690DVexuDvowhZWwBIDDVnxkMSL1zDFzHTqJhfxmSRgxuis0Y0u+9E0L4HRDGkJDTE67DxyBlpMHavy885RVqjs2MEtJ+WwhvVJ7uq6mFbdAAONZtguvwsaa+jRKyZk9FwNP01p\/n+CkkjRiMzlPuRY\/5z0Kyp6izvTEjDYnXD2i3szH0LGRSFNRu361+2FK6HQ3fHIKvshruH8pxftl78FVVq\/X+hkaceelNdRnvNOV38F+sg\/fseShuN5JviXgllDGAgLqd+9QZM2nYIMg\/VgKKgq5PzkDNps\/V2IIk4cLKtfBVOZpiALDm9sGF1R9Bkb3afDe7Kype\/DsC9Q3B9hYzkseNhlx+Gu7jJ+Epr4B8+pzqn3BtH5iyOkVEbn\/oNkf2OWqwr+9okDd4cmZITgIFFATiPQFgDEnDB6F+9wGACILRCCnDDvlM8BcozGhEQr\/ecJYeAgCYumXCNmggHOs2BZtLBpi6ZQXzbQCWnJ7wV9XAF9rUmbp0hmAywh2qDyPZU+BvaATJET+7EgSk3HEzaj7ZporbkJQIa\/8cIJT3N5YcAvmCb6oxUUDft1+G\/e5bm2K0Q3Q7IwsJFoi2prfR\/Bfr44sYgKFDkubZruL1qiIGAPJ64Sz7Tq1PufVGmHt0U5dy8vlVEQOA+8gJVcQA0HHMSHgiNpBhfI4arYgZgyG5QzA3jsBf34i6rw6g7qsDaCguA4V\/7gTA1C0LKeMKNP7tEd3OyFAUODZsQdUHTU8O4hPc8dd\/dSC4xONSvgDAkDnjPiT+KhcV85fAc+pMtIMGJhnQYfgNqP1ibwvjCOa6GQ\/+BtXrP4PryIlWjAVIvmVkcKMX5wi7PaFfISO44aOW\/usBFs55W\/FDVAT9mSACDCCFAFIu3Y6F\/2lFfFEAAwOR0vrxiAJYOxcxdC9kTruBf5U5uoALmaMLuJA5uoALmaMLuJA5uoALmaMLuJA5uoALmaMLuJA5uoALmaMLuJA5uoALmaMLuJA5uoALmaMLuJA5uoALmaMLuJA5uoALmaMLuJA5uoALmaML\/h8B5xAQ2MFCggAAAABJRU5ErkJggg==' alt='' \/><\/p>\n<p style='text-align: center;'>\n<p data-start='258' data-end='361'><strong><span style='font-family: helvetica&comma; arial&comma; sans-serif;'>Convertidor de Corriente 110\u2013240 VCA a 12 VCC \/ 500 mA con Enchufe para Encendedor de Cigarrillos<\/span><\/strong><\/p>\n<p data-start='368' data-end='574'><span style='font-family: helvetica&comma; arial&comma; sans-serif;'>Ideal para alimentar dispositivos de autom\u00f3vil directamente desde la corriente dom\u00e9stica. Convierte la tensi\u00f3n de la red el\u00e9ctrica (110 o 240 V AC) en salida de 12 V DC con una corriente m\u00e1xima de 500 mA.<\/span><\/p>\n<p data-start='581' data-end='603'><span style='font-family: helvetica&comma; arial&comma; sans-serif;'>Caracter\u00edsticas:<\/span><\/p>\n<ul data-start='606' data-end='824'>\n<li data-start='606' data-end='640'>\n<p data-start='608' data-end='640'><span style='font-family: helvetica&comma; arial&comma; sans-serif;'>Entrada: 100\u2013240 VCA&comma; 50\/60 Hz<\/span><\/p>\n<\/li>\n<li data-start='643' data-end='670'>\n<p data-start='645' data-end='670'><span style='font-family: helvetica&comma; arial&comma; sans-serif;'>Salida: 12 VCC \/ 500 mA<\/span><\/p>\n<\/li>\n<li data-start='673' data-end='725'>\n<p data-start='675' data-end='725'><span style='font-family: helvetica&comma; arial&comma; sans-serif;'>Conector: Enchufe tipo encendedor de cigarrillos<\/span><\/p>\n<\/li>\n<li data-start='728' data-end='764'>\n<p data-start='730' data-end='764'><span style='font-family: helvetica&comma; arial&comma; sans-serif;'>Compacto&comma; ligero y f\u00e1cil de usar<\/span><\/p>\n<\/li>\n<li data-start='767' data-end='820'>\n<p data-start='769' data-end='820'><span style='font-family: helvetica&comma; arial&comma; sans-serif;'>Protecci\u00f3n contra sobrecarga y sobrecalentamiento<\/span><\/p>\n<\/li>\n<\/ul>\n<p data-start='827' data-end='846'><span style='font-family: helvetica&comma; arial&comma; sans-serif;'>Aplicaciones:<\/span><\/p>\n<\/p>\n<ul data-start='849' data-end='962'>\n<li data-start='849' data-end='962'>\n<p data-start='851' data-end='962'><span style='font-family: helvetica&comma; arial&comma; sans-serif;'>Cargadores de auto&comma; compresores de aire port\u00e1tiles&comma; coolers el\u00e9ctricos&comma; GPS&comma; y otros accesorios de autom\u00f3vil.<\/span><\/p>\n<\/li>\n<\/ul>\n","protected":false},"excerpt":{"rendered":"<p>Convertidor de Corriente de 110 \/ 240 Vca a 12 Vcc \/ 500 mAh con enchufe para encendedor de cigarrillos.<\/p>\n","protected":false},"featured_media":69128,"comment_status":"open","ping_status":"closed","template":"","meta":[],"product_brand":[],"product_cat":[1519],"product_tag":[417,1517,547],"class_list":{"0":"post-69129","1":"product","2":"type-product","3":"status-publish","4":"has-post-thumbnail","6":"product_cat-accesorios-generales-accesorios-para-icom","7":"product_tag-accesorios-generales","8":"product_tag-accesorios-para-icom","9":"product_tag-syscom-parts","11":"first","12":"instock","13":"sale","14":"shipping-taxable","15":"purchasable","16":"product-type-simple"},"_links":{"self":[{"href":"https:\/\/soydeaqui.ddns.net\/pachuca\/index.php\/wp-json\/wp\/v2\/product\/69129","targetHints":{"allow":["GET"]}}],"collection":[{"href":"https:\/\/soydeaqui.ddns.net\/pachuca\/index.php\/wp-json\/wp\/v2\/product"}],"about":[{"href":"https:\/\/soydeaqui.ddns.net\/pachuca\/index.php\/wp-json\/wp\/v2\/types\/product"}],"replies":[{"embeddable":true,"href":"https:\/\/soydeaqui.ddns.net\/pachuca\/index.php\/wp-json\/wp\/v2\/comments?post=69129"}],"wp:featuredmedia":[{"embeddable":true,"href":"https:\/\/soydeaqui.ddns.net\/pachuca\/index.php\/wp-json\/wp\/v2\/media\/69128"}],"wp:attachment":[{"href":"https:\/\/soydeaqui.ddns.net\/pachuca\/index.php\/wp-json\/wp\/v2\/media?parent=69129"}],"wp:term":[{"taxonomy":"product_brand","embeddable":true,"href":"https:\/\/soydeaqui.ddns.net\/pachuca\/index.php\/wp-json\/wp\/v2\/product_brand?post=69129"},{"taxonomy":"product_cat","embeddable":true,"href":"https:\/\/soydeaqui.ddns.net\/pachuca\/index.php\/wp-json\/wp\/v2\/product_cat?post=69129"},{"taxonomy":"product_tag","embeddable":true,"href":"https:\/\/soydeaqui.ddns.net\/pachuca\/index.php\/wp-json\/wp\/v2\/product_tag?post=69129"}],"curies":[{"name":"wp","href":"https:\/\/api.w.org\/{rel}","templated":true}]}}