{"id":69119,"date":"2026-03-19T10:34:32","date_gmt":"2026-03-19T10:34:32","guid":{"rendered":"https:\/\/soydeaqui.ddns.net\/pachuca\/index.php\/producto\/kit-de-pantalla-multifuncional-go9-con-kit-nmea2000-y-antena-gs25\/"},"modified":"2026-03-19T10:34:33","modified_gmt":"2026-03-19T10:34:33","slug":"kit-de-pantalla-multifuncional-go9-con-kit-nmea2000-y-antena-gs25","status":"publish","type":"product","link":"https:\/\/soydeaqui.ddns.net\/pachuca\/index.php\/producto\/kit-de-pantalla-multifuncional-go9-con-kit-nmea2000-y-antena-gs25\/","title":{"rendered":"Kit de pantalla multifuncional GO9 con kit NMEA2000 y antena GS25"},"content":{"rendered":"<div style='width: 100%; max-width: 1200px; margin: 0 auto; font-family: sans-serif; line-height: 1.6; color: inherit; background-color: transparent;'> <!-- T\u00edtulo principal --> <\/p>\n<div style='margin-bottom: 30px;'>\n<h3 style='font-size: 24px; border-bottom: 2px solid currentColor; padding-bottom: 5px; margin-top: 0; margin-bottom: 10px; color: inherit; opacity: 0.8;'> Simrad GO9 XSE Pantalla multifunci\u00f3n con ecosonda incorporada&comma; GPS y Wi-Fi. <\/h3>\n<p style='font-size: 18px; color: inherit; opacity: 0.8; margin: 0;'> Pantalla panor\u00e1mica multit\u00e1ctil de 9 pulgadas s\u00faper brillante con NMEA 2000 e interfaz de radar. <\/p>\n<\/p><\/div>\n<p> <!-- Secci\u00f3n de caracter\u00edsticas principales --> <\/p>\n<div style='margin-bottom: 30px;'>\n<h3 style='font-size: 20px; border-bottom: 2px solid currentColor; padding-bottom: 5px; margin-top: 0; margin-bottom: 15px; color: inherit; opacity: 0.8;'>Caracter\u00edsticas<\/h3>\n<ul style='padding-left: 20px; font-size: 15px; color: inherit;'>\n<li style='margin-bottom: 8px;'>Software multi-funcion f\u00e1cil de usar.<\/li>\n<li style='margin-bottom: 8px;'>Navegaci\u00f3n segura y f\u00e1cil usando tu cartograf\u00eda favorita (Insight&comma; Navionics&comma; CMAP)<\/li>\n<li style='margin-bottom: 8px;'>Determine la profundidad&comma; el tipo de fondo y encuentre peces usando una de las muchas opciones de tecnolog\u00eda de ecosonda.<\/li>\n<li style='margin-bottom: 8px;'>Control r\u00e1pido y simple de los sistemas de entretenimiento conectados por NMEA2000.<\/li>\n<li style='margin-bottom: 8px;'>Control del circuito del buque cuando est\u00e1 conectado a un sistema de conmutaci\u00f3n digital de zona C.<\/li>\n<li style='margin-bottom: 8px;'>Ver y controlar los datos del motor mientras est\u00e1 en marcha.<\/li>\n<li style='margin-bottom: 8px;'>Conectividad Wi-Fi integrada<\/li>\n<li style='margin-bottom: 8px;'>Notificaciones y descargas de actualizaciones de software cuando est\u00e1 conectado a internet<\/li>\n<li style='margin-bottom: 8px;'>Duplicaci\u00f3n de pantalla cuando est\u00e1 conectado a un dispositivo m\u00f3vil<\/li>\n<li style='margin-bottom: 8px;'>Construido con antena de GPS de 10 Hz.<\/li>\n<li style='margin-bottom: 8px;'>Ranura para tarjeta Dual Micro SD.<\/li>\n<li style='margin-bottom: 8px;'>Sonda ac\u00fastica incorporada (banda ancha y chirrido)<\/li>\n<li style='margin-bottom: 8px;'>Puerto de radar para conexi\u00f3n directa a esc\u00e1neres Simrad 3G \/ 4G o Halo Radar.<\/li>\n<li style='margin-bottom: 8px;'>Operable con control remoto OP40 \/ OP50.<\/li>\n<li style='margin-bottom: 8px;'>Redes avanzadas NMEA2000.<\/li>\n<\/ul><\/div>\n<p> <!-- Secci\u00f3n de Kit NMEA2000 --> <\/p>\n<div style='margin-bottom: 30px;'>\n<h3 style='font-size: 20px; border-bottom: 2px solid currentColor; padding-bottom: 5px; margin-top: 0; margin-bottom: 15px; color: inherit; opacity: 0.8;'>Kit de cables NMEA2000<\/h3>\n<ul style='padding-left: 20px; font-size: 15px; color: inherit;'>\n<li style='margin-bottom: 8px;'>3.- N2K-T-RD &#8211; Conector en T NMEA 2000\u00ae para la conexi\u00f3n de equipos adicionales a la red<\/li>\n<li style='margin-bottom: 8px;'>1.- N2K-PWR-RD &#8211; NMEA 2000\u00ae cable de alimentaci\u00f3n. Incluye cable y conector en T<\/li>\n<li style='margin-bottom: 8px;'>1.- TR-120-KIT &#8211; Set de terminadores&comma; 1 macho y 1 hembra NMEA 2000\u00ae<\/li>\n<li style='margin-bottom: 8px;'>1.- N2KEXT-15RD &#8211; Cable NMEA 2000\u00ae de 4.5m para conexi\u00f3n a equipos adicionales o como extensi\u00f3n de cable de red<\/li>\n<\/ul><\/div>\n<p> <!-- Secci\u00f3n de Antena GS25 --> <\/p>\n<div style='margin-bottom: 30px;'>\n<h3 style='font-size: 20px; border-bottom: 2px solid currentColor; padding-bottom: 5px; margin-top: 0; margin-bottom: 15px; color: inherit; opacity: 0.8;'>Antena GS25<\/h3>\n<ul style='padding-left: 20px; font-size: 15px; color: inherit;'>\n<li style='margin-bottom: 8px;'>M\u00f3dulo de antena NMEA 2000 que ofrece una posici\u00f3n resistente y precisa<\/li>\n<li style='margin-bottom: 8px;'>Compatible con GPS y GLONASS&comma; WASS \/ EGNOS \/ MSAS<\/li>\n<li style='margin-bottom: 8px;'>Actualizaciones de alta velocidad (hasta 10 veces por segundo) para actualizaciones de ubicaci\u00f3n m\u00e1s precisas y precisas<\/li>\n<li style='margin-bottom: 8px;'>Br\u00fajula estabilizadora electr\u00f3nica integrada para proporcionar estabilizaci\u00f3n de gr\u00e1ficos.<\/li>\n<li style='margin-bottom: 8px;'>Rumbo preciso sobre el suelo a baja velocidad y superposici\u00f3n de radar<\/li>\n<li style='margin-bottom: 8px;'>Dise\u00f1o robusto para todos los ambientes marinos y completamente resistente al agua<\/li>\n<\/ul><\/div>\n<p> <!-- Secci\u00f3n de especificaciones t\u00e9cnicas --> <\/p>\n<div style='margin-bottom: 30px;'>\n<h3 style='font-size: 20px; border-bottom: 2px solid currentColor; padding-bottom: 5px; margin-top: 0; margin-bottom: 15px; color: inherit; opacity: 0.8;'>Especificaciones t\u00e9cnicas<\/h3>\n<ul style='padding-left: 20px; font-size: 15px; color: inherit;'>\n<li style='margin-bottom: 8px;'><strong>Dimensiones:<\/strong> 248 x 184 x 90 mm<\/li>\n<li style='margin-bottom: 8px;'><strong>Peso:<\/strong> 1.315 kg<\/li>\n<li style='margin-bottom: 8px;'><strong>Tama\u00f1o de la pantalla:<\/strong> 9&#8242; diagonal<\/li>\n<li style='margin-bottom: 8px;'><strong>Protecci\u00f3n:<\/strong> IPX7<\/li>\n<\/ul><\/div>\n<p> <!-- Secci\u00f3n de accesorios incluidos --> <\/p>\n<div style='margin-bottom: 30px;'>\n<h3 style='font-size: 20px; border-bottom: 2px solid currentColor; padding-bottom: 5px; margin-top: 0; margin-bottom: 15px; color: inherit; opacity: 0.8;'>Accesorios incluidos<\/h3>\n<ul style='padding-left: 20px; font-size: 15px; color: inherit;'>\n<li style='margin-bottom: 8px;'>Montaje para pantalla<\/li>\n<li style='margin-bottom: 8px;'>Bizel<\/li>\n<li style='margin-bottom: 8px;'>Cable de alimentaci\u00f3n<\/li>\n<li style='margin-bottom: 8px;'>Cubierta para pantalla<\/li>\n<li style='margin-bottom: 8px;'>Kit de montaje para tablero<\/li>\n<li style='margin-bottom: 8px;'>Kit NMEA2000 (10760001)<\/li>\n<li style='margin-bottom: 8px;'>Antena GPS (GS25)<\/li>\n<\/ul><\/div>\n<p> <!-- Separador final --> <\/p>\n<hr style='border: 0; border-top: 1px solid rgba(150&comma; 150&comma; 150&comma; 0.3); margin: 30px 0;'> <\/div>\n","protected":false},"excerpt":{"rendered":"<p>Kit de pantalla multifuncional GO9 con kit NMEA2000 y antena GS25<\/p>\n","protected":false},"featured_media":69118,"comment_status":"open","ping_status":"closed","template":"","meta":[],"product_brand":[],"product_cat":[1526],"product_tag":[1505,1527,1172],"class_list":{"0":"post-69119","1":"product","2":"type-product","3":"status-publish","4":"has-post-thumbnail","6":"product_cat-sistema-de-navegacion","7":"product_tag-simrad","8":"product_tag-sistema-de-navegacion","9":"product_tag-soluciones-marinas","11":"first","12":"outofstock","13":"sale","14":"shipping-taxable","15":"purchasable","16":"product-type-simple"},"_links":{"self":[{"href":"https:\/\/soydeaqui.ddns.net\/pachuca\/index.php\/wp-json\/wp\/v2\/product\/69119","targetHints":{"allow":["GET"]}}],"collection":[{"href":"https:\/\/soydeaqui.ddns.net\/pachuca\/index.php\/wp-json\/wp\/v2\/product"}],"about":[{"href":"https:\/\/soydeaqui.ddns.net\/pachuca\/index.php\/wp-json\/wp\/v2\/types\/product"}],"replies":[{"embeddable":true,"href":"https:\/\/soydeaqui.ddns.net\/pachuca\/index.php\/wp-json\/wp\/v2\/comments?post=69119"}],"wp:featuredmedia":[{"embeddable":true,"href":"https:\/\/soydeaqui.ddns.net\/pachuca\/index.php\/wp-json\/wp\/v2\/media\/69118"}],"wp:attachment":[{"href":"https:\/\/soydeaqui.ddns.net\/pachuca\/index.php\/wp-json\/wp\/v2\/media?parent=69119"}],"wp:term":[{"taxonomy":"product_brand","embeddable":true,"href":"https:\/\/soydeaqui.ddns.net\/pachuca\/index.php\/wp-json\/wp\/v2\/product_brand?post=69119"},{"taxonomy":"product_cat","embeddable":true,"href":"https:\/\/soydeaqui.ddns.net\/pachuca\/index.php\/wp-json\/wp\/v2\/product_cat?post=69119"},{"taxonomy":"product_tag","embeddable":true,"href":"https:\/\/soydeaqui.ddns.net\/pachuca\/index.php\/wp-json\/wp\/v2\/product_tag?post=69119"}],"curies":[{"name":"wp","href":"https:\/\/api.w.org\/{rel}","templated":true}]}}