{"id":69096,"date":"2026-03-19T10:33:41","date_gmt":"2026-03-19T10:33:41","guid":{"rendered":"https:\/\/soydeaqui.ddns.net\/pachuca\/index.php\/producto\/kit-de-pantalla-go9-y-transductor-active-imaging-3-en-1\/"},"modified":"2026-03-19T10:33:42","modified_gmt":"2026-03-19T10:33:42","slug":"kit-de-pantalla-go9-y-transductor-active-imaging-3-en-1","status":"publish","type":"product","link":"https:\/\/soydeaqui.ddns.net\/pachuca\/index.php\/producto\/kit-de-pantalla-go9-y-transductor-active-imaging-3-en-1\/","title":{"rendered":"Kit de pantalla GO9 y transductor Active Imaging 3 en 1"},"content":{"rendered":"<div style='width: 100%; max-width: 1200px; margin: 0 auto; font-family: sans-serif; line-height: 1.6; color: inherit; background-color: transparent;'>\n<div style='display: flex; flex-wrap: wrap; gap: 30px; margin-bottom: 30px;'>\n<div style='flex: 1 1 300px; min-width: 280px;'>\n<h3 style='font-size: 22px; border-bottom: 2px solid currentColor; padding-bottom: 5px; margin-top: 0; color: inherit; opacity: 0.8;'>Caracter\u00edsticas principales<\/h3>\n<ul style='padding-left: 20px; font-size: 15px; color: inherit;'>\n<li style='margin-bottom: 5px;'>Software multi-funcion f\u00e1cil de usar.<\/li>\n<li style='margin-bottom: 5px;'>Navegaci\u00f3n segura y f\u00e1cil usando tu cartograf\u00eda favorita (Insight&comma; Navionics&comma; CMAP)<\/li>\n<li style='margin-bottom: 5px;'>Determine la profundidad&comma; el tipo de fondo y encuentre peces usando una de las muchas opciones de tecnolog\u00eda de ecosonda.<\/li>\n<li style='margin-bottom: 5px;'>Control r\u00e1pido y simple de los sistemas de entretenimiento conectados por NMEA2000.<\/li>\n<li style='margin-bottom: 5px;'>Control del circuito del buque cuando est\u00e1 conectado a un sistema de conmutaci\u00f3n digital de zona C.<\/li>\n<li style='margin-bottom: 5px;'>Ver y controlar los datos del motor mientras est\u00e1 en marcha.<\/li>\n<li style='margin-bottom: 5px;'>Conectividad Wi-Fi integrada<\/li>\n<li style='margin-bottom: 5px;'>Notificaciones y descargas de actualizaciones de software cuando est\u00e1 conectado a internet<\/li>\n<li style='margin-bottom: 5px;'>Duplicaci\u00f3n de pantalla cuando est\u00e1 conectado a un dispositivo m\u00f3vil<\/li>\n<li style='margin-bottom: 5px;'>Construido con antena de GPS de 10 Hz.<\/li>\n<li style='margin-bottom: 5px;'>Ranura para tarjeta Dual Micro SD.<\/li>\n<li style='margin-bottom: 5px;'>Sonda ac\u00fastica incorporada (banda ancha y chirrido)<\/li>\n<li style='margin-bottom: 5px;'>Puerto de radar para conexi\u00f3n directa a esc\u00e1neres Simrad 3G \/ 4G o Halo Radar.<\/li>\n<li style='margin-bottom: 5px;'>Operable con control remoto OP40 \/ OP50.<\/li>\n<li style='margin-bottom: 5px;'>Redes avanzadas NMEA2000.<\/li>\n<\/ul><\/div>\n<div style='flex: 1 1 300px; min-width: 280px;'>\n<h3 style='font-size: 22px; border-bottom: 2px solid currentColor; padding-bottom: 5px; margin-top: 0; color: inherit; opacity: 0.8;'>Especificaciones<\/h3>\n<ul style='padding-left: 20px; font-size: 15px; color: inherit;'>\n<li style='margin-bottom: 5px;'><strong>Dimensiones:<\/strong> 248 x 184 x 90 mm<\/li>\n<li style='margin-bottom: 5px;'><strong>Peso:<\/strong> 1.315 kg<\/li>\n<li style='margin-bottom: 5px;'><strong>Tama\u00f1o de la pantalla:<\/strong> 9&#8242; diagonal<\/li>\n<li style='margin-bottom: 5px;'><strong>Protecci\u00f3n:<\/strong> IPX7<\/li>\n<\/ul>\n<h3 style='font-size: 22px; border-bottom: 2px solid currentColor; padding-bottom: 5px; margin-top: 25px; color: inherit; opacity: 0.8;'>Transductor Active Imaging<\/h3>\n<ul style='padding-left: 20px; font-size: 15px; color: inherit;'>\n<li style='margin-bottom: 5px;'>Active imaging 3 en 1 que combina un nuevo sonar de exploraci\u00f3n<\/li>\n<li style='margin-bottom: 5px;'><strong>Frecuencia:<\/strong> tradicional 200 kHz \/ alto: Chirp 83 kHz \/ Chirp medio&comma; sideScan: 455 kHz&comma; 800 kHz<\/li>\n<li style='margin-bottom: 5px;'><strong>Max. profundidad:<\/strong> tradicional 305 m a 200 kHz \/ High chirp y 83 kHz \/ medium chirp downscan 91 m&comma; sidescan 91 m&comma; rango lateral a 455 kHz&comma; 46 m.<\/li>\n<\/ul>\n<h3 style='font-size: 22px; border-bottom: 2px solid currentColor; padding-bottom: 5px; margin-top: 25px; color: inherit; opacity: 0.8;'>Incluye<\/h3>\n<ul style='padding-left: 20px; font-size: 15px; color: inherit;'>\n<li style='margin-bottom: 5px;'>Montaje para pantalla<\/li>\n<li style='margin-bottom: 5px;'>Bizel<\/li>\n<li style='margin-bottom: 5px;'>Cable de alimentaci\u00f3n<\/li>\n<li style='margin-bottom: 5px;'>Cubierta para pantalla<\/li>\n<li style='margin-bottom: 5px;'>Kit de montake para tablero<\/li>\n<li style='margin-bottom: 5px;'>Transductor active imaging<\/li>\n<\/ul>\n<p style='margin-top: 25px; font-size: 14px; color: inherit; opacity: 0.8;'>*Si se instala dentro de una estructura de metal puede ser necesario un receptor GPS externo como el Simrad GS25<\/p>\n<\/p><\/div>\n<\/p><\/div>\n<div style='display: flex; flex-wrap: wrap; gap: 20px; margin-bottom: 30px;'>\n<div style='flex: 1 1 300px; min-width: 280px;'> <img style='width: 100%; height: auto; border: 1px solid rgba(150&comma;150&comma;150&comma;0.3); border-radius: 8px;' src='https:\/\/systembuilder.navico.com\/systembuilder-core\/image\/part\/GO7_XSR_MAIN.png' alt=''> <\/div>\n<div style='flex: 1 1 300px; min-width: 280px;'> <img style='width: 100%; height: auto; border: 1px solid rgba(150&comma;150&comma;150&comma;0.3); border-radius: 8px;' src='https:\/\/systembuilder.navico.com\/systembuilder-core\/image\/part\/ACTIVE_IMAGING_3_1_DUCER_MAIN.png' alt=''> <\/div>\n<\/p><\/div>\n<\/p><\/div>\n","protected":false},"excerpt":{"rendered":"<p>Kit de pantalla GO9 y transductor Active Imaging 3 en 1<\/p>\n","protected":false},"featured_media":69095,"comment_status":"open","ping_status":"closed","template":"","meta":[],"product_brand":[],"product_cat":[1541],"product_tag":[1542,1505,1172],"class_list":{"0":"post-69096","1":"product","2":"type-product","3":"status-publish","4":"has-post-thumbnail","6":"product_cat-equipos-para-pesca-comercial-y-recreativa","7":"product_tag-equipos-para-pesca-comercial-y-recreativa","8":"product_tag-simrad","9":"product_tag-soluciones-marinas","11":"first","12":"instock","13":"sale","14":"shipping-taxable","15":"purchasable","16":"product-type-simple"},"_links":{"self":[{"href":"https:\/\/soydeaqui.ddns.net\/pachuca\/index.php\/wp-json\/wp\/v2\/product\/69096","targetHints":{"allow":["GET"]}}],"collection":[{"href":"https:\/\/soydeaqui.ddns.net\/pachuca\/index.php\/wp-json\/wp\/v2\/product"}],"about":[{"href":"https:\/\/soydeaqui.ddns.net\/pachuca\/index.php\/wp-json\/wp\/v2\/types\/product"}],"replies":[{"embeddable":true,"href":"https:\/\/soydeaqui.ddns.net\/pachuca\/index.php\/wp-json\/wp\/v2\/comments?post=69096"}],"wp:featuredmedia":[{"embeddable":true,"href":"https:\/\/soydeaqui.ddns.net\/pachuca\/index.php\/wp-json\/wp\/v2\/media\/69095"}],"wp:attachment":[{"href":"https:\/\/soydeaqui.ddns.net\/pachuca\/index.php\/wp-json\/wp\/v2\/media?parent=69096"}],"wp:term":[{"taxonomy":"product_brand","embeddable":true,"href":"https:\/\/soydeaqui.ddns.net\/pachuca\/index.php\/wp-json\/wp\/v2\/product_brand?post=69096"},{"taxonomy":"product_cat","embeddable":true,"href":"https:\/\/soydeaqui.ddns.net\/pachuca\/index.php\/wp-json\/wp\/v2\/product_cat?post=69096"},{"taxonomy":"product_tag","embeddable":true,"href":"https:\/\/soydeaqui.ddns.net\/pachuca\/index.php\/wp-json\/wp\/v2\/product_tag?post=69096"}],"curies":[{"name":"wp","href":"https:\/\/api.w.org\/{rel}","templated":true}]}}