{"id":69089,"date":"2026-03-19T10:33:23","date_gmt":"2026-03-19T10:33:23","guid":{"rendered":"https:\/\/soydeaqui.ddns.net\/pachuca\/index.php\/producto\/duplexer-pasa-banda-rechazo-de-banda-uhf-de-370-410-mhz-para-montaje-en-rack-de-19-in-50-ohm-4-cavidades-150-watt-n-hembra\/"},"modified":"2026-03-19T10:33:24","modified_gmt":"2026-03-19T10:33:24","slug":"duplexer-pasa-banda-rechazo-de-banda-uhf-de-370-410-mhz-para-montaje-en-rack-de-19-in-50-ohm-4-cavidades-150-watt-n-hembra","status":"publish","type":"product","link":"https:\/\/soydeaqui.ddns.net\/pachuca\/index.php\/producto\/duplexer-pasa-banda-rechazo-de-banda-uhf-de-370-410-mhz-para-montaje-en-rack-de-19-in-50-ohm-4-cavidades-150-watt-n-hembra\/","title":{"rendered":"Duplexer Pasa Banda\/Rechazo de Banda, UHF de 370-410 MHz, para montaje en Rack de 19 in, 50 Ohm, 4 Cavidades, 150 Watt, N Hembra."},"content":{"rendered":"<div style='width: 100%; max-width: 1200px; margin: 0 auto; font-family: sans-serif; line-height: 1.6; color: inherit; background-color: transparent;'>\n<div style='display: flex; flex-wrap: wrap; gap: 30px; margin-bottom: 30px;'>\n<div style='flex: 1 1 300px; min-width: 280px;'>\n<h3 style='font-size: 22px; border-bottom: 2px solid currentColor; padding-bottom: 5px; margin-top: 0; color: inherit; opacity: 0.8;'>Caracter\u00edsticas Principales<\/h3>\n<ul style='padding-left: 20px; font-size: 15px; color: inherit;'>\n<li style='margin-bottom: 5px;'>Dise\u00f1o de 4 cavidades para operaci\u00f3n en banda UHF<\/li>\n<li style='margin-bottom: 5px;'>Configuraci\u00f3n de duplexer pasa banda\/rechazo de banda<\/li>\n<li style='margin-bottom: 5px;'>Conectores N Hembra DC Grounded para protecci\u00f3n contra rayos<\/li>\n<li style='margin-bottom: 5px;'>Montaje compatible con rack EIA de 19 pulgadas<\/li>\n<li style='margin-bottom: 5px;'>Material de construcci\u00f3n: Aluminio con acabado negro<\/li>\n<\/ul><\/div>\n<div style='flex: 1 1 300px; min-width: 280px;'>\n<h3 style='font-size: 22px; border-bottom: 2px solid currentColor; padding-bottom: 5px; margin-top: 0; color: inherit; opacity: 0.8;'>Especificaciones El\u00e9ctricas<\/h3>\n<ul style='padding-left: 20px; font-size: 15px; color: inherit;'>\n<li style='margin-bottom: 5px;'><strong>Rango de Frecuencia:<\/strong> 370-410 MHz<\/li>\n<li style='margin-bottom: 5px;'><strong>Separaci\u00f3n de Frecuencias (m\u00edn):<\/strong> 3.0 MHz<\/li>\n<li style='margin-bottom: 5px;'><strong>Aislamiento (m\u00edn):<\/strong> 90 dB<\/li>\n<li style='margin-bottom: 5px;'><strong>P\u00e9rdida por Inserci\u00f3n (m\u00e1x):<\/strong> 1.3 dB<\/li>\n<li style='margin-bottom: 5px;'><strong>P\u00e9rdida por Retorno (m\u00edn):<\/strong> 19 dB<\/li>\n<li style='margin-bottom: 5px;'><strong>Impedancia:<\/strong> 50 \u03a9<\/li>\n<li style='margin-bottom: 5px;'><strong>Potencia M\u00e1xima:<\/strong> 150 Watts<\/li>\n<li style='margin-bottom: 5px;'><strong>Temperatura de Operaci\u00f3n:<\/strong> -30 a +60\u00b0C<\/li>\n<\/ul><\/div>\n<div style='flex: 1 1 300px; min-width: 280px;'>\n<h3 style='font-size: 22px; border-bottom: 2px solid currentColor; padding-bottom: 5px; margin-top: 0; color: inherit; opacity: 0.8;'>Especificaciones Mec\u00e1nicas<\/h3>\n<ul style='padding-left: 20px; font-size: 15px; color: inherit;'>\n<li style='margin-bottom: 5px;'><strong>Ancho:<\/strong> 19 in (483 mm)<\/li>\n<li style='margin-bottom: 5px;'><strong>Alto:<\/strong> 5.3 in (133 mm) \/ 3 RU<\/li>\n<li style='margin-bottom: 5px;'><strong>Profundidad:<\/strong> 10.5 in (267 mm)<\/li>\n<li style='margin-bottom: 5px;'><strong>Peso Neto:<\/strong> 13 lb (5.9 kg)<\/li>\n<li style='margin-bottom: 5px;'><strong>Peso de Env\u00edo:<\/strong> 23 lb (10.4 kg)<\/li>\n<li style='margin-bottom: 5px;'><strong>Material:<\/strong> Aluminio con acabado negro<\/li>\n<\/ul><\/div>\n<\/p><\/div>\n<div style='display: flex; flex-wrap: wrap; gap: 20px; margin-bottom: 30px;'>\n<div style='flex: 1 1 250px; border: 1px solid rgba(150&comma; 150&comma; 150&comma; 0.4); border-radius: 8px; overflow: hidden; display: flex; flex-direction: column;'>\n<div style='padding: 15px; border-bottom: 1px solid rgba(150&comma; 150&comma; 150&comma; 0.2); font-weight: bold; font-size: 18px; color: inherit;'>Aplicaciones<\/div>\n<div style='padding: 15px; color: inherit;'>\n<ul style='padding-left: 20px; margin: 0; font-size: 14px; list-style-type: disc;'>\n<li style='margin-bottom: 5px;'>Sistemas de radio profesional<\/li>\n<li style='margin-bottom: 5px;'>Comunicaciones industriales<\/li>\n<li style='margin-bottom: 5px;'>Aplicaciones de banda UHF congestionadas<\/li>\n<\/ul><\/div>\n<\/p><\/div>\n<div style='flex: 1 1 250px; border: 1px solid rgba(150&comma; 150&comma; 150&comma; 0.4); border-radius: 8px; overflow: hidden; display: flex; flex-direction: column;'>\n<div style='padding: 15px; border-bottom: 1px solid rgba(150&comma; 150&comma; 150&comma; 0.2); font-weight: bold; font-size: 18px; color: inherit;'>Caracter\u00edsticas T\u00e9cnicas<\/div>\n<div style='padding: 15px; color: inherit;'>\n<ul style='padding-left: 20px; margin: 0; font-size: 14px; list-style-type: disc;'>\n<li style='margin-bottom: 5px;'>Varactor de alta calidad en cada cavidad<\/li>\n<li style='margin-bottom: 5px;'>Varilla de invar con expansi\u00f3n casi cero para estabilidad<\/li>\n<li style='margin-bottom: 5px;'>Configuraci\u00f3n de resonadores coaxiales de cuarto de onda<\/li>\n<li style='margin-bottom: 5px;'>Dise\u00f1o vers\u00e1til para montaje horizontal o vertical<\/li>\n<\/ul><\/div>\n<\/p><\/div>\n<\/p><\/div>\n<hr style='border: 0; border-top: 1px solid rgba(150&comma; 150&comma; 150&comma; 0.3); margin: 30px 0;'>\n<div style='display: flex; flex-wrap: wrap; gap: 20px; margin-bottom: 30px;'>\n<div style='flex: 1 1 250px; border: 1px solid rgba(150&comma; 150&comma; 150&comma; 0.4); border-radius: 8px; overflow: hidden; display: flex; flex-direction: column;'>\n<div style='padding: 15px; border-bottom: 1px solid rgba(150&comma; 150&comma; 150&comma; 0.2); font-weight: bold; font-size: 18px; color: inherit;'>Modelo<\/div>\n<div style='padding: 15px; color: inherit;'>\n<ul style='padding-left: 20px; margin: 0; font-size: 14px; list-style-type: disc;'>\n<li style='margin-bottom: 5px;'>DSD404<\/li>\n<\/ul><\/div>\n<\/p><\/div>\n<div style='flex: 1 1 250px; border: 1px solid rgba(150&comma; 150&comma; 150&comma; 0.4); border-radius: 8px; overflow: hidden; display: flex; flex-direction: column;'>\n<div style='padding: 15px; border-bottom: 1px solid rgba(150&comma; 150&comma; 150&comma; 0.2); font-weight: bold; font-size: 18px; color: inherit;'>Frecuencia<\/div>\n<div style='padding: 15px; color: inherit;'>\n<ul style='padding-left: 20px; margin: 0; font-size: 14px; list-style-type: disc;'>\n<li style='margin-bottom: 5px;'>370-410 MHz<\/li>\n<\/ul><\/div>\n<\/p><\/div>\n<\/p><\/div>\n<\/p><\/div>\n","protected":false},"excerpt":{"rendered":"<p>Duplexer Pasa Banda\/Rechazo de Banda, UHF de 370-410 MHz, para montaje en Rack de 19 in, 50 Ohm, 4 Cavidades, 150 Watt, N Hembra.<\/p>\n","protected":false},"featured_media":69088,"comment_status":"open","ping_status":"closed","template":"","meta":[],"product_brand":[],"product_cat":[1759],"product_tag":[1695,1760,1660],"class_list":{"0":"post-69089","1":"product","2":"type-product","3":"status-publish","4":"has-post-thumbnail","6":"product_cat-duplexers","7":"product_tag-db-spectra","8":"product_tag-duplexers","9":"product_tag-filtros-y-sistemas-en-rf","11":"first","12":"outofstock","13":"sale","14":"shipping-taxable","15":"purchasable","16":"product-type-simple"},"_links":{"self":[{"href":"https:\/\/soydeaqui.ddns.net\/pachuca\/index.php\/wp-json\/wp\/v2\/product\/69089","targetHints":{"allow":["GET"]}}],"collection":[{"href":"https:\/\/soydeaqui.ddns.net\/pachuca\/index.php\/wp-json\/wp\/v2\/product"}],"about":[{"href":"https:\/\/soydeaqui.ddns.net\/pachuca\/index.php\/wp-json\/wp\/v2\/types\/product"}],"replies":[{"embeddable":true,"href":"https:\/\/soydeaqui.ddns.net\/pachuca\/index.php\/wp-json\/wp\/v2\/comments?post=69089"}],"wp:featuredmedia":[{"embeddable":true,"href":"https:\/\/soydeaqui.ddns.net\/pachuca\/index.php\/wp-json\/wp\/v2\/media\/69088"}],"wp:attachment":[{"href":"https:\/\/soydeaqui.ddns.net\/pachuca\/index.php\/wp-json\/wp\/v2\/media?parent=69089"}],"wp:term":[{"taxonomy":"product_brand","embeddable":true,"href":"https:\/\/soydeaqui.ddns.net\/pachuca\/index.php\/wp-json\/wp\/v2\/product_brand?post=69089"},{"taxonomy":"product_cat","embeddable":true,"href":"https:\/\/soydeaqui.ddns.net\/pachuca\/index.php\/wp-json\/wp\/v2\/product_cat?post=69089"},{"taxonomy":"product_tag","embeddable":true,"href":"https:\/\/soydeaqui.ddns.net\/pachuca\/index.php\/wp-json\/wp\/v2\/product_tag?post=69089"}],"curies":[{"name":"wp","href":"https:\/\/api.w.org\/{rel}","templated":true}]}}