{"id":69038,"date":"2026-03-19T10:31:25","date_gmt":"2026-03-19T10:31:25","guid":{"rendered":"https:\/\/soydeaqui.ddns.net\/pachuca\/index.php\/producto\/radio-vhf-portatil-botones-grandes-y-diseno-facil-de-agarrar-6-w-duracion-de-12-horas-con-bateria-bp-296-guarda-los-ultimos-5-canales-usados-facil-para-hacer-llamadas-repetitivas-flotante-con-lu\/"},"modified":"2026-03-19T10:31:32","modified_gmt":"2026-03-19T10:31:32","slug":"radio-vhf-portatil-botones-grandes-y-diseno-facil-de-agarrar-6-w-duracion-de-12-horas-con-bateria-bp-296-guarda-los-ultimos-5-canales-usados-facil-para-hacer-llamadas-repetitivas-flotante-con-lu","status":"publish","type":"product","link":"https:\/\/soydeaqui.ddns.net\/pachuca\/index.php\/producto\/radio-vhf-portatil-botones-grandes-y-diseno-facil-de-agarrar-6-w-duracion-de-12-horas-con-bateria-bp-296-guarda-los-ultimos-5-canales-usados-facil-para-hacer-llamadas-repetitivas-flotante-con-lu\/","title":{"rendered":"Radio VHF Port\u00e1til, Botones Grandes y Dise\u00f1o F\u00e1cil de Agarrar, 6 W, Duraci\u00f3n de 12 Horas con Bater\u00eda BP-296, Guarda los Ultimos 5 Canales Usados, F\u00e1cil para hacer Llamadas Repetitivas, Flotante con Luz LED"},"content":{"rendered":"<div style='width: 100%; max-width: 1200px; margin: 0 auto; font-family: sans-serif; line-height: 1.6; color: inherit; background-color: transparent;'> <!-- Secci\u00f3n de rango de operaci\u00f3n --> <\/p>\n<div style='display: flex; flex-wrap: wrap; gap: 30px; margin-bottom: 30px;'>\n<div style='flex: 1 1 300px; min-width: 280px;'>\n<h3 style='font-size: 22px; border-bottom: 2px solid currentColor; padding-bottom: 5px; margin-top: 0; color: inherit; opacity: 0.8;'>Rango de Operaci\u00f3n<\/h3>\n<ul style='padding-left: 20px; font-size: 15px; color: inherit;'>\n<li style='margin-bottom: 5px;'><strong>Tx:<\/strong> 156.025\u2013157.425MHz<\/li>\n<li style='margin-bottom: 5px;'><strong>Rx:<\/strong> 156.050\u2013163.275MHz<\/li>\n<\/ul><\/div>\n<\/p><\/div>\n<p> <!-- Secci\u00f3n de caracter\u00edsticas --> <\/p>\n<div style='display: flex; flex-wrap: wrap; gap: 20px; margin-bottom: 30px;'>\n<div style='flex: 1 1 250px; border: 1px solid rgba(150&comma; 150&comma; 150&comma; 0.4); border-radius: 8px; overflow: hidden; display: flex; flex-direction: column;'>\n<div style='padding: 15px; border-bottom: 1px solid rgba(150&comma; 150&comma; 150&comma; 0.2); font-weight: bold; font-size: 18px; color: inherit;'>Caracter\u00edsticas<\/div>\n<div style='padding: 15px; color: inherit;'>\n<ul style='padding-left: 20px; margin: 0; font-size: 14px; list-style-type: disc;'>\n<li style='margin-bottom: 5px;'>Bajo consumo de bater\u00eda<\/li>\n<li style='margin-bottom: 5px;'>Almacenamiento de los \u00faltimos 5 canales utilizados<\/li>\n<li style='margin-bottom: 5px;'>Indicador de nivel de bater\u00eda en 4 niveles<\/li>\n<li style='margin-bottom: 5px;'><strong>Opera de modo simplex<\/strong><\/li>\n<li style='margin-bottom: 5px;'>Ahorrador de bater\u00eda<\/li>\n<li style='margin-bottom: 5px;'>Funci\u00f3n AquaQuake\u00ae. Elimina residuos de agua de la bocina<\/li>\n<li style='margin-bottom: 5px;'>Funci\u00f3n de monitoreo Dual\/Tri<\/li>\n<li style='margin-bottom: 5px;'>Funci\u00f3n autom\u00e1tica de exploraci\u00f3n<\/li>\n<li style='margin-bottom: 5px;'>Acceso instant\u00e1neo al canal 16 \u00f3 9<\/li>\n<li style='margin-bottom: 5px;'><strong>Flota al caer en agua<\/strong><\/li>\n<li style='margin-bottom: 5px;'>Potencia 6 W<\/li>\n<li style='margin-bottom: 5px;'>Fabricado en Ambiente ISO 9001:2015<\/li>\n<li style='margin-bottom: 5px;'>3 A\u00f1os de Garant\u00eda<\/li>\n<\/ul><\/div>\n<\/p><\/div>\n<\/p><\/div>\n<p> <!-- Secci\u00f3n de contenido incluido --> <\/p>\n<div style='display: flex; flex-wrap: wrap; gap: 30px; margin-bottom: 30px;'>\n<div style='flex: 1 1 300px; min-width: 280px;'>\n<h3 style='font-size: 22px; border-bottom: 2px solid currentColor; padding-bottom: 5px; margin-top: 0; color: inherit; opacity: 0.8;'>Incluye<\/h3>\n<ul style='padding-left: 20px; font-size: 15px; color: inherit;'>\n<li style='margin-bottom: 5px;'>Bater\u00eda BP-296 (Li-Ion&comma; 3.6 Vcc&comma; 2350 mAh)<\/li>\n<li style='margin-bottom: 5px;'>Cargador est\u00e1ndar BC-217SA<\/li>\n<li style='margin-bottom: 5px;'>Antena FA-SC59V<\/li>\n<li style='margin-bottom: 5px;'>Clip MB-133<\/li>\n<\/ul><\/div>\n<\/p><\/div>\n<p> <!-- Secci\u00f3n de especificaciones --> <\/p>\n<div style='display: flex; flex-wrap: wrap; gap: 30px; margin-bottom: 30px;'>\n<div style='flex: 1 1 300px; min-width: 280px;'>\n<h3 style='font-size: 22px; border-bottom: 2px solid currentColor; padding-bottom: 5px; margin-top: 0; color: inherit; opacity: 0.8;'>Especificaciones<\/h3>\n<ul style='padding-left: 20px; font-size: 15px; color: inherit;'>\n<li style='margin-bottom: 5px;'><strong>Dimensiones:<\/strong> 59.7 x 140.5 x 38.7 mm<\/li>\n<li style='margin-bottom: 5px;'><strong>Peso:<\/strong> 293 g<\/li>\n<\/ul><\/div>\n<\/p><\/div>\n<p> <!-- Separador --> <\/p>\n<hr style='border: 0; border-top: 1px solid rgba(150&comma; 150&comma; 150&comma; 0.3); margin: 30px 0;'> <\/div>\n","protected":false},"excerpt":{"rendered":"<p>Radio VHF Port\u00e1til, Botones Grandes y Dise\u00f1o F\u00e1cil de Agarrar, 6 W, Duraci\u00f3n de 12 Horas con Bater\u00eda BP-296, Guarda los Ultimos 5 Canales Usados, F\u00e1cil para hacer Llamadas Repetitivas, Flotante con Luz LED<\/p>\n","protected":false},"featured_media":69037,"comment_status":"open","ping_status":"closed","template":"","meta":[],"product_brand":[],"product_cat":[1285],"product_tag":[1288,1287,1286],"class_list":{"0":"post-69038","1":"product","2":"type-product","3":"status-publish","4":"has-post-thumbnail","6":"product_cat-portatiles","7":"product_tag-icom","8":"product_tag-portatiles","9":"product_tag-radios-marinos","11":"first","12":"instock","13":"sale","14":"shipping-taxable","15":"purchasable","16":"product-type-simple"},"_links":{"self":[{"href":"https:\/\/soydeaqui.ddns.net\/pachuca\/index.php\/wp-json\/wp\/v2\/product\/69038","targetHints":{"allow":["GET"]}}],"collection":[{"href":"https:\/\/soydeaqui.ddns.net\/pachuca\/index.php\/wp-json\/wp\/v2\/product"}],"about":[{"href":"https:\/\/soydeaqui.ddns.net\/pachuca\/index.php\/wp-json\/wp\/v2\/types\/product"}],"replies":[{"embeddable":true,"href":"https:\/\/soydeaqui.ddns.net\/pachuca\/index.php\/wp-json\/wp\/v2\/comments?post=69038"}],"wp:featuredmedia":[{"embeddable":true,"href":"https:\/\/soydeaqui.ddns.net\/pachuca\/index.php\/wp-json\/wp\/v2\/media\/69037"}],"wp:attachment":[{"href":"https:\/\/soydeaqui.ddns.net\/pachuca\/index.php\/wp-json\/wp\/v2\/media?parent=69038"}],"wp:term":[{"taxonomy":"product_brand","embeddable":true,"href":"https:\/\/soydeaqui.ddns.net\/pachuca\/index.php\/wp-json\/wp\/v2\/product_brand?post=69038"},{"taxonomy":"product_cat","embeddable":true,"href":"https:\/\/soydeaqui.ddns.net\/pachuca\/index.php\/wp-json\/wp\/v2\/product_cat?post=69038"},{"taxonomy":"product_tag","embeddable":true,"href":"https:\/\/soydeaqui.ddns.net\/pachuca\/index.php\/wp-json\/wp\/v2\/product_tag?post=69038"}],"curies":[{"name":"wp","href":"https:\/\/api.w.org\/{rel}","templated":true}]}}