{"id":68992,"date":"2026-03-19T10:29:44","date_gmt":"2026-03-19T10:29:44","guid":{"rendered":"https:\/\/soydeaqui.ddns.net\/pachuca\/index.php\/producto\/kit-de-herramientas-en-software-para-automatizacion-de-procesos-en-analizadores-freedom\/"},"modified":"2026-03-19T10:29:46","modified_gmt":"2026-03-19T10:29:46","slug":"kit-de-herramientas-en-software-para-automatizacion-de-procesos-en-analizadores-freedom","status":"publish","type":"product","link":"https:\/\/soydeaqui.ddns.net\/pachuca\/index.php\/producto\/kit-de-herramientas-en-software-para-automatizacion-de-procesos-en-analizadores-freedom\/","title":{"rendered":"Kit de Herramientas en Software para Automatizaci\u00f3n de Procesos en Analizadores FREEDOM."},"content":{"rendered":"<div style='width: 100%; max-width: 1200px; margin: 0 auto; font-family: sans-serif; line-height: 1.6; color: inherit; background-color: transparent;'>\n<div style='display: flex; flex-wrap: wrap; gap: 30px; margin-bottom: 30px;'>\n<div style='flex: 1 1 300px; min-width: 280px;'>\n<h3 style='font-size: 22px; border-bottom: 2px solid currentColor; padding-bottom: 5px; margin-top: 0; color: inherit; opacity: 0.8;'>Descripci\u00f3n General<\/h3>\n<ul style='padding-left: 20px; font-size: 15px; color: inherit;'>\n<li style='margin-bottom: 5px;'>El Kit de herramientas de automatizaci\u00f3n de procesos (PAT) proporciona un innovador m\u00e9todo para automatizar los procedimientos de prueba para la gama de analizadores de comunicaciones FREEDOM.<\/li>\n<li style='margin-bottom: 5px;'>Durante muchos a\u00f1os en el medio de Equipos de Prueba Autom\u00e1tica (ATE) se ha requerido que los ingenieros tengan dos grandes \u00e1reas de especializaci\u00f3n; amplio conocimiento del dispositivo bajo prueba (DUT) y habilidades de programaci\u00f3n de software para automatizar procedimientos de prueba.<\/li>\n<li style='margin-bottom: 5px;'>A lo largo de los a\u00f1os se han desarrollado muchas interfaces de control&comma; como por ejemplo; HPIB&comma; GPIB&comma; IEEE488&comma; USB y RJ45.<\/li>\n<li style='margin-bottom: 5px;'>Estas interfaces est\u00e1n acopladas con muchos paquetes de control de software como HP Basic&comma; Basic&comma; Fortran&comma; Atlas&comma; C ++ por nombrar unos cuantos.<\/li>\n<li style='margin-bottom: 5px;'>Los controladores de instrumentos fueron desarrollados para simplificar algo y acelerar el desarrollo de software&comma; al reducir la necesidad para el ingeniero de pruebas el aprender todos y cada uno de los comandos de los instrumentos m\u00faltiples. Estos pueden ser acoplados con herramientas de desarrollo de software como Labwindows&comma; Labview&comma; Visa&comma; Plug&#038;Play.<\/li>\n<li style='margin-bottom: 5px;'>PAT permite al ingeniero de pruebas desarrollar procedimientos de prueba mediante una sencilla e intuitiva interfaz de control&comma; seleccionando simplemente desde una librer\u00eda&comma; la funci\u00f3n requerida e insertando en el script de prueba DUT. No se requieren habilidades de programaci\u00f3n.<\/li>\n<li style='margin-bottom: 5px;'>La conexi\u00f3n al analizador es Ethernet RJ45 ya sea directamente desde una PC o sobre una red LAN. Los scripts de prueba se ejecutan desde la interfaz de control PAT y los resultados de las pruebas guardados en USB de una ubicaci\u00f3n de red.<\/li>\n<\/ul><\/div>\n<\/p><\/div>\n<\/p><\/div>\n","protected":false},"excerpt":{"rendered":"<p>Kit de Herramientas en Software para Automatizaci\u00f3n de Procesos en Analizadores FREEDOM.<\/p>\n","protected":false},"featured_media":68991,"comment_status":"open","ping_status":"closed","template":"","meta":[],"product_brand":[],"product_cat":[1610],"product_tag":[1611,931,1674],"class_list":{"0":"post-68992","1":"product","2":"type-product","3":"status-publish","4":"has-post-thumbnail","6":"product_cat-analizadores-espectro-y-antenas-monitores-de-servicio-y-softwares","7":"product_tag-analizadores-espectro-y-antenas-monitores-de-servicio-y-softwares","8":"product_tag-equipo-de-laboratorio","9":"product_tag-freedom-communication-technologies","11":"first","12":"outofstock","13":"sale","14":"shipping-taxable","15":"purchasable","16":"product-type-simple"},"_links":{"self":[{"href":"https:\/\/soydeaqui.ddns.net\/pachuca\/index.php\/wp-json\/wp\/v2\/product\/68992","targetHints":{"allow":["GET"]}}],"collection":[{"href":"https:\/\/soydeaqui.ddns.net\/pachuca\/index.php\/wp-json\/wp\/v2\/product"}],"about":[{"href":"https:\/\/soydeaqui.ddns.net\/pachuca\/index.php\/wp-json\/wp\/v2\/types\/product"}],"replies":[{"embeddable":true,"href":"https:\/\/soydeaqui.ddns.net\/pachuca\/index.php\/wp-json\/wp\/v2\/comments?post=68992"}],"wp:featuredmedia":[{"embeddable":true,"href":"https:\/\/soydeaqui.ddns.net\/pachuca\/index.php\/wp-json\/wp\/v2\/media\/68991"}],"wp:attachment":[{"href":"https:\/\/soydeaqui.ddns.net\/pachuca\/index.php\/wp-json\/wp\/v2\/media?parent=68992"}],"wp:term":[{"taxonomy":"product_brand","embeddable":true,"href":"https:\/\/soydeaqui.ddns.net\/pachuca\/index.php\/wp-json\/wp\/v2\/product_brand?post=68992"},{"taxonomy":"product_cat","embeddable":true,"href":"https:\/\/soydeaqui.ddns.net\/pachuca\/index.php\/wp-json\/wp\/v2\/product_cat?post=68992"},{"taxonomy":"product_tag","embeddable":true,"href":"https:\/\/soydeaqui.ddns.net\/pachuca\/index.php\/wp-json\/wp\/v2\/product_tag?post=68992"}],"curies":[{"name":"wp","href":"https:\/\/api.w.org\/{rel}","templated":true}]}}