{"id":68981,"date":"2026-03-19T10:29:19","date_gmt":"2026-03-19T10:29:19","guid":{"rendered":"https:\/\/soydeaqui.ddns.net\/pachuca\/index.php\/producto\/kit-de-conexion-nmea-2000-incluye-cables-de-extension-0-61-m-y-4-55-m-2-conectores-t-2-terminadores-de-red-cable-de-alimentacion-0-6-m\/"},"modified":"2026-03-19T10:29:20","modified_gmt":"2026-03-19T10:29:20","slug":"kit-de-conexion-nmea-2000-incluye-cables-de-extension-0-61-m-y-4-55-m-2-conectores-t-2-terminadores-de-red-cable-de-alimentacion-0-6-m","status":"publish","type":"product","link":"https:\/\/soydeaqui.ddns.net\/pachuca\/index.php\/producto\/kit-de-conexion-nmea-2000-incluye-cables-de-extension-0-61-m-y-4-55-m-2-conectores-t-2-terminadores-de-red-cable-de-alimentacion-0-6-m\/","title":{"rendered":"Kit de Conexi\u00f3n NMEA 2000\u00ae \/ Incluye Cables de Extensi\u00f3n 0.61 m y 4.55 m \/ 2 Conectores T \/ 2 Terminadores de Red \/ Cable de Alimentaci\u00f3n 0.6 m"},"content":{"rendered":"<div style='width: 100%; max-width: 1200px; margin: 0 auto; font-family: sans-serif; line-height: 1.6; color: inherit; background-color: transparent;'>\n<div style='display: flex; flex-wrap: wrap; gap: 30px; margin-bottom: 30px;'>\n<div style='flex: 1 1 300px; min-width: 280px;'>\n<h3 style='font-size: 22px; border-bottom: 2px solid currentColor; padding-bottom: 5px; margin-top: 0; color: inherit; opacity: 0.8;'>Descripci\u00f3n General<\/h3>\n<p style='font-size: 16px; color: inherit;'>El Kit de Conexi\u00f3n NMEA 2000\u00ae es una soluci\u00f3n completa para la instalaci\u00f3n y expansi\u00f3n de redes NMEA 2000\u00ae&comma; ideal para conectar dispositivos adicionales en sistemas marinos. Incluye cables de extensi\u00f3n&comma; conectores T&comma; terminadores de red y un cable de alimentaci\u00f3n para una configuraci\u00f3n r\u00e1pida y eficiente.<\/p>\n<\/p><\/div>\n<\/p><\/div>\n<div style='display: flex; flex-wrap: wrap; gap: 30px; margin-bottom: 30px;'>\n<div style='flex: 1 1 300px; min-width: 280px;'>\n<h3 style='font-size: 22px; border-bottom: 2px solid currentColor; padding-bottom: 5px; margin-top: 0; color: inherit; opacity: 0.8;'>Caracter\u00edsticas Principales<\/h3>\n<ul style='padding-left: 20px; font-size: 15px; color: inherit;'>\n<li style='margin-bottom: 5px;'>Incluye cables de extensi\u00f3n de 0.61 m (2 ft) y 4.55 m (15 ft) para backbone o conexi\u00f3n de dispositivos adicionales<\/li>\n<li style='margin-bottom: 5px;'>2 conectores T para la conexi\u00f3n de dispositivos adicionales en la red<\/li>\n<li style='margin-bottom: 5px;'>2 terminadores de red para asegurar la integridad de la se\u00f1al<\/li>\n<li style='margin-bottom: 5px;'>Cable de alimentaci\u00f3n de 0.6 m (2 ft) para la conexi\u00f3n de la red<\/li>\n<\/ul><\/div>\n<\/p><\/div>\n<div style='display: flex; flex-wrap: wrap; gap: 20px; margin-bottom: 30px;'>\n<div style='flex: 1 1 250px; border: 1px solid rgba(150&comma; 150&comma; 150&comma; 0.4); border-radius: 8px; overflow: hidden; display: flex; flex-direction: column;'>\n<div style='padding: 15px; border-bottom: 1px solid rgba(150&comma; 150&comma; 150&comma; 0.2); font-weight: bold; font-size: 18px; color: inherit;'>Especificaciones<\/div>\n<div style='padding: 15px; color: inherit;'>\n<ul style='padding-left: 20px; margin: 0; font-size: 14px; list-style-type: disc;'>\n<li style='margin-bottom: 5px;'>Cable de extensi\u00f3n NMEA 2000\u00ae de 0.61 m (2 ft)<\/li>\n<li style='margin-bottom: 5px;'>Cable de extensi\u00f3n NMEA 2000\u00ae de 4.55 m (15 ft)<\/li>\n<li style='margin-bottom: 5px;'>Cable de alimentaci\u00f3n de 0.6 m (2 ft)<\/li>\n<li style='margin-bottom: 5px;'>2 conectores T<\/li>\n<li style='margin-bottom: 5px;'>2 terminadores de red<\/li>\n<\/ul><\/div>\n<\/p><\/div>\n<div style='flex: 1 1 250px; border: 1px solid rgba(150&comma; 150&comma; 150&comma; 0.4); border-radius: 8px; overflow: hidden; display: flex; flex-direction: column;'>\n<div style='padding: 15px; border-bottom: 1px solid rgba(150&comma; 150&comma; 150&comma; 0.2); font-weight: bold; font-size: 18px; color: inherit;'>Interfaces y Conectividad<\/div>\n<div style='padding: 15px; color: inherit;'>\n<ul style='padding-left: 20px; margin: 0; font-size: 14px; list-style-type: disc;'>\n<li style='margin-bottom: 5px;'>Conectores T para conexi\u00f3n de dispositivos adicionales<\/li>\n<li style='margin-bottom: 5px;'>Terminadores de red para asegurar la integridad de la se\u00f1al<\/li>\n<li style='margin-bottom: 5px;'>Cable de alimentaci\u00f3n para la conexi\u00f3n de la red<\/li>\n<\/ul><\/div>\n<\/p><\/div>\n<\/p><\/div>\n<div style='display: grid; grid-template-columns: repeat(auto-fill&comma; minmax(250px&comma; 1fr)); gap: 20px; margin-bottom: 30px;'>\n<div style='border: 1px solid rgba(150&comma; 150&comma; 150&comma; 0.4); border-radius: 8px; overflow: hidden; display: flex; flex-direction: column;'>\n<div style='padding: 15px; border-bottom: 1px solid rgba(150&comma; 150&comma; 150&comma; 0.2); font-weight: bold; font-size: 18px; color: inherit;'>Sistemas Marinos<\/div>\n<div style='padding: 15px; color: inherit;'>\n<p style='margin: 0; font-size: 14px;'>Ideal para la instalaci\u00f3n y expansi\u00f3n de redes NMEA 2000\u00ae en embarcaciones.<\/p>\n<\/p><\/div>\n<\/p><\/div>\n<div style='border: 1px solid rgba(150&comma; 150&comma; 150&comma; 0.4); border-radius: 8px; overflow: hidden; display: flex; flex-direction: column;'>\n<div style='padding: 15px; border-bottom: 1px solid rgba(150&comma; 150&comma; 150&comma; 0.2); font-weight: bold; font-size: 18px; color: inherit;'>Conexi\u00f3n de Dispositivos<\/div>\n<div style='padding: 15px; color: inherit;'>\n<p style='margin: 0; font-size: 14px;'>Permite la conexi\u00f3n de m\u00faltiples dispositivos adicionales en la red.<\/p>\n<\/p><\/div>\n<\/p><\/div>\n<div style='border: 1px solid rgba(150&comma; 150&comma; 150&comma; 0.4); border-radius: 8px; overflow: hidden; display: flex; flex-direction: column;'>\n<div style='padding: 15px; border-bottom: 1px solid rgba(150&comma; 150&comma; 150&comma; 0.2); font-weight: bold; font-size: 18px; color: inherit;'>Integridad de la Red<\/div>\n<div style='padding: 15px; color: inherit;'>\n<p style='margin: 0; font-size: 14px;'>Los terminadores aseguran la integridad de la se\u00f1al en la red NMEA 2000\u00ae.<\/p>\n<\/p><\/div>\n<\/p><\/div>\n<\/p><\/div>\n<hr style='border: 0; border-top: 1px solid rgba(150&comma; 150&comma; 150&comma; 0.3); margin: 30px 0;'> <\/div>\n","protected":false},"excerpt":{"rendered":"<p>Kit de Conexi\u00f3n NMEA 2000\u00ae \/ Incluye Cables de Extensi\u00f3n 0.61 m y 4.55 m \/ 2 Conectores T \/ 2 Terminadores de Red \/ Cable de Alimentaci\u00f3n 0.6 m<\/p>\n","protected":false},"featured_media":68980,"comment_status":"open","ping_status":"closed","template":"","meta":[],"product_brand":[],"product_cat":[1526],"product_tag":[1505,1527,1172],"class_list":{"0":"post-68981","1":"product","2":"type-product","3":"status-publish","4":"has-post-thumbnail","6":"product_cat-sistema-de-navegacion","7":"product_tag-simrad","8":"product_tag-sistema-de-navegacion","9":"product_tag-soluciones-marinas","11":"first","12":"instock","13":"sale","14":"shipping-taxable","15":"purchasable","16":"product-type-simple"},"_links":{"self":[{"href":"https:\/\/soydeaqui.ddns.net\/pachuca\/index.php\/wp-json\/wp\/v2\/product\/68981","targetHints":{"allow":["GET"]}}],"collection":[{"href":"https:\/\/soydeaqui.ddns.net\/pachuca\/index.php\/wp-json\/wp\/v2\/product"}],"about":[{"href":"https:\/\/soydeaqui.ddns.net\/pachuca\/index.php\/wp-json\/wp\/v2\/types\/product"}],"replies":[{"embeddable":true,"href":"https:\/\/soydeaqui.ddns.net\/pachuca\/index.php\/wp-json\/wp\/v2\/comments?post=68981"}],"wp:featuredmedia":[{"embeddable":true,"href":"https:\/\/soydeaqui.ddns.net\/pachuca\/index.php\/wp-json\/wp\/v2\/media\/68980"}],"wp:attachment":[{"href":"https:\/\/soydeaqui.ddns.net\/pachuca\/index.php\/wp-json\/wp\/v2\/media?parent=68981"}],"wp:term":[{"taxonomy":"product_brand","embeddable":true,"href":"https:\/\/soydeaqui.ddns.net\/pachuca\/index.php\/wp-json\/wp\/v2\/product_brand?post=68981"},{"taxonomy":"product_cat","embeddable":true,"href":"https:\/\/soydeaqui.ddns.net\/pachuca\/index.php\/wp-json\/wp\/v2\/product_cat?post=68981"},{"taxonomy":"product_tag","embeddable":true,"href":"https:\/\/soydeaqui.ddns.net\/pachuca\/index.php\/wp-json\/wp\/v2\/product_tag?post=68981"}],"curies":[{"name":"wp","href":"https:\/\/api.w.org\/{rel}","templated":true}]}}