{"id":68967,"date":"2026-03-19T10:28:41","date_gmt":"2026-03-19T10:28:41","guid":{"rendered":"https:\/\/soydeaqui.ddns.net\/pachuca\/index.php\/producto\/radio-portatil-uhf-400-470-mhz-16-canales-2-watts-de-potencia-comunicacion-clara-en-su-negocio\/"},"modified":"2026-03-19T10:29:02","modified_gmt":"2026-03-19T10:29:02","slug":"radio-portatil-uhf-400-470-mhz-16-canales-2-watts-de-potencia-comunicacion-clara-en-su-negocio","status":"publish","type":"product","link":"https:\/\/soydeaqui.ddns.net\/pachuca\/index.php\/producto\/radio-portatil-uhf-400-470-mhz-16-canales-2-watts-de-potencia-comunicacion-clara-en-su-negocio\/","title":{"rendered":"Radio Port\u00e1til UHF 400-470 MHz, 16 canales, 2 Watts de potencia. Comunicaci\u00f3n Clara en su Negocio"},"content":{"rendered":"<div>\n<h2 style='color: #333333; border-bottom: 2px solid #ff6347; display: inline-block; padding-bottom: 5px;'>Descripci\u00f3n del Producto<\/h2>\n<div class='additional-info' style='margin-top: 20px; color: #333333; font-family: Arial&comma; sans-serif; font-size: medium; font-weight: 400;'>\n<p style='box-sizing: border-box; margin-top: 0px; margin-bottom: 1rem; color: #212529; font-family: Satoshi-Variable&comma; sans-serif; font-size: 16px; background-color: #ffffff; text-align: justify;'><span style='box-sizing: border-box; font-family: arial&comma; helvetica&comma; sans-serif;'><span style='box-sizing: border-box; font-weight: bolder;'>\u00bfC\u00f3mo Funciona un Radio de dos V\u00edas?<\/span><\/span><\/p>\n<p style='box-sizing: border-box; margin-top: 0px; margin-bottom: 1rem; color: #212529; font-family: Satoshi-Variable&comma; sans-serif; font-size: 16px; background-color: #ffffff; text-align: justify;'><span style='box-sizing: border-box; font-family: arial&comma; helvetica&comma; sans-serif;'>Un radio de dos v\u00edas funciona permitiendo la comunicaci\u00f3n semid\u00faplex&comma; lo que significa que una persona puede hablar mientras la otra escucha&comma; pero no pueden hablar al mismo tiempo.<\/span><\/p>\n<p style='box-sizing: border-box; margin-top: 0px; margin-bottom: 1rem; color: #212529; font-family: Satoshi-Variable&comma; sans-serif; font-size: 16px; background-color: #ffffff; text-align: justify;'><span style='box-sizing: border-box; font-family: arial&comma; helvetica&comma; sans-serif;'><span style='box-sizing: border-box; font-weight: bolder;'>\u00bfCu\u00e1ntos Radios puedo agregar en un canal de comunicaci\u00f3n?<\/span><\/span><\/p>\n<p style='box-sizing: border-box; margin-top: 0px; margin-bottom: 1rem; color: #212529; font-family: Satoshi-Variable&comma; sans-serif; font-size: 16px; background-color: #ffffff; text-align: justify;'><span style='box-sizing: border-box; font-family: arial&comma; helvetica&comma; sans-serif;'>No existe un l\u00edmite para la cantidad de radios agregados en un canal&comma; ya sea en modo directo o a trav\u00e9s de un repetidor&comma; sin embargo hay que considerar lo factible o funcional que puede llegar a ser un canal (frecuencia) en donde el tiempo de espera se ir\u00e1 extendiendo de acuerdo a la cantidad de radios&comma; recordemos que en un canal&comma; sea directo o de repetidor&comma; un radio tr\u00e1nsmite (Tx) y los demas reciben (Rx).<\/span><\/p>\n<p style='text-align: justify;'>\n<p style='text-align: justify;'>Este es un equipo de comunicaci\u00f3n de <span class='highlight' style='color: #ff6347;'>alta calidad<\/span>&comma; dise\u00f1ado para satisfacer las necesidades de comunicaci\u00f3n en distintos entornos.<\/p>\n<p style='text-align: justify;'>Entre sus principales caracter\u00edsticas se encuentran:<\/p>\n<ul style='text-align: justify;'>\n<li><strong>Cobertura amplia:<\/strong> Este radio cuenta con una cobertura amplia en \u00e1reas urbanas y en zonas rurales&comma; es completamente compatible con frecuencias en UHF a trav\u00e9s de repetidor.<\/li>\n<li><strong>Bater\u00eda duradera:<\/strong> Hasta <span class='highlight' style='color: #ff6347;'>8 horas<\/span> continuas.<\/li>\n<li><strong>Dise\u00f1o resistente:<\/strong> El TX320 est\u00e1 dise\u00f1ado para soportar condiciones adversas.<\/li>\n<li><strong>F\u00e1cil de usar:<\/strong> Con su interfaz sencilla e intuitiva&comma; f\u00e1cil de operar&comma; incluso para usuarios sin experiencia en equipos de comunicaci\u00f3n.<\/li>\n<li><strong>Compatible con accesorios:<\/strong> Como auriculares y micr\u00f3fonos con altavoz externos&comma; lo que permite adaptarlo a distintas necesidades de comunicaci\u00f3n.<\/li>\n<\/ul>\n<p style='text-align: justify;'>En cuanto a sus aplicativos para el mercado mexicano&comma; el radio TX320 es una excelente opci\u00f3n para empresas y organizaciones que requieren una comunicaci\u00f3n eficiente y confiable en distintos entornos&comma; como:<\/p>\n<ul style='text-align: justify;'>\n<li><strong>Construcci\u00f3n:<\/strong> Donde la comunicaci\u00f3n entre trabajadores es esencial para la seguridad y la coordinaci\u00f3n de tareas.<\/li>\n<li><strong>Eventos:<\/strong> Como conciertos&comma; festivales y ferias&comma; el TX320 es una opci\u00f3n ideal para coordinar la log\u00edstica y la seguridad del evento.<\/li>\n<li><strong>Industria:<\/strong> Crucial para cumplir con los plazos de producci\u00f3n&comma; el TX320 es una herramienta esencial para optimizar la comunicaci\u00f3n y mejorar la eficiencia.<\/li>\n<\/ul>\n<p style='text-align: justify;'>\n<\/div>\n<h2 style='color: #333333; border-bottom: 2px solid #ff6347; display: inline-block; padding-bottom: 5px; text-align: justify;'>Especificaciones T\u00e9cnicas<\/h2>\n<div class='additional-info' style='margin-top: 20px; color: #333333; font-family: Arial&comma; sans-serif; font-size: medium; font-weight: 400; text-align: justify;'>\n<ul class='spec-list' style='background: #f9f9f9; padding: 10px; border-radius: 5px;'>\n<li><strong>2 Watts de potencia Reales<\/strong><\/li>\n<li><strong>400-470 MHz<\/strong><\/li>\n<li><strong>16 canales<\/strong><\/li>\n<li><strong>Duraci\u00f3n de bater\u00eda:<\/strong> 6 a 8 horas (5-5-90)<\/li>\n<li><strong>Funci\u00f3n de Vox<\/strong><\/li>\n<li><strong>Scan de canales<\/strong><\/li>\n<li><strong>Password de lectura y escritura<\/strong><\/li>\n<li><strong>Cable de programaci\u00f3n:<\/strong> Compatible con <a style='font-family: 'Times New Roman'; font-size: 24px; text-align: left;' title='Programador' href='https:\/\/www.syscom.mx\/producto\/W13K-TXPRO-209845.html' target='_blank' rel='noopener'>W13K<\/a><\/li>\n<li><strong>Compatible con manos libres TX-EHKAV2<\/strong><\/li>\n<li><strong>Garant\u00eda:<\/strong> Cuenta con contra defectos de fabricaci\u00f3n<\/li>\n<\/ul>\n<\/div>\n<div class='additional-info' style='margin-top: 20px; color: #333333; font-family: Arial&comma; sans-serif; font-size: medium; font-weight: 400;'>\n<p style='text-align: justify;'>El radio TX320 es una excelente opci\u00f3n para empresas y organizaciones que requieren una comunicaci\u00f3n confiable y eficiente en distintos entornos.<\/p>\n<p style='text-align: justify;'><span class='highlight' style='color: #ff6347;'>\u00a1No esperes m\u00e1s y adquiere ya tu radio TX320&comma; est\u00e1n listos para usarse!<\/span><\/p>\n<\/div>\n<\/div>\n<div class='container no_padding'> <\/div>\n<div class='container no_padding'> <\/div>\n<div class='container no_padding'>Tabla de Frecuencias Programadas:<\/div>\n<div class='container no_padding'> <\/div>\n<div class='container no_padding'>\n<table style='border-collapse: collapse; width: 470pt; height: 249px;' border='0' width='626' cellspacing='0' cellpadding='0'>\n<colgroup>\n<col style='width: 60pt;' width='80'><\/colgroup>\n<colgroup>\n<col style='mso-width-source: userset; mso-width-alt: 5302; width: 109pt;' width='145'><\/colgroup>\n<colgroup>\n<col style='mso-width-source: userset; mso-width-alt: 4388; width: 90pt;' width='120'><\/colgroup>\n<colgroup>\n<col style='mso-width-source: userset; mso-width-alt: 5924; width: 122pt;' width='162'><\/colgroup>\n<colgroup>\n<col style='mso-width-source: userset; mso-width-alt: 4352; width: 89pt;' width='119'><\/colgroup>\n<tbody>\n<tr style='height: 15.75pt;'>\n<td class='xl75' style='height: 15px; width: 80px;' height='21'>Canal<\/td>\n<td class='xl65' style='border-left: none; width: 145.327px; height: 15px;'>Frecuencia Rx (MHz)<\/td>\n<td class='xl65' style='border-left: none; width: 120px; height: 15px;'>CTC\/DCS Decode<\/td>\n<td class='xl65' style='border-left: none; width: 162.656px; height: 15px;'>Frecuencia TX (MHz)<\/td>\n<td class='xl65' style='border-left: none; width: 118.679px; height: 15px;'>CTC\/DCS Encode<\/td>\n<\/tr>\n<tr style='height: 15.0pt;'>\n<td class='xl72' style='height: 15px; border-top: none; width: 80px;' height='20'>1<\/td>\n<td class='xl67' style='border-top: none; border-left: none; height: 15px; width: 145.327px;'>450.45625<\/td>\n<td class='xl68' style='border-top: none; border-left: none; height: 15px; width: 120px;'>100.0<\/td>\n<td class='xl67' style='border-top: none; border-left: none; height: 15px; width: 162.656px;'>450.45625<\/td>\n<td class='xl68' style='border-top: none; border-left: none; height: 15px; width: 118.679px;'>100.0<\/td>\n<\/tr>\n<tr style='height: 15.0pt;'>\n<td class='xl72' style='height: 15px; border-top: none; width: 80px;' height='20'>2<\/td>\n<td class='xl67' style='border-top: none; border-left: none; height: 15px; width: 145.327px;'>455.44375<\/td>\n<td class='xl68' style='border-top: none; border-left: none; height: 15px; width: 120px;'>100.0<\/td>\n<td class='xl67' style='border-top: none; border-left: none; height: 15px; width: 162.656px;'>455.44375<\/td>\n<td class='xl68' style='border-top: none; border-left: none; height: 15px; width: 118.679px;'>100.0<\/td>\n<\/tr>\n<tr style='height: 15.0pt;'>\n<td class='xl72' style='height: 15px; border-top: none; width: 80px;' height='20'>3<\/td>\n<td class='xl67' style='border-top: none; border-left: none; height: 15px; width: 145.327px;'>463.95625<\/td>\n<td class='xl68' style='border-top: none; border-left: none; height: 15px; width: 120px;'>100.0<\/td>\n<td class='xl67' style='border-top: none; border-left: none; height: 15px; width: 162.656px;'>463.95625<\/td>\n<td class='xl68' style='border-top: none; border-left: none; height: 15px; width: 118.679px;'>100.0<\/td>\n<\/tr>\n<tr style='height: 15.0pt;'>\n<td class='xl72' style='height: 15px; border-top: none; width: 80px;' height='20'>4<\/td>\n<td class='xl67' style='border-top: none; border-left: none; height: 15px; width: 145.327px;'>468.95625<\/td>\n<td class='xl68' style='border-top: none; border-left: none; height: 15px; width: 120px;'>100.0<\/td>\n<td class='xl67' style='border-top: none; border-left: none; height: 15px; width: 162.656px;'>468.95625<\/td>\n<td class='xl68' style='border-top: none; border-left: none; height: 15px; width: 118.679px;'>100.0<\/td>\n<\/tr>\n<tr style='height: 15.0pt;'>\n<td class='xl73' style='height: 15px; border-top: none; width: 80px;' height='20'>5<\/td>\n<td class='xl69' style='border-top: none; border-left: none; height: 15px; width: 145.327px;'>464.56250<\/td>\n<td class='xl66' style='border-top: none; border-left: none; height: 15px; width: 120px;'>103.5<\/td>\n<td class='xl69' style='border-top: none; border-left: none; height: 15px; width: 162.656px;'>464.56250<\/td>\n<td class='xl66' style='border-top: none; border-left: none; height: 15px; width: 118.679px;'>103.5<\/td>\n<\/tr>\n<tr style='height: 15.0pt;'>\n<td class='xl73' style='height: 15px; border-top: none; width: 80px;' height='20'>6<\/td>\n<td class='xl69' style='border-top: none; border-left: none; height: 15px; width: 145.327px;'>467.84375<\/td>\n<td class='xl66' style='border-top: none; border-left: none; height: 15px; width: 120px;'>103.5<\/td>\n<td class='xl69' style='border-top: none; border-left: none; height: 15px; width: 162.656px;'>467.84375<\/td>\n<td class='xl66' style='border-top: none; border-left: none; height: 15px; width: 118.679px;'>103.5<\/td>\n<\/tr>\n<tr style='height: 15.0pt;'>\n<td class='xl73' style='height: 14px; border-top: none; width: 80px;' height='20'>7<\/td>\n<td class='xl69' style='border-top: none; border-left: none; height: 14px; width: 145.327px;'>467.85625<\/td>\n<td class='xl66' style='border-top: none; border-left: none; height: 14px; width: 120px;'>103.5<\/td>\n<td class='xl69' style='border-top: none; border-left: none; height: 14px; width: 162.656px;'>467.85625<\/td>\n<td class='xl66' style='border-top: none; border-left: none; height: 14px; width: 118.679px;'>103.5<\/td>\n<\/tr>\n<tr style='height: 15.0pt;'>\n<td class='xl73' style='height: 15px; border-top: none; width: 80px;' height='20'>8<\/td>\n<td class='xl69' style='border-top: none; border-left: none; height: 15px; width: 145.327px;'>467.86250<\/td>\n<td class='xl66' style='border-top: none; border-left: none; height: 15px; width: 120px;'>103.5<\/td>\n<td class='xl69' style='border-top: none; border-left: none; height: 15px; width: 162.656px;'>467.86250<\/td>\n<td class='xl66' style='border-top: none; border-left: none; height: 15px; width: 118.679px;'>103.5<\/td>\n<\/tr>\n<tr style='height: 15.0pt;'>\n<td class='xl74' style='height: 15px; border-top: none; width: 80px;' height='20'>9<\/td>\n<td class='xl70' style='border-top: none; border-left: none; height: 15px; width: 145.327px;'>467.87500<\/td>\n<td class='xl71' style='border-top: none; border-left: none; height: 15px; width: 120px;'>103.5<\/td>\n<td class='xl70' style='border-top: none; border-left: none; height: 15px; width: 162.656px;'>467.87500<\/td>\n<td class='xl71' style='border-top: none; border-left: none; height: 15px; width: 118.679px;'>103.5<\/td>\n<\/tr>\n<tr style='height: 15.0pt;'>\n<td class='xl74' style='height: 15px; border-top: none; width: 80px;' height='20'>10<\/td>\n<td class='xl70' style='border-top: none; border-left: none; height: 15px; width: 145.327px;'>467.88750<\/td>\n<td class='xl71' style='border-top: none; border-left: none; height: 15px; width: 120px;'>100.0<\/td>\n<td class='xl70' style='border-top: none; border-left: none; height: 15px; width: 162.656px;'>467.88750<\/td>\n<td class='xl71' style='border-top: none; border-left: none; height: 15px; width: 118.679px;'>100.0<\/td>\n<\/tr>\n<tr style='height: 15.0pt;'>\n<td class='xl74' style='height: 15px; border-top: none; width: 80px;' height='20'>11<\/td>\n<td class='xl70' style='border-top: none; border-left: none; height: 15px; width: 145.327px;'>467.86875<\/td>\n<td class='xl71' style='border-top: none; border-left: none; height: 15px; width: 120px;'>103.5<\/td>\n<td class='xl70' style='border-top: none; border-left: none; height: 15px; width: 162.656px;'>467.86875<\/td>\n<td class='xl71' style='border-top: none; border-left: none; height: 15px; width: 118.679px;'>103.5<\/td>\n<\/tr>\n<tr style='height: 15.0pt;'>\n<td class='xl74' style='height: 15px; border-top: none; width: 80px;' height='20'>12<\/td>\n<td class='xl70' style='border-top: none; border-left: none; height: 15px; width: 145.327px;'>467.88125<\/td>\n<td class='xl71' style='border-top: none; border-left: none; height: 15px; width: 120px;'>103.5<\/td>\n<td class='xl70' style='border-top: none; border-left: none; height: 15px; width: 162.656px;'>467.88125<\/td>\n<td class='xl71' style='border-top: none; border-left: none; height: 15px; width: 118.679px;'>103.5<\/td>\n<\/tr>\n<tr style='height: 15.0pt;'>\n<td class='xl73' style='height: 15px; border-top: none; width: 80px;' height='20'>13<\/td>\n<td class='xl69' style='border-top: none; border-left: none; height: 15px; width: 145.327px;'>467.89375<\/td>\n<td class='xl66' style='border-top: none; border-left: none; height: 15px; width: 120px;'>103.5<\/td>\n<td class='xl69' style='border-top: none; border-left: none; height: 15px; width: 162.656px;'>467.89375<\/td>\n<td class='xl66' style='border-top: none; border-left: none; height: 15px; width: 118.679px;'>103.5<\/td>\n<\/tr>\n<tr style='height: 15.0pt;'>\n<td class='xl73' style='height: 15px; border-top: none; width: 80px;' height='20'>14<\/td>\n<td class='xl69' style='border-top: none; border-left: none; height: 15px; width: 145.327px;'>467.90625<\/td>\n<td class='xl66' style='border-top: none; border-left: none; height: 15px; width: 120px;'>103.5<\/td>\n<td class='xl69' style='border-top: none; border-left: none; height: 15px; width: 162.656px;'>467.90625<\/td>\n<td class='xl66' style='border-top: none; border-left: none; height: 15px; width: 118.679px;'>103.5<\/td>\n<\/tr>\n<tr style='height: 15.0pt;'>\n<td class='xl73' style='height: 15px; border-top: none; width: 80px;' height='20'>15<\/td>\n<td class='xl69' style='border-top: none; border-left: none; height: 15px; width: 145.327px;'>467.91250<\/td>\n<td class='xl66' style='border-top: none; border-left: none; height: 15px; width: 120px;'>103.5<\/td>\n<td class='xl69' style='border-top: none; border-left: none; height: 15px; width: 162.656px;'>467.91250<\/td>\n<td class='xl66' style='border-top: none; border-left: none; height: 15px; width: 118.679px;'>103.5<\/td>\n<\/tr>\n<tr style='height: 15.0pt;'>\n<td class='xl73' style='height: 10px; border-top: none; width: 80px;' height='20'>16<\/td>\n<td class='xl69' style='border-top: none; border-left: none; height: 10px; width: 145.327px;'>467.93750<\/td>\n<td class='xl66' style='border-top: none; border-left: none; height: 10px; width: 120px;'>Off<\/td>\n<td class='xl69' style='border-top: none; border-left: none; height: 10px; width: 162.656px;'>467.93750<\/td>\n<td class='xl66' style='border-top: none; border-left: none; height: 10px; width: 118.679px;'>Off<\/td>\n<\/tr>\n<\/tbody>\n<\/table>\n<\/div>\n<div class='container no_padding'> <\/div>\n<div class='container no_padding'><img class='img-responsive center-block fr-fic fr-dib' style='padding: 20px 0px; width: 200px;' src='https:\/\/ftp3.syscom.mx\/usuarios\/fotos\/logotipos\/txpro.png'><\/div>\n<div class='container no_padding'><img class='img-responsive center-block fr-fic fr-dib' style='border-radius: 20px 20px 0px 0px;' src='https:\/\/ftp3.syscom.mx\/usuarios\/ftp\/single_page\/txpro\/banner-ppal3.jpg'> <img class='img-responsive center-block fr-fic fr-dib' style='border-radius: 0px 0px 20px 20px;' src='https:\/\/ftp3.syscom.mx\/usuarios\/ftp\/single_page\/txpro\/ap01.jpg'><\/div>\n<div class='container no_padding'>\n<div class='col-md-6 no_padding'><img class='img-responsive center-block fr-fic fr-dib' style='border-radius: 20px;' src='https:\/\/ftp3.syscom.mx\/usuarios\/ftp\/single_page\/txpro\/inv_des01.jpg'><\/div>\n<div class='col-md-6'>\n<p style='padding-top: 50px; font-size: 22px; line-height: 40px; font-weight: 300; letter-spacing: 2px;'>Los radios TXPRO combinan la tecnolog\u00eda de punta desarrollada a trav\u00e9s de la continua investigaci\u00f3n y desarrollo.<\/p>\n<p style='padding-bottom: 50px; font-size: 22px; line-height: 40px; font-weight: 300; letter-spacing: 2px;'>Al comprar radios TXPRO&comma; usted adquiere productos y soluciones dise\u00f1ados para mejorar su productividad y seguridad por largo tiempo.<\/p>\n<\/div>\n<\/div>\n<div class='container no_padding'>\n<hr style='border-top: 2px solid #7c0505; border-bottom: 2px solid red;'><\/div>\n<div class='container no_padding'>\n<div class='col-md-6'>\n<p style='padding-top: 50px; font-size: 50px; line-height: 48px; font-weight: 300; letter-spacing: 1px; color: #cf0000; padding-bottom: 15px;'>EVOLUCIONAMOS<br \/>CON SU NEGOCIO<\/p>\n<p style='padding-bottom: 50px; font-size: 22px; line-height: 40px; font-weight: 300; letter-spacing: 2px;'>Desde radios anal\u00f3gicos compactos y resistentes como el TX320&comma; TX500 y TX600&comma; hasta los radios digitales TX680 para aprovechar las m\u00faltiples funciones de la tecnolog\u00eda actual&comma; los dispositivos TXPRO acompa\u00f1an su migraci\u00f3n de an\u00e1logo a digital de manera que su negocio crezca cada vez m\u00e1s.<\/p>\n<\/div>\n<div class='col-md-6 no_padding'><img class='img-responsive center-block fr-fic fr-dib' style='border-radius: 20px;' src='https:\/\/ftp3.syscom.mx\/usuarios\/ftp\/single_page\/txpro\/versiones01.jpg'><\/p>\n<p style='margin-top: 11px; font-size: 27px; line-height: 30px; font-weight: 300; letter-spacing: 1px; padding: 11px; background-color: red; border-radius: 20px; text-align: center; color: white;'>Radios robustos para todos<br \/>los requerimientos<\/p>\n<\/div>\n<\/div>\n<div class='container no_padding'><img class='img-responsive center-block fr-fic fr-dib' style='border-radius: 20px 20px 0px 0px;' src='https:\/\/ftp3.syscom.mx\/usuarios\/ftp\/single_page\/txpro\/ap02.jpg'><\/div>\n<div class='container no_padding'>\n<hr style='border-top: 2px solid #7c0505; border-bottom: 2px solid red;'><\/div>\n<div class='container no_padding'>\n<div class='col-md-6 no_padding'><img class='img-responsive center-block fr-fic fr-dib' style='border-radius: 20px;' src='https:\/\/ftp3.syscom.mx\/usuarios\/ftp\/single_page\/txpro\/conectividad01.jpg'><\/div>\n<div class='col-md-6'>\n<p style='padding-top: 50px; font-size: 50px; line-height: 48px; font-weight: 300; letter-spacing: 1px; color: #cf0000; padding-bottom: 15px;'>CONECTIVIDAD<br \/>SIN L\u00cdMITES<\/p>\n<p style='padding-bottom: 50px; font-size: 22px; line-height: 40px; font-weight: 300; letter-spacing: 2px;'>TXPRO le abre un mundo de posibilidades para conectarse en operaciones diarias y de emergencia&comma; gracias a nuestra amplia gama de productos y accesorios podemos satisfacer las necesidades de comunicaci\u00f3n en las condiciones m\u00e1s diversas.<\/p>\n<\/div>\n<\/div>\n<div class='container no_padding'><img class='img-responsive center-block fr-fic fr-dib' style='border-radius: 20px 20px 0px 0px;' src='https:\/\/ftp3.syscom.mx\/usuarios\/ftp\/single_page\/txpro\/ap03.jpg'><\/div>\n<div class='container no_padding'>\n<hr style='border-top: 2px solid #7c0505; border-bottom: 2px solid red;'><\/div>\n<div class='container no_padding'> <\/div>\n<div class='container-fluid '>\n<div class='container'> <\/div>\n<\/div>\n<div class='product-specs' style='margin-bottom: 20px; color: #333333; font-family: Arial&comma; sans-serif; font-size: medium; font-weight: 400;'>\n<\/div>\n<\/p>\n<p><strong>Peso: 161 g incluyendo bater\u00eda y sin antena.<\/strong><\/p>\n<p><strong>Dimensiones: 128.6 x 58.8 x 32.2 mm sin antena.<\/strong><\/p>\n<h2>Comparativos con otras Marcas<\/h2>\n<h3> <\/h3><\/p>\n","protected":false},"excerpt":{"rendered":"<p>Radio Port\u00e1til UHF 400-470 MHz, 16 canales, 2 Watts de potencia. Comunicaci\u00f3n Clara en su Negocio<\/p>\n","protected":false},"featured_media":68966,"comment_status":"open","ping_status":"closed","template":"","meta":[],"product_brand":[],"product_cat":[1555],"product_tag":[1556,1557,560],"class_list":{"0":"post-68967","1":"product","2":"type-product","3":"status-publish","4":"has-post-thumbnail","6":"product_cat-radios-portatiles-vhf-uhf","7":"product_tag-radios-comerciales-txpro","8":"product_tag-radios-portatiles-vhf-uhf","9":"product_tag-txpro","11":"first","12":"instock","13":"sale","14":"shipping-taxable","15":"purchasable","16":"product-type-simple"},"_links":{"self":[{"href":"https:\/\/soydeaqui.ddns.net\/pachuca\/index.php\/wp-json\/wp\/v2\/product\/68967","targetHints":{"allow":["GET"]}}],"collection":[{"href":"https:\/\/soydeaqui.ddns.net\/pachuca\/index.php\/wp-json\/wp\/v2\/product"}],"about":[{"href":"https:\/\/soydeaqui.ddns.net\/pachuca\/index.php\/wp-json\/wp\/v2\/types\/product"}],"replies":[{"embeddable":true,"href":"https:\/\/soydeaqui.ddns.net\/pachuca\/index.php\/wp-json\/wp\/v2\/comments?post=68967"}],"wp:featuredmedia":[{"embeddable":true,"href":"https:\/\/soydeaqui.ddns.net\/pachuca\/index.php\/wp-json\/wp\/v2\/media\/68966"}],"wp:attachment":[{"href":"https:\/\/soydeaqui.ddns.net\/pachuca\/index.php\/wp-json\/wp\/v2\/media?parent=68967"}],"wp:term":[{"taxonomy":"product_brand","embeddable":true,"href":"https:\/\/soydeaqui.ddns.net\/pachuca\/index.php\/wp-json\/wp\/v2\/product_brand?post=68967"},{"taxonomy":"product_cat","embeddable":true,"href":"https:\/\/soydeaqui.ddns.net\/pachuca\/index.php\/wp-json\/wp\/v2\/product_cat?post=68967"},{"taxonomy":"product_tag","embeddable":true,"href":"https:\/\/soydeaqui.ddns.net\/pachuca\/index.php\/wp-json\/wp\/v2\/product_tag?post=68967"}],"curies":[{"name":"wp","href":"https:\/\/api.w.org\/{rel}","templated":true}]}}