{"id":68879,"date":"2026-03-19T10:25:06","date_gmt":"2026-03-19T10:25:06","guid":{"rendered":"https:\/\/soydeaqui.ddns.net\/pachuca\/index.php\/producto\/rack-de-cuatro-postes-estandar-de-19-rieles-numerados-y-roscados-12-24-profundidad-maxima-de-30-in-45-unidades-de-rack-color-negro\/"},"modified":"2026-03-19T10:25:19","modified_gmt":"2026-03-19T10:25:19","slug":"rack-de-cuatro-postes-estandar-de-19-rieles-numerados-y-roscados-12-24-profundidad-maxima-de-30-in-45-unidades-de-rack-color-negro","status":"publish","type":"product","link":"https:\/\/soydeaqui.ddns.net\/pachuca\/index.php\/producto\/rack-de-cuatro-postes-estandar-de-19-rieles-numerados-y-roscados-12-24-profundidad-maxima-de-30-in-45-unidades-de-rack-color-negro\/","title":{"rendered":"Rack de Cuatro Postes Est\u00e1ndar de 19&#8243;, Rieles Numerados y Roscados #12-24, Profundidad M\u00e1xima de 30 in, 45 Unidades de Rack, Color Negro"},"content":{"rendered":"<div style='width: 100%; max-width: 1200px; margin: 0 auto; font-family: sans-serif; line-height: 1.6; color: inherit; background-color: transparent;'> <!-- Secci\u00f3n de descripci\u00f3n --> <\/p>\n<div style='margin-bottom: 30px;'>\n<p style='font-size: 15px; color: inherit; margin: 0 0 15px;'> Rack de cuatro postes que cumple con los est\u00e1ndares EIA-310D y est\u00e1 construido en acero capaz de aceptar equipo de 19&#8242; EIA. El m\u00e9todo de construcci\u00f3n del rack se asegura de una estructura el\u00e9ctricamente unida para facilitar la conexi\u00f3n a tierra. <\/p>\n<\/p><\/div>\n<p> <!-- Secci\u00f3n de aplicaciones --> <\/p>\n<div style='margin-bottom: 30px;'>\n<h3 style='font-size: 22px; border-bottom: 2px solid currentColor; padding-bottom: 5px; margin-top: 0; margin-bottom: 15px; color: inherit; opacity: 0.8;'>Aplicaciones<\/h3>\n<ul style='padding-left: 20px; font-size: 15px; color: inherit; list-style-type: disc;'>\n<li style='margin-bottom: 8px;'>Soporte de equipo pesado como UPS&comma; Servidores&comma; Almacenamiento&comma; etc.<\/li>\n<li style='margin-bottom: 8px;'>Uso en cuartos de telecomunicaciones de alta capacidad<\/li>\n<\/ul><\/div>\n<p> <!-- Secci\u00f3n de especificaciones --> <\/p>\n<div style='margin-bottom: 30px;'>\n<h3 style='font-size: 22px; border-bottom: 2px solid currentColor; padding-bottom: 5px; margin-top: 0; margin-bottom: 15px; color: inherit; opacity: 0.8;'>Caracter\u00edsticas f\u00edsicas<\/h3>\n<ul style='padding-left: 20px; font-size: 15px; color: inherit; list-style-type: disc;'>\n<li style='margin-bottom: 8px;'><strong>Tipo:<\/strong> Rack de cuatro postes<\/li>\n<li style='margin-bottom: 8px;'><strong>Unidades de Rack:<\/strong> 45<\/li>\n<li style='margin-bottom: 8px;'><strong>Color:<\/strong> Negro<\/li>\n<li style='margin-bottom: 8px;'><strong>Ancho del sistema:<\/strong> 19&#8242;<\/li>\n<li style='margin-bottom: 8px;'><strong>Material:<\/strong> Acero<\/li>\n<li style='margin-bottom: 8px;'><strong>Dimensiones exteriores:<\/strong> 591 x 2134 x 762 mm (Ancho x Alto x Profundidad)<\/li>\n<li style='margin-bottom: 8px;'><strong>Capacidad de carga:<\/strong> 2500 Lbs. (1134 kg.)<\/li>\n<\/ul><\/div>\n<p> <!-- Separador --> <\/p>\n<hr style='border: 0; border-top: 1px solid rgba(150&comma; 150&comma; 150&comma; 0.3); margin: 30px 0;'> <\/div>\n","protected":false},"excerpt":{"rendered":"<p>Rack de Cuatro Postes Est\u00e1ndar de 19&#8243;, Rieles Numerados y Roscados #12-24, Profundidad M\u00e1xima de 30 in, 45 Unidades de Rack, Color Negro<\/p>\n","protected":false},"featured_media":68878,"comment_status":"open","ping_status":"closed","template":"","meta":[],"product_brand":[],"product_cat":[680],"product_tag":[445,660,605],"class_list":{"0":"post-68879","1":"product","2":"type-product","3":"status-publish","4":"has-post-thumbnail","6":"product_cat-racks-abiertos-racks-y-gabinetes","7":"product_tag-panduit","8":"product_tag-racks-abiertos","9":"product_tag-racks-y-gabinetes","11":"first","12":"instock","13":"sale","14":"shipping-taxable","15":"purchasable","16":"product-type-simple"},"_links":{"self":[{"href":"https:\/\/soydeaqui.ddns.net\/pachuca\/index.php\/wp-json\/wp\/v2\/product\/68879","targetHints":{"allow":["GET"]}}],"collection":[{"href":"https:\/\/soydeaqui.ddns.net\/pachuca\/index.php\/wp-json\/wp\/v2\/product"}],"about":[{"href":"https:\/\/soydeaqui.ddns.net\/pachuca\/index.php\/wp-json\/wp\/v2\/types\/product"}],"replies":[{"embeddable":true,"href":"https:\/\/soydeaqui.ddns.net\/pachuca\/index.php\/wp-json\/wp\/v2\/comments?post=68879"}],"wp:featuredmedia":[{"embeddable":true,"href":"https:\/\/soydeaqui.ddns.net\/pachuca\/index.php\/wp-json\/wp\/v2\/media\/68878"}],"wp:attachment":[{"href":"https:\/\/soydeaqui.ddns.net\/pachuca\/index.php\/wp-json\/wp\/v2\/media?parent=68879"}],"wp:term":[{"taxonomy":"product_brand","embeddable":true,"href":"https:\/\/soydeaqui.ddns.net\/pachuca\/index.php\/wp-json\/wp\/v2\/product_brand?post=68879"},{"taxonomy":"product_cat","embeddable":true,"href":"https:\/\/soydeaqui.ddns.net\/pachuca\/index.php\/wp-json\/wp\/v2\/product_cat?post=68879"},{"taxonomy":"product_tag","embeddable":true,"href":"https:\/\/soydeaqui.ddns.net\/pachuca\/index.php\/wp-json\/wp\/v2\/product_tag?post=68879"}],"curies":[{"name":"wp","href":"https:\/\/api.w.org\/{rel}","templated":true}]}}