{"id":68854,"date":"2026-03-19T10:24:13","date_gmt":"2026-03-19T10:24:13","guid":{"rendered":"https:\/\/soydeaqui.ddns.net\/pachuca\/index.php\/producto\/analizador-de-antena-liberator-para-sitio-mide-swr-perdida-por-retorno-y-fdr-reflectometro-en-el-dominio-de-frecuencia-100-khz-1500-mhz-puerto-n-hembra-unico-terminaciones-en-n-macho-de-50-ohm\/"},"modified":"2026-03-19T10:24:14","modified_gmt":"2026-03-19T10:24:14","slug":"analizador-de-antena-liberator-para-sitio-mide-swr-perdida-por-retorno-y-fdr-reflectometro-en-el-dominio-de-frecuencia-100-khz-1500-mhz-puerto-n-hembra-unico-terminaciones-en-n-macho-de-50-ohm","status":"publish","type":"product","link":"https:\/\/soydeaqui.ddns.net\/pachuca\/index.php\/producto\/analizador-de-antena-liberator-para-sitio-mide-swr-perdida-por-retorno-y-fdr-reflectometro-en-el-dominio-de-frecuencia-100-khz-1500-mhz-puerto-n-hembra-unico-terminaciones-en-n-macho-de-50-ohm\/","title":{"rendered":"Analizador de Antena LIBERATOR para Sitio, mide SWR, P\u00e9rdida por Retorno y FDR (Reflect\u00f3metro en el Dominio de Frecuencia), 100 kHz-1500 MHz, puerto N Hembra \u00danico, Terminaciones en N Macho de 50 Ohm y Corto-circuito incluidas."},"content":{"rendered":"<div style='width: 100%; max-width: 1200px; margin: 0 auto; font-family: sans-serif; line-height: 1.6; color: inherit; background-color: transparent;'> <!-- Secci\u00f3n de descripci\u00f3n general --> <\/p>\n<div style='margin-bottom: 30px;'>\n<p style='margin: 0 0 15px 0; font-weight: bold; color: inherit;'>Analizador de SWR para Sitio&comma; 100 kHz-1.5 GHz&comma; conectores N Hembra.<\/p>\n<ul style='padding-left: 20px; font-size: 14px; color: inherit;'>\n<li style='margin-bottom: 8px;'><strong>El Analizador de Antena <\/strong>para Sitio de SWR con \u00fanico puerto&comma; f\u00e1cil de usar&comma; aplica para Mediciones de SWR \u00f3 P\u00e9rdida por Retorno&comma; FDR (Reflect\u00f3metro en el Dominio de Frecuencia).<\/li>\n<li style='margin-bottom: 8px;'>Cuenta con pantalla retro-iluminada a todo color con una excelente legibilidad a la luz del d\u00eda.<\/li>\n<li style='margin-bottom: 8px;'>50 espacios de memoria para guardar gr\u00e1ficos y recuperarlos en el Analizador de Sitio o cargarlos en una PC con el software <strong>Site Analyzer PC Vision<\/strong>\u2122.<\/li>\n<li style='margin-bottom: 8px;'>Incluyen bater\u00edas de NiMH para 4 horas de funcionamiento continuo.<\/li>\n<li style='margin-bottom: 8px;'>Men\u00fas de navegaci\u00f3n f\u00e1ciles de usar&comma; configuraciones de color personalizadas por el usuario y pantallas gr\u00e1ficas de medici\u00f3n.<\/li>\n<li style='margin-bottom: 8px;'>El Analizador de Sitios de SWR contiene lineas limite seleccionables por el usuario y un bot\u00f3n reversible a la vista para seleccionarlo como medidor de SWR\/P\u00e9rdida de Retorno y localizar el mejor SWR o P\u00e9rdida por Retorno de las antenas.<\/li>\n<li style='margin-bottom: 8px;'>Su facilidad de operacion hace flexible al Analizador &#8216;Liberator&#8217; tanto para el principiante como a nivel ingeniero el usarlo con un m\u00ednimo de entrenamiento.<\/li>\n<li style='margin-bottom: 8px;'>Las comunicaciones de PC se realizan a trav\u00e9s de USB-2 (cable incluido).<\/li>\n<li style='margin-bottom: 8px;'>El soporte t\u00e9cnico incluye: Capacitaci\u00f3n de usuario PPT (.ppt) y soporte t\u00e9cnico gratuito durante la vida \u00fatil del instrumento.<\/li>\n<\/ul><\/div>\n<p> <!-- Secci\u00f3n de especificaciones --> <\/p>\n<div style='margin-bottom: 30px;'>\n<h3 style='font-size: 22px; border-bottom: 2px solid currentColor; padding-bottom: 5px; margin-top: 0; color: inherit; opacity: 0.8;'>Especificaciones<\/h3>\n<ul style='padding-left: 20px; font-size: 14px; color: inherit;'>\n<li style='margin-bottom: 8px;'>Analizador de Sitio para medici\u00f3n de SWR&comma; Return Loss&comma; FDR (Reflect\u00f3metro en el Dominio de la Frecuencia).<\/li>\n<li style='margin-bottom: 8px;'>Rango de frecuencia: 100 kHz &#8211; 1500 MHz.<\/li>\n<li style='margin-bottom: 8px;'>Sintonizaci\u00f3n \/ Resoluci\u00f3n de pantalla: 1 kHz.<\/li>\n<li style='margin-bottom: 8px;'>Rango de potencia de entrada: -100 dBm a +30 dBm.<\/li>\n<li style='margin-bottom: 8px;'>Frecuencia de actualizaci\u00f3n: 2.5 veces \/ segundo.<\/li>\n<li style='margin-bottom: 8px;'>Pantalla de frecuencia: 250 puntos.<\/li>\n<li style='margin-bottom: 8px;'>Velocidad de medici\u00f3n: 5 ms \/ Punto de Datos.<\/li>\n<li style='margin-bottom: 8px;'>Mediciones FDR: DTF&comma; final de cable y Antena RL.<\/li>\n<li style='margin-bottom: 8px;'>Rango FDR: 0 a > 5000 ft (0 a > 1524 m).<\/li>\n<li style='margin-bottom: 8px;'>Resoluci\u00f3n M\u00ednima: 0.5% de la escala.<\/li>\n<li style='margin-bottom: 8px;'>Exactitud FDR: 0.5% de la escala.<\/li>\n<li style='margin-bottom: 8px;'>Potencia de Salida: ~ 0 dBm @ 50 Ohm.<\/li>\n<li style='margin-bottom: 8px;'>Conectores de RF: Tipo &#8216;N&#8217; hembra.<\/li>\n<li style='margin-bottom: 8px;'>Alimentaci\u00f3n: 13.8-20 Vcc a 800 mA m\u00edn. \u00fa 8 AA NiMH \u00f3 Alcalinas.<\/li>\n<li style='margin-bottom: 8px;'>Tama\u00f1o: 216 mm x 109 mm x 57 mm.<\/li>\n<li style='margin-bottom: 8px;'>Peso: 1 kilogramo&comma; con estuche y bater\u00edas<\/li>\n<li style='margin-bottom: 8px;'>Garant\u00eda: 2 a\u00f1os<\/li>\n<\/ul><\/div>\n<p> <!-- Secci\u00f3n de art\u00edculos incluidos --> <\/p>\n<div style='margin-bottom: 30px;'>\n<h3 style='font-size: 22px; border-bottom: 2px solid currentColor; padding-bottom: 5px; margin-top: 0; color: inherit; opacity: 0.8;'>Art\u00edculos incluidos<\/h3>\n<ul style='padding-left: 20px; font-size: 14px; color: inherit;'>\n<li style='margin-bottom: 8px;'>Analizador de sitio SWR.<\/li>\n<li style='margin-bottom: 8px;'>Terminales (Corto circuito y 50 Ohm)<\/li>\n<li style='margin-bottom: 8px;'>8 bater\u00edas &#8216;AA&#8217; de NiMH (instaladas).<\/li>\n<li style='margin-bottom: 8px;'>Estuche para cintur\u00f3n con correa al hombro re-movible.<\/li>\n<li style='margin-bottom: 8px;'>Cable USB.<\/li>\n<li style='margin-bottom: 8px;'>Adaptador de CA.<\/li>\n<li style='margin-bottom: 8px;'>Gu\u00eda de Inicio R\u00e1pido.<\/li>\n<li style='margin-bottom: 8px;'>Gu\u00eda B\u00e1sica.<\/li>\n<li style='margin-bottom: 8px;'>Manual de Instrucciones en CD.<\/li>\n<li style='margin-bottom: 8px;'>Entrenamiento PPT (.ppt)<\/li>\n<li style='margin-bottom: 8px;'>Software &#8216;Site Analyzer PC Vision&#8217;. <\/li>\n<\/ul><\/div>\n<p> <!-- Secci\u00f3n de caracter\u00edsticas y beneficios --> <\/p>\n<div style='display: flex; flex-wrap: wrap; gap: 30px; margin-bottom: 30px;'>\n<div style='flex: 1 1 300px; min-width: 280px;'>\n<h3 style='font-size: 22px; border-bottom: 2px solid currentColor; padding-bottom: 5px; margin-top: 0; color: inherit; opacity: 0.8;'>Caracter\u00edsticas<\/h3>\n<ul style='padding-left: 20px; font-size: 14px; color: inherit;'>\n<li style='margin-bottom: 8px;'>L\u00edneas l\u00edmite seleccionables por usuario para seleccionar de un vistazo en el modo SWR\/P\u00e9rdida por Retorno.<\/li>\n<li style='margin-bottom: 8px;'>La sintonizaci\u00f3n autom\u00e1tica con un solo bot\u00f3n localiza el mejor SWR o Return Loss de la antena.<\/li>\n<li style='margin-bottom: 8px;'>Reflect\u00f3metro (FDR) en el Dominio de Frecuencia.<\/li>\n<li style='margin-bottom: 8px;'>Medici\u00f3n de P\u00e9rdida por Retorno y Falla a Distancia en una prueba para evaluar el desempe\u00f1o del cable y la Antena como un sistema completo.<\/li>\n<li style='margin-bottom: 8px;'>Incluye software &#8216;Site Analyzer PC Vision&#8217; \u2122 y cable USB-2.<\/li>\n<li style='margin-bottom: 8px;'>La memoria interna puede contener hasta 50 espacios y configuraciones.<\/li>\n<li style='margin-bottom: 8px;'>Operaci\u00f3n completa del instrumento a trav\u00e9s del software PC Vision.<\/li>\n<li style='margin-bottom: 8px;'>La memoria interna puede almacenar hasta 50 gr\u00e1ficos y configuraciones.<\/li>\n<li style='margin-bottom: 8px;'>Pantalla VGA a color retro-iluminada de una cuarta parte (Esquema de colores seleccionable por usuario).<\/li>\n<li style='margin-bottom: 8px;'>Pantalla num\u00e9rica grande en modo CW.<\/li>\n<\/ul><\/div>\n<div style='flex: 1 1 300px; min-width: 280px;'>\n<h3 style='font-size: 22px; border-bottom: 2px solid currentColor; padding-bottom: 5px; margin-top: 0; color: inherit; opacity: 0.8;'>Beneficios<\/h3>\n<ul style='padding-left: 20px; font-size: 14px; color: inherit;'>\n<li style='margin-bottom: 8px;'>Sistema econ\u00f3mico multi-funcional para prueba de antenas.<\/li>\n<li style='margin-bottom: 8px;'>Muy r\u00e1pido tiempo de respuesta en modo de visualizaci\u00f3n gr\u00e1fica.<\/li>\n<li style='margin-bottom: 8px;'>Guarde&comma; recupere y cargue los resultados de las pruebas en una PC.<\/li>\n<li style='margin-bottom: 8px;'>R\u00e1pido cambio entre SWR y P\u00e9rdida por Retorno.<\/li>\n<li style='margin-bottom: 8px;'>Los colores se pueden personalizar para una mejor visualizaci\u00f3n.<\/li>\n<li style='margin-bottom: 8px;'>El dise\u00f1o &#8216;Belt Friendly&#8217; lo hace f\u00e1cil de llevar en sitio.<\/li>\n<li style='margin-bottom: 8px;'>Tiene la opci\u00f3n &#8216;Cable nulo&#8217; para eliminar el cable de prueba o la l\u00ednea de alimentaci\u00f3n.<\/li>\n<li style='margin-bottom: 8px;'>Bater\u00edas NIMH completamente recargables son comercialmente reemplazables.<\/li>\n<\/ul><\/div>\n<\/p><\/div>\n<p> <!-- Secci\u00f3n de accesorios opcionales --> <\/p>\n<div style='margin-bottom: 30px;'>\n<h3 style='font-size: 22px; border-bottom: 2px solid currentColor; padding-bottom: 5px; margin-top: 0; color: inherit; opacity: 0.8;'>Accesorios opcionales<\/h3>\n<p style='margin: 0 0 15px 0; font-weight: bold; color: inherit;'>*Pregunte por disponibilidad.<\/p>\n<ul style='padding-left: 20px; font-size: 14px; color: inherit;'>\n<li style='margin-bottom: 8px;'>Adaptador N a SMA y Juego de Terminadores.<\/li>\n<li style='margin-bottom: 8px;'>Adaptador N a BNC.<\/li>\n<li style='margin-bottom: 8px;'>Terminadores BNC&comma; Corto-circuito y Carga 50 \u03a9.<\/li>\n<li style='margin-bottom: 8px;'>Adaptadores de N a TNC.<\/li>\n<li style='margin-bottom: 8px;'>Adaptadores de N a SO-239 (UHF).<\/li>\n<li style='margin-bottom: 8px;'>Juego de terminales en N hembra&comma; Corto-circuito y Abierto.<\/li>\n<li style='margin-bottom: 8px;'>Juego de terminadores de 3 v\u00edas&comma; Abierto&comma; Corto-circuito y Carga de 50 \u03a9.<\/li>\n<li style='margin-bottom: 8px;'>Adaptador \/ Cargador de veh\u00edculo.<\/li>\n<li style='margin-bottom: 8px;'>Estuche Ligero.<\/li>\n<li style='margin-bottom: 8px;'>Estuche R\u00edgido.<\/li>\n<\/ul><\/div>\n<p> <!-- Separador final --> <\/p>\n<hr style='border: 0; border-top: 1px solid rgba(150&comma; 150&comma; 150&comma; 0.3); margin: 30px 0;'> <\/div>\n","protected":false},"excerpt":{"rendered":"<p>Analizador de Antena LIBERATOR para Sitio, mide SWR, P\u00e9rdida por Retorno y FDR (Reflect\u00f3metro en el Dominio de Frecuencia), 100 kHz-1500 MHz, puerto N Hembra \u00danico, Terminaciones en N Macho de 50 Ohm y Corto-circuito incluidas.<\/p>\n","protected":false},"featured_media":68853,"comment_status":"open","ping_status":"closed","template":"","meta":[],"product_brand":[],"product_cat":[1610],"product_tag":[1963,1611,931],"class_list":{"0":"post-68854","1":"product","2":"type-product","3":"status-publish","4":"has-post-thumbnail","6":"product_cat-analizadores-espectro-y-antenas-monitores-de-servicio-y-softwares","7":"product_tag-aea","8":"product_tag-analizadores-espectro-y-antenas-monitores-de-servicio-y-softwares","9":"product_tag-equipo-de-laboratorio","11":"first","12":"outofstock","13":"sale","14":"shipping-taxable","15":"purchasable","16":"product-type-simple"},"_links":{"self":[{"href":"https:\/\/soydeaqui.ddns.net\/pachuca\/index.php\/wp-json\/wp\/v2\/product\/68854","targetHints":{"allow":["GET"]}}],"collection":[{"href":"https:\/\/soydeaqui.ddns.net\/pachuca\/index.php\/wp-json\/wp\/v2\/product"}],"about":[{"href":"https:\/\/soydeaqui.ddns.net\/pachuca\/index.php\/wp-json\/wp\/v2\/types\/product"}],"replies":[{"embeddable":true,"href":"https:\/\/soydeaqui.ddns.net\/pachuca\/index.php\/wp-json\/wp\/v2\/comments?post=68854"}],"wp:featuredmedia":[{"embeddable":true,"href":"https:\/\/soydeaqui.ddns.net\/pachuca\/index.php\/wp-json\/wp\/v2\/media\/68853"}],"wp:attachment":[{"href":"https:\/\/soydeaqui.ddns.net\/pachuca\/index.php\/wp-json\/wp\/v2\/media?parent=68854"}],"wp:term":[{"taxonomy":"product_brand","embeddable":true,"href":"https:\/\/soydeaqui.ddns.net\/pachuca\/index.php\/wp-json\/wp\/v2\/product_brand?post=68854"},{"taxonomy":"product_cat","embeddable":true,"href":"https:\/\/soydeaqui.ddns.net\/pachuca\/index.php\/wp-json\/wp\/v2\/product_cat?post=68854"},{"taxonomy":"product_tag","embeddable":true,"href":"https:\/\/soydeaqui.ddns.net\/pachuca\/index.php\/wp-json\/wp\/v2\/product_tag?post=68854"}],"curies":[{"name":"wp","href":"https:\/\/api.w.org\/{rel}","templated":true}]}}