{"id":68852,"date":"2026-03-19T10:24:07","date_gmt":"2026-03-19T10:24:07","guid":{"rendered":"https:\/\/soydeaqui.ddns.net\/pachuca\/index.php\/producto\/analizador-de-sitio-en-kit-para-swr-y-perdida-por-retorno-100-khz-1-5-ghz-reflectometro-en-el-dominio-de-frecuencia-puerto-n-hembra-unico-terminaciones-n-macho-de-50-ohm-corto-circuito-y-abierto\/"},"modified":"2026-03-19T10:24:08","modified_gmt":"2026-03-19T10:24:08","slug":"analizador-de-sitio-en-kit-para-swr-y-perdida-por-retorno-100-khz-1-5-ghz-reflectometro-en-el-dominio-de-frecuencia-puerto-n-hembra-unico-terminaciones-n-macho-de-50-ohm-corto-circuito-y-abierto","status":"publish","type":"product","link":"https:\/\/soydeaqui.ddns.net\/pachuca\/index.php\/producto\/analizador-de-sitio-en-kit-para-swr-y-perdida-por-retorno-100-khz-1-5-ghz-reflectometro-en-el-dominio-de-frecuencia-puerto-n-hembra-unico-terminaciones-n-macho-de-50-ohm-corto-circuito-y-abierto\/","title":{"rendered":"Analizador de Sitio en Kit para SWR y P\u00e9rdida por Retorno, 100 kHz-1.5 GHz, Reflect\u00f3metro en el Dominio de Frecuencia, Puerto N Hembra \u00fanico, Terminaciones N Macho de 50 Ohm, Corto-circuito y Abierto."},"content":{"rendered":"<div style='width: 100%; max-width: 1200px; margin: 0 auto; font-family: sans-serif; line-height: 1.6; color: inherit; background-color: transparent;'>\n<div style='display: flex; flex-wrap: wrap; gap: 30px; margin-bottom: 30px;'>\n<div style='flex: 1 1 300px; min-width: 280px;'>\n<h3 style='font-size: 22px; border-bottom: 2px solid currentColor; padding-bottom: 5px; margin-top: 0; color: inherit; opacity: 0.8;'>Caracter\u00edsticas<\/h3>\n<ul style='padding-left: 20px; font-size: 15px; color: inherit;'>\n<li style='margin-bottom: 5px;'>El Analizador de SWR para Sitio de \u00fanico puerto&comma; f\u00e1cil de usar&comma; aplica para Mediciones de SWR \u00f3 P\u00e9rdida por Retorno&comma; FDR (Reflect\u00f3metro en el Dominio de Frecuencia)<\/li>\n<li style='margin-bottom: 5px;'>Cuenta con pantalla retro-iluminada a todo color con una excelente legibilidad a la luz del d\u00eda<\/li>\n<li style='margin-bottom: 5px;'>50 espacios de memoria para guardar gr\u00e1ficos y recuperarlos en el Analizador de Sitio o cargarlos en una PC con el software Site Analyzer PC Vision\u2122<\/li>\n<li style='margin-bottom: 5px;'>Incluyen bater\u00edas de NiMH para 4 horas de funcionamiento continuo<\/li>\n<li style='margin-bottom: 5px;'>Men\u00fas de navegaci\u00f3n f\u00e1ciles de usar&comma; configuraciones de color personalizadas por el usuario y pantallas gr\u00e1ficas de medici\u00f3n<\/li>\n<li style='margin-bottom: 5px;'>El Analizador de Sitios de SWR contiene l\u00edneas l\u00edmite seleccionables por el usuario y un bot\u00f3n reversible a la vista para seleccionarlo como medidor de SWR\/P\u00e9rdida de Retorno y localizar el mejor SWR o P\u00e9rdida por Retorno de las antenas<\/li>\n<li style='margin-bottom: 5px;'>Su facilidad de operaci\u00f3n hace flexible al Analizador &#8216;Liberator&#8217; tanto para el principiante como a nivel ingeniero el usarlo con un m\u00ednimo de entrenamiento<\/li>\n<li style='margin-bottom: 5px;'>Las comunicaciones de PC se realizan a trav\u00e9s de USB-2 (cable incluido)<\/li>\n<li style='margin-bottom: 5px;'>El soporte t\u00e9cnico incluye: Capacitaci\u00f3n de usuario PPT (.ppt) y soporte t\u00e9cnico gratuito durante la vida \u00fatil del instrumento<\/li>\n<\/ul><\/div>\n<div style='flex: 1 1 300px; min-width: 280px;'>\n<h3 style='font-size: 22px; border-bottom: 2px solid currentColor; padding-bottom: 5px; margin-top: 0; color: inherit; opacity: 0.8;'>Beneficios<\/h3>\n<ul style='padding-left: 20px; font-size: 15px; color: inherit;'>\n<li style='margin-bottom: 5px;'>Sistema econ\u00f3mico multi-funcional para prueba de antenas<\/li>\n<li style='margin-bottom: 5px;'>Muy r\u00e1pido tiempo de respuesta en modo de visualizaci\u00f3n gr\u00e1fica<\/li>\n<li style='margin-bottom: 5px;'>Guarde&comma; recupere y cargue los resultados de las pruebas en una PC<\/li>\n<li style='margin-bottom: 5px;'>R\u00e1pido cambio entre SWR y P\u00e9rdida por Retorno<\/li>\n<li style='margin-bottom: 5px;'>Los colores se pueden personalizar para una mejor visualizaci\u00f3n<\/li>\n<li style='margin-bottom: 5px;'>El dise\u00f1o &#8216;Belt Friendly&#8217; lo hace f\u00e1cil de llevar en sitio<\/li>\n<li style='margin-bottom: 5px;'>Tiene la opci\u00f3n &#8216;Cable nulo&#8217; para eliminar el cable de prueba o la l\u00ednea de alimentaci\u00f3n<\/li>\n<li style='margin-bottom: 5px;'>Bater\u00edas NIMH completamente recargables son comercialmente reemplazables<\/li>\n<\/ul><\/div>\n<\/p><\/div>\n<div style='display: flex; flex-wrap: wrap; gap: 20px; margin-bottom: 30px;'>\n<div style='flex: 1 1 250px; border: 1px solid rgba(150&comma; 150&comma; 150&comma; 0.4); border-radius: 8px; overflow: hidden; display: flex; flex-direction: column;'>\n<div style='padding: 15px; border-bottom: 1px solid rgba(150&comma; 150&comma; 150&comma; 0.2); font-weight: bold; font-size: 18px; color: inherit;'>Especificaciones T\u00e9cnicas<\/div>\n<div style='padding: 15px; color: inherit;'>\n<ul style='padding-left: 20px; margin: 0; font-size: 14px; list-style-type: disc;'>\n<li style='margin-bottom: 5px;'><strong>Tipo:<\/strong> Analizador de Sitio para medici\u00f3n de SWR&comma; Return Loss&comma; FDR<\/li>\n<li style='margin-bottom: 5px;'><strong>Rango de frecuencia:<\/strong> 100 kHz &#8211; 1500 MHz<\/li>\n<li style='margin-bottom: 5px;'><strong>Sintonizaci\u00f3n \/ Resoluci\u00f3n:<\/strong> 1 kHz<\/li>\n<li style='margin-bottom: 5px;'><strong>Rango de potencia de entrada:<\/strong> -100 dBm a +30 dBm<\/li>\n<li style='margin-bottom: 5px;'><strong>Frecuencia de actualizaci\u00f3n:<\/strong> 2.5 veces \/ segundo<\/li>\n<li style='margin-bottom: 5px;'><strong>Pantalla de frecuencia:<\/strong> 250 puntos<\/li>\n<li style='margin-bottom: 5px;'><strong>Velocidad de medici\u00f3n:<\/strong> 5 ms \/ Punto de Datos<\/li>\n<\/ul><\/div>\n<\/p><\/div>\n<div style='flex: 1 1 250px; border: 1px solid rgba(150&comma; 150&comma; 150&comma; 0.4); border-radius: 8px; overflow: hidden; display: flex; flex-direction: column;'>\n<div style='padding: 15px; border-bottom: 1px solid rgba(150&comma; 150&comma; 150&comma; 0.2); font-weight: bold; font-size: 18px; color: inherit;'>Especificaciones FDR<\/div>\n<div style='padding: 15px; color: inherit;'>\n<ul style='padding-left: 20px; margin: 0; font-size: 14px; list-style-type: disc;'>\n<li style='margin-bottom: 5px;'><strong>Mediciones:<\/strong> DTF&comma; final de cable y Antena RL<\/li>\n<li style='margin-bottom: 5px;'><strong>Rango FDR:<\/strong> 0 a > 5000 ft (0 a > 1524 m)<\/li>\n<li style='margin-bottom: 5px;'><strong>Resoluci\u00f3n M\u00ednima:<\/strong> 0.5% de la escala<\/li>\n<li style='margin-bottom: 5px;'><strong>Exactitud FDR:<\/strong> 0.5% de la escala<\/li>\n<\/ul><\/div>\n<\/p><\/div>\n<div style='flex: 1 1 250px; border: 1px solid rgba(150&comma; 150&comma; 150&comma; 0.4); border-radius: 8px; overflow: hidden; display: flex; flex-direction: column;'>\n<div style='padding: 15px; border-bottom: 1px solid rgba(150&comma; 150&comma; 150&comma; 0.2); font-weight: bold; font-size: 18px; color: inherit;'>Caracter\u00edsticas F\u00edsicas<\/div>\n<div style='padding: 15px; color: inherit;'>\n<ul style='padding-left: 20px; margin: 0; font-size: 14px; list-style-type: disc;'>\n<li style='margin-bottom: 5px;'><strong>Potencia de Salida:<\/strong> ~ 0 dBm @ 50 Ohm<\/li>\n<li style='margin-bottom: 5px;'><strong>Conectores de RF:<\/strong> Tipo &#8216;N&#8217; Hembra<\/li>\n<li style='margin-bottom: 5px;'><strong>Alimentaci\u00f3n:<\/strong> 13.8-20 Vcc a 800 mA m\u00edn. \u00fa 8 AA NiMH \u00f3 Alcalinas<\/li>\n<li style='margin-bottom: 5px;'><strong>Tama\u00f1o:<\/strong> 216 mm x 109 mm x 57 mm<\/li>\n<li style='margin-bottom: 5px;'><strong>Peso:<\/strong> 1 kilogramo&comma; con estuche y bater\u00edas<\/li>\n<li style='margin-bottom: 5px;'><strong>Garant\u00eda:<\/strong> 2 a\u00f1os<\/li>\n<\/ul><\/div>\n<\/p><\/div>\n<\/p><\/div>\n<div style='display: flex; flex-wrap: wrap; gap: 20px; margin-bottom: 30px;'>\n<div style='flex: 1 1 300px; border: 1px solid rgba(150&comma; 150&comma; 150&comma; 0.4); border-radius: 8px; overflow: hidden; display: flex; flex-direction: column;'>\n<div style='padding: 15px; border-bottom: 1px solid rgba(150&comma; 150&comma; 150&comma; 0.2); font-weight: bold; font-size: 18px; color: inherit;'>Contenido del Kit<\/div>\n<div style='padding: 15px; color: inherit;'>\n<ul style='padding-left: 20px; margin: 0; font-size: 14px; list-style-type: disc;'>\n<li style='margin-bottom: 5px;'>Analizador de sitio SWR<\/li>\n<li style='margin-bottom: 5px;'>8 bater\u00edas &#8216;AA&#8217; de NiMH (instaladas)<\/li>\n<li style='margin-bottom: 5px;'>Estuche para cintur\u00f3n con correa al hombro re-movible<\/li>\n<li style='margin-bottom: 5px;'>Cable USB<\/li>\n<li style='margin-bottom: 5px;'>Adaptador de CA<\/li>\n<li style='margin-bottom: 5px;'>Gu\u00eda de Inicio R\u00e1pido<\/li>\n<li style='margin-bottom: 5px;'>Gu\u00eda B\u00e1sica<\/li>\n<li style='margin-bottom: 5px;'>Estuche ligero para Transporte<\/li>\n<li style='margin-bottom: 5px;'>Adaptador de Recarga CD Vehicular<\/li>\n<li style='margin-bottom: 5px;'>Juego de Terminales de 3-v\u00edas (Abierto&comma; Corto y Carga de 50 Ohm)<\/li>\n<li style='margin-bottom: 5px;'>Adaptador &#8216;N&#8217; a BNC<\/li>\n<li style='margin-bottom: 5px;'>Manual de Operaci\u00f3n en CD<\/li>\n<li style='margin-bottom: 5px;'>Entrenamiento PPT (.ppt)<\/li>\n<li style='margin-bottom: 5px;'>Software &#8216;Site Analyzer PC Vision&#8217;<\/li>\n<\/ul><\/div>\n<\/p><\/div>\n<div style='flex: 1 1 300px; border: 1px solid rgba(150&comma; 150&comma; 150&comma; 0.4); border-radius: 8px; overflow: hidden; display: flex; flex-direction: column;'>\n<div style='padding: 15px; border-bottom: 1px solid rgba(150&comma; 150&comma; 150&comma; 0.2); font-weight: bold; font-size: 18px; color: inherit;'>Accesorios Opcionales<\/div>\n<div style='padding: 15px; color: inherit;'>\n<ul style='padding-left: 20px; margin: 0; font-size: 14px; list-style-type: disc;'>\n<li style='margin-bottom: 5px;'>Adaptador N a SMA y Juego de Terminadores<\/li>\n<li style='margin-bottom: 5px;'>Adaptador N a BNC<\/li>\n<li style='margin-bottom: 5px;'>Terminadores BNC&comma; Corto-circuito y Carga 50 \u03a9<\/li>\n<li style='margin-bottom: 5px;'>Adaptadores de N a TNC<\/li>\n<li style='margin-bottom: 5px;'>Adaptadores de N a SO-239 (UHF)<\/li>\n<li style='margin-bottom: 5px;'>Juego de terminales en N hembra&comma; Corto-circuito y Abierto<\/li>\n<li style='margin-bottom: 5px;'>Juego de terminadores de 3 v\u00edas&comma; Abierto&comma; Corto-circuito y Carga de 50 \u03a9<\/li>\n<li style='margin-bottom: 5px;'>Adaptador \/ Cargador de veh\u00edculo<\/li>\n<li style='margin-bottom: 5px;'>Estuche Ligero<\/li>\n<li style='margin-bottom: 5px;'>Estuche R\u00edgido<\/li>\n<\/ul>\n<p style='margin-top: 15px; font-size: 14px; color: inherit;'><strong>*Pregunte por disponibilidad<\/strong><\/p>\n<\/p><\/div>\n<\/p><\/div>\n<\/p><\/div>\n<hr style='border: 0; border-top: 1px solid rgba(150&comma; 150&comma; 150&comma; 0.3); margin: 30px 0;'> <\/div>\n","protected":false},"excerpt":{"rendered":"<p>Analizador de Sitio en Kit para SWR y P\u00e9rdida por Retorno, 100 kHz-1.5 GHz, Reflect\u00f3metro en el Dominio de Frecuencia, Puerto N Hembra \u00fanico, Terminaciones N Macho de 50 Ohm, Corto-circuito y Abierto.<\/p>\n","protected":false},"featured_media":68851,"comment_status":"open","ping_status":"closed","template":"","meta":[],"product_brand":[],"product_cat":[1610],"product_tag":[1963,1611,931],"class_list":{"0":"post-68852","1":"product","2":"type-product","3":"status-publish","4":"has-post-thumbnail","6":"product_cat-analizadores-espectro-y-antenas-monitores-de-servicio-y-softwares","7":"product_tag-aea","8":"product_tag-analizadores-espectro-y-antenas-monitores-de-servicio-y-softwares","9":"product_tag-equipo-de-laboratorio","11":"first","12":"outofstock","13":"sale","14":"shipping-taxable","15":"purchasable","16":"product-type-simple"},"_links":{"self":[{"href":"https:\/\/soydeaqui.ddns.net\/pachuca\/index.php\/wp-json\/wp\/v2\/product\/68852","targetHints":{"allow":["GET"]}}],"collection":[{"href":"https:\/\/soydeaqui.ddns.net\/pachuca\/index.php\/wp-json\/wp\/v2\/product"}],"about":[{"href":"https:\/\/soydeaqui.ddns.net\/pachuca\/index.php\/wp-json\/wp\/v2\/types\/product"}],"replies":[{"embeddable":true,"href":"https:\/\/soydeaqui.ddns.net\/pachuca\/index.php\/wp-json\/wp\/v2\/comments?post=68852"}],"wp:featuredmedia":[{"embeddable":true,"href":"https:\/\/soydeaqui.ddns.net\/pachuca\/index.php\/wp-json\/wp\/v2\/media\/68851"}],"wp:attachment":[{"href":"https:\/\/soydeaqui.ddns.net\/pachuca\/index.php\/wp-json\/wp\/v2\/media?parent=68852"}],"wp:term":[{"taxonomy":"product_brand","embeddable":true,"href":"https:\/\/soydeaqui.ddns.net\/pachuca\/index.php\/wp-json\/wp\/v2\/product_brand?post=68852"},{"taxonomy":"product_cat","embeddable":true,"href":"https:\/\/soydeaqui.ddns.net\/pachuca\/index.php\/wp-json\/wp\/v2\/product_cat?post=68852"},{"taxonomy":"product_tag","embeddable":true,"href":"https:\/\/soydeaqui.ddns.net\/pachuca\/index.php\/wp-json\/wp\/v2\/product_tag?post=68852"}],"curies":[{"name":"wp","href":"https:\/\/api.w.org\/{rel}","templated":true}]}}