{"id":68829,"date":"2026-03-19T10:23:15","date_gmt":"2026-03-19T10:23:15","guid":{"rendered":"https:\/\/soydeaqui.ddns.net\/pachuca\/index.php\/producto\/analizador-de-redes-vectorial-para-sitio-swr-rl-fdr-y-analizador-de-espectro-100-khz-1-5-ghz-doble-puerto-de-salida-con-n-hembras\/"},"modified":"2026-03-19T10:23:19","modified_gmt":"2026-03-19T10:23:19","slug":"analizador-de-redes-vectorial-para-sitio-swr-rl-fdr-y-analizador-de-espectro-100-khz-1-5-ghz-doble-puerto-de-salida-con-n-hembras","status":"publish","type":"product","link":"https:\/\/soydeaqui.ddns.net\/pachuca\/index.php\/producto\/analizador-de-redes-vectorial-para-sitio-swr-rl-fdr-y-analizador-de-espectro-100-khz-1-5-ghz-doble-puerto-de-salida-con-n-hembras\/","title":{"rendered":"Analizador de Redes Vectorial para Sitio, SWR, RL, FDR y Analizador de Espectro, 100 kHz-1.5 GHz, Doble Puerto de Salida con N Hembras."},"content":{"rendered":"<div style='width: 100%; max-width: 1200px; margin: 0 auto; font-family: sans-serif; line-height: 1.6; color: inherit; background-color: transparent;'> <!-- Secci\u00f3n de descripci\u00f3n principal --> <\/p>\n<div style='margin-bottom: 30px;'>\n<p style='font-size: 16px; margin: 0 0 20px 0; color: inherit;'>Analizador de Redes Vectorial para Sitio 100 kHz-1.5 GHz&comma; conectores N Hembra<\/p>\n<ul style='padding-left: 20px; font-size: 15px; color: inherit;'>\n<li style='margin-bottom: 10px;'>El Analizador de Sitio VNA viene dispuesto con juego completo de puertos de medici\u00f3n S11 y S21 para aplicarse en mediciones como Analizador de Redes Vectorial&comma; Analizador de espectro&comma; Generador de Rastreo&comma; FDR (Reflect\u00f3metro en el Dominio de Frecuencia)&comma; SWR y P\u00e9rdida por Retorno.<\/li>\n<li style='margin-bottom: 10px;'>Cuenta con pantalla retro-iluminada a todo color con una excelente legibilidad a la luz del d\u00eda.<\/li>\n<li style='margin-bottom: 10px;'>50 espacios de memoria para guardar gr\u00e1ficos y recuperarlos en el Analizador de Sitio o cargarlos en una PC con el software &#8216;Site Analyzer PC Vision&#8217;\u2122 (incluido).<\/li>\n<li style='margin-bottom: 10px;'>Incluye bater\u00edas re-emplazables de &#8216;AA&#8217; NiMH para 4 horas de funcionamiento continuo.<\/li>\n<li style='margin-bottom: 10px;'>Men\u00fas de f\u00e1cil navegaci\u00f3n&comma; configuraciones de color y pantallas gr\u00e1ficas de medici\u00f3n personalizadas por el usuario.<\/li>\n<li style='margin-bottom: 10px;'>El analizador de sitios VNA contiene l\u00edneas l\u00edmite seleccionables por el usuario y un bot\u00f3n reversible a la vista para seleccionarlo como medidor de SWR\/P\u00e9rdida de Retorno y localizar el mejor SWR o P\u00e9rdida por Retorno de las antenas.<\/li>\n<li style='margin-bottom: 10px;'>Su facilidad de operaci\u00f3n hace flexible al Analizador &#8216;Liberator&#8217; tanto para el principiante como a nivel ingeniero el usarlo con un m\u00ednimo de entrenamiento.<\/li>\n<li style='margin-bottom: 10px;'>Las comunicaciones a PC se realizan a trav\u00e9s de USB-2 (cable incluido).<\/li>\n<li style='margin-bottom: 10px;'>El soporte t\u00e9cnico incluye: capacitaci\u00f3n de usuario PPT (.ppt) y soporte t\u00e9cnico gratuito durante la vida \u00fatil del instrumento.<\/li>\n<\/ul><\/div>\n<p> <!-- Secci\u00f3n de especificaciones --> <\/p>\n<div style='display: flex; flex-wrap: wrap; gap: 30px; margin-bottom: 30px;'>\n<div style='flex: 1 1 300px; min-width: 280px;'>\n<h3 style='font-size: 22px; border-bottom: 2px solid currentColor; padding-bottom: 5px; margin-top: 0; color: inherit; opacity: 0.8;'>Especificaciones<\/h3>\n<ul style='padding-left: 20px; font-size: 15px; color: inherit;'>\n<li style='margin-bottom: 5px;'><strong>Funciones:<\/strong> Analizador de Redes Vectorial&comma; SWR&comma; P\u00e9rdida por Retorno&comma; FDR&comma; Analizador de Espectro&comma; Magnitud Z&comma; \u00e1ngulo Z&comma; Magnitud Gamma y \u00c1ngulo Gamma<\/li>\n<li style='margin-bottom: 5px;'><strong>Rango de frecuencia:<\/strong> 100 kHz &#8211; 1500 MHz<\/li>\n<li style='margin-bottom: 5px;'><strong>Sintonizaci\u00f3n \/ Resoluci\u00f3n de pantalla:<\/strong> 1 kHz<\/li>\n<li style='margin-bottom: 5px;'><strong>Frecuencia de Actualizaci\u00f3n:<\/strong> 2.5 veces \/ segundo<\/li>\n<li style='margin-bottom: 5px;'><strong>Pantalla de frecuencia:<\/strong> 250 puntos<\/li>\n<li style='margin-bottom: 5px;'><strong>Velocidad de medici\u00f3n:<\/strong> 5 ms \/ punto de datos<\/li>\n<li style='margin-bottom: 5px;'><strong>Mediciones FDR:<\/strong> DTF&comma; final del cable y RL de Antena<\/li>\n<li style='margin-bottom: 5px;'><strong>Rango FDR:<\/strong> 0 a > 5000 ft (0 a > 1524 m)<\/li>\n<li style='margin-bottom: 5px;'><strong>Resoluci\u00f3n M\u00ednima:<\/strong> 0.5% de la escala<\/li>\n<li style='margin-bottom: 5px;'><strong>Exactitud FDR:<\/strong> 0.5% de la escala<\/li>\n<li style='margin-bottom: 5px;'><strong>Potencia de salida:<\/strong> ~ 0 dBm @ 50 Ohm<\/li>\n<li style='margin-bottom: 5px;'><strong>Rango de potencia de entrada:<\/strong> -100 dBm a +30 dBm<\/li>\n<li style='margin-bottom: 5px;'><strong>Rango de impedancia:<\/strong> 10 a 1000 ohm&comma; por f\u00e1brica 50<\/li>\n<li style='margin-bottom: 5px;'><strong>Escalas de impedancia del diagrama:<\/strong> 8 escalas de 10 a 2 K ohm<\/li>\n<li style='margin-bottom: 5px;'><strong>Formatos de impedancia (S11):<\/strong> Resistencia&comma; Reactancia&comma; Z Total<\/li>\n<li style='margin-bottom: 5px;'><strong>Precisi\u00f3n de impedancia:<\/strong> +\/- 1 Ohm<\/li>\n<li style='margin-bottom: 5px;'><strong>Escalas de trazado de \u00e1ngulo de fase:<\/strong> +\/- 5 a +\/- 180 grados<\/li>\n<li style='margin-bottom: 5px;'><strong>Formatos de ganancia (S21):<\/strong> Log&comma; Linear \u00f3 Fase<\/li>\n<li style='margin-bottom: 5px;'><strong>Precisi\u00f3n de ganancia:<\/strong> +\/- 1 dB<\/li>\n<li style='margin-bottom: 5px;'><strong>Resoluci\u00f3n del Analizador de Espectro:<\/strong> 30 kHz &#8211; 3 MHz<\/li>\n<li style='margin-bottom: 5px;'><strong>Conectores de RF:<\/strong> Tipo &#8216;N&#8217; hembras<\/li>\n<li style='margin-bottom: 5px;'><strong>Requisitos de alimentaci\u00f3n:<\/strong> 13.8-20 Vcc a 800 mA m\u00edn. \u00f3 8 AA NiMH&comma; o Alcalina<\/li>\n<li style='margin-bottom: 5px;'><strong>Tama\u00f1o:<\/strong> 216 mm x 109 mm x 57 mm<\/li>\n<li style='margin-bottom: 5px;'><strong>Peso:<\/strong> 1 kilogramo&comma; con estuche y bater\u00edas<\/li>\n<li style='margin-bottom: 5px;'><strong>Garant\u00eda:<\/strong> 2 a\u00f1os<\/li>\n<\/ul><\/div>\n<p> <!-- Secci\u00f3n de caracter\u00edsticas --> <\/p>\n<div style='flex: 1 1 300px; min-width: 280px;'>\n<h3 style='font-size: 22px; border-bottom: 2px solid currentColor; padding-bottom: 5px; margin-top: 0; color: inherit; opacity: 0.8;'>Caracter\u00edsticas<\/h3>\n<ul style='padding-left: 20px; font-size: 15px; color: inherit;'>\n<li style='margin-bottom: 5px;'>L\u00edneas l\u00edmite seleccionables por usuario para seleccionar de un vistazo en el modo SWR\/P\u00e9rdida por Retorno<\/li>\n<li style='margin-bottom: 5px;'>La sintonizaci\u00f3n autom\u00e1tica con un solo bot\u00f3n localiza el mejor SWR o Return Loss de la antena<\/li>\n<li style='margin-bottom: 5px;'>Analizador de Espectro con Generador de Rastreo<\/li>\n<li style='margin-bottom: 5px;'>Visualizaci\u00f3n de doble escala en el modo Generador de Rastreo<\/li>\n<li style='margin-bottom: 5px;'>Reflect\u00f3metro de Dominio de Frecuencia (FDR)<\/li>\n<li style='margin-bottom: 5px;'>Medici\u00f3n de P\u00e9rdida por Retorno y Falla a Distancia en una prueba para evaluar el desempe\u00f1o del cable y la Antena como un sistema completo<\/li>\n<li style='margin-bottom: 5px;'>Formatos de Impedancia Resistencia y Reactancia<\/li>\n<li style='margin-bottom: 5px;'>Software Site Analyzer PC Vision\u2122 y cable USB-2 incluidos<\/li>\n<li style='margin-bottom: 5px;'>Operaci\u00f3n completa del instrumento a trav\u00e9s del software PC Vision<\/li>\n<li style='margin-bottom: 5px;'>La memoria interna puede contener hasta 50 espacios y configuraciones<\/li>\n<li style='margin-bottom: 5px;'>Pantalla de color retroiluminada VGA de un cuarto (combinaci\u00f3n de colores seleccionable por el usuario)<\/li>\n<li style='margin-bottom: 5px;'>Pantalla num\u00e9rica grande en modo CW<\/li>\n<\/ul><\/div>\n<p> <!-- Secci\u00f3n de beneficios --> <\/p>\n<div style='flex: 1 1 300px; min-width: 280px;'>\n<h3 style='font-size: 22px; border-bottom: 2px solid currentColor; padding-bottom: 5px; margin-top: 0; color: inherit; opacity: 0.8;'>Beneficios<\/h3>\n<ul style='padding-left: 20px; font-size: 15px; color: inherit;'>\n<li style='margin-bottom: 5px;'>Pruebas econ\u00f3micas del sistema de antenas multifunci\u00f3n<\/li>\n<li style='margin-bottom: 5px;'>F\u00e1cil Ajuste de Duplexers y Filtros Notch<\/li>\n<li style='margin-bottom: 5px;'>Tiempo de respuesta muy r\u00e1pido en modo de visualizaci\u00f3n gr\u00e1fica<\/li>\n<li style='margin-bottom: 5px;'>Guarde&comma; recupere y cargue los resultados de la prueba en una PC<\/li>\n<li style='margin-bottom: 5px;'>Cambie r\u00e1pidamente entre VNA&comma; SWR y Return Loss<\/li>\n<li style='margin-bottom: 5px;'>Los colores se pueden personalizar para una mejor visualizaci\u00f3n<\/li>\n<li style='margin-bottom: 5px;'>El dise\u00f1o &#8216;Belt Friendly&#8217; hace que sea f\u00e1cil de llevar en el sitio<\/li>\n<li style='margin-bottom: 5px;'>Tiene la opci\u00f3n &#8216;Cable nulo&#8217; para eliminar el cable de prueba o la l\u00ednea de alimentaci\u00f3n<\/li>\n<li style='margin-bottom: 5px;'>Las bater\u00edas NIMH totalmente recargables son comercialmente reemplazables<\/li>\n<\/ul><\/div>\n<p> <!-- Secci\u00f3n de accesorios --> <\/p>\n<div style='flex: 1 1 300px; min-width: 280px;'>\n<h3 style='font-size: 22px; border-bottom: 2px solid currentColor; padding-bottom: 5px; margin-top: 0; color: inherit; opacity: 0.8;'>Accesorios incluidos<\/h3>\n<ul style='padding-left: 20px; font-size: 15px; color: inherit;'>\n<li style='margin-bottom: 5px;'>Analizador de sitio VNA<\/li>\n<li style='margin-bottom: 5px;'>Terminales (Corto circuito y 50 Ohm)<\/li>\n<li style='margin-bottom: 5px;'>8 bater\u00edas &#8216;AA&#8217; de NiMH (instaladas)<\/li>\n<li style='margin-bottom: 5px;'>Estuche para cintur\u00f3n con correa de hombro removible<\/li>\n<li style='margin-bottom: 5px;'>Cable USB<\/li>\n<li style='margin-bottom: 5px;'>Adaptador de CA<\/li>\n<li style='margin-bottom: 5px;'>Gu\u00eda de inicio r\u00e1pido<\/li>\n<li style='margin-bottom: 5px;'>Gu\u00eda B\u00e1sica<\/li>\n<li style='margin-bottom: 5px;'>CD con manual de instrucciones<\/li>\n<li style='margin-bottom: 5px;'>Entrenamiento PPT (.ppt)<\/li>\n<li style='margin-bottom: 5px;'>Software &#8216;Site Analyzer PC Vision&#8217;<\/li>\n<\/ul>\n<h3 style='font-size: 22px; border-bottom: 2px solid currentColor; padding-bottom: 5px; margin-top: 20px; color: inherit; opacity: 0.8;'>Accesorios opcionales<\/h3>\n<ul style='padding-left: 20px; font-size: 15px; color: inherit;'>\n<li style='margin-bottom: 5px;'>Adaptador N a SMA y Juego de Terminadores<\/li>\n<li style='margin-bottom: 5px;'>Adaptador N a BNC<\/li>\n<li style='margin-bottom: 5px;'>Terminadores BNC&comma; Corto-circuito y Carga 50 \u03a9<\/li>\n<li style='margin-bottom: 5px;'>Adaptadores de N a TNC<\/li>\n<li style='margin-bottom: 5px;'>Adaptadores de N a SO-239 (UHF)<\/li>\n<li style='margin-bottom: 5px;'>Juego de terminales N hembra&comma; Corto-circuito y Abierto<\/li>\n<li style='margin-bottom: 5px;'>Juego de terminadores de 3 v\u00edas&comma; Abierto&comma; Corto-circuito y Carga de 50 \u03a9<\/li>\n<li style='margin-bottom: 5px;'>Adaptador \/ Cargador de veh\u00edculo<\/li>\n<li style='margin-bottom: 5px;'>Estuche ligero<\/li>\n<li style='margin-bottom: 5px;'>Estuche r\u00edgido<\/li>\n<\/ul>\n<p style='font-size: 15px; color: inherit; margin-top: 15px;'><strong>*Pregunte por disponibilidad<\/strong><\/p>\n<\/p><\/div>\n<\/p><\/div>\n<p> <!-- Separador --> <\/p>\n<hr style='border: 0; border-top: 1px solid rgba(150&comma; 150&comma; 150&comma; 0.3); margin: 30px 0;'> <\/div>\n","protected":false},"excerpt":{"rendered":"<p>Analizador de Redes Vectorial para Sitio, SWR, RL, FDR y Analizador de Espectro, 100 kHz-1.5 GHz, Doble Puerto de Salida con N Hembras.<\/p>\n","protected":false},"featured_media":68828,"comment_status":"open","ping_status":"closed","template":"","meta":[],"product_brand":[],"product_cat":[1610],"product_tag":[1963,1611,931],"class_list":{"0":"post-68829","1":"product","2":"type-product","3":"status-publish","4":"has-post-thumbnail","6":"product_cat-analizadores-espectro-y-antenas-monitores-de-servicio-y-softwares","7":"product_tag-aea","8":"product_tag-analizadores-espectro-y-antenas-monitores-de-servicio-y-softwares","9":"product_tag-equipo-de-laboratorio","11":"first","12":"outofstock","13":"sale","14":"shipping-taxable","15":"purchasable","16":"product-type-simple"},"_links":{"self":[{"href":"https:\/\/soydeaqui.ddns.net\/pachuca\/index.php\/wp-json\/wp\/v2\/product\/68829","targetHints":{"allow":["GET"]}}],"collection":[{"href":"https:\/\/soydeaqui.ddns.net\/pachuca\/index.php\/wp-json\/wp\/v2\/product"}],"about":[{"href":"https:\/\/soydeaqui.ddns.net\/pachuca\/index.php\/wp-json\/wp\/v2\/types\/product"}],"replies":[{"embeddable":true,"href":"https:\/\/soydeaqui.ddns.net\/pachuca\/index.php\/wp-json\/wp\/v2\/comments?post=68829"}],"wp:featuredmedia":[{"embeddable":true,"href":"https:\/\/soydeaqui.ddns.net\/pachuca\/index.php\/wp-json\/wp\/v2\/media\/68828"}],"wp:attachment":[{"href":"https:\/\/soydeaqui.ddns.net\/pachuca\/index.php\/wp-json\/wp\/v2\/media?parent=68829"}],"wp:term":[{"taxonomy":"product_brand","embeddable":true,"href":"https:\/\/soydeaqui.ddns.net\/pachuca\/index.php\/wp-json\/wp\/v2\/product_brand?post=68829"},{"taxonomy":"product_cat","embeddable":true,"href":"https:\/\/soydeaqui.ddns.net\/pachuca\/index.php\/wp-json\/wp\/v2\/product_cat?post=68829"},{"taxonomy":"product_tag","embeddable":true,"href":"https:\/\/soydeaqui.ddns.net\/pachuca\/index.php\/wp-json\/wp\/v2\/product_tag?post=68829"}],"curies":[{"name":"wp","href":"https:\/\/api.w.org\/{rel}","templated":true}]}}