{"id":68825,"date":"2026-03-19T10:23:07","date_gmt":"2026-03-19T10:23:07","guid":{"rendered":"https:\/\/soydeaqui.ddns.net\/pachuca\/index.php\/producto\/reflectometro-e20-20-analizador-grafico-para-cables-en-el-dominio-del-tiempo-2-5000-m-rj-45-bnc-hembra-maletin-para-transporte\/"},"modified":"2026-03-19T10:23:13","modified_gmt":"2026-03-19T10:23:13","slug":"reflectometro-e20-20-analizador-grafico-para-cables-en-el-dominio-del-tiempo-2-5000-m-rj-45-bnc-hembra-maletin-para-transporte","status":"publish","type":"product","link":"https:\/\/soydeaqui.ddns.net\/pachuca\/index.php\/producto\/reflectometro-e20-20-analizador-grafico-para-cables-en-el-dominio-del-tiempo-2-5000-m-rj-45-bnc-hembra-maletin-para-transporte\/","title":{"rendered":"Reflect\u00f3metro E20\/20, Analizador Gr\u00e1fico para Cables en el Dominio del Tiempo, 2-5000 m, RJ-45, BNC Hembra, Malet\u00edn para Transporte."},"content":{"rendered":"<div style='width: 100%; max-width: 1200px; margin: 0 auto; font-family: sans-serif; line-height: 1.6; color: inherit; background-color: transparent;'> <!-- Secci\u00f3n de descripci\u00f3n --> <\/p>\n<div style='margin-bottom: 30px;'>\n<h3 style='font-size: 22px; border-bottom: 2px solid currentColor; padding-bottom: 5px; margin-top: 0; color: inherit; opacity: 0.8;'>Descripci\u00f3n<\/h3>\n<ul style='padding-left: 20px; font-size: 15px; color: inherit;'>\n<li style='margin-bottom: 5px;'>La NUEVA versi\u00f3n mejorada del 20\/20 Step TDR es ideal para solucionar problemas de todo tipo de cables coaxiales&comma; OSP (Fuera de Planta)&comma; par trenzado desde Cat 2 a Cat 6A y cables individuales en conjunto u arn\u00e9s.<\/li>\n<li style='margin-bottom: 5px;'>Se basa en el TDR 20\/20 actual que emplea la ubicaci\u00f3n de fallas y capacidades de visualizaci\u00f3n incre\u00edblemente precisas de la tecnolog\u00eda &#8216;Step&#8217;.<\/li>\n<li style='margin-bottom: 5px;'>El E20\/20 TDR almacena&comma; recupera y carga rastreos en una PC por nombre&comma; fecha y hora.<\/li>\n<li style='margin-bottom: 5px;'>Tiene una interfaz f\u00e1cil de usar para reducir la curva de aprendizaje de los t\u00e9cnicos y el tiempo de entrenamiento.<\/li>\n<li style='margin-bottom: 5px;'>Incluye funciones como el asistente de configuraci\u00f3n&comma; las teclas de men\u00fa y la ayuda sensible al contexto.<\/li>\n<li style='margin-bottom: 5px;'>El E20\/20 TDR tambi\u00e9n tiene una nueva ubicaci\u00f3n de MicroFault para peque\u00f1os pliegues y aplastamientos de cables coaxiales que pueden afectar al servicio&comma; pero es dif\u00edcil de ver en una traza TDR normal.<\/li>\n<li style='margin-bottom: 5px;'>Tiene fuentes de pantalla m\u00e1s claras e indicadores LED para las teclas de funci\u00f3n activas.<\/li>\n<li style='margin-bottom: 5px;'>El E20\/20 es ideal para probar y solucionar problemas de cables Coaxiales&comma; Twinax&comma; Triax&comma; Telco OSP o LAN pares torcidos Cat 2 a 6A.<\/li>\n<li style='margin-bottom: 5px;'>Viene en una variedad de configuraciones de conectores.<\/li>\n<li style='margin-bottom: 5px;'>La lista interna de cables contiene 64 tipos de cables&comma; puede ser editada por el usuario y las listas modificadas pueden cargarse o descargarse a una PC utilizando el software ETDR PC Vision \u2122 incluido.<\/li>\n<\/ul><\/div>\n<p> <!-- Secci\u00f3n de caracter\u00edsticas --> <\/p>\n<div style='margin-bottom: 30px;'>\n<h3 style='font-size: 22px; border-bottom: 2px solid currentColor; padding-bottom: 5px; margin-top: 0; color: inherit; opacity: 0.8;'>Caracter\u00edsticas<\/h3>\n<ul style='padding-left: 20px; font-size: 15px; color: inherit;'>\n<li style='margin-bottom: 5px;'><strong>Rangos:<\/strong> desde 0-10 pies (0-2 m) a 20&comma;000 pies (5 km).<\/li>\n<li style='margin-bottom: 5px;'><strong>Sin zona muerta<\/strong> en ning\u00fan ajuste de rango.<\/li>\n<li style='margin-bottom: 5px;'><strong>Alcance del zoom<\/strong> en el cursor.<\/li>\n<li style='margin-bottom: 5px;'><strong>Impedancia de zoom<\/strong> utilizando la escala Z.<\/li>\n<li style='margin-bottom: 5px;'><strong>Lectura del cursor<\/strong> a \u00b1 \u00bd pulgada (10 mm) usando Zoom.<\/li>\n<li style='margin-bottom: 5px;'><strong>Lista de cables<\/strong> con 64 tipos de cables.<\/li>\n<li style='margin-bottom: 5px;'><strong>Ayuda sensible al contexto.<\/strong><\/li>\n<li style='margin-bottom: 5px;'><strong>Panel de entrada alfanum\u00e9rico<\/strong> estilo tel\u00e9fono celular.<\/li>\n<li style='margin-bottom: 5px;'><strong>Indicadores LED<\/strong> de teclado para funci\u00f3n activa.<\/li>\n<li style='margin-bottom: 5px;'><strong>Asistente de configuraci\u00f3n<\/strong> &#8211; inicio paso a paso.<\/li>\n<li style='margin-bottom: 5px;'><strong>Tono en cable<\/strong> &#8211; coaxial o par trenzado.<\/li>\n<li style='margin-bottom: 5px;'><strong>Almacena 32 rastros<\/strong> con nombre&comma; fecha y hora.<\/li>\n<li style='margin-bottom: 5px;'><strong>Incluye pilas &#8216;AA&#8217; de NiMH<\/strong> recargables.<\/li>\n<li style='margin-bottom: 5px;'><strong>Software ETDR PC Vision\u2122<\/strong> incluido.<\/li>\n<li style='margin-bottom: 5px;'><strong>Modelos de conectores<\/strong> N&comma; BNC con RJ45 \u00f3 F con RJ45.<\/li>\n<\/ul><\/div>\n<p> <!-- Secci\u00f3n de beneficios --> <\/p>\n<div style='margin-bottom: 30px;'>\n<h3 style='font-size: 22px; border-bottom: 2px solid currentColor; padding-bottom: 5px; margin-top: 0; color: inherit; opacity: 0.8;'>Beneficios<\/h3>\n<ul style='padding-left: 20px; font-size: 15px; color: inherit;'>\n<li style='margin-bottom: 5px;'>Pruebas de cables coaxiales y pares trenzados utilizando el mismo TDR.<\/li>\n<li style='margin-bottom: 5px;'>Indicaci\u00f3n precisa y m\u00e1s clara de las fallas.<\/li>\n<li style='margin-bottom: 5px;'>Funciones m\u00e1s avanzadas para ayudar a solucionar problemas.<\/li>\n<li style='margin-bottom: 5px;'>Guarda&comma; carga&comma; imprime o env\u00eda por correo electr\u00f3nico memorias.<\/li>\n<li style='margin-bottom: 5px;'>Encuentra fallas que otros TDR no puede.<\/li>\n<li style='margin-bottom: 5px;'>Soluciona los problemas m\u00e1s r\u00e1pidamente con menos pruebas.<\/li>\n<li style='margin-bottom: 5px;'>Cargue&comma; descargue y personalice listas de cables.<\/li>\n<li style='margin-bottom: 5px;'>Las memorias guardadas tambi\u00e9n son configuraciones guardadas para su recuperaci\u00f3n.<\/li>\n<li style='margin-bottom: 5px;'>Detecciones de ruido y filtro de ruido.<\/li>\n<li style='margin-bottom: 5px;'>Localice corridas de cables coaxiales o pares usando la funci\u00f3n de tono.<\/li>\n<li style='margin-bottom: 5px;'>El asistente de configuraci\u00f3n hace el entrenamiento interactivo.<\/li>\n<li style='margin-bottom: 5px;'><strong>Tama\u00f1o &#8216;Amigable a Cinto&#8217;<\/strong> y solo 2 lbs (900 g).<\/li>\n<\/ul><\/div>\n<p> <!-- Secci\u00f3n de accesorios incluidos --> <\/p>\n<div style='margin-bottom: 30px;'>\n<h3 style='font-size: 22px; border-bottom: 2px solid currentColor; padding-bottom: 5px; margin-top: 0; color: inherit; opacity: 0.8;'>Accesorios incluidos con todos los modelos<\/h3>\n<ul style='padding-left: 20px; font-size: 15px; color: inherit;'>\n<li style='margin-bottom: 5px;'>Funda ligera de transporte<\/li>\n<li style='margin-bottom: 5px;'>Funda para Cintur\u00f3n<\/li>\n<li style='margin-bottom: 5px;'>Adaptadores de Alimentaci\u00f3n de CA y CD<\/li>\n<li style='margin-bottom: 5px;'>8 bater\u00edas AA de NiMH (instaladas)<\/li>\n<li style='margin-bottom: 5px;'>Cable USB<\/li>\n<li style='margin-bottom: 5px;'>Gu\u00eda B\u00e1sica Impresa<\/li>\n<li style='margin-bottom: 5px;'>Gu\u00eda de Inicio R\u00e1pido Laminado<\/li>\n<li style='margin-bottom: 5px;'>CD con software ETDR PC Vision<\/li>\n<li style='margin-bottom: 5px;'>Manual del Operador<\/li>\n<li style='margin-bottom: 5px;'>Presentaci\u00f3n de Capacitaci\u00f3n<\/li>\n<li style='margin-bottom: 5px;'>Notas de Aplicaci\u00f3n y m\u00e1s<\/li>\n<\/ul><\/div>\n<p> <!-- Secci\u00f3n de accesorios opcionales --> <\/p>\n<div style='margin-bottom: 30px;'>\n<h3 style='font-size: 22px; border-bottom: 2px solid currentColor; padding-bottom: 5px; margin-top: 0; color: inherit; opacity: 0.8;'>Accesorios Opcionales<\/h3>\n<ul style='padding-left: 20px; font-size: 15px; color: inherit;'>\n<li style='margin-bottom: 5px;'><strong>0070-1500:<\/strong> Cable de Prueba BNC (Cable coaxial de 2m&comma; 50\u03a9 con 1 conector BNC macho y 1 hembra)<\/li>\n<li style='margin-bottom: 5px;'><strong>0070-1195:<\/strong> Adaptador N-a-UHF (SO-239) (Adaptador de N Macho a UHF Hembra (SO-239))<\/li>\n<li style='margin-bottom: 5px;'><strong>0070-1134:<\/strong> Adaptador N-a-TNC (Adaptador de N Macho a TNC Hembra)<\/li>\n<li style='margin-bottom: 5px;'><strong>6025-0260:<\/strong> Juego de N-a-SMA (Juego de Adaptadores SMA Hembra a 2 N Machos&comma; 50\u03a9 y Terminales en Corto&comma; 1 macho y 1 Hembra)<\/li>\n<li style='margin-bottom: 5px;'><strong>0070-1230:<\/strong> Cable de Prueba F (Cable Mini-coaxial de 1m (3GHz) con conectores F&comma; 1-Hembra y otro Macho estilo de des-conexi\u00f3n r\u00e1pida)<\/li>\n<li style='margin-bottom: 5px;'><strong>6015-1003:<\/strong> Estuche de Transporte Rudo (Estuche de concha r\u00edgida&comma; Asa&comma; Cerrojos&comma; Orificios de Bloqueo y Esponja de recorte personalizado para el TDR E20\/20 y Accesorios)<\/li>\n<\/ul><\/div>\n<p> <!-- Secci\u00f3n de especificaciones --> <\/p>\n<div style='margin-bottom: 30px;'>\n<h3 style='font-size: 22px; border-bottom: 2px solid currentColor; padding-bottom: 5px; margin-top: 0; color: inherit; opacity: 0.8;'>Especificaciones clave<\/h3>\n<ul style='padding-left: 20px; font-size: 15px; color: inherit;'>\n<li style='margin-bottom: 5px;'><strong>Rangos m\u00e1ximos:<\/strong> 20&comma;000ft (5Km) @ 0.99c o 14&comma;000ft (4.3Km) @ 0.66c<\/li>\n<li style='margin-bottom: 5px;'><strong>Rango m\u00ednimo:<\/strong> 0-2 m (0-10 pies).<\/li>\n<li style='margin-bottom: 5px;'><strong>Escalas de rango:<\/strong> 11 rangos seleccionables<\/li>\n<li style='margin-bottom: 5px;'><strong>Precisi\u00f3n de rango:<\/strong> <0.2% \u00b1 1 pulgada (2 cm) + VF incertidumbre.<\/li>\n<li style='margin-bottom: 5px;'><strong>Resoluci\u00f3n:<\/strong> 0.5 pulgadas en escala de 10 pies o zoom de 10 pies.<\/li>\n<li style='margin-bottom: 5px;'><strong>Precisi\u00f3n Z:<\/strong> <2% (Cable Z = 45 a 125 Ohm).<\/li>\n<li style='margin-bottom: 5px;'><strong>Escalas Z:<\/strong> 20&comma; 50&comma; 100&comma; 200&comma; 500 y 1&comma;000 ohm.<\/li>\n<li style='margin-bottom: 5px;'><strong>Zona muerta:<\/strong> Cero en cualquier ajuste de rango.<\/li>\n<li style='margin-bottom: 5px;'><strong>Cursores:<\/strong> 2 lecturas independientes y diferenciales.<\/li>\n<li style='margin-bottom: 5px;'><strong>Memoria:<\/strong> 32 memorias con 1920 puntos de datos (pies) y 2000 puntos de datos (metros)&comma; nombre&comma; fecha y hora. Re-llamar por nombre en la lista.<\/li>\n<li style='margin-bottom: 5px;'><strong>Caracter\u00edsticas avanzadas:<\/strong> Prueba de Cable Null-Modem&comma; Localizaci\u00f3n MicroFault (Falla-Micro)&comma; Asistente de configuraci\u00f3n &#8211; instrucciones de inicio paso a paso&comma; Ayuda sensible al contexto.<\/li>\n<li style='margin-bottom: 5px;'><strong>Lista de cable:<\/strong> 64 tipos de cable (Z y VF). Subir\/descargar a PC&comma; listas de cables personalizados.<\/li>\n<li style='margin-bottom: 5px;'><strong>Tonos:<\/strong> Dual 900\/1100&comma; 977.5&comma; 850&comma; 577 Hz.<\/li>\n<li style='margin-bottom: 5px;'><strong>Pantalla:<\/strong> VGA de un Cuarto&comma; transflectiva y retro-iluminada.<\/li>\n<li style='margin-bottom: 5px;'><strong>Comunicaciones:<\/strong> Serial \/ USB-2.<\/li>\n<li style='margin-bottom: 5px;'><strong>Alimentaci\u00f3n interna:<\/strong> 8 bater\u00edas AA de NiMH (instaladas) para ~ 5.5 horas de funcionamiento continuo con una sola carga.<\/li>\n<li style='margin-bottom: 5px;'><strong>Bater\u00edas alternas:<\/strong> 8 Bater\u00edas Alcalinas AA&comma; para ~ 7 horas de operaci\u00f3n continua.<\/li>\n<li style='margin-bottom: 5px;'><strong>Alimentaci\u00f3n externa:<\/strong> Adaptador de 90-240 VAC 50\/60Hz a 12 Vcc. Adaptador de 12 Vcc de veh\u00edculo incluido.<\/li>\n<li style='margin-bottom: 5px;'><strong>Tama\u00f1o:<\/strong> 216 x 109 x 57 mm (8.5 &#8216;x 4.3&#8217; x 2.25 &#8216;).<\/li>\n<li style='margin-bottom: 5px;'><strong>Peso:<\/strong> 923 gramos (2.1 libras) con funda para cintur\u00f3n y bater\u00edas.<\/li>\n<li style='margin-bottom: 5px;'><strong>Medio ambiente:<\/strong> Resistente a salpicaduras y polvo.<\/li>\n<li style='margin-bottom: 5px;'><strong>Robustez:<\/strong> Prueba de ca\u00edda transitoria MILSTD 810G&comma; 48&#8242; (1.2m) a concreto&comma; 27 ca\u00eddas.<\/li>\n<li style='margin-bottom: 5px;'><strong>Garant\u00eda:<\/strong> 2 a\u00f1os.<\/li>\n<\/ul><\/div>\n<p> <!-- Nota de disponibilidad --> <\/p>\n<div style='margin-bottom: 30px;'>\n<p style='font-size: 15px; color: inherit; margin: 0;'><strong>*Pregunte por disponibilidad.<\/strong><\/p>\n<\/p><\/div>\n<\/p><\/div>\n","protected":false},"excerpt":{"rendered":"<p>Reflect\u00f3metro E20\/20, Analizador Gr\u00e1fico para Cables en el Dominio del Tiempo, 2-5000 m, RJ-45, BNC Hembra, Malet\u00edn para Transporte.<\/p>\n","protected":false},"featured_media":68824,"comment_status":"open","ping_status":"closed","template":"","meta":[],"product_brand":[],"product_cat":[1610],"product_tag":[1963,1611,931],"class_list":{"0":"post-68825","1":"product","2":"type-product","3":"status-publish","4":"has-post-thumbnail","6":"product_cat-analizadores-espectro-y-antenas-monitores-de-servicio-y-softwares","7":"product_tag-aea","8":"product_tag-analizadores-espectro-y-antenas-monitores-de-servicio-y-softwares","9":"product_tag-equipo-de-laboratorio","11":"first","12":"outofstock","13":"sale","14":"shipping-taxable","15":"purchasable","16":"product-type-simple"},"_links":{"self":[{"href":"https:\/\/soydeaqui.ddns.net\/pachuca\/index.php\/wp-json\/wp\/v2\/product\/68825","targetHints":{"allow":["GET"]}}],"collection":[{"href":"https:\/\/soydeaqui.ddns.net\/pachuca\/index.php\/wp-json\/wp\/v2\/product"}],"about":[{"href":"https:\/\/soydeaqui.ddns.net\/pachuca\/index.php\/wp-json\/wp\/v2\/types\/product"}],"replies":[{"embeddable":true,"href":"https:\/\/soydeaqui.ddns.net\/pachuca\/index.php\/wp-json\/wp\/v2\/comments?post=68825"}],"wp:featuredmedia":[{"embeddable":true,"href":"https:\/\/soydeaqui.ddns.net\/pachuca\/index.php\/wp-json\/wp\/v2\/media\/68824"}],"wp:attachment":[{"href":"https:\/\/soydeaqui.ddns.net\/pachuca\/index.php\/wp-json\/wp\/v2\/media?parent=68825"}],"wp:term":[{"taxonomy":"product_brand","embeddable":true,"href":"https:\/\/soydeaqui.ddns.net\/pachuca\/index.php\/wp-json\/wp\/v2\/product_brand?post=68825"},{"taxonomy":"product_cat","embeddable":true,"href":"https:\/\/soydeaqui.ddns.net\/pachuca\/index.php\/wp-json\/wp\/v2\/product_cat?post=68825"},{"taxonomy":"product_tag","embeddable":true,"href":"https:\/\/soydeaqui.ddns.net\/pachuca\/index.php\/wp-json\/wp\/v2\/product_tag?post=68825"}],"curies":[{"name":"wp","href":"https:\/\/api.w.org\/{rel}","templated":true}]}}