{"id":68791,"date":"2026-03-19T10:21:48","date_gmt":"2026-03-19T10:21:48","guid":{"rendered":"https:\/\/soydeaqui.ddns.net\/pachuca\/index.php\/producto\/mic-d-garganta-c-ppt-gde-p-kenwood-nx200-300-410-5000-tk480-2180-3180\/"},"modified":"2026-03-19T10:21:58","modified_gmt":"2026-03-19T10:21:58","slug":"mic-d-garganta-c-ppt-gde-p-kenwood-nx200-300-410-5000-tk480-2180-3180","status":"publish","type":"product","link":"https:\/\/soydeaqui.ddns.net\/pachuca\/index.php\/producto\/mic-d-garganta-c-ppt-gde-p-kenwood-nx200-300-410-5000-tk480-2180-3180\/","title":{"rendered":"MIC D\/GARGANTA C\/ PPT GDE P\/KENWOOD NX200\/300\/410\/5000\/TK480\/2180\/3180"},"content":{"rendered":"<div style='width: 100%; max-width: 1200px; margin: 0 auto; font-family: sans-serif; line-height: 1.6; color: inherit; background-color: transparent;'> <!-- Secci\u00f3n de descripci\u00f3n --> <\/p>\n<div style='display: flex; flex-wrap: wrap; gap: 30px; margin-bottom: 30px;'>\n<div style='flex: 1 1 300px; min-width: 280px;'>\n<h3 style='font-size: 22px; border-bottom: 2px solid currentColor; padding-bottom: 5px; margin-top: 0; color: inherit; opacity: 0.8;'>Descripci\u00f3n<\/h3>\n<p style='font-size: 15px; color: inherit; margin-top: 0; margin-bottom: 15px;'>Micr\u00f3fono de garganta de velkro con PTT grande para radios Motorola GP300\/ DEP450 Y HYTERA SERIES TC500\/600\/700&comma; PD506<\/p>\n<p style='font-size: 15px; color: inherit; margin-top: 0; margin-bottom: 15px;'>El PTT de superficie amplia tiene una conexi\u00f3n hirose con cubierta contra polvo para conectarle el micr\u00f3fono de garganta de correa ajustable con tubo ac\u00fastico&comma; y adem\u00e1s de que cuenta con otra entrada de 2.5 mm para el PTT de anillo&comma; tambi\u00e9n cuenta con un cable que va a el puerto de accesorios con su respectivo conector para el radio.<\/p>\n<p style='font-size: 15px; color: inherit; margin-top: 0; margin-bottom: 15px;'>Este producto debe fabricarse con las \u00faltimas regulaciones aplicables de las directivas de la CE para la restricci\u00f3n del uso de sustancias peligrosas en equipos el\u00e9ctricos y electr\u00f3nicos (RoHS)&comma; equipos el\u00e9ctricos y electr\u00f3nicos de desecho (RAEE) y registro&comma; evaluaci\u00f3n&comma; autorizaci\u00f3n y restricci\u00f3n de productos qu\u00edmicos (REACH).<\/p>\n<p style='font-size: 15px; color: inherit; margin-top: 0; margin-bottom: 15px;'>Cada parte se empaqueta en una bolsa de pl\u00e1stico&comma; todas las partes se colocan dentro de una caja&comma; con un label en la caja.<\/p>\n<\/p><\/div>\n<\/p><\/div>\n<p> <!-- Secci\u00f3n de especificaciones --> <\/p>\n<div style='display: flex; flex-wrap: wrap; gap: 20px; margin-bottom: 30px;'>\n<div style='flex: 1 1 250px; border: 1px solid rgba(150&comma; 150&comma; 150&comma; 0.4); border-radius: 8px; overflow: hidden; display: flex; flex-direction: column;'>\n<div style='padding: 15px; border-bottom: 1px solid rgba(150&comma; 150&comma; 150&comma; 0.2); font-weight: bold; font-size: 18px; color: inherit;'>Especificaciones de auriculares<\/div>\n<div style='padding: 15px; color: inherit;'>\n<ul style='padding-left: 20px; margin: 0; font-size: 14px; list-style-type: disc;'>\n<li style='margin-bottom: 5px;'><strong>Impedancia:<\/strong> 270 Ohms \u00b1 30% 1 Khz<\/li>\n<li style='margin-bottom: 5px;'><strong>Nivel m\u00ednimo:<\/strong> 90 dB SPL medido con nivel de sol de auricular de entrada de 0.500 VRMS medido con el adaptador y tubo ac\u00fastico usando el acoplador de 2 cm\u00b3<\/li>\n<li style='margin-bottom: 5px;'><strong>Capacidad m\u00e1xima de manejo de energ\u00eda:<\/strong> debe ser superior para mantener un m\u00ednimo de 3.46 VRMS sin incurrir en una degradaci\u00f3n en el rendimiento del audio<\/li>\n<\/ul><\/div>\n<\/p><\/div>\n<\/p><\/div>\n<p> <!-- Separador --> <\/p>\n<hr style='border: 0; border-top: 1px solid rgba(150&comma; 150&comma; 150&comma; 0.3); margin: 30px 0;'> <\/div>\n","protected":false},"excerpt":{"rendered":"<p>MIC D\/GARGANTA C\/ PPT GDE P\/KENWOOD NX200\/300\/410\/5000\/TK480\/2180\/3180<\/p>\n","protected":false},"featured_media":68790,"comment_status":"open","ping_status":"closed","template":"","meta":[],"product_brand":[],"product_cat":[1716],"product_tag":[417,1579,1585],"class_list":{"0":"post-68791","1":"product","2":"type-product","3":"status-publish","4":"has-post-thumbnail","6":"product_cat-accesorios-generales-accesorios-para-kenwood","7":"product_tag-accesorios-generales","8":"product_tag-accesorios-para-kenwood","9":"product_tag-otto","11":"first","12":"outofstock","13":"sale","14":"shipping-taxable","15":"purchasable","16":"product-type-simple"},"_links":{"self":[{"href":"https:\/\/soydeaqui.ddns.net\/pachuca\/index.php\/wp-json\/wp\/v2\/product\/68791","targetHints":{"allow":["GET"]}}],"collection":[{"href":"https:\/\/soydeaqui.ddns.net\/pachuca\/index.php\/wp-json\/wp\/v2\/product"}],"about":[{"href":"https:\/\/soydeaqui.ddns.net\/pachuca\/index.php\/wp-json\/wp\/v2\/types\/product"}],"replies":[{"embeddable":true,"href":"https:\/\/soydeaqui.ddns.net\/pachuca\/index.php\/wp-json\/wp\/v2\/comments?post=68791"}],"wp:featuredmedia":[{"embeddable":true,"href":"https:\/\/soydeaqui.ddns.net\/pachuca\/index.php\/wp-json\/wp\/v2\/media\/68790"}],"wp:attachment":[{"href":"https:\/\/soydeaqui.ddns.net\/pachuca\/index.php\/wp-json\/wp\/v2\/media?parent=68791"}],"wp:term":[{"taxonomy":"product_brand","embeddable":true,"href":"https:\/\/soydeaqui.ddns.net\/pachuca\/index.php\/wp-json\/wp\/v2\/product_brand?post=68791"},{"taxonomy":"product_cat","embeddable":true,"href":"https:\/\/soydeaqui.ddns.net\/pachuca\/index.php\/wp-json\/wp\/v2\/product_cat?post=68791"},{"taxonomy":"product_tag","embeddable":true,"href":"https:\/\/soydeaqui.ddns.net\/pachuca\/index.php\/wp-json\/wp\/v2\/product_tag?post=68791"}],"curies":[{"name":"wp","href":"https:\/\/api.w.org\/{rel}","templated":true}]}}