{"id":68720,"date":"2026-03-19T10:19:06","date_gmt":"2026-03-19T10:19:06","guid":{"rendered":"https:\/\/soydeaqui.ddns.net\/pachuca\/index.php\/producto\/potenciometro-de-cermet-25-k-ohm-0-25-watt-15-mm-ajuste-vertical\/"},"modified":"2026-03-19T10:19:12","modified_gmt":"2026-03-19T10:19:12","slug":"potenciometro-de-cermet-25-k-ohm-0-25-watt-15-mm-ajuste-vertical","status":"publish","type":"product","link":"https:\/\/soydeaqui.ddns.net\/pachuca\/index.php\/producto\/potenciometro-de-cermet-25-k-ohm-0-25-watt-15-mm-ajuste-vertical\/","title":{"rendered":"Potenci\u00f3metro de Cermet, 25 k Ohm, 0.25 Watt, 15 mm, Ajuste Vertical."},"content":{"rendered":"<div style='width: 100%; max-width: 1200px; margin: 0 auto; font-family: sans-serif; line-height: 1.6; color: inherit; background-color: transparent;'> <!-- Secci\u00f3n de caracter\u00edsticas principales --> <\/p>\n<div style='display: flex; flex-wrap: wrap; gap: 30px; margin-bottom: 30px;'>\n<div style='flex: 1 1 300px; min-width: 280px;'>\n<h3 style='font-size: 22px; border-bottom: 2px solid currentColor; padding-bottom: 5px; margin-top: 0; color: inherit; opacity: 0.8;'>Caracter\u00edsticas Principales<\/h3>\n<ul style='padding-left: 20px; font-size: 15px; color: inherit;'>\n<li>Potenci\u00f3metro de cermet (Sustrato de Al\u00famina)<\/li>\n<li>Protecci\u00f3n IP-54 seg\u00fan IEC 60529<\/li>\n<li>Cuerpo pl\u00e1stico UL94V-0<\/li>\n<li>Di\u00e1metro: 15 mm<\/li>\n<li>Montaje horizontal para PCB<\/li>\n<li>Ajuste vertical<\/li>\n<\/ul><\/div>\n<\/p><\/div>\n<p> <!-- Secci\u00f3n de especificaciones --> <\/p>\n<div style='display: flex; flex-wrap: wrap; gap: 20px; margin-bottom: 30px;'>\n<div style='flex: 1 1 250px; border: 1px solid rgba(150&comma; 150&comma; 150&comma; 0.4); border-radius: 8px; overflow: hidden; display: flex; flex-direction: column;'>\n<div style='padding: 15px; border-bottom: 1px solid rgba(150&comma; 150&comma; 150&comma; 0.2); font-weight: bold; font-size: 18px; color: inherit;'>Especificaciones El\u00e9ctricas<\/div>\n<div style='padding: 15px; color: inherit;'>\n<ul style='padding-left: 20px; margin: 0; font-size: 14px; list-style-type: disc;'>\n<li><strong>Resistencia:<\/strong> 25 K\u03a9<\/li>\n<li><strong>Tolerancia:<\/strong> \u00b120%<\/li>\n<li><strong>Potencia:<\/strong> 0.250 W (Nominal)<\/li>\n<li><strong>Voltaje m\u00e1x.:<\/strong> 125 Vcc (No lineal)<\/li>\n<li><strong>\u00c1ngulo rotaci\u00f3n el\u00e9ctrica:<\/strong> 240\u00b0 \u00b120%<\/li>\n<\/ul><\/div>\n<\/p><\/div>\n<div style='flex: 1 1 250px; border: 1px solid rgba(150&comma; 150&comma; 150&comma; 0.4); border-radius: 8px; overflow: hidden; display: flex; flex-direction: column;'>\n<div style='padding: 15px; border-bottom: 1px solid rgba(150&comma; 150&comma; 150&comma; 0.2); font-weight: bold; font-size: 18px; color: inherit;'>Especificaciones Mec\u00e1nicas<\/div>\n<div style='padding: 15px; color: inherit;'>\n<ul style='padding-left: 20px; margin: 0; font-size: 14px; list-style-type: disc;'>\n<li><strong>\u00c1ngulo rotaci\u00f3n mec\u00e1nica:<\/strong> 265\u00b0 \u00b15\u00b0<\/li>\n<li><strong>Torque:<\/strong> 0.5 a 2.5 Ncm (\u00b130%)<\/li>\n<li><strong>Torque de paro:<\/strong> >10 Ncm (>14 in-oz)<\/li>\n<li><strong>Vida \u00fatil:<\/strong> Hasta 10&comma;000 ciclos<\/li>\n<li><strong>Rango temperatura:<\/strong> -40\u00b0C a +90\u00b0C<\/li>\n<\/ul><\/div>\n<\/p><\/div>\n<div style='flex: 1 1 250px; border: 1px solid rgba(150&comma; 150&comma; 150&comma; 0.4); border-radius: 8px; overflow: hidden; display: flex; flex-direction: column;'>\n<div style='padding: 15px; border-bottom: 1px solid rgba(150&comma; 150&comma; 150&comma; 0.2); font-weight: bold; font-size: 18px; color: inherit;'>Opciones Disponibles<\/div>\n<div style='padding: 15px; color: inherit;'>\n<ul style='padding-left: 20px; margin: 0; font-size: 14px; list-style-type: disc;'>\n<li>Posici\u00f3n de cursor: Inicial&comma; 50% o totalmente horario<\/li>\n<li>Versi\u00f3n de vida larga<\/li>\n<li>Suministro en revisteros para inserci\u00f3n autom\u00e1tica<\/li>\n<li>Opci\u00f3n de torque bajo<\/li>\n<li>Disponible como SPDT<\/li>\n<li>Ajuste l\u00e1ser para tolerancias m\u00e1s ajustadas<\/li>\n<\/ul><\/div>\n<\/p><\/div>\n<\/p><\/div>\n<p> <!-- Secci\u00f3n de aplicaciones --> <\/p>\n<div style='display: flex; flex-wrap: wrap; gap: 30px; margin-bottom: 30px;'>\n<div style='flex: 1 1 300px; min-width: 280px;'>\n<h3 style='font-size: 22px; border-bottom: 2px solid currentColor; padding-bottom: 5px; margin-top: 0; color: inherit; opacity: 0.8;'>Aplicaciones T\u00edpicas<\/h3>\n<ul style='padding-left: 20px; font-size: 15px; color: inherit;'>\n<li>Hornos y estufas<\/li>\n<li>Lavavajillas<\/li>\n<li>Control de iluminaci\u00f3n (atenuadores)<\/li>\n<li>Herramientas el\u00e9ctricas port\u00e1tiles<\/li>\n<li>Lavadoras<\/li>\n<li>Sistemas HVAC<\/li>\n<\/ul><\/div>\n<\/p><\/div>\n<p> <!-- Separador --> <\/p>\n<hr style='border: 0; border-top: 1px solid rgba(150&comma; 150&comma; 150&comma; 0.3); margin: 30px 0;'> <!-- Secci\u00f3n de detalles t\u00e9cnicos --> <\/p>\n<div style='display: flex; flex-wrap: wrap; gap: 20px;'>\n<div style='flex: 1 1 250px; border: 1px solid rgba(150&comma; 150&comma; 150&comma; 0.4); border-radius: 8px; overflow: hidden; display: flex; flex-direction: column;'>\n<div style='padding: 15px; border-bottom: 1px solid rgba(150&comma; 150&comma; 150&comma; 0.2); font-weight: bold; font-size: 18px; color: inherit;'>Detalles de Montaje<\/div>\n<div style='padding: 15px; color: inherit;'>\n<ul style='padding-left: 20px; margin: 0; font-size: 14px; list-style-type: disc;'>\n<li><strong>M\u00e9todo:<\/strong> Montaje horizontal<\/li>\n<li><strong>Posici\u00f3n de cursor:<\/strong> Inicial<\/li>\n<li><strong>Torque:<\/strong> Est\u00e1ndar<\/li>\n<li><strong>Vida \u00fatil:<\/strong> 1&comma;000 ciclos<\/li>\n<\/ul><\/div>\n<\/p><\/div>\n<div style='flex: 1 1 250px; border: 1px solid rgba(150&comma; 150&comma; 150&comma; 0.4); border-radius: 8px; overflow: hidden; display: flex; flex-direction: column;'>\n<div style='padding: 15px; border-bottom: 1px solid rgba(150&comma; 150&comma; 150&comma; 0.2); font-weight: bold; font-size: 18px; color: inherit;'>Detalles de Configuraci\u00f3n<\/div>\n<div style='padding: 15px; color: inherit;'>\n<ul style='padding-left: 20px; margin: 0; font-size: 14px; list-style-type: disc;'>\n<li><strong>Detentes:<\/strong> No especificado<\/li>\n<li><strong>Color rotor:<\/strong> Natural<\/li>\n<li><strong>Color eje:<\/strong> Natural<\/li>\n<li><strong>Tipo de terminales:<\/strong> Terminales de compresi\u00f3n (P)<\/li>\n<\/ul><\/div>\n<\/p><\/div>\n<\/p><\/div>\n<\/p><\/div>\n","protected":false},"excerpt":{"rendered":"<p>Potenci\u00f3metro de Cermet, 25 k Ohm, 0.25 Watt, 15 mm, Ajuste Vertical.<\/p>\n","protected":false},"featured_media":68719,"comment_status":"open","ping_status":"closed","template":"","meta":[],"product_brand":[],"product_cat":[1501],"product_tag":[1502,751,63],"class_list":{"0":"post-68720","1":"product","2":"type-product","3":"status-publish","4":"has-post-thumbnail","6":"product_cat-miscelaneo","7":"product_tag-miscelaneo","8":"product_tag-refacciones","9":"product_tag-syscom","11":"first","12":"instock","13":"sale","14":"shipping-taxable","15":"purchasable","16":"product-type-simple"},"_links":{"self":[{"href":"https:\/\/soydeaqui.ddns.net\/pachuca\/index.php\/wp-json\/wp\/v2\/product\/68720","targetHints":{"allow":["GET"]}}],"collection":[{"href":"https:\/\/soydeaqui.ddns.net\/pachuca\/index.php\/wp-json\/wp\/v2\/product"}],"about":[{"href":"https:\/\/soydeaqui.ddns.net\/pachuca\/index.php\/wp-json\/wp\/v2\/types\/product"}],"replies":[{"embeddable":true,"href":"https:\/\/soydeaqui.ddns.net\/pachuca\/index.php\/wp-json\/wp\/v2\/comments?post=68720"}],"wp:featuredmedia":[{"embeddable":true,"href":"https:\/\/soydeaqui.ddns.net\/pachuca\/index.php\/wp-json\/wp\/v2\/media\/68719"}],"wp:attachment":[{"href":"https:\/\/soydeaqui.ddns.net\/pachuca\/index.php\/wp-json\/wp\/v2\/media?parent=68720"}],"wp:term":[{"taxonomy":"product_brand","embeddable":true,"href":"https:\/\/soydeaqui.ddns.net\/pachuca\/index.php\/wp-json\/wp\/v2\/product_brand?post=68720"},{"taxonomy":"product_cat","embeddable":true,"href":"https:\/\/soydeaqui.ddns.net\/pachuca\/index.php\/wp-json\/wp\/v2\/product_cat?post=68720"},{"taxonomy":"product_tag","embeddable":true,"href":"https:\/\/soydeaqui.ddns.net\/pachuca\/index.php\/wp-json\/wp\/v2\/product_tag?post=68720"}],"curies":[{"name":"wp","href":"https:\/\/api.w.org\/{rel}","templated":true}]}}