{"id":6865,"date":"2026-03-18T06:48:43","date_gmt":"2026-03-18T06:48:43","guid":{"rendered":"https:\/\/soydeaqui.ddns.net\/pachuca\/index.php\/producto\/tarjeta-receptora-de-alarmas-para-radio-y-telefono-sin-mcard\/"},"modified":"2026-03-18T06:48:44","modified_gmt":"2026-03-18T06:48:44","slug":"tarjeta-receptora-de-alarmas-para-radio-y-telefono-sin-mcard","status":"publish","type":"product","link":"https:\/\/soydeaqui.ddns.net\/pachuca\/index.php\/producto\/tarjeta-receptora-de-alarmas-para-radio-y-telefono-sin-mcard\/","title":{"rendered":"Tarjeta Receptora de Alarmas para Radio y Telefono sin Mcard"},"content":{"rendered":"<div style='width: 100%; max-width: 1200px; margin: 0 auto; font-family: sans-serif; line-height: 1.6; color: inherit; background-color: transparent;'> <!-- Descripci\u00f3n general --> <\/p>\n<div style='margin-bottom: 30px; font-size: 15px; color: inherit;'>\n<p style='margin-top: 0; margin-bottom: 15px;'>La tarjeta Sentinel&comma; es una potente receptora\/repetidora decodificadora de eventos de alarma v\u00eda tel\u00e9fono y\/o radio de largo alcance de excelente costo beneficio&comma; ideal para estaciones centrales de monitoreo&comma; repuesta de p\u00e1nico&comma; estaciones de policia&comma; comunidades&comma; campus&comma; conjuntos cerrados&comma; complejos industriales&comma; socorro m\u00e9dico&comma; centos comerciales&comma; etc.<\/p>\n<p style='margin-bottom: 15px;'>La tarjeta Sentinel\u00e1 se instala junto con un radio transceptor&comma; l\u00edneas de tel\u00e9fono y cualquier software de monitoreo&comma; convirt\u00edendose en una completa estaci\u00f3n de monitoreo&comma; facilitando la comunicaci\u00f3n con decenas de suscriptores.<\/p>\n<\/p><\/div>\n<p> <!-- Secci\u00f3n de caracter\u00edsticas --> <\/p>\n<div style='display: flex; flex-wrap: wrap; gap: 30px; margin-bottom: 30px;'>\n<div style='flex: 1 1 300px; min-width: 280px;'>\n<h3 style='font-size: 22px; border-bottom: 2px solid currentColor; padding-bottom: 5px; margin-top: 0; color: inherit; opacity: 0.8;'>Caracter\u00edsticas<\/h3>\n<ul style='padding-left: 20px; font-size: 15px; color: inherit;'>\n<li style='margin-bottom: 5px;'>Capacidad de dos canales de radio por tarjeta<\/li>\n<li style='margin-bottom: 5px;'>Capacidad de 8000 cuentas por canal de radio<\/li>\n<li style='margin-bottom: 5px;'>Capacidad de 4 lineas de tel\u00e9fono por tarjeta con opci\u00f3n de multi-formatos<\/li>\n<li style='margin-bottom: 5px;'>Capacidad de instalar hasta 8 centrales Sentinel por computadora<\/li>\n<li style='margin-bottom: 5px;'>Tarjeta tipo PCI<\/li>\n<li style='margin-bottom: 5px;'>Compatible con formato NPAF (formato avanzado pima) por radio<\/li>\n<li style='margin-bottom: 5px;'>Compatible con los formatos 4+2&comma; CONTAC ID&comma; SIA y PAF por l\u00ednea de tel\u00e9fono<\/li>\n<\/ul><\/div>\n<p> <!-- Ventajas --> <\/p>\n<div style='flex: 1 1 300px; min-width: 280px;'>\n<h3 style='font-size: 22px; border-bottom: 2px solid currentColor; padding-bottom: 5px; margin-top: 0; color: inherit; opacity: 0.8;'>Ventajas<\/h3>\n<ul style='padding-left: 20px; font-size: 15px; color: inherit;'>\n<li style='margin-bottom: 5px;'>Recepci\u00f3n de eventos v\u00eda radio en 0.6 segundos<\/li>\n<li style='margin-bottom: 5px;'>F\u00e1cil expansi\u00f3n de canal de radio o tel\u00e9fono con s\u00f3lo actualizar los driver de configuraci\u00f3n<\/li>\n<li style='margin-bottom: 5px;'>Medidor de calidad de env\u00edo de eventos de los paneles de alarma v\u00eda radio<\/li>\n<li style='margin-bottom: 5px;'>Incluye software de calibraci\u00f3n de la central (SCOPE)<\/li>\n<li style='margin-bottom: 5px;'>Capacidad de configurar la Sentinel como repetidor inteligente<\/li>\n<li style='margin-bottom: 5px;'>Compatible con cualquier software de monitoreo<\/li>\n<\/ul><\/div>\n<p> <!-- Requerimientos --> <\/p>\n<div style='flex: 1 1 300px; min-width: 280px;'>\n<h3 style='font-size: 22px; border-bottom: 2px solid currentColor; padding-bottom: 5px; margin-top: 0; color: inherit; opacity: 0.8;'>Requerimientos<\/h3>\n<ul style='padding-left: 20px; font-size: 15px; color: inherit;'>\n<li style='margin-bottom: 5px;'>Compatible con sistema Operativo MS-DOS&comma; Windows 98 y XP<\/li>\n<li style='margin-bottom: 5px;'>Computadora con sistema operativo Ms-dos o Windows 98&comma; una o mas ranuras tipo PCI y un puerto serial RS232<\/li>\n<li style='margin-bottom: 5px;'>Sistema de Tierra F\u00edsica<\/li>\n<li style='margin-bottom: 5px;'>Radio base<\/li>\n<li style='margin-bottom: 5px;'>Fuente de alimentaci\u00f3n para el radio<\/li>\n<li style='margin-bottom: 5px;'>Sistema de respaldo de corriente alterna<\/li>\n<li style='margin-bottom: 5px;'>Sistema de protecci\u00f3n de descargas atmosf\u00e9ricas<\/li>\n<li style='margin-bottom: 5px;'>Antena externa<\/li>\n<li style='margin-bottom: 5px;'>Torre o m\u00e1stil<\/li>\n<li style='margin-bottom: 5px;'>Con un canal de radio UHF<\/li>\n<li style='margin-bottom: 5px;'>Con formato PAF<\/li>\n<li style='margin-bottom: 5px;'><strong>No incluye radio<\/strong><\/li>\n<li style='margin-bottom: 5px;'><strong>Consultar con el Depto. de ingenieria la compatibilidad de la PC<\/strong><\/li>\n<\/ul><\/div>\n<\/p><\/div>\n<p> <!-- Separador --> <\/p>\n<hr style='border: 0; border-top: 1px solid rgba(150&comma; 150&comma; 150&comma; 0.3); margin: 30px 0;'> <\/div>\n","protected":false},"excerpt":{"rendered":"<p>Tarjeta Receptora de Alarmas para Radio y Telefono sin Mcard<\/p>\n","protected":false},"featured_media":6864,"comment_status":"open","ping_status":"closed","template":"","meta":[],"product_brand":[],"product_cat":[39],"product_tag":[40,41,496],"class_list":{"0":"post-6865","1":"product","2":"type-product","3":"status-publish","4":"has-post-thumbnail","6":"product_cat-centrales-de-monitoreo-de-alarmas","7":"product_tag-centrales-de-monitoreo","8":"product_tag-centrales-de-monitoreo-de-alarmas","9":"product_tag-pima","11":"first","12":"outofstock","13":"sale","14":"shipping-taxable","15":"purchasable","16":"product-type-simple"},"_links":{"self":[{"href":"https:\/\/soydeaqui.ddns.net\/pachuca\/index.php\/wp-json\/wp\/v2\/product\/6865","targetHints":{"allow":["GET"]}}],"collection":[{"href":"https:\/\/soydeaqui.ddns.net\/pachuca\/index.php\/wp-json\/wp\/v2\/product"}],"about":[{"href":"https:\/\/soydeaqui.ddns.net\/pachuca\/index.php\/wp-json\/wp\/v2\/types\/product"}],"replies":[{"embeddable":true,"href":"https:\/\/soydeaqui.ddns.net\/pachuca\/index.php\/wp-json\/wp\/v2\/comments?post=6865"}],"wp:featuredmedia":[{"embeddable":true,"href":"https:\/\/soydeaqui.ddns.net\/pachuca\/index.php\/wp-json\/wp\/v2\/media\/6864"}],"wp:attachment":[{"href":"https:\/\/soydeaqui.ddns.net\/pachuca\/index.php\/wp-json\/wp\/v2\/media?parent=6865"}],"wp:term":[{"taxonomy":"product_brand","embeddable":true,"href":"https:\/\/soydeaqui.ddns.net\/pachuca\/index.php\/wp-json\/wp\/v2\/product_brand?post=6865"},{"taxonomy":"product_cat","embeddable":true,"href":"https:\/\/soydeaqui.ddns.net\/pachuca\/index.php\/wp-json\/wp\/v2\/product_cat?post=6865"},{"taxonomy":"product_tag","embeddable":true,"href":"https:\/\/soydeaqui.ddns.net\/pachuca\/index.php\/wp-json\/wp\/v2\/product_tag?post=6865"}],"curies":[{"name":"wp","href":"https:\/\/api.w.org\/{rel}","templated":true}]}}