{"id":68647,"date":"2026-03-19T10:16:40","date_gmt":"2026-03-19T10:16:40","guid":{"rendered":"https:\/\/soydeaqui.ddns.net\/pachuca\/index.php\/producto\/torre-autosoportada-90ft-27-4m-supertitan-s100-galvanizada-incluye-anclaje\/"},"modified":"2026-03-19T10:16:41","modified_gmt":"2026-03-19T10:16:41","slug":"torre-autosoportada-90ft-27-4m-supertitan-s100-galvanizada-incluye-anclaje","status":"publish","type":"product","link":"https:\/\/soydeaqui.ddns.net\/pachuca\/index.php\/producto\/torre-autosoportada-90ft-27-4m-supertitan-s100-galvanizada-incluye-anclaje\/","title":{"rendered":"Torre Autosoportada. 90ft (27.4m) SuperTitan S100 Galvanizada (incluye anclaje)"},"content":{"rendered":"<div style='width: 100%; max-width: 1200px; margin: 0 auto; font-family: sans-serif; line-height: 1.6; color: inherit; background-color: transparent;'> <!-- Secci\u00f3n de im\u00e1genes --> <\/p>\n<div style='display: flex; flex-wrap: wrap; gap: 20px; margin-bottom: 30px; align-items: center;'> <img style='width: 100%; max-width: 280px; height: auto; border: 1px solid rgba(150&comma;150&comma;150&comma;0.3); border-radius: 8px;' src='https:\/\/ftp3.syscom.mx\/usuarios\/fotos\/TRYST40S300\/159323-super_titan.png' alt='' \/> <img style='width: 100%; max-width: 200px; height: auto; border: 1px solid rgba(150&comma;150&comma;150&comma;0.3); border-radius: 8px;' src='https:\/\/ftp3.syscom.mx\/usuarios\/fotos\/TRYT64T300\/158134-trylon_logo_2.png' alt='' \/> <\/div>\n<p> <!-- Descripci\u00f3n principal --> <\/p>\n<div style='margin-bottom: 30px;'>\n<p style='font-size: 15px; color: inherit;'>El SuperTitan KD es una torre modular que se puede elevar hasta 190 pies de altura. Este sistema modular se puede configurar para crear diferentes tipos de torres&comma; variando alturas y capacidades de carga.<\/p>\n<p style='font-size: 15px; color: inherit;'>El dise\u00f1o SuperTitan KD cumple con el est\u00e1ndar <em>ANSI-TIA-222 F &#038; G<\/em>.<\/p>\n<\/p><\/div>\n<p> <!-- Especificaciones --> <\/p>\n<div style='margin-bottom: 30px;'>\n<h3 style='font-size: 22px; border-bottom: 2px solid currentColor; padding-bottom: 5px; margin-top: 0; color: inherit; opacity: 0.8;'>Especificaciones<\/h3>\n<ul style='padding-left: 20px; font-size: 15px; color: inherit;'>\n<li style='margin-bottom: 5px;'><strong>Tipo:<\/strong> Autosoportada<\/li>\n<li style='margin-bottom: 5px;'><strong>Altura de cada secci\u00f3n:<\/strong> 10&#8242; (3.048 m)<\/li>\n<li style='margin-bottom: 5px;'><strong>Altura Total:<\/strong> 27.43m (90&#8242;)<\/li>\n<li style='margin-bottom: 5px;'><strong>Modelo:<\/strong> S-100<\/li>\n<li style='margin-bottom: 5px;'><strong>Dise\u00f1ado para cumplir con el est\u00e1ndar:<\/strong> TIA\/EIA-222<\/li>\n<\/ul><\/div>\n<p> <!-- Tabla de capacidades --> <\/p>\n<div style='margin-bottom: 30px;'>\n<h3 style='font-size: 22px; border-bottom: 2px solid currentColor; padding-bottom: 5px; margin-top: 0; color: inherit; opacity: 0.8;'>Capacidad de carga<\/h3>\n<div style='overflow-x: auto;'>\n<table style='width: 100%; border-collapse: collapse; color: inherit;'>\n<thead>\n<tr>\n<th style='border: 1px solid rgba(150&comma;150&comma;150&comma;0.3); padding: 12px; text-align: left; background-color: rgba(150&comma;150&comma;150&comma;0.1);'>Condiciones de carga<\/th>\n<th style='border: 1px solid rgba(150&comma;150&comma;150&comma;0.3); padding: 12px; text-align: left; background-color: rgba(150&comma;150&comma;150&comma;0.1);'>90 mph (144.8km\/hr)<\/th>\n<th style='border: 1px solid rgba(150&comma;150&comma;150&comma;0.3); padding: 12px; text-align: left; background-color: rgba(150&comma;150&comma;150&comma;0.1);'>105 mph (168.9 km\/hr)<\/th>\n<th style='border: 1px solid rgba(150&comma;150&comma;150&comma;0.3); padding: 12px; text-align: left; background-color: rgba(150&comma;150&comma;150&comma;0.1);'>120 mph (193.1 km\/hr)<\/th>\n<\/tr>\n<\/thead>\n<tbody>\n<tr>\n<td style='border: 1px solid rgba(150&comma;150&comma;150&comma;0.3); padding: 12px;'>\u00c1rea de antenas permisibles en pies cuadrados (ft\u00b2).<br \/>EIA Rev. Clase 1:<br \/>0.75&#8242; Hielo<\/td>\n<td style='border: 1px solid rgba(150&comma;150&comma;150&comma;0.3); padding: 12px;'>10<\/td>\n<td style='border: 1px solid rgba(150&comma;150&comma;150&comma;0.3); padding: 12px;'>&#8211;<\/td>\n<td style='border: 1px solid rgba(150&comma;150&comma;150&comma;0.3); padding: 12px;'>&#8211;<\/td>\n<\/tr>\n<tr>\n<td style='border: 1px solid rgba(150&comma;150&comma;150&comma;0.3); padding: 12px;'>\u00c1rea de antenas permisibles en pies cuadrados (ft\u00b2).<br \/>EIA Rev. Clase 2:<br \/>0.75&#8242; Hielo<\/td>\n<td style='border: 1px solid rgba(150&comma;150&comma;150&comma;0.3); padding: 12px;'>4<\/td>\n<td style='border: 1px solid rgba(150&comma;150&comma;150&comma;0.3); padding: 12px;'>&#8211;<\/td>\n<td style='border: 1px solid rgba(150&comma;150&comma;150&comma;0.3); padding: 12px;'>&#8211;<\/td>\n<\/tr>\n<\/tbody>\n<\/table><\/div>\n<\/p><\/div>\n<p> <!-- Aplicaciones --> <\/p>\n<div style='margin-bottom: 30px;'>\n<h3 style='font-size: 22px; border-bottom: 2px solid currentColor; padding-bottom: 5px; margin-top: 0; color: inherit; opacity: 0.8;'>Aplicaciones<\/h3>\n<ul style='padding-left: 20px; font-size: 15px; color: inherit;'>\n<li style='margin-bottom: 5px;'>Servicios de emergencia (polic\u00eda&comma; bomberos&comma; etc.).<\/li>\n<li style='margin-bottom: 5px;'>Sistemas SCADA.<\/li>\n<li style='margin-bottom: 5px;'>Ideal para estaciones base con mayor carga par\u00e1metros.<\/li>\n<li style='margin-bottom: 5px;'>Torres para instalaci\u00f3n de estaci\u00f3n base.<\/li>\n<\/ul><\/div>\n<p> <!-- Diferenciadores --> <\/p>\n<div style='margin-bottom: 30px;'>\n<h3 style='font-size: 22px; border-bottom: 2px solid currentColor; padding-bottom: 5px; margin-top: 0; color: inherit; opacity: 0.8;'>Diferenciadores de la L\u00ednea SUPERTITAN<\/h3>\n<ul style='padding-left: 20px; font-size: 15px; color: inherit;'>\n<li style='margin-bottom: 5px;'>Altura m\u00e1xima de 190 pies.<\/li>\n<li style='margin-bottom: 5px;'>Nuevo empaque innovador.<\/li>\n<li style='margin-bottom: 5px;'>Reduce dr\u00e1sticamente los costos de flete.<\/li>\n<li style='margin-bottom: 5px;'>Plazos de entrega reducidos.<\/li>\n<\/ul><\/div>\n<p> <!-- Accesorios --> <\/p>\n<div style='margin-bottom: 30px;'>\n<h3 style='font-size: 22px; border-bottom: 2px solid currentColor; padding-bottom: 5px; margin-top: 0; color: inherit; opacity: 0.8;'>Accesorios complementarios (No incluidos)<\/h3>\n<div style='margin-top: 15px;'>\n<div style='display: flex; flex-wrap: wrap; gap: 10px; margin-bottom: 15px; border-bottom: 1px solid rgba(150&comma;150&comma;150&comma;0.3); padding-bottom: 10px; font-weight: bold;'>\n<div style='flex: 1 1 100px;'>Cantidad<\/div>\n<div style='flex: 2 1 150px;'>Modelo<\/div>\n<div style='flex: 3 1 200px;'>Descripci\u00f3n<\/div>\n<\/p><\/div>\n<div style='display: flex; flex-wrap: wrap; gap: 10px; margin-bottom: 10px;'>\n<div style='flex: 1 1 100px;'>9<\/div>\n<div style='flex: 2 1 150px;'><a style='color: inherit; text-decoration: underline;' href='https:\/\/www.syscom.mx\/producto\/TRY-ST-STEP10-Trylon-165144.html'>TRY-ST-STEP10<\/a><\/div>\n<div style='flex: 3 1 200px;'>Pelda\u00f1os tipo Perno para Torres. Secciones 1 a 12 kit con 10 pzas.<\/div>\n<\/p><\/div>\n<div style='display: flex; flex-wrap: wrap; gap: 10px; margin-bottom: 10px;'>\n<div style='flex: 1 1 100px;'>1<\/div>\n<div style='flex: 2 1 150px;'><a style='color: inherit; text-decoration: underline;' href='https:\/\/www.syscom.mx\/producto\/TRY-ST-LV-100-Trylon-161792.html'>TRY-ST-LV100<\/a><\/div>\n<div style='flex: 3 1 200px;'>L\u00ednea de Vida hasta 30.48 m (100 pies). Compatible con l\u00ednea Super Titan.<\/div>\n<\/p><\/div>\n<div style='display: flex; flex-wrap: wrap; gap: 10px; margin-bottom: 10px;'>\n<div style='flex: 1 1 100px;'>1<\/div>\n<div style='flex: 2 1 150px;'><a style='color: inherit; text-decoration: underline;' href='https:\/\/www.syscom.mx\/producto\/TRYSTLR-Trylon-170240.html'>TRY-STLR<\/a><\/div>\n<div style='flex: 3 1 200px;'>Punta Pararrayo Maciza para Estructura de Torres.<\/div>\n<\/p><\/div>\n<div style='display: flex; flex-wrap: wrap; gap: 10px; margin-bottom: 10px;'>\n<div style='flex: 1 1 100px;'>1<\/div>\n<div style='flex: 2 1 150px;'><a style='color: inherit; text-decoration: underline;' href='https:\/\/www.syscom.mx\/producto\/TRY-ST-GROUND-1-Trylon-170091.html'>TRY-ST-GROUND1<\/a><\/div>\n<div style='flex: 3 1 200px;'>Sistema de Aterrizaje en 3 Piernas para torres ST.<\/div>\n<\/p><\/div>\n<div style='display: flex; flex-wrap: wrap; gap: 10px; margin-bottom: 10px;'>\n<div style='flex: 1 1 100px;'>27<\/div>\n<div style='flex: 2 1 150px;'><a style='color: inherit; text-decoration: underline;' href='https:\/\/www.syscom.mx\/producto\/TRY-ST-BRKT-4H-Trylon-161698.html'>TRYSTBRKT4H<\/a><\/div>\n<div style='flex: 3 1 200px;'>Bracket Gu\u00eda de Cable de 4 orificios para torre ST.<\/div>\n<\/p><\/div>\n<div style='display: flex; flex-wrap: wrap; gap: 10px; margin-bottom: 10px;'>\n<div style='flex: 1 1 100px;'>2<\/div>\n<div style='flex: 2 1 150px;'><a style='color: inherit; text-decoration: underline;' href='https:\/\/www.syscom.mx\/producto\/EI-GSL-SE-EPCOM-INDUSTRIAL-155623.html'>EIGSLSE<\/a><\/div>\n<div style='flex: 3 1 200px;'>L\u00e1mpara de Obstrucci\u00f3n Aut\u00f3noma con Led color rojo con Panel Solar.<\/div>\n<\/p><\/div>\n<div style='display: flex; flex-wrap: wrap; gap: 10px; margin-bottom: 10px;'>\n<div style='flex: 1 1 100px;'>2<\/div>\n<div style='flex: 2 1 150px;'><a style='color: inherit; text-decoration: underline;' href='https:\/\/www.syscom.mx\/producto\/HLU3-TA-EPCOM-INDUSTRIAL-190835.html'>HLU3TA<\/a><\/div>\n<div style='flex: 3 1 200px;'>Base para L\u00e1mpara de Obstrucci\u00f3n EIGSLE.<\/div>\n<\/p><\/div>\n<p style='margin-top: 15px; font-size: 14px; color: inherit;'><strong><span style='color: #c0392b;'>* Dos en la punta.<\/span><\/strong><\/p>\n<\/p><\/div>\n<\/p><\/div>\n<p> <!-- Sistema de empaque --> <\/p>\n<div style='margin-bottom: 30px;'>\n<h3 style='font-size: 22px; border-bottom: 2px solid currentColor; padding-bottom: 5px; margin-top: 0; color: inherit; opacity: 0.8;'>Sistema de Empaque Optimizado<\/h3>\n<div style='margin-top: 15px;'> <img style='width: 100%; max-width: 500px; height: auto; border: 1px solid rgba(150&comma;150&comma;150&comma;0.3); border-radius: 8px;' src='https:\/\/ftp3.syscom.mx\/usuarios\/fotos\/TRYST40S300\/159323-empaque.png' alt='' \/> <\/div>\n<\/p><\/div>\n<p> <!-- Instalaci\u00f3n t\u00edpica --> <\/p>\n<div style='margin-bottom: 30px;'>\n<h3 style='font-size: 22px; border-bottom: 2px solid currentColor; padding-bottom: 5px; margin-top: 0; color: inherit; opacity: 0.8;'>Instalaci\u00f3n t\u00edpica de Torre<\/h3>\n<div style='margin-top: 15px;'> <img style='width: 100%; max-width: 500px; height: auto; border: 1px solid rgba(150&comma;150&comma;150&comma;0.3); border-radius: 8px;' src='https:\/\/ftp3.syscom.mx\/usuarios\/fotos\/TRYST40S300\/159323-dscf0333.gif' alt='' \/> <\/div>\n<\/p><\/div>\n<p> <!-- Instalaci\u00f3n en nieve --> <\/p>\n<div style='margin-bottom: 30px;'>\n<h3 style='font-size: 22px; border-bottom: 2px solid currentColor; padding-bottom: 5px; margin-top: 0; color: inherit; opacity: 0.8;'>Instalaci\u00f3n en condiciones de Nieve<\/h3>\n<div style='margin-top: 15px;'> <img style='width: 100%; max-width: 500px; height: auto; border: 1px solid rgba(150&comma;150&comma;150&comma;0.3); border-radius: 8px;' src='https:\/\/ftp3.syscom.mx\/usuarios\/fotos\/TRYST40S300\/159323-imagen1_chica.png' alt='' \/> <\/div>\n<\/p><\/div>\n<p> <!-- Separador final --> <\/p>\n<hr style='border: 0; border-top: 1px solid rgba(150&comma; 150&comma; 150&comma; 0.3); margin: 30px 0;'> <\/div>\n","protected":false},"excerpt":{"rendered":"<p>Torre Autosoportada. 90ft (27.4m) SuperTitan S100 Galvanizada (incluye anclaje)<\/p>\n","protected":false},"featured_media":68646,"comment_status":"open","ping_status":"closed","template":"","meta":[],"product_brand":[],"product_cat":[1713],"product_tag":[1714,246,1715],"class_list":{"0":"post-68647","1":"product","2":"type-product","3":"status-publish","4":"has-post-thumbnail","6":"product_cat-torres-autosoportadas","7":"product_tag-torres-autosoportadas","8":"product_tag-torres-y-mastiles","9":"product_tag-trylon","11":"first","12":"instock","13":"sale","14":"shipping-taxable","15":"purchasable","16":"product-type-simple"},"_links":{"self":[{"href":"https:\/\/soydeaqui.ddns.net\/pachuca\/index.php\/wp-json\/wp\/v2\/product\/68647","targetHints":{"allow":["GET"]}}],"collection":[{"href":"https:\/\/soydeaqui.ddns.net\/pachuca\/index.php\/wp-json\/wp\/v2\/product"}],"about":[{"href":"https:\/\/soydeaqui.ddns.net\/pachuca\/index.php\/wp-json\/wp\/v2\/types\/product"}],"replies":[{"embeddable":true,"href":"https:\/\/soydeaqui.ddns.net\/pachuca\/index.php\/wp-json\/wp\/v2\/comments?post=68647"}],"wp:featuredmedia":[{"embeddable":true,"href":"https:\/\/soydeaqui.ddns.net\/pachuca\/index.php\/wp-json\/wp\/v2\/media\/68646"}],"wp:attachment":[{"href":"https:\/\/soydeaqui.ddns.net\/pachuca\/index.php\/wp-json\/wp\/v2\/media?parent=68647"}],"wp:term":[{"taxonomy":"product_brand","embeddable":true,"href":"https:\/\/soydeaqui.ddns.net\/pachuca\/index.php\/wp-json\/wp\/v2\/product_brand?post=68647"},{"taxonomy":"product_cat","embeddable":true,"href":"https:\/\/soydeaqui.ddns.net\/pachuca\/index.php\/wp-json\/wp\/v2\/product_cat?post=68647"},{"taxonomy":"product_tag","embeddable":true,"href":"https:\/\/soydeaqui.ddns.net\/pachuca\/index.php\/wp-json\/wp\/v2\/product_tag?post=68647"}],"curies":[{"name":"wp","href":"https:\/\/api.w.org\/{rel}","templated":true}]}}