{"id":68639,"date":"2026-03-19T10:16:24","date_gmt":"2026-03-19T10:16:24","guid":{"rendered":"https:\/\/soydeaqui.ddns.net\/pachuca\/index.php\/producto\/torre-autosoportada-50ft-15-24m-supertitan-s500-galvanizada-incluye-anclaje\/"},"modified":"2026-03-19T10:16:25","modified_gmt":"2026-03-19T10:16:25","slug":"torre-autosoportada-50ft-15-24m-supertitan-s500-galvanizada-incluye-anclaje","status":"publish","type":"product","link":"https:\/\/soydeaqui.ddns.net\/pachuca\/index.php\/producto\/torre-autosoportada-50ft-15-24m-supertitan-s500-galvanizada-incluye-anclaje\/","title":{"rendered":"Torre Autosoportada. 50ft (15.24m) SuperTitan S500 Galvanizada (incluye anclaje)"},"content":{"rendered":"<div style='width: 100%; max-width: 1200px; margin: 0 auto; font-family: sans-serif; line-height: 1.6; color: inherit; background-color: transparent;'> <!-- Im\u00e1genes de logo --> <\/p>\n<div style='display: flex; justify-content: flex-start; flex-wrap: wrap; gap: 15px; margin-bottom: 30px;'> <img style='width: 280px; height: auto; border: 1px solid rgba(150&comma;150&comma;150&comma;0.3); border-radius: 8px;' src='https:\/\/ftp3.syscom.mx\/usuarios\/fotos\/TRYST40S300\/159323-super_titan.png' alt=''> <img style='width: 200px; height: auto; border: 1px solid rgba(150&comma;150&comma;150&comma;0.3); border-radius: 8px;' src='https:\/\/ftp3.syscom.mx\/usuarios\/fotos\/TRYT64T300\/158134-trylon_logo_2.png' alt=''> <\/div>\n<p> <!-- Descripci\u00f3n general --> <\/p>\n<div style='margin-bottom: 30px;'>\n<p style='font-size: 15px; margin-bottom: 15px;'>El SuperTitan KD es una torre modular que se puede elevar hasta 190 pies de altura. Este sistema modular se puede configurar para crear diferentes tipos de torres&comma; variando alturas y capacidades de carga.<\/p>\n<p style='font-size: 15px; margin-bottom: 15px;'>El dise\u00f1o SuperTitan KD cumple con el est\u00e1ndar <em>ANSI-TIA-222 F &#038; G.<\/em><\/p>\n<\/p><\/div>\n<p> <!-- Secci\u00f3n de especificaciones --> <\/p>\n<div style='display: flex; flex-wrap: wrap; gap: 30px; margin-bottom: 30px;'>\n<div style='flex: 1 1 300px; min-width: 280px;'>\n<h3 style='font-size: 22px; border-bottom: 2px solid currentColor; padding-bottom: 5px; margin-top: 0; color: inherit; opacity: 0.8;'>Especificaciones<\/h3>\n<ul style='padding-left: 20px; font-size: 15px; color: inherit;'>\n<li style='margin-bottom: 5px;'><strong>Tipo:<\/strong> Autosoportada<\/li>\n<li style='margin-bottom: 5px;'><strong>Altura de cada secci\u00f3n:<\/strong> 10&#8242; (3m)<\/li>\n<li style='margin-bottom: 5px;'><strong>Altura Total:<\/strong> 15.24m (50&#8242;)<\/li>\n<li style='margin-bottom: 5px;'><strong>Modelo:<\/strong> S-500<\/li>\n<li style='margin-bottom: 5px;'><strong>Est\u00e1ndar:<\/strong> Dise\u00f1ado para cumplir con el est\u00e1ndar TIA\/EIA-222<\/li>\n<\/ul><\/div>\n<\/p><\/div>\n<p> <!-- Tabla de capacidades --> <\/p>\n<div style='margin-bottom: 30px;'>\n<h3 style='font-size: 22px; border-bottom: 2px solid currentColor; padding-bottom: 5px; margin-top: 0; color: inherit; opacity: 0.8;'>Capacidades de carga por velocidad de viento<\/h3>\n<div style='overflow-x: auto;'>\n<table style='width: 100%; border-collapse: collapse; margin-top: 15px;'>\n<thead>\n<tr>\n<th style='border: 1px solid rgba(150&comma;150&comma;150&comma;0.3); padding: 10px; text-align: left; color: inherit; background-color: rgba(150&comma;150&comma;150&comma;0.05);'>Capacidad de carga<\/th>\n<th style='border: 1px solid rgba(150&comma;150&comma;150&comma;0.3); padding: 10px; text-align: center; color: inherit; background-color: rgba(150&comma;150&comma;150&comma;0.05);'>90 mph<br \/>(144.8km\/hr)<\/th>\n<th style='border: 1px solid rgba(150&comma;150&comma;150&comma;0.3); padding: 10px; text-align: center; color: inherit; background-color: rgba(150&comma;150&comma;150&comma;0.05);'>105 mph<br \/>(168.9 km\/hr)<\/th>\n<th style='border: 1px solid rgba(150&comma;150&comma;150&comma;0.3); padding: 10px; text-align: center; color: inherit; background-color: rgba(150&comma;150&comma;150&comma;0.05);'>120 mph<br \/>(193.1 km\/hr)<\/th>\n<\/tr>\n<\/thead>\n<tbody>\n<tr>\n<td style='border: 1px solid rgba(150&comma;150&comma;150&comma;0.3); padding: 10px; color: inherit;'> \u00c1rea de antenas permisibles en pies cuadrados (ft\u00b2).<br \/> EIA Rev. Clase 1: 0.75&#8242; Hielo <\/td>\n<td style='border: 1px solid rgba(150&comma;150&comma;150&comma;0.3); padding: 10px; text-align: center; color: inherit;'>59<\/td>\n<td style='border: 1px solid rgba(150&comma;150&comma;150&comma;0.3); padding: 10px; text-align: center; color: inherit;'>36<\/td>\n<td style='border: 1px solid rgba(150&comma;150&comma;150&comma;0.3); padding: 10px; text-align: center; color: inherit;'>23<\/td>\n<\/tr>\n<tr>\n<td style='border: 1px solid rgba(150&comma;150&comma;150&comma;0.3); padding: 10px; color: inherit;'> \u00c1rea de antenas permisibles en pies cuadrados (ft\u00b2).<br \/> EIA Rev. Clase 2: 0.75&#8242; Hielo <\/td>\n<td style='border: 1px solid rgba(150&comma;150&comma;150&comma;0.3); padding: 10px; text-align: center; color: inherit;'>48<\/td>\n<td style='border: 1px solid rgba(150&comma;150&comma;150&comma;0.3); padding: 10px; text-align: center; color: inherit;'>29<\/td>\n<td style='border: 1px solid rgba(150&comma;150&comma;150&comma;0.3); padding: 10px; text-align: center; color: inherit;'>19<\/td>\n<\/tr>\n<\/tbody>\n<\/table><\/div>\n<\/p><\/div>\n<p> <!-- Secci\u00f3n de aplicaciones --> <\/p>\n<div style='margin-bottom: 30px;'>\n<h3 style='font-size: 22px; border-bottom: 2px solid currentColor; padding-bottom: 5px; margin-top: 0; color: inherit; opacity: 0.8;'>Aplicaciones<\/h3>\n<ul style='padding-left: 20px; font-size: 15px; color: inherit;'>\n<li style='margin-bottom: 5px;'>Servicios de emergencia (polic\u00eda&comma; bomberos&comma; etc.)<\/li>\n<li style='margin-bottom: 5px;'>Sistemas SCADA<\/li>\n<li style='margin-bottom: 5px;'>Ideal para estaciones base con mayor carga par\u00e1metros<\/li>\n<li style='margin-bottom: 5px;'>Torres para instalaci\u00f3n de estaci\u00f3n base<\/li>\n<\/ul><\/div>\n<p> <!-- Secci\u00f3n de diferenciadores --> <\/p>\n<div style='margin-bottom: 30px;'>\n<h3 style='font-size: 22px; border-bottom: 2px solid currentColor; padding-bottom: 5px; margin-top: 0; color: inherit; opacity: 0.8;'>Diferenciadores de la L\u00ednea SUPERTITAN<\/h3>\n<ul style='padding-left: 20px; font-size: 15px; color: inherit;'>\n<li style='margin-bottom: 5px;'>Altura m\u00e1xima de 190 pies<\/li>\n<li style='margin-bottom: 5px;'>Nuevo empaque innovador<\/li>\n<li style='margin-bottom: 5px;'>Reduce dr\u00e1sticamente los costos de flete<\/li>\n<li style='margin-bottom: 5px;'>Plazos de entrega reducidos<\/li>\n<\/ul><\/div>\n<p> <!-- Secci\u00f3n de empaque optimizado --> <\/p>\n<div style='margin-bottom: 30px;'>\n<h3 style='font-size: 22px; border-bottom: 2px solid currentColor; padding-bottom: 5px; margin-top: 0; color: inherit; opacity: 0.8;'>Sistema de Empaque Optimizado<\/h3>\n<div style='margin-top: 15px;'> <img style='width: 100%; height: auto; border: 1px solid rgba(150&comma;150&comma;150&comma;0.3); border-radius: 8px;' src='https:\/\/ftp3.syscom.mx\/usuarios\/fotos\/TRYST40S300\/159323-empaque.png' alt=''> <\/div>\n<\/p><\/div>\n<p> <!-- Secci\u00f3n de instalaci\u00f3n t\u00edpica --> <\/p>\n<div style='margin-bottom: 30px;'>\n<h3 style='font-size: 22px; border-bottom: 2px solid currentColor; padding-bottom: 5px; margin-top: 0; color: inherit; opacity: 0.8;'>Instalaci\u00f3n t\u00edpica de Torre<\/h3>\n<div style='margin-top: 15px;'> <img style='width: 100%; height: auto; border: 1px solid rgba(150&comma;150&comma;150&comma;0.3); border-radius: 8px;' src='https:\/\/ftp3.syscom.mx\/usuarios\/fotos\/TRYST40S300\/159323-dscf0333.gif' alt=''> <\/div>\n<\/p><\/div>\n<p> <!-- Secci\u00f3n de instalaci\u00f3n en nieve --> <\/p>\n<div style='margin-bottom: 30px;'>\n<h3 style='font-size: 22px; border-bottom: 2px solid currentColor; padding-bottom: 5px; margin-top: 0; color: inherit; opacity: 0.8;'>Instalaci\u00f3n en condiciones de Nieve<\/h3>\n<div style='margin-top: 15px;'> <img style='width: 100%; height: auto; border: 1px solid rgba(150&comma;150&comma;150&comma;0.3); border-radius: 8px;' src='https:\/\/ftp3.syscom.mx\/usuarios\/fotos\/TRYST40S300\/159323-imagen1_chica.png' alt=''> <\/div>\n<\/p><\/div>\n<p> <!-- Separador final --> <\/p>\n<hr style='border: 0; border-top: 1px solid rgba(150&comma; 150&comma; 150&comma; 0.3); margin: 30px 0;'> <\/div>\n","protected":false},"excerpt":{"rendered":"<p>Torre Autosoportada. 50ft (15.24m) SuperTitan S500 Galvanizada (incluye anclaje)<\/p>\n","protected":false},"featured_media":68638,"comment_status":"open","ping_status":"closed","template":"","meta":[],"product_brand":[],"product_cat":[1713],"product_tag":[1714,246,1715],"class_list":{"0":"post-68639","1":"product","2":"type-product","3":"status-publish","4":"has-post-thumbnail","6":"product_cat-torres-autosoportadas","7":"product_tag-torres-autosoportadas","8":"product_tag-torres-y-mastiles","9":"product_tag-trylon","11":"first","12":"instock","13":"sale","14":"shipping-taxable","15":"purchasable","16":"product-type-simple"},"_links":{"self":[{"href":"https:\/\/soydeaqui.ddns.net\/pachuca\/index.php\/wp-json\/wp\/v2\/product\/68639","targetHints":{"allow":["GET"]}}],"collection":[{"href":"https:\/\/soydeaqui.ddns.net\/pachuca\/index.php\/wp-json\/wp\/v2\/product"}],"about":[{"href":"https:\/\/soydeaqui.ddns.net\/pachuca\/index.php\/wp-json\/wp\/v2\/types\/product"}],"replies":[{"embeddable":true,"href":"https:\/\/soydeaqui.ddns.net\/pachuca\/index.php\/wp-json\/wp\/v2\/comments?post=68639"}],"wp:featuredmedia":[{"embeddable":true,"href":"https:\/\/soydeaqui.ddns.net\/pachuca\/index.php\/wp-json\/wp\/v2\/media\/68638"}],"wp:attachment":[{"href":"https:\/\/soydeaqui.ddns.net\/pachuca\/index.php\/wp-json\/wp\/v2\/media?parent=68639"}],"wp:term":[{"taxonomy":"product_brand","embeddable":true,"href":"https:\/\/soydeaqui.ddns.net\/pachuca\/index.php\/wp-json\/wp\/v2\/product_brand?post=68639"},{"taxonomy":"product_cat","embeddable":true,"href":"https:\/\/soydeaqui.ddns.net\/pachuca\/index.php\/wp-json\/wp\/v2\/product_cat?post=68639"},{"taxonomy":"product_tag","embeddable":true,"href":"https:\/\/soydeaqui.ddns.net\/pachuca\/index.php\/wp-json\/wp\/v2\/product_tag?post=68639"}],"curies":[{"name":"wp","href":"https:\/\/api.w.org\/{rel}","templated":true}]}}