{"id":68616,"date":"2026-03-19T10:15:39","date_gmt":"2026-03-19T10:15:39","guid":{"rendered":"https:\/\/soydeaqui.ddns.net\/pachuca\/index.php\/producto\/bateria-de-li-ion-2300mah-para-radio-motorola-mt3100-mt3150-incluye-clip\/"},"modified":"2026-03-19T10:15:47","modified_gmt":"2026-03-19T10:15:47","slug":"bateria-de-li-ion-2300mah-para-radio-motorola-mt3100-mt3150-incluye-clip","status":"publish","type":"product","link":"https:\/\/soydeaqui.ddns.net\/pachuca\/index.php\/producto\/bateria-de-li-ion-2300mah-para-radio-motorola-mt3100-mt3150-incluye-clip\/","title":{"rendered":"Bater\u00eda de Li-Ion, 2300MAH para radio Motorola MT3100, MT3150 incluye Clip."},"content":{"rendered":"<div style='width: 100%; max-width: 1200px; margin: 0 auto; font-family: sans-serif; line-height: 1.6; color: inherit; background-color: transparent;'>\n<div style='display: flex; flex-wrap: wrap; gap: 30px; margin-bottom: 30px;'>\n<div style='flex: 1 1 300px; min-width: 280px;'>\n<h3 style='font-size: 22px; border-bottom: 2px solid currentColor; padding-bottom: 5px; margin-top: 0; color: inherit; opacity: 0.8;'>Caracter\u00edsticas<\/h3>\n<ul style='padding-left: 20px; font-size: 15px; color: inherit;'>\n<li style='margin-bottom: 5px;'>Para usar con modelos de radio de dos v\u00edas: MT3100&comma; MT3150<\/li>\n<li style='margin-bottom: 5px;'>Reemplazo para Bater\u00eda OEM: NNTN8023<\/li>\n<li style='margin-bottom: 5px;'>Material de la carcasa: Policarbonato<\/li>\n<li style='margin-bottom: 5px;'>M\u00e9todo de sellado: Soldadura ultras\u00f3nica<\/li>\n<li style='margin-bottom: 5px;'>Material de contactos externos: N\u00edquel chapado en oro<\/li>\n<li style='margin-bottom: 5px;'>Soldadura interna del paquete de celdas: pesta\u00f1as de n\u00edquel puro&comma; soldado por puntos<\/li>\n<li style='margin-bottom: 5px;'>Dimensi\u00f3n de L&comma;A&comma;H. (mm): 105 \u00d7 52 \u00d7 28<\/li>\n<li style='margin-bottom: 5px;'>Incluye clip de cintur\u00f3n: S\u00ed<\/li>\n<\/ul><\/div>\n<\/p><\/div>\n<div style='display: flex; flex-wrap: wrap; gap: 20px; margin-bottom: 30px;'>\n<div style='flex: 1 1 250px; border: 1px solid rgba(150&comma; 150&comma; 150&comma; 0.4); border-radius: 8px; overflow: hidden; display: flex; flex-direction: column;'>\n<div style='padding: 15px; border-bottom: 1px solid rgba(150&comma; 150&comma; 150&comma; 0.2); font-weight: bold; font-size: 18px; color: inherit;'>Caracter\u00edsticas de seguridad<\/div>\n<div style='padding: 15px; color: inherit;'>\n<ul style='padding-left: 20px; margin: 0; font-size: 14px; list-style-type: disc;'>\n<li style='margin-bottom: 5px;'>El paquete de bater\u00eda incorpora dispositivos de seguridad dise\u00f1ados para evitar da\u00f1os&comma; sobrecalentamiento&comma; incendio o explosi\u00f3n en el caso de eventos no t\u00edpicos&comma; como un cortocircuito accidental o el uso de un cargador incorrecto o defectuoso<\/li>\n<li style='margin-bottom: 5px;'>Las celdas el\u00e9ctricas individuales comprenden un respiradero de seguridad resellable para evitar la acumulaci\u00f3n de presi\u00f3n interna<\/li>\n<li style='margin-bottom: 5px;'>Los paquetes de bater\u00edas de ion-litio contienen circuitos dise\u00f1ados para evitar la sobrecarga y la sobredescarga&comma; que pueden da\u00f1ar las c\u00e9lulas internas y provocar la muerte prematura de la bater\u00eda y la hinchaz\u00f3n en casos extremos<\/li>\n<\/ul><\/div>\n<\/p><\/div>\n<\/p><\/div>\n<div style='display: flex; flex-wrap: wrap; gap: 20px; margin-bottom: 30px;'>\n<div style='flex: 1 1 250px; border: 1px solid rgba(150&comma; 150&comma; 150&comma; 0.4); border-radius: 8px; overflow: hidden; display: flex; flex-direction: column;'>\n<div style='padding: 15px; border-bottom: 1px solid rgba(150&comma; 150&comma; 150&comma; 0.2); font-weight: bold; font-size: 18px; color: inherit;'>Compatibilidad<\/div>\n<div style='padding: 15px; color: inherit;'>\n<ul style='padding-left: 20px; margin: 0; font-size: 14px; list-style-type: disc;'>\n<li style='margin-bottom: 5px;'>Este producto fue desarrollado y se prueba continuamente junto con el dispositivo original y equipo de carga<\/li>\n<li style='margin-bottom: 5px;'>Est\u00e1 garantizado para una total compatibilidad con estos<\/li>\n<li style='margin-bottom: 5px;'>Las especificaciones de todos los componentes utilizados cumplen o exceden la del equipo<\/li>\n<\/ul><\/div>\n<\/p><\/div>\n<\/p><\/div>\n<hr style='border: 0; border-top: 1px solid rgba(150&comma; 150&comma; 150&comma; 0.3); margin: 30px 0;'> <\/div>\n","protected":false},"excerpt":{"rendered":"<p>Bater\u00eda de Li-Ion, 2300MAH para radio Motorola MT3100, MT3150 incluye Clip.<\/p>\n","protected":false},"featured_media":68615,"comment_status":"open","ping_status":"closed","template":"","meta":[],"product_brand":[],"product_cat":[1763],"product_tag":[1614,143,560],"class_list":{"0":"post-68616","1":"product","2":"type-product","3":"status-publish","4":"has-post-thumbnail","6":"product_cat-baterias-accesorios-para-motorola","7":"product_tag-accesorios-para-motorola","8":"product_tag-baterias","9":"product_tag-txpro","11":"first","12":"outofstock","13":"sale","14":"shipping-taxable","15":"purchasable","16":"product-type-simple"},"_links":{"self":[{"href":"https:\/\/soydeaqui.ddns.net\/pachuca\/index.php\/wp-json\/wp\/v2\/product\/68616","targetHints":{"allow":["GET"]}}],"collection":[{"href":"https:\/\/soydeaqui.ddns.net\/pachuca\/index.php\/wp-json\/wp\/v2\/product"}],"about":[{"href":"https:\/\/soydeaqui.ddns.net\/pachuca\/index.php\/wp-json\/wp\/v2\/types\/product"}],"replies":[{"embeddable":true,"href":"https:\/\/soydeaqui.ddns.net\/pachuca\/index.php\/wp-json\/wp\/v2\/comments?post=68616"}],"wp:featuredmedia":[{"embeddable":true,"href":"https:\/\/soydeaqui.ddns.net\/pachuca\/index.php\/wp-json\/wp\/v2\/media\/68615"}],"wp:attachment":[{"href":"https:\/\/soydeaqui.ddns.net\/pachuca\/index.php\/wp-json\/wp\/v2\/media?parent=68616"}],"wp:term":[{"taxonomy":"product_brand","embeddable":true,"href":"https:\/\/soydeaqui.ddns.net\/pachuca\/index.php\/wp-json\/wp\/v2\/product_brand?post=68616"},{"taxonomy":"product_cat","embeddable":true,"href":"https:\/\/soydeaqui.ddns.net\/pachuca\/index.php\/wp-json\/wp\/v2\/product_cat?post=68616"},{"taxonomy":"product_tag","embeddable":true,"href":"https:\/\/soydeaqui.ddns.net\/pachuca\/index.php\/wp-json\/wp\/v2\/product_tag?post=68616"}],"curies":[{"name":"wp","href":"https:\/\/api.w.org\/{rel}","templated":true}]}}