{"id":68591,"date":"2026-03-19T10:14:44","date_gmt":"2026-03-19T10:14:44","guid":{"rendered":"https:\/\/soydeaqui.ddns.net\/pachuca\/index.php\/producto\/torre-autosoportada-190ft-57-9m-supertitan-s310-galvanizada-incluye-anclaje\/"},"modified":"2026-03-19T10:14:44","modified_gmt":"2026-03-19T10:14:44","slug":"torre-autosoportada-190ft-57-9m-supertitan-s310-galvanizada-incluye-anclaje","status":"publish","type":"product","link":"https:\/\/soydeaqui.ddns.net\/pachuca\/index.php\/producto\/torre-autosoportada-190ft-57-9m-supertitan-s310-galvanizada-incluye-anclaje\/","title":{"rendered":"Torre Autosoportada. 190ft (57.9m) SuperTitan S310 Galvanizada (incluye anclaje)"},"content":{"rendered":"<div style='width: 100%; max-width: 1200px; margin: 0 auto; font-family: sans-serif; line-height: 1.6; color: inherit; background-color: transparent;'> <!-- Contenedor de logos --> <\/p>\n<div style='display: flex; flex-wrap: wrap; justify-content: start; align-items: center; gap: 15px; margin-bottom: 30px;'> <img style='width: 280px; height: auto; border: 1px solid rgba(150&comma;150&comma;150&comma;0.3); border-radius: 8px;' src='https:\/\/ftp3.syscom.mx\/usuarios\/fotos\/TRYST40S310\/159323-super_titan.png' alt=''> <img style='width: 200px; height: auto; border: 1px solid rgba(150&comma;150&comma;150&comma;0.3); border-radius: 8px;' src='https:\/\/ftp3.syscom.mx\/usuarios\/fotos\/TRYT64T300\/158134-trylon_logo_2.png' alt=''> <\/div>\n<p> <!-- Descripci\u00f3n general --> <\/p>\n<div style='margin-bottom: 30px;'>\n<p style='font-size: 15px; color: inherit; margin: 0 0 15px; text-align: justify;'> El SuperTitan KD es una torre modular que se puede elevar hasta 190 pies de altura. Este sistema modular se puede configurar para crear diferentes tipos de torres&comma; variando alturas y capacidades de carga. <\/p>\n<p style='font-size: 15px; color: inherit; margin: 0 0 15px; text-align: justify;'> El dise\u00f1o SuperTitan KD cumple con el est\u00e1ndar <em>ANSI-TIA-222 F &#038; G.<\/em> <\/p>\n<\/p><\/div>\n<p> <!-- Secci\u00f3n de caracter\u00edsticas --> <\/p>\n<div style='display: flex; flex-wrap: wrap; gap: 30px; margin-bottom: 30px;'>\n<div style='flex: 1 1 300px; min-width: 280px;'>\n<h3 style='font-size: 22px; border-bottom: 2px solid currentColor; padding-bottom: 5px; margin-top: 0; color: inherit; opacity: 0.8;'>Caracter\u00edsticas principales<\/h3>\n<ul style='padding-left: 20px; font-size: 15px; color: inherit; list-style-type: disc;'>\n<li style='margin-bottom: 5px;'><strong>Tipo:<\/strong> Autosoportada<\/li>\n<li style='margin-bottom: 5px;'><strong>Altura de cada secci\u00f3n:<\/strong> 10&#8242; (3m)<\/li>\n<li style='margin-bottom: 5px;'><strong>Altura Total:<\/strong> 57.9 m (190&#8242;)<\/li>\n<li style='margin-bottom: 5px;'><strong>Modelo:<\/strong> S-310<\/li>\n<li style='margin-bottom: 5px;'><strong>Est\u00e1ndar:<\/strong> Dise\u00f1ado para cumplir con el est\u00e1ndar TIA\/EIA-222<\/li>\n<li style='margin-bottom: 5px;'><strong>Modelo de f\u00e1brica:<\/strong> 5.94.0310.190<\/li>\n<\/ul><\/div>\n<p> <!-- Tabla de capacidades --> <\/p>\n<div style='flex: 1 1 300px; min-width: 280px;'>\n<h3 style='font-size: 22px; border-bottom: 2px solid currentColor; padding-bottom: 5px; margin-top: 0; color: inherit; opacity: 0.8;'>Capacidad de carga<\/h3>\n<div style='overflow-x: auto;'>\n<table style='width: 100%; border-collapse: collapse; font-size: 14px; color: inherit;'>\n<thead>\n<tr>\n<th style='border: 1px solid rgba(150&comma;150&comma;150&comma;0.3); padding: 10px; text-align: left; min-width: 120px; background-color: rgba(150&comma;150&comma;150&comma;0.1);'>Condiciones de carga<\/th>\n<th style='border: 1px solid rgba(150&comma;150&comma;150&comma;0.3); padding: 10px; text-align: center; min-width: 80px; background-color: rgba(150&comma;150&comma;150&comma;0.1);'>90 mph<br \/>(144.8 km\/hr)<\/th>\n<th style='border: 1px solid rgba(150&comma;150&comma;150&comma;0.3); padding: 10px; text-align: center; min-width: 80px; background-color: rgba(150&comma;150&comma;150&comma;0.1);'>105 mph<br \/>(168.9 km\/hr)<\/th>\n<th style='border: 1px solid rgba(150&comma;150&comma;150&comma;0.3); padding: 10px; text-align: center; min-width: 80px; background-color: rgba(150&comma;150&comma;150&comma;0.1);'>120 mph<br \/>(193.1 km\/hr)<\/th>\n<\/tr>\n<\/thead>\n<tbody>\n<tr>\n<td style='border: 1px solid rgba(150&comma;150&comma;150&comma;0.3); padding: 10px; vertical-align: top;'> \u00c1rea de antenas permisibles en pies cuadrados (ft\u00b2).<br \/> EIA Rev. Clase 1:<br \/> 0.75&#8242; Hielo <\/td>\n<td style='border: 1px solid rgba(150&comma;150&comma;150&comma;0.3); padding: 10px; text-align: center;'>8<\/td>\n<td style='border: 1px solid rgba(150&comma;150&comma;150&comma;0.3); padding: 10px; text-align: center;'>&#8211;<\/td>\n<td style='border: 1px solid rgba(150&comma;150&comma;150&comma;0.3); padding: 10px; text-align: center;'>&#8211;<\/td>\n<\/tr>\n<tr>\n<td style='border: 1px solid rgba(150&comma;150&comma;150&comma;0.3); padding: 10px; vertical-align: top;'> \u00c1rea de antenas permisibles en pies cuadrados (ft\u00b2).<br \/> EIA Rev. Clase 2:<br \/> 0.75&#8242; Hielo <\/td>\n<td style='border: 1px solid rgba(150&comma;150&comma;150&comma;0.3); padding: 10px; text-align: center;'>&#8211;<\/td>\n<td style='border: 1px solid rgba(150&comma;150&comma;150&comma;0.3); padding: 10px; text-align: center;'>&#8211;<\/td>\n<td style='border: 1px solid rgba(150&comma;150&comma;150&comma;0.3); padding: 10px; text-align: center;'>&#8211;<\/td>\n<\/tr>\n<\/tbody>\n<\/table><\/div>\n<\/p><\/div>\n<\/p><\/div>\n<p> <!-- Secci\u00f3n de aplicaciones --> <\/p>\n<div style='margin-bottom: 30px;'>\n<h3 style='font-size: 22px; border-bottom: 2px solid currentColor; padding-bottom: 5px; margin-top: 0; color: inherit; opacity: 0.8;'>Aplicaciones<\/h3>\n<ul style='padding-left: 20px; font-size: 15px; color: inherit; list-style-type: disc;'>\n<li style='margin-bottom: 5px;'>Servicios de emergencia (polic\u00eda&comma; bomberos&comma; etc.)<\/li>\n<li style='margin-bottom: 5px;'>Sistemas SCADA<\/li>\n<li style='margin-bottom: 5px;'>Ideal para estaciones base con mayor carga par\u00e1metros<\/li>\n<li style='margin-bottom: 5px;'>Torres para instalaci\u00f3n de estaci\u00f3n base<\/li>\n<\/ul><\/div>\n<p> <!-- Secci\u00f3n de diferenciadores --> <\/p>\n<div style='margin-bottom: 30px;'>\n<h3 style='font-size: 22px; border-bottom: 2px solid currentColor; padding-bottom: 5px; margin-top: 0; color: inherit; opacity: 0.8;'>Diferenciadores de la L\u00ednea SUPERTITAN<\/h3>\n<ul style='padding-left: 20px; font-size: 15px; color: inherit; list-style-type: disc;'>\n<li style='margin-bottom: 5px;'>Altura m\u00e1xima de 190 pies<\/li>\n<li style='margin-bottom: 5px;'>Nuevo empaque innovador<\/li>\n<li style='margin-bottom: 5px;'>Reduce dr\u00e1sticamente los costos de flete<\/li>\n<li style='margin-bottom: 5px;'>Plazos de entrega reducidos<\/li>\n<\/ul><\/div>\n<p> <!-- Secci\u00f3n de accesorios --> <\/p>\n<div style='margin-bottom: 30px;'>\n<h3 style='font-size: 22px; border-bottom: 2px solid currentColor; padding-bottom: 5px; margin-top: 0; color: inherit; opacity: 0.8;'>Accesorios complementarios (No incluidos)<\/h3>\n<div style='display: grid; grid-template-columns: repeat(auto-fill&comma; minmax(280px&comma; 1fr)); gap: 15px; margin-top: 15px;'>\n<div style='border: 1px solid rgba(150&comma;150&comma;150&comma;0.3); border-radius: 8px; padding: 15px; background-color: rgba(255&comma;255&comma;255&comma;0.05);'>\n<p style='margin: 0 0 10px 0;'><strong>Cantidad:<\/strong> 10<\/p>\n<p style='margin: 0 0 10px 0;'><strong>Modelo:<\/strong> <a href='https:\/\/www.syscom.mx\/producto\/TRY-ST-STEP10-Trylon-165144.html' style='color: #2880b9; text-decoration: none;'>TRY-ST-STEP10<\/a><\/p>\n<p style='margin: 0;'><strong>Descripci\u00f3n:<\/strong> Pelda\u00f1os tipo Perno para Torres. Secciones 1 a 12 kit con 10 pzas.<\/p>\n<\/p><\/div>\n<div style='border: 1px solid rgba(150&comma;150&comma;150&comma;0.3); border-radius: 8px; padding: 15px; background-color: rgba(255&comma;255&comma;255&comma;0.05);'>\n<p style='margin: 0 0 10px 0;'><strong>Cantidad:<\/strong> 9<\/p>\n<p style='margin: 0 0 10px 0;'><strong>Modelo:<\/strong> <a href='https:\/\/www.syscom.mx\/producto\/TRY-ST-STEPW-Trylon-165145.html' style='color: #2880b9; text-decoration: none;'>TRY-ST-STEPW<\/a><\/p>\n<p style='margin: 0;'><strong>Descripci\u00f3n:<\/strong> Escalera de 3 m Tipo Perno con Secci\u00f3n Soldada para Torres. Secciones 13 a 21.<\/p>\n<\/p><\/div>\n<div style='border: 1px solid rgba(150&comma;150&comma;150&comma;0.3); border-radius: 8px; padding: 15px; background-color: rgba(255&comma;255&comma;255&comma;0.05);'>\n<p style='margin: 0 0 10px 0;'><strong>Cantidad:<\/strong> 1<\/p>\n<p style='margin: 0 0 10px 0;'><strong>Modelo:<\/strong> <a href='https:\/\/www.syscom.mx\/producto\/TRY-ST-LV190-Trylon-165147.html' style='color: #2880b9; text-decoration: none;'>TRY-ST-LV190<\/a><\/p>\n<p style='margin: 0;'><strong>Descripci\u00f3n:<\/strong> L\u00ednea de Vida hasta 57.9 m (190 pies). Compatible con l\u00ednea Super Titan.<\/p>\n<\/p><\/div>\n<div style='border: 1px solid rgba(150&comma;150&comma;150&comma;0.3); border-radius: 8px; padding: 15px; background-color: rgba(255&comma;255&comma;255&comma;0.05);'>\n<p style='margin: 0 0 10px 0;'><strong>Cantidad:<\/strong> 1<\/p>\n<p style='margin: 0 0 10px 0;'><strong>Modelo:<\/strong> <a href='https:\/\/www.syscom.mx\/producto\/TRY-TLR-Trylon-165266.html' style='color: #2880b9; text-decoration: none;'>TRY-TLR<\/a><\/p>\n<p style='margin: 0;'><strong>Descripci\u00f3n:<\/strong> Punta Pararrayo Maciza para Estructura de Torres.<\/p>\n<\/p><\/div>\n<div style='border: 1px solid rgba(150&comma;150&comma;150&comma;0.3); border-radius: 8px; padding: 15px; background-color: rgba(255&comma;255&comma;255&comma;0.05);'>\n<p style='margin: 0 0 10px 0;'><strong>Cantidad:<\/strong> 1<\/p>\n<p style='margin: 0 0 10px 0;'><strong>Modelo:<\/strong> <a href='https:\/\/www.syscom.mx\/producto\/TRY-ST-GROUND3-Trylon-177071.html' style='color: #2880b9; text-decoration: none;'>TRY-ST-GROUND3<\/a><\/p>\n<p style='margin: 0;'><strong>Descripci\u00f3n:<\/strong> Sistema de Aterrizaje en 3 Piernas para torres ST.<\/p>\n<\/p><\/div>\n<div style='border: 1px solid rgba(150&comma;150&comma;150&comma;0.3); border-radius: 8px; padding: 15px; background-color: rgba(255&comma;255&comma;255&comma;0.05);'>\n<p style='margin: 0 0 10px 0;'><strong>Cantidad:<\/strong> 66<\/p>\n<p style='margin: 0 0 10px 0;'><strong>Modelo:<\/strong> <a href='https:\/\/www.syscom.mx\/producto\/TRY-ST-BRKT-4H-Trylon-161698.html' style='color: #2880b9; text-decoration: none;'>TRYSTBRKT4H<\/a><\/p>\n<p style='margin: 0;'><strong>Descripci\u00f3n:<\/strong> Bracket Gu\u00eda de Cable de 4 orificios para torre ST.<\/p>\n<\/p><\/div>\n<div style='border: 1px solid rgba(150&comma;150&comma;150&comma;0.3); border-radius: 8px; padding: 15px; background-color: rgba(255&comma;255&comma;255&comma;0.05);'>\n<p style='margin: 0 0 10px 0;'><strong>Cantidad:<\/strong> 1<\/p>\n<p style='margin: 0 0 10px 0;'><strong>Modelo:<\/strong> <a href='https:\/\/www.syscom.mx\/producto\/TRY-ST-ANTIC-13-Trylon-168017.html' style='color: #2880b9; text-decoration: none;'>TRYSTANTIC13<\/a><\/p>\n<p style='margin: 0;'><strong>Descripci\u00f3n:<\/strong> Sistema antiescala para torre&comma; secciones 13-21.<\/p>\n<\/p><\/div>\n<div style='border: 1px solid rgba(150&comma;150&comma;150&comma;0.3); border-radius: 8px; padding: 15px; background-color: rgba(255&comma;255&comma;255&comma;0.05);'>\n<p style='margin: 0 0 10px 0;'><strong>Cantidad:<\/strong> 3<\/p>\n<p style='margin: 0 0 10px 0;'><strong>Modelo:<\/strong> <a href='https:\/\/www.syscom.mx\/producto\/EI-GSL-SE-EPCOM-INDUSTRIAL-155623.html' style='color: #2880b9; text-decoration: none;'>EIGSL SE<\/a><\/p>\n<p style='margin: 0;'><strong>Descripci\u00f3n:<\/strong> L\u00e1mpara de Obstrucci\u00f3n Aut\u00f3noma con Led color rojo con Panel Solar.<\/p>\n<p style='margin-top: 10px; font-size: 13px; color: inherit;'><em>*Dos en la punta y 1 a 2\/3 partes<\/em><\/p>\n<\/p><\/div>\n<div style='border: 1px solid rgba(150&comma;150&comma;150&comma;0.3); border-radius: 8px; padding: 15px; background-color: rgba(255&comma;255&comma;255&comma;0.05);'>\n<p style='margin: 0 0 10px 0;'><strong>Cantidad:<\/strong> 3<\/p>\n<p style='margin: 0 0 10px 0;'><strong>Modelo:<\/strong> <a href='https:\/\/www.syscom.mx\/producto\/HLU3-TA-EPCOM-INDUSTRIAL-190835.html' style='color: #2880b9; text-decoration: none;'>HLU3TA<\/a><\/p>\n<p style='margin: 0;'><strong>Descripci\u00f3n:<\/strong> Base para L\u00e1mpara de Obstrucci\u00f3n EIGSLE.<\/p>\n<\/p><\/div>\n<\/p><\/div>\n<\/p><\/div>\n<p> <!-- Secci\u00f3n de im\u00e1genes --> <\/p>\n<div style='margin-bottom: 30px;'>\n<h3 style='font-size: 22px; border-bottom: 2px solid currentColor; padding-bottom: 5px; margin-top: 0; color: inherit; opacity: 0.8;'>Sistema de Empaque Optimizado<\/h3>\n<div style='margin-top: 15px;'> <img style='width: 100%; height: auto; border: 1px solid rgba(150&comma;150&comma;150&comma;0.3); border-radius: 8px;' src='https:\/\/ftp3.syscom.mx\/usuarios\/fotos\/TRYST40S300\/159323-empaque.png' alt='Sistema de Empaque Optimizado'> <\/div>\n<\/p><\/div>\n<p> <!-- Secci\u00f3n de instalaci\u00f3n --> <\/p>\n<div style='margin-bottom: 30px;'>\n<h3 style='font-size: 22px; border-bottom: 2px solid currentColor; padding-bottom: 5px; margin-top: 0; color: inherit; opacity: 0.8;'>Instalaci\u00f3n t\u00edpica de Torre<\/h3>\n<div style='margin-top: 15px;'> <img style='width: 100%; height: auto; border: 1px solid rgba(150&comma;150&comma;150&comma;0.3); border-radius: 8px;' src='https:\/\/ftp3.syscom.mx\/usuarios\/fotos\/TRYST40S300\/159323-dscf0333.gif' alt='Instalaci\u00f3n t\u00edpica de Torre'> <\/div>\n<\/p><\/div>\n<p> <!-- Secci\u00f3n de instalaci\u00f3n en nieve --> <\/p>\n<div style='margin-bottom: 30px;'>\n<h3 style='font-size: 22px; border-bottom: 2px solid currentColor; padding-bottom: 5px; margin-top: 0; color: inherit; opacity: 0.8;'>Instalaci\u00f3n en condiciones de Nieve<\/h3>\n<div style='margin-top: 15px;'> <img style='width: 100%; height: auto; border: 1px solid rgba(150&comma;150&comma;150&comma;0.3); border-radius: 8px;' src='https:\/\/ftp3.syscom.mx\/usuarios\/fotos\/TRYST40S300\/159323-imagen1_chica.png' alt='Instalaci\u00f3n en condiciones de Nieve'> <\/div>\n<\/p><\/div>\n<p> <!-- Separador final --> <\/p>\n<hr style='border: 0; border-top: 1px solid rgba(150&comma;150&comma;150&comma;0.3); margin: 30px 0;'> <\/div>\n","protected":false},"excerpt":{"rendered":"<p>Torre Autosoportada. 190ft (57.9m) SuperTitan S310 Galvanizada (incluye anclaje)<\/p>\n","protected":false},"featured_media":68590,"comment_status":"open","ping_status":"closed","template":"","meta":[],"product_brand":[],"product_cat":[1713],"product_tag":[1714,246,1715],"class_list":{"0":"post-68591","1":"product","2":"type-product","3":"status-publish","4":"has-post-thumbnail","6":"product_cat-torres-autosoportadas","7":"product_tag-torres-autosoportadas","8":"product_tag-torres-y-mastiles","9":"product_tag-trylon","11":"first","12":"instock","13":"sale","14":"shipping-taxable","15":"purchasable","16":"product-type-simple"},"_links":{"self":[{"href":"https:\/\/soydeaqui.ddns.net\/pachuca\/index.php\/wp-json\/wp\/v2\/product\/68591","targetHints":{"allow":["GET"]}}],"collection":[{"href":"https:\/\/soydeaqui.ddns.net\/pachuca\/index.php\/wp-json\/wp\/v2\/product"}],"about":[{"href":"https:\/\/soydeaqui.ddns.net\/pachuca\/index.php\/wp-json\/wp\/v2\/types\/product"}],"replies":[{"embeddable":true,"href":"https:\/\/soydeaqui.ddns.net\/pachuca\/index.php\/wp-json\/wp\/v2\/comments?post=68591"}],"wp:featuredmedia":[{"embeddable":true,"href":"https:\/\/soydeaqui.ddns.net\/pachuca\/index.php\/wp-json\/wp\/v2\/media\/68590"}],"wp:attachment":[{"href":"https:\/\/soydeaqui.ddns.net\/pachuca\/index.php\/wp-json\/wp\/v2\/media?parent=68591"}],"wp:term":[{"taxonomy":"product_brand","embeddable":true,"href":"https:\/\/soydeaqui.ddns.net\/pachuca\/index.php\/wp-json\/wp\/v2\/product_brand?post=68591"},{"taxonomy":"product_cat","embeddable":true,"href":"https:\/\/soydeaqui.ddns.net\/pachuca\/index.php\/wp-json\/wp\/v2\/product_cat?post=68591"},{"taxonomy":"product_tag","embeddable":true,"href":"https:\/\/soydeaqui.ddns.net\/pachuca\/index.php\/wp-json\/wp\/v2\/product_tag?post=68591"}],"curies":[{"name":"wp","href":"https:\/\/api.w.org\/{rel}","templated":true}]}}