{"id":68574,"date":"2026-03-19T10:14:14","date_gmt":"2026-03-19T10:14:14","guid":{"rendered":"https:\/\/soydeaqui.ddns.net\/pachuca\/index.php\/producto\/torre-autosoportada-130ft-39-6m-supertitan-s310-galvanizada-incluye-anclaje\/"},"modified":"2026-03-19T10:14:15","modified_gmt":"2026-03-19T10:14:15","slug":"torre-autosoportada-130ft-39-6m-supertitan-s310-galvanizada-incluye-anclaje","status":"publish","type":"product","link":"https:\/\/soydeaqui.ddns.net\/pachuca\/index.php\/producto\/torre-autosoportada-130ft-39-6m-supertitan-s310-galvanizada-incluye-anclaje\/","title":{"rendered":"Torre Autosoportada. 130ft (39.6m) SuperTitan S310 Galvanizada (incluye anclaje)"},"content":{"rendered":"<div style='width: 100%; max-width: 1200px; margin: 0 auto; font-family: sans-serif; line-height: 1.6; color: inherit; background-color: transparent;'> <!-- Contenedor de im\u00e1genes iniciales --> <\/p>\n<div style='display: flex; flex-wrap: wrap; gap: 20px; align-items: center; margin-bottom: 30px;'> <img style='width: 100%; max-width: 280px; height: auto; border: 1px solid rgba(150&comma;150&comma;150&comma;0.3); border-radius: 8px;' src='https:\/\/ftp3.syscom.mx\/usuarios\/fotos\/TRYST40S300\/159323-super_titan.png' alt='Logo SuperTitan'> <img style='width: 100%; max-width: 200px; height: auto; border: 1px solid rgba(150&comma;150&comma;150&comma;0.3); border-radius: 8px;' src='https:\/\/ftp3.syscom.mx\/usuarios\/fotos\/TRYT64T300\/158134-trylon_logo_2.png' alt='Logo Trylon'> <\/div>\n<p> <!-- Descripci\u00f3n principal --> <\/p>\n<div style='margin-bottom: 30px;'>\n<p>El SuperTitan KD es una torre modular que se puede elevar hasta 190 pies de altura. Este sistema modular se puede configurar para crear diferentes tipos de torres&comma; variando alturas y capacidades de carga.<\/p>\n<p>El dise\u00f1o SuperTitan KD cumple con el est\u00e1ndar <em>ANSI-TIA-222 F &#038; G.<\/em><\/p>\n<\/p><\/div>\n<p> <!-- Caracter\u00edsticas --> <\/p>\n<div style='margin-bottom: 30px;'>\n<h3 style='font-size: 22px; border-bottom: 2px solid currentColor; padding-bottom: 5px; margin-top: 0; color: inherit; opacity: 0.8;'>Especificaciones<\/h3>\n<ul style='padding-left: 20px; font-size: 15px; color: inherit;'>\n<li style='margin-bottom: 5px;'><strong>Tipo:<\/strong> Autosoportada<\/li>\n<li style='margin-bottom: 5px;'><strong>Altura de cada secci\u00f3n:<\/strong> 10&#8242; (3.048 m)<\/li>\n<li style='margin-bottom: 5px;'><strong>Altura Total:<\/strong> 39.62 m (130&#8242;)<\/li>\n<li style='margin-bottom: 5px;'><strong>Modelo:<\/strong> S-310<\/li>\n<li style='margin-bottom: 5px;'><strong>Dise\u00f1ado para cumplir con el est\u00e1ndar:<\/strong> TIA\/EIA-222<\/li>\n<\/ul><\/div>\n<p> <!-- Tabla de capacidades --> <\/p>\n<div style='margin-bottom: 30px;'>\n<h3 style='font-size: 22px; border-bottom: 2px solid currentColor; padding-bottom: 5px; margin-top: 0; color: inherit; opacity: 0.8;'>Capacidad de carga por velocidad de viento<\/h3>\n<div style='display: grid; grid-template-columns: repeat(auto-fit&comma; minmax(250px&comma; 1fr)); gap: 15px; margin-top: 15px;'>\n<div style='border: 1px solid rgba(150&comma; 150&comma; 150&comma; 0.4); border-radius: 8px; overflow: hidden;'>\n<div style='padding: 15px; background-color: rgba(0&comma;0&comma;0&comma;0.05); font-weight: bold; font-size: 16px; color: inherit;'>90 mph (144.8 km\/hr)<\/div>\n<div style='padding: 15px; color: inherit;'>\n<p style='margin: 5px 0;'><strong>\u00c1rea de antenas permisibles (EIA Rev. Clase 1):<\/strong> 14 ft\u00b2<\/p>\n<p style='margin: 5px 0;'><strong>\u00c1rea de antenas permisibles (EIA Rev. Clase 2):<\/strong> 8 ft\u00b2<\/p>\n<\/p><\/div>\n<\/p><\/div>\n<div style='border: 1px solid rgba(150&comma; 150&comma; 150&comma; 0.4); border-radius: 8px; overflow: hidden;'>\n<div style='padding: 15px; background-color: rgba(0&comma;0&comma;0&comma;0.05); font-weight: bold; font-size: 16px; color: inherit;'>105 mph (168.9 km\/hr)<\/div>\n<div style='padding: 15px; color: inherit;'>\n<p style='margin: 5px 0;'><strong>\u00c1rea de antenas permisibles (EIA Rev. Clase 1):<\/strong> &#8211;<\/p>\n<p style='margin: 5px 0;'><strong>\u00c1rea de antenas permisibles (EIA Rev. Clase 2):<\/strong> &#8211;<\/p>\n<\/p><\/div>\n<\/p><\/div>\n<div style='border: 1px solid rgba(150&comma; 150&comma; 150&comma; 0.4); border-radius: 8px; overflow: hidden;'>\n<div style='padding: 15px; background-color: rgba(0&comma;0&comma;0&comma;0.05); font-weight: bold; font-size: 16px; color: inherit;'>120 mph (193.1 km\/hr)<\/div>\n<div style='padding: 15px; color: inherit;'>\n<p style='margin: 5px 0;'><strong>\u00c1rea de antenas permisibles (EIA Rev. Clase 1):<\/strong> &#8211;<\/p>\n<p style='margin: 5px 0;'><strong>\u00c1rea de antenas permisibles (EIA Rev. Clase 2):<\/strong> &#8211;<\/p>\n<\/p><\/div>\n<\/p><\/div>\n<\/p><\/div>\n<\/p><\/div>\n<p> <!-- Aplicaciones --> <\/p>\n<div style='margin-bottom: 30px;'>\n<h3 style='font-size: 22px; border-bottom: 2px solid currentColor; padding-bottom: 5px; margin-top: 0; color: inherit; opacity: 0.8;'>Aplicaciones<\/h3>\n<ul style='padding-left: 20px; font-size: 15px; color: inherit;'>\n<li style='margin-bottom: 5px;'>Servicios de emergencia (polic\u00eda&comma; bomberos&comma; etc.)<\/li>\n<li style='margin-bottom: 5px;'>Sistemas SCADA<\/li>\n<li style='margin-bottom: 5px;'>Ideal para estaciones base con mayor carga de par\u00e1metros<\/li>\n<li style='margin-bottom: 5px;'>Torres para instalaci\u00f3n de estaci\u00f3n base<\/li>\n<\/ul><\/div>\n<p> <!-- Diferenciadores --> <\/p>\n<div style='margin-bottom: 30px;'>\n<h3 style='font-size: 22px; border-bottom: 2px solid currentColor; padding-bottom: 5px; margin-top: 0; color: inherit; opacity: 0.8;'>Diferenciadores de la L\u00ednea SUPERTITAN<\/h3>\n<ul style='padding-left: 20px; font-size: 15px; color: inherit;'>\n<li style='margin-bottom: 5px;'>Altura m\u00e1xima de 190 pies<\/li>\n<li style='margin-bottom: 5px;'>Nuevo empaque innovador<\/li>\n<li style='margin-bottom: 5px;'>Reduce dr\u00e1sticamente los costos de flete<\/li>\n<li style='margin-bottom: 5px;'>Plazos de entrega reducidos<\/li>\n<\/ul><\/div>\n<p> <!-- Accesorios --> <\/p>\n<div style='margin-bottom: 30px;'>\n<h3 style='font-size: 22px; border-bottom: 2px solid currentColor; padding-bottom: 5px; margin-top: 0; color: inherit; opacity: 0.8;'>Accesorios complementarios <span style='color: #c0392b;'>(No incluidos)<\/span><\/h3>\n<div style='display: flex; flex-direction: column; gap: 15px; margin-top: 15px;'>\n<div style='border: 1px solid rgba(150&comma; 150&comma; 150&comma; 0.4); border-radius: 8px; overflow: hidden;'>\n<div style='padding: 15px; background-color: rgba(0&comma;0&comma;0&comma;0.05); font-weight: bold; color: inherit;'>TRY-ST-STEP10<\/div>\n<div style='padding: 15px; color: inherit;'>\n<p style='margin: 0;'><strong>Cantidad:<\/strong> 10<\/p>\n<p style='margin: 0;'><strong>Descripci\u00f3n:<\/strong> Pelda\u00f1os tipo Perno para Torres. Secciones 1 a 12 kit con 10 piezas.<\/p>\n<\/p><\/div>\n<\/p><\/div>\n<div style='border: 1px solid rgba(150&comma; 150&comma; 150&comma; 0.4); border-radius: 8px; overflow: hidden;'>\n<div style='padding: 15px; background-color: rgba(0&comma;0&comma;0&comma;0.05); font-weight: bold; color: inherit;'>TRY-ST-STEPW<\/div>\n<div style='padding: 15px; color: inherit;'>\n<p style='margin: 0;'><strong>Cantidad:<\/strong> 3<\/p>\n<p style='margin: 0;'><strong>Descripci\u00f3n:<\/strong> Escalera de 3 m Tipo Perno con Secci\u00f3n Soldada para Torres. Secciones 13 a 21.<\/p>\n<\/p><\/div>\n<\/p><\/div>\n<div style='border: 1px solid rgba(150&comma; 150&comma; 150&comma; 0.4); border-radius: 8px; overflow: hidden;'>\n<div style='padding: 15px; background-color: rgba(0&comma;0&comma;0&comma;0.05); font-weight: bold; color: inherit;'>TRY-ST-LV190<\/div>\n<div style='padding: 15px; color: inherit;'>\n<p style='margin: 0;'><strong>Cantidad:<\/strong> 1<\/p>\n<p style='margin: 0;'><strong>Descripci\u00f3n:<\/strong> L\u00ednea de Vida hasta 57.9 m (190 pies). Compatible con l\u00ednea Super Titan.<\/p>\n<\/p><\/div>\n<\/p><\/div>\n<div style='border: 1px solid rgba(150&comma; 150&comma; 150&comma; 0.4); border-radius: 8px; overflow: hidden;'>\n<div style='padding: 15px; background-color: rgba(0&comma;0&comma;0&comma;0.05); font-weight: bold; color: inherit;'>TRY-TLR<\/div>\n<div style='padding: 15px; color: inherit;'>\n<p style='margin: 0;'><strong>Cantidad:<\/strong> 1<\/p>\n<p style='margin: 0;'><strong>Descripci\u00f3n:<\/strong> Punta Pararrayo Maciza para Estructura de Torres.<\/p>\n<\/p><\/div>\n<\/p><\/div>\n<div style='border: 1px solid rgba(150&comma; 150&comma; 150&comma; 0.4); border-radius: 8px; overflow: hidden;'>\n<div style='padding: 15px; background-color: rgba(0&comma;0&comma;0&comma;0.05); font-weight: bold; color: inherit;'>TRY-ST-GROUND3<\/div>\n<div style='padding: 15px; color: inherit;'>\n<p style='margin: 0;'><strong>Cantidad:<\/strong> 1<\/p>\n<p style='margin: 0;'><strong>Descripci\u00f3n:<\/strong> Sistema de Aterrizaje en 3 Piernas para torres ST.<\/p>\n<\/p><\/div>\n<\/p><\/div>\n<div style='border: 1px solid rgba(150&comma; 150&comma; 150&comma; 0.4); border-radius: 8px; overflow: hidden;'>\n<div style='padding: 15px; background-color: rgba(0&comma;0&comma;0&comma;0.05); font-weight: bold; color: inherit;'>TRYSTBRKT4H<\/div>\n<div style='padding: 15px; color: inherit;'>\n<p style='margin: 0;'><strong>Cantidad:<\/strong> 42<\/p>\n<p style='margin: 0;'><strong>Descripci\u00f3n:<\/strong> Bracket Gu\u00eda de Cable de 4 orificios para torre ST.<\/p>\n<\/p><\/div>\n<\/p><\/div>\n<div style='border: 1px solid rgba(150&comma; 150&comma; 150&comma; 0.4); border-radius: 8px; overflow: hidden;'>\n<div style='padding: 15px; background-color: rgba(0&comma;0&comma;0&comma;0.05); font-weight: bold; color: inherit;'>TRYSTANTIC13<\/div>\n<div style='padding: 15px; color: inherit;'>\n<p style='margin: 0;'><strong>Cantidad:<\/strong> 1<\/p>\n<p style='margin: 0;'><strong>Descripci\u00f3n:<\/strong> Sistema antiescala para torre&comma; secciones 13-21.<\/p>\n<\/p><\/div>\n<\/p><\/div>\n<div style='border: 1px solid rgba(150&comma; 150&comma; 150&comma; 0.4); border-radius: 8px; overflow: hidden;'>\n<div style='padding: 15px; background-color: rgba(0&comma;0&comma;0&comma;0.05); font-weight: bold; color: inherit;'>EIGSL SE<\/div>\n<div style='padding: 15px; color: inherit;'>\n<p style='margin: 0;'><strong>Cantidad:<\/strong> 2<\/p>\n<p style='margin: 0;'><strong>Descripci\u00f3n:<\/strong> L\u00e1mpara de Obstrucci\u00f3n Aut\u00f3noma con Led color rojo con Panel Solar.<\/p>\n<\/p><\/div>\n<\/p><\/div>\n<div style='border: 1px solid rgba(150&comma; 150&comma; 150&comma; 0.4); border-radius: 8px; overflow: hidden;'>\n<div style='padding: 15px; background-color: rgba(0&comma;0&comma;0&comma;0.05); font-weight: bold; color: inherit;'>HLU3TA<\/div>\n<div style='padding: 15px; color: inherit;'>\n<p style='margin: 0;'><strong>Cantidad:<\/strong> 2<\/p>\n<p style='margin: 0;'><strong>Descripci\u00f3n:<\/strong> Base para L\u00e1mpara de Obstrucci\u00f3n EIGSLE.<\/p>\n<\/p><\/div>\n<\/p><\/div>\n<\/p><\/div>\n<p style='margin-top: 15px; color: #c0392b; font-size: 14px;'>* Dos en la punta.<\/p>\n<\/p><\/div>\n<p> <!-- Empaque --> <\/p>\n<div style='margin-bottom: 30px;'>\n<h3 style='font-size: 22px; border-bottom: 2px solid currentColor; padding-bottom: 5px; margin-top: 0; color: inherit; opacity: 0.8;'>Sistema de Empaque Optimizado<\/h3>\n<p> <img style='width: 100%; height: auto; border: 1px solid rgba(150&comma;150&comma;150&comma;0.3); border-radius: 8px;' src='https:\/\/ftp3.syscom.mx\/usuarios\/fotos\/TRYST40S300\/159323-empaque.png' alt='Sistema de Empaque Optimizado'> <\/div>\n<p> <!-- Instalaci\u00f3n --> <\/p>\n<div style='margin-bottom: 30px;'>\n<h3 style='font-size: 22px; border-bottom: 2px solid currentColor; padding-bottom: 5px; margin-top: 0; color: inherit; opacity: 0.8;'>Instalaci\u00f3n t\u00edpica de Torre<\/h3>\n<p> <img style='width: 100%; height: auto; border: 1px solid rgba(150&comma;150&comma;150&comma;0.3); border-radius: 8px;' src='https:\/\/ftp3.syscom.mx\/usuarios\/fotos\/TRYST40S300\/159323-dscf0333.gif' alt='Instalaci\u00f3n t\u00edpica de Torre'> <\/div>\n<p> <!-- Instalaci\u00f3n en nieve --> <\/p>\n<div style='margin-bottom: 30px;'>\n<h3 style='font-size: 22px; border-bottom: 2px solid currentColor; padding-bottom: 5px; margin-top: 0; color: inherit; opacity: 0.8;'>Instalaci\u00f3n en condiciones de Nieve<\/h3>\n<p> <img style='width: 100%; height: auto; border: 1px solid rgba(150&comma;150&comma;150&comma;0.3); border-radius: 8px;' src='https:\/\/ftp3.syscom.mx\/usuarios\/fotos\/TRYST40S300\/159323-imagen1_chica.png' alt='Instalaci\u00f3n en condiciones de Nieve'> <\/div>\n<\/p><\/div>\n","protected":false},"excerpt":{"rendered":"<p>Torre Autosoportada. 130ft (39.6m) SuperTitan S310 Galvanizada (incluye anclaje)<\/p>\n","protected":false},"featured_media":68573,"comment_status":"open","ping_status":"closed","template":"","meta":[],"product_brand":[],"product_cat":[1713],"product_tag":[1714,246,1715],"class_list":{"0":"post-68574","1":"product","2":"type-product","3":"status-publish","4":"has-post-thumbnail","6":"product_cat-torres-autosoportadas","7":"product_tag-torres-autosoportadas","8":"product_tag-torres-y-mastiles","9":"product_tag-trylon","11":"first","12":"instock","13":"sale","14":"shipping-taxable","15":"purchasable","16":"product-type-simple"},"_links":{"self":[{"href":"https:\/\/soydeaqui.ddns.net\/pachuca\/index.php\/wp-json\/wp\/v2\/product\/68574","targetHints":{"allow":["GET"]}}],"collection":[{"href":"https:\/\/soydeaqui.ddns.net\/pachuca\/index.php\/wp-json\/wp\/v2\/product"}],"about":[{"href":"https:\/\/soydeaqui.ddns.net\/pachuca\/index.php\/wp-json\/wp\/v2\/types\/product"}],"replies":[{"embeddable":true,"href":"https:\/\/soydeaqui.ddns.net\/pachuca\/index.php\/wp-json\/wp\/v2\/comments?post=68574"}],"wp:featuredmedia":[{"embeddable":true,"href":"https:\/\/soydeaqui.ddns.net\/pachuca\/index.php\/wp-json\/wp\/v2\/media\/68573"}],"wp:attachment":[{"href":"https:\/\/soydeaqui.ddns.net\/pachuca\/index.php\/wp-json\/wp\/v2\/media?parent=68574"}],"wp:term":[{"taxonomy":"product_brand","embeddable":true,"href":"https:\/\/soydeaqui.ddns.net\/pachuca\/index.php\/wp-json\/wp\/v2\/product_brand?post=68574"},{"taxonomy":"product_cat","embeddable":true,"href":"https:\/\/soydeaqui.ddns.net\/pachuca\/index.php\/wp-json\/wp\/v2\/product_cat?post=68574"},{"taxonomy":"product_tag","embeddable":true,"href":"https:\/\/soydeaqui.ddns.net\/pachuca\/index.php\/wp-json\/wp\/v2\/product_tag?post=68574"}],"curies":[{"name":"wp","href":"https:\/\/api.w.org\/{rel}","templated":true}]}}