{"id":68569,"date":"2026-03-19T10:14:02","date_gmt":"2026-03-19T10:14:02","guid":{"rendered":"https:\/\/soydeaqui.ddns.net\/pachuca\/index.php\/producto\/torre-auto-170ft-51-8m-supertitan-s510-galv-c-anclas\/"},"modified":"2026-03-19T10:14:03","modified_gmt":"2026-03-19T10:14:03","slug":"torre-auto-170ft-51-8m-supertitan-s510-galv-c-anclas","status":"publish","type":"product","link":"https:\/\/soydeaqui.ddns.net\/pachuca\/index.php\/producto\/torre-auto-170ft-51-8m-supertitan-s510-galv-c-anclas\/","title":{"rendered":"TORRE AUTO 170FT (51.8M) SUPERTITAN S510 GALV. C\/ANCLAS"},"content":{"rendered":"<div style='width: 100%; max-width: 1200px; margin: 0 auto; font-family: sans-serif; line-height: 1.6; color: inherit; background-color: transparent;'>\n<div style='display: flex; flex-wrap: wrap; gap: 30px; margin-bottom: 30px;'>\n<div style='flex: 1 1 300px; min-width: 280px;'>\n<h3 style='font-size: 22px; border-bottom: 2px solid currentColor; padding-bottom: 5px; margin-top: 0; color: inherit; opacity: 0.8;'>Accesorios complementarios (No incluidos)<\/h3>\n<ul style='padding-left: 20px; font-size: 15px; color: inherit; list-style-type: none; padding-left: 0; margin: 0;'>\n<li style='margin-bottom: 5px; display: flex; justify-content: space-between; border-bottom: 1px solid rgba(150&comma;150&comma;150&comma;0.1); padding-bottom: 8px; margin-bottom: 8px;'> <span style='font-weight: bold; width: 30px; color: #2880b9;'>8<\/span> <a style='color: #005cb9; text-decoration: none; flex: 1; margin: 0 10px;' href='https:\/\/www.syscom.mx\/producto\/TRY-ST-STEP10-Trylon-165144.html'>TRY-ST-STEP10<\/a> <span style='flex: 2;'>Pelda\u00f1os tipo Perno para Torres. Secciones 1 a 12 kit con 10 pzas.<\/span> <\/li>\n<li style='margin-bottom: 5px; display: flex; justify-content: space-between; border-bottom: 1px solid rgba(150&comma;150&comma;150&comma;0.1); padding-bottom: 8px; margin-bottom: 8px;'> <span style='font-weight: bold; width: 30px; color: #2880b9;'>9<\/span> <a style='color: #005cb9; text-decoration: none; flex: 1; margin: 0 10px;' href='https:\/\/www.syscom.mx\/producto\/TRY-ST-STEPW-Trylon-165145.html'>TRY-ST-STEPW<\/a> <span style='flex: 2;'>Escalera de 3 m Tipo Perno con Secci\u00f3n Soldada para Torres. Secciones 13 a 21.<\/span> <\/li>\n<li style='margin-bottom: 5px; display: flex; justify-content: space-between; border-bottom: 1px solid rgba(150&comma;150&comma;150&comma;0.1); padding-bottom: 8px; margin-bottom: 8px;'> <span style='font-weight: bold; width: 30px; color: #2880b9;'>1<\/span> <a style='color: #005cb9; text-decoration: none; flex: 1; margin: 0 10px;' href='https:\/\/www.syscom.mx\/producto\/TRY-ST-LV190-Trylon-165147.html'>TRY-ST-LV190<\/a> <span style='flex: 2;'>L\u00ednea de Vida hasta 57.9 m (190 pies). Compatible con l\u00ednea Super Titan.<\/span> <\/li>\n<li style='margin-bottom: 5px; display: flex; justify-content: space-between; border-bottom: 1px solid rgba(150&comma;150&comma;150&comma;0.1); padding-bottom: 8px; margin-bottom: 8px;'> <span style='font-weight: bold; width: 30px; color: #2880b9;'>1<\/span> <a style='color: #005cb9; text-decoration: none; flex: 1; margin: 0 10px;' href='https:\/\/www.syscom.mx\/producto\/TRY-TLR-Trylon-165266.html'>TRY-TSLR<\/a> <span style='flex: 2;'>Punta Pararrayos Maciza para Estructura de Torres.<\/span> <\/li>\n<li style='margin-bottom: 5px; display: flex; justify-content: space-between; border-bottom: 1px solid rgba(150&comma;150&comma;150&comma;0.1); padding-bottom: 8px; margin-bottom: 8px;'> <span style='font-weight: bold; width: 30px; color: #2880b9;'>1<\/span> <a style='color: #005cb9; text-decoration: none; flex: 1; margin: 0 10px;' href='https:\/\/www.syscom.mx\/producto\/TRY-ST-GROUND3-Trylon-177071.html'>TRY-ST-GROUND3<\/a> <span style='flex: 2;'>Sistema de Aterrizaje en 3 Piernas para torres ST.<\/span> <\/li>\n<li style='margin-bottom: 5px; display: flex; justify-content: space-between; border-bottom: 1px solid rgba(150&comma;150&comma;150&comma;0.1); padding-bottom: 8px; margin-bottom: 8px;'> <span style='font-weight: bold; width: 30px; color: #2880b9;'>58<\/span> <a style='color: #005cb9; text-decoration: none; flex: 1; margin: 0 10px;' href='https:\/\/www.syscom.mx\/producto\/TRY-ST-BRKT-4H-Trylon-161698.html'>TRYSTBRKT4H<\/a> <span style='flex: 2;'>Bracket Gu\u00eda de Cable de 4 orificios para torre ST.<\/span> <\/li>\n<li style='margin-bottom: 5px; display: flex; justify-content: space-between; border-bottom: 1px solid rgba(150&comma;150&comma;150&comma;0.1); padding-bottom: 8px; margin-bottom: 8px;'> <span style='font-weight: bold; width: 30px; color: #2880b9;'>1<\/span> <a style='color: #005cb9; text-decoration: none; flex: 1; margin: 0 10px;' href='https:\/\/www.syscom.mx\/producto\/TRY-ST-ANTIC-13-Trylon-168017.html'>TRYSTANTIC13<\/a> <span style='flex: 2;'>Sistema antiescala para torre&comma; secciones 13-21.<\/span> <\/li>\n<li style='margin-bottom: 5px; display: flex; justify-content: space-between; border-bottom: 1px solid rgba(150&comma;150&comma;150&comma;0.1); padding-bottom: 8px; margin-bottom: 8px;'> <span style='font-weight: bold; width: 30px; color: #2880b9;'>3<\/span> <a style='color: #005cb9; text-decoration: none; flex: 1; margin: 0 10px;' href='https:\/\/www.syscom.mx\/producto\/EI-GSL-SE-EPCOM-INDUSTRIAL-155623.html'>EIGSLSE<\/a> <span style='flex: 2;'>L\u00e1mpara de Obstrucci\u00f3n Aut\u00f3noma con Led color rojo con Panel Solar.<\/span> <\/li>\n<li style='margin-bottom: 5px; display: flex; justify-content: space-between;'> <span style='font-weight: bold; width: 30px; color: #2880b9;'>3<\/span> <a style='color: #005cb9; text-decoration: none; flex: 1; margin: 0 10px;' href='https:\/\/www.syscom.mx\/producto\/HLU3-TA-EPCOM-INDUSTRIAL-190835.html'>HLU3TA<\/a> <span style='flex: 2;'>Base para L\u00e1mpara de Obstrucci\u00f3n EIGSLE.<\/span> <\/li>\n<\/ul><\/div>\n<\/p><\/div>\n<\/p><\/div>\n","protected":false},"excerpt":{"rendered":"<p>TORRE AUTO 170FT (51.8M) SUPERTITAN S510 GALV. C\/ANCLAS<\/p>\n","protected":false},"featured_media":68568,"comment_status":"open","ping_status":"closed","template":"","meta":[],"product_brand":[],"product_cat":[1713],"product_tag":[1714,246,1715],"class_list":{"0":"post-68569","1":"product","2":"type-product","3":"status-publish","4":"has-post-thumbnail","6":"product_cat-torres-autosoportadas","7":"product_tag-torres-autosoportadas","8":"product_tag-torres-y-mastiles","9":"product_tag-trylon","11":"first","12":"instock","13":"sale","14":"shipping-taxable","15":"purchasable","16":"product-type-simple"},"_links":{"self":[{"href":"https:\/\/soydeaqui.ddns.net\/pachuca\/index.php\/wp-json\/wp\/v2\/product\/68569","targetHints":{"allow":["GET"]}}],"collection":[{"href":"https:\/\/soydeaqui.ddns.net\/pachuca\/index.php\/wp-json\/wp\/v2\/product"}],"about":[{"href":"https:\/\/soydeaqui.ddns.net\/pachuca\/index.php\/wp-json\/wp\/v2\/types\/product"}],"replies":[{"embeddable":true,"href":"https:\/\/soydeaqui.ddns.net\/pachuca\/index.php\/wp-json\/wp\/v2\/comments?post=68569"}],"wp:featuredmedia":[{"embeddable":true,"href":"https:\/\/soydeaqui.ddns.net\/pachuca\/index.php\/wp-json\/wp\/v2\/media\/68568"}],"wp:attachment":[{"href":"https:\/\/soydeaqui.ddns.net\/pachuca\/index.php\/wp-json\/wp\/v2\/media?parent=68569"}],"wp:term":[{"taxonomy":"product_brand","embeddable":true,"href":"https:\/\/soydeaqui.ddns.net\/pachuca\/index.php\/wp-json\/wp\/v2\/product_brand?post=68569"},{"taxonomy":"product_cat","embeddable":true,"href":"https:\/\/soydeaqui.ddns.net\/pachuca\/index.php\/wp-json\/wp\/v2\/product_cat?post=68569"},{"taxonomy":"product_tag","embeddable":true,"href":"https:\/\/soydeaqui.ddns.net\/pachuca\/index.php\/wp-json\/wp\/v2\/product_tag?post=68569"}],"curies":[{"name":"wp","href":"https:\/\/api.w.org\/{rel}","templated":true}]}}