{"id":68548,"date":"2026-03-19T10:13:19","date_gmt":"2026-03-19T10:13:19","guid":{"rendered":"https:\/\/soydeaqui.ddns.net\/pachuca\/index.php\/producto\/caja-de-conexion-exterior-con-conexion-lateral-para-4-lineas-doble-tornillo-incluye-glandulas\/"},"modified":"2026-03-19T10:13:24","modified_gmt":"2026-03-19T10:13:24","slug":"caja-de-conexion-exterior-con-conexion-lateral-para-4-lineas-doble-tornillo-incluye-glandulas","status":"publish","type":"product","link":"https:\/\/soydeaqui.ddns.net\/pachuca\/index.php\/producto\/caja-de-conexion-exterior-con-conexion-lateral-para-4-lineas-doble-tornillo-incluye-glandulas\/","title":{"rendered":"Caja de Conexi\u00f3n Exterior con Conexi\u00f3n Lateral para 4 L\u00edneas (doble tornillo). Incluye Gl\u00e1ndulas."},"content":{"rendered":"<div style='width: 100%; max-width: 1200px; margin: 0 auto; font-family: sans-serif; line-height: 1.6; color: inherit; background-color: transparent;'>\n<div style='margin-bottom: 30px;'>\n<p style='margin: 0 0 15px; font-size: 15px; color: inherit;'>Gabinete para exterior con terminales de conexi\u00f3n en paralelo para 4 l\u00edneas.<\/p>\n<\/p><\/div>\n<div style='display: flex; flex-wrap: wrap; gap: 30px; margin-bottom: 30px;'>\n<div style='flex: 1 1 300px; min-width: 280px;'>\n<h3 style='font-size: 22px; border-bottom: 2px solid currentColor; padding-bottom: 5px; margin-top: 0; color: inherit; opacity: 0.8;'>Caracter\u00edsticas destacadas<\/h3>\n<ul style='padding-left: 20px; font-size: 15px; color: inherit;'>\n<li style='margin-bottom: 5px;'>Material pl\u00e1stico.<\/li>\n<li style='margin-bottom: 5px;'>Tama\u00f1o: 102 x 50 x 40 mm<\/li>\n<li style='margin-bottom: 5px;'>Recomendado para calibres 12-22 AWG<\/li>\n<li style='margin-bottom: 5px;'>Grado de protecci\u00f3n: IP66<\/li>\n<li style='margin-bottom: 5px;'>Rango de temperatura de operaci\u00f3n: -40\u00b0C a +120\u00b0C<\/li>\n<li style='margin-bottom: 5px;'> <strong style='color: inherit;'>Recomendado para uso con:<\/strong>\n<ul style='padding-left: 20px; margin-top: 8px; margin-bottom: 0; color: inherit;'>\n<li style='margin-bottom: 5px;'>Corriente alterna 110 Vca m\u00e1ximo 3 Amp.<\/li>\n<li style='margin-bottom: 5px;'>Corriente directa 12 Vcc \/ 24 Vcc m\u00e1ximo 10 Amp.<\/li>\n<\/ul>\n<\/li>\n<\/ul><\/div>\n<\/p><\/div>\n<div style='display: flex; flex-wrap: wrap; gap: 20px; margin-bottom: 30px;'>\n<div style='flex: 1 1 250px; border: 1px solid rgba(150&comma; 150&comma; 150&comma; 0.4); border-radius: 8px; overflow: hidden; display: flex; flex-direction: column;'>\n<div style='padding: 15px; border-bottom: 1px solid rgba(150&comma; 150&comma; 150&comma; 0.2); font-weight: bold; font-size: 18px; color: inherit;'>Proceso de instalaci\u00f3n<\/div>\n<div style='padding: 15px; color: inherit;'>\n<ol style='padding-left: 20px; margin: 0; font-size: 14px; color: inherit;'>\n<li style='margin-bottom: 8px;'>Se retira la tapa del gabinete y se aflojan ambas gl\u00e1ndulas opresoras.<\/li>\n<li style='margin-bottom: 8px;'>Se debe garantizar que el sistema no est\u00e9 energizado.<\/li>\n<li style='margin-bottom: 8px;'>Se introducen ambos cables al cuerpo del gabinete cuidando no lastimar el empaque.<\/li>\n<li style='margin-bottom: 8px;'>Se procede a desforrar cada cable y se coloca la terminal tipo herradura.<\/li>\n<li style='margin-bottom: 8px;'>Se aflojan los tornillos de las terminales y se procede a colocar uno a uno cada terminal correspondiente y se ajusta dicho tornillo por cada terminal.<\/li>\n<li style='margin-bottom: 8px;'>Antes de cerrar el gabinete&comma; se debe revisar que no exista contacto entre ambas l\u00edneas.<\/li>\n<li style='margin-bottom: 8px;'>Se procede a ajustar las gl\u00e1ndulas y se coloca la tapa del gabinete.<\/li>\n<\/ol><\/div>\n<\/p><\/div>\n<div style='flex: 1 1 250px; border: 1px solid rgba(150&comma; 150&comma; 150&comma; 0.4); border-radius: 8px; overflow: hidden; display: flex; flex-direction: column;'>\n<div style='padding: 15px; border-bottom: 1px solid rgba(150&comma; 150&comma; 150&comma; 0.2); font-weight: bold; font-size: 18px; color: inherit;'>Notas destacadas<\/div>\n<div style='padding: 15px; color: inherit;'>\n<ul style='padding-left: 20px; margin: 0; font-size: 14px; list-style-type: disc; color: inherit;'>\n<li style='margin-bottom: 8px;'>Se recomienda usar terminales tipo herradura para asegurar correcta instalaci\u00f3n (no usar cable directo sobre terminal).<\/li>\n<li style='margin-bottom: 8px;'>El terminado o ponchado de terminales tipo herradura debe realizarse despu\u00e9s de introducir el cable al gabinete.<\/li>\n<li style='margin-bottom: 8px;'>Se recomienda el uso de cable multifilamento para esta aplicaci\u00f3n.<\/li>\n<\/ul><\/div>\n<\/p><\/div>\n<\/p><\/div>\n<hr style='border: 0; border-top: 1px solid rgba(150&comma; 150&comma; 150&comma; 0.3); margin: 30px 0;'> <\/div>\n","protected":false},"excerpt":{"rendered":"<p>Caja de Conexi\u00f3n Exterior con Conexi\u00f3n Lateral para 4 L\u00edneas (doble tornillo). Incluye Gl\u00e1ndulas.<\/p>\n","protected":false},"featured_media":68547,"comment_status":"open","ping_status":"closed","template":"","meta":[],"product_brand":[],"product_cat":[637],"product_tag":[638,248,605],"class_list":{"0":"post-68548","1":"product","2":"type-product","3":"status-publish","4":"has-post-thumbnail","6":"product_cat-gabinetes-para-intemperie","7":"product_tag-gabinetes-para-intemperie","8":"product_tag-precision","9":"product_tag-racks-y-gabinetes","11":"first","12":"instock","13":"sale","14":"shipping-taxable","15":"purchasable","16":"product-type-simple"},"_links":{"self":[{"href":"https:\/\/soydeaqui.ddns.net\/pachuca\/index.php\/wp-json\/wp\/v2\/product\/68548","targetHints":{"allow":["GET"]}}],"collection":[{"href":"https:\/\/soydeaqui.ddns.net\/pachuca\/index.php\/wp-json\/wp\/v2\/product"}],"about":[{"href":"https:\/\/soydeaqui.ddns.net\/pachuca\/index.php\/wp-json\/wp\/v2\/types\/product"}],"replies":[{"embeddable":true,"href":"https:\/\/soydeaqui.ddns.net\/pachuca\/index.php\/wp-json\/wp\/v2\/comments?post=68548"}],"wp:featuredmedia":[{"embeddable":true,"href":"https:\/\/soydeaqui.ddns.net\/pachuca\/index.php\/wp-json\/wp\/v2\/media\/68547"}],"wp:attachment":[{"href":"https:\/\/soydeaqui.ddns.net\/pachuca\/index.php\/wp-json\/wp\/v2\/media?parent=68548"}],"wp:term":[{"taxonomy":"product_brand","embeddable":true,"href":"https:\/\/soydeaqui.ddns.net\/pachuca\/index.php\/wp-json\/wp\/v2\/product_brand?post=68548"},{"taxonomy":"product_cat","embeddable":true,"href":"https:\/\/soydeaqui.ddns.net\/pachuca\/index.php\/wp-json\/wp\/v2\/product_cat?post=68548"},{"taxonomy":"product_tag","embeddable":true,"href":"https:\/\/soydeaqui.ddns.net\/pachuca\/index.php\/wp-json\/wp\/v2\/product_tag?post=68548"}],"curies":[{"name":"wp","href":"https:\/\/api.w.org\/{rel}","templated":true}]}}