{"id":68546,"date":"2026-03-19T10:13:14","date_gmt":"2026-03-19T10:13:14","guid":{"rendered":"https:\/\/soydeaqui.ddns.net\/pachuca\/index.php\/producto\/lampara-de-obstruccion-estroboscopica-autonoma-l-810-con-certificacion-oaci-hasta-80-horas-de-autonomia\/"},"modified":"2026-03-19T10:13:15","modified_gmt":"2026-03-19T10:13:15","slug":"lampara-de-obstruccion-estroboscopica-autonoma-l-810-con-certificacion-oaci-hasta-80-horas-de-autonomia","status":"publish","type":"product","link":"https:\/\/soydeaqui.ddns.net\/pachuca\/index.php\/producto\/lampara-de-obstruccion-estroboscopica-autonoma-l-810-con-certificacion-oaci-hasta-80-horas-de-autonomia\/","title":{"rendered":"Lampara de Obstrucci\u00f3n Estrobosc\u00f3pica Aut\u00f3noma L-810 con Certificaci\u00f3n OACI, Hasta 80 horas de Autonom\u00eda."},"content":{"rendered":"<div style='width: 100%; max-width: 1200px; margin: 0 auto; font-family: sans-serif; line-height: 1.6; color: inherit; background-color: transparent;'> <!-- Secci\u00f3n de descripci\u00f3n --> <\/p>\n<div style='margin-bottom: 30px; font-size: 15px; color: inherit;'>\n<p>La SOLFBIB es un sistema aut\u00f3nomo que funciona con energ\u00eda solar. Empleado para el balizamiento nocturno de obst\u00e1culos&comma; nuestra l\u00e1mpara le ofrece ventajas \u00fanicas en t\u00e9rminos de longevidad (100.000 horas)&comma; de robustez y de consumo de energ\u00eda (autonom\u00eda 80 horas).<\/p>\n<h3 style='font-size: 20px; border-bottom: 2px solid currentColor; padding-bottom: 5px; margin-top: 25px; margin-bottom: 15px; color: inherit; opacity: 0.8;'>Beneficios<\/h3>\n<ul style='padding-left: 20px; margin-bottom: 20px; font-size: 14px; color: inherit;'>\n<li style='margin-bottom: 5px;'>Vida \u00fatil > 10 a\u00f1os<\/li>\n<li style='margin-bottom: 5px;'>Multi \u2013 LEDs<\/li>\n<li style='margin-bottom: 5px;'>Aut\u00f3nomo<\/li>\n<li style='margin-bottom: 5px;'>Protecci\u00f3n contra rayos<\/li>\n<li style='margin-bottom: 5px;'>Ciclo de pruebo autom\u00e1tica<\/li>\n<li style='margin-bottom: 5px;'>Libre de mantenimiento<\/li>\n<li style='margin-bottom: 5px;'>Autonom\u00eda: hasta 80 horas<\/li>\n<li style='margin-bottom: 5px;'><strong>Dimensiones:<\/strong> 350 x 430 x 420 mm (13.78 x 17 x 16.5&#8242;)<\/li>\n<li style='margin-bottom: 5px;'><strong>Peso:<\/strong> < 7 Kg (15.43 lb)<\/li>\n<\/ul>\n<h3 style='font-size: 20px; border-bottom: 2px solid currentColor; padding-bottom: 5px; margin-top: 25px; margin-bottom: 15px; color: inherit; opacity: 0.8;'>Luz Estrobosc\u00f3pica intermitente<\/h3>\n<h3 style='font-size: 20px; border-bottom: 2px solid currentColor; padding-bottom: 5px; margin-top: 25px; margin-bottom: 15px; color: inherit; opacity: 0.8;'>Reglamentaci\u00f3n<\/h3>\n<ul style='padding-left: 20px; margin-bottom: 20px; font-size: 14px; color: inherit;'>\n<li style='margin-bottom: 5px;'>CE EN60947-1 CEI60364&comma; NF C15-100 EN60529<\/li>\n<li style='margin-bottom: 5px;'>OACI Anexo 14&comma; Volumen I&comma; Capitulo 6<\/li>\n<li style='margin-bottom: 5px;'>Calidad ISO 9001 ; 2008<\/li>\n<\/ul>\n<h3 style='font-size: 20px; border-bottom: 2px solid currentColor; padding-bottom: 5px; margin-top: 25px; margin-bottom: 15px; color: inherit; opacity: 0.8;'>Aplicaci\u00f3n<\/h3>\n<p>Las recomendaciones m\u00ednimas en t\u00e9rminos de balizamiento de obst\u00e1culos se pueden encontrar en el Anexo 14&comma; Vol. I&comma; Cap\u00edtulo 6 de la Organizaci\u00f3n de Aviaci\u00f3n Civil Internacional.<\/p>\n<p>El sistema asegura todos los sitios&comma; incluso los m\u00e1s remotos o de dif\u00edcil acceso.<\/p>\n<\/p><\/div>\n<p> <!-- Separador --> <\/p>\n<hr style='border: 0; border-top: 1px solid rgba(150&comma; 150&comma; 150&comma; 0.3); margin: 30px 0;'> <\/div>\n","protected":false},"excerpt":{"rendered":"<p>Lampara de Obstrucci\u00f3n Estrobosc\u00f3pica Aut\u00f3noma L-810 con Certificaci\u00f3n OACI, Hasta 80 horas de Autonom\u00eda.<\/p>\n","protected":false},"featured_media":68545,"comment_status":"open","ping_status":"closed","template":"","meta":[],"product_brand":[],"product_cat":[1673],"product_tag":[1929,1633,246],"class_list":{"0":"post-68546","1":"product","2":"type-product","3":"status-publish","4":"has-post-thumbnail","6":"product_cat-lamparas-de-obstruccion-torres-y-mastiles","7":"product_tag-delta-box","8":"product_tag-lamparas-de-obstruccion","9":"product_tag-torres-y-mastiles","11":"first","12":"outofstock","13":"sale","14":"shipping-taxable","15":"purchasable","16":"product-type-simple"},"_links":{"self":[{"href":"https:\/\/soydeaqui.ddns.net\/pachuca\/index.php\/wp-json\/wp\/v2\/product\/68546","targetHints":{"allow":["GET"]}}],"collection":[{"href":"https:\/\/soydeaqui.ddns.net\/pachuca\/index.php\/wp-json\/wp\/v2\/product"}],"about":[{"href":"https:\/\/soydeaqui.ddns.net\/pachuca\/index.php\/wp-json\/wp\/v2\/types\/product"}],"replies":[{"embeddable":true,"href":"https:\/\/soydeaqui.ddns.net\/pachuca\/index.php\/wp-json\/wp\/v2\/comments?post=68546"}],"wp:featuredmedia":[{"embeddable":true,"href":"https:\/\/soydeaqui.ddns.net\/pachuca\/index.php\/wp-json\/wp\/v2\/media\/68545"}],"wp:attachment":[{"href":"https:\/\/soydeaqui.ddns.net\/pachuca\/index.php\/wp-json\/wp\/v2\/media?parent=68546"}],"wp:term":[{"taxonomy":"product_brand","embeddable":true,"href":"https:\/\/soydeaqui.ddns.net\/pachuca\/index.php\/wp-json\/wp\/v2\/product_brand?post=68546"},{"taxonomy":"product_cat","embeddable":true,"href":"https:\/\/soydeaqui.ddns.net\/pachuca\/index.php\/wp-json\/wp\/v2\/product_cat?post=68546"},{"taxonomy":"product_tag","embeddable":true,"href":"https:\/\/soydeaqui.ddns.net\/pachuca\/index.php\/wp-json\/wp\/v2\/product_tag?post=68546"}],"curies":[{"name":"wp","href":"https:\/\/api.w.org\/{rel}","templated":true}]}}