{"id":68531,"date":"2026-03-19T10:12:32","date_gmt":"2026-03-19T10:12:32","guid":{"rendered":"https:\/\/soydeaqui.ddns.net\/pachuca\/index.php\/producto\/certificacion-simrad\/"},"modified":"2026-03-19T10:12:33","modified_gmt":"2026-03-19T10:12:33","slug":"certificacion-simrad","status":"publish","type":"product","link":"https:\/\/soydeaqui.ddns.net\/pachuca\/index.php\/producto\/certificacion-simrad\/","title":{"rendered":"Certificaci\u00f3n SIMRAD"},"content":{"rendered":"<p><img class='fr-fic fr-dii' src='data:image\/jpeg;base64&comma;\/9j\/4AAQSkZJRgABAQAAAQABAAD\/2wCEAAkGBxAPDxAQEBIQFhAWEBISFRAQEBUVFRYQFRUXFxUYFxYYISggGBolGxYXIjMhJSkrLi4uFx8zODMsNygtLisBCgoKDg0OGhAQGy0lHyAvLS0tLS0tMC0tLS0tLy0tLS0tLS0tLS0tLS0tLS0tLS0tLS0tLS0tLS0tLS0tLS0tLf\/AABEIAHwBlgMBEQACEQEDEQH\/xAAcAAEAAQUBAQAAAAAAAAAAAAAABQIDBAYHCAH\/xABLEAABAwIBBwUKCwYFBQAAAAABAAIDBBESBQYTFyEx0QdBUZOiIjJTVGFxgZGSshQzNUJkcnN0obHhIzRDYsHSFVJjs\/AWgqPC8f\/EABsBAQACAwEBAAAAAAAAAAAAAAAEBQECAwYH\/8QANxEBAAECAggDBwMEAgMAAAAAAAECAwQRBRIUFiExUVJBcZEGEzIzNKGxImFyI2OB0TXBFWLh\/9oADAMBAAIRAxEAPwDuKAgICAgICAgICAgICAgICAgICAgICAgICAgICAgICAgICAgICAgICAgICAgICAgICAgICAgICAgICAgICAgICAgICAgICAgICAgICAgICAgICAgICAgICAgICAgICAgICAgICAgICAgICAgICAgICAgICAgICAgICAgICAgICAgICAgICAgIPl0H1AQEBAQEBAQEBAQEBAQEBAQEBAQEHwlCHNqjlXYx72fBXnC9zb6UbcJI6PIok4qInLJ6Sj2cqrpirXjjx5KNbjPFH9a3gm1x0b7tVd8ehrcZ4o\/rW8E2uOhu1V3x6Gtxnij+tbwTa46G7VXfHoa3GeKP61vBNrjobtVd8ehrcZ4o\/rW8E2uOhu1V3x6Gtxnij+tbwTa46G7VXfHoa3GeKP61vBNrjobtVd8ehrcZ4o\/rW8E2uOhu1V3x6Gtxnij+tbwTa46G7VXfHoa3GeKP61vBNrjobtVd8ehrcZ4o\/rW8E2uOhu1V3x6Gtxnij+tbwTa46G7VXfHoa3GeKP61vBNrjobtVd8ehrcZ4o\/rW8E2uOhu1V3x6Gtxnij+tbwTa46G7VXfHoa3GeKP61vBNrjobtVd8ehrcZ4o\/rW8E2uOhu1V3x6Gtxnij+tbwTa46G7VXfHoa3GeKP61vBNrjobtVd8ehrcZ4o\/rW8E2uOhu1V3x6Gtxnij+tbwTa46G7VXfHoa3GeKP61vBNrjobtVd8ehrcZ4o\/rW8E2uOhu1V3x6Gtxnij+tbwTa46G7VXfHoa3GeKP61vBNrjobtVd8ehrcZ4o\/rW8E2uOhu1V3x6Gtxnij+tbwTa46G7VXfHo37ImUBVU0NQGlokja\/CTe2IXtdSaKtaM3nsRZ9zcqt58pyZ62cRAQEETVZaDXujiY6RzdjiCGsa7oLz87yC9kGLLnC9u+FvXDgs5DFkzww74f\/ACjgmQx35+NG+E9YOCZCw7lFjH8B3tjgmTC0eUyIfwH+2OCZGanWfF4B\/tjgmqxmns3M76audgbiZLa+jktcgb8JG9Mmc2xLDIgICAgICAgFBSdySQ8z5R+Pm+2k98qnq5y+n2PlU+UfhjrDqICAgICAgICAgICAgICAgICAgICAgICAgICD0LmR8mUX3aP3VaWfgpfONJfVXP5SnV1QhAQYmVagxQTSDe2N7h5wCg58\/KoiiDQdjW3J5yd7iekk3KzM8M5I6Qj6ivkduZL1buCj7XZ6w67Pc8YRdXVSAXc14HS5pH5rpRft1fDMNJtVU84YskU5\/hS+w5a7XZ5azaMPdjwYs1NMBd0cgHSWGyzRibVU6tNTSuxXHGYY8UTnnCxrnG17NaTs8tty6XLtFv45a0Wqq\/hhedk+Yb4pPYK5Ri7M8IqdZsXY8FNHUuhlZI0kOY8OBGw3CkROcZ5uGWU8XoaJ12g9IB9a0bqkBAQEBAQEAoKTuSSHmfKHx8320nvlU9XOX0+x8qnyj8MdYdRBu2bPJxUVbGyzP0MThcC15C3ptuA86k28PrcZUOO07bsValv9Ux6NobyTUlttRVX8hit7i67JT1VU+0eIz+GPv\/tD5d5K5I2l9LLpLbdHKAHHzOGwn0LSvC5ck3De0VNcxTepy\/do2S8nGaqipnXY58oiNxtab2OzpUammZq1ZXuIxFNuzVdp4xEZuh6o\/pR6r9VK2SHnd5Z7PuiMl8nunqqym05Hwd0Qx6MHFpGYt19llpTY1qphLv6b93Zt3NT48\/FL6o\/pZ6r9Vvsk9UTeT+392hZy5HdQ1UlO44sOEh9rYmkXBso1yiaKsnoMFitpsxcjhmkcys1DlN0w0mjbG1hLsN7lxNh2St7Vqa\/FG0npKMHFM5ZzV\/02zVH9LPVDiu2yT1VG8v8Ab+6HouT\/AEldUUentoo436TR99j5rX2LSLGdc0plzTeph6L2r8Uzw8kxqj+lnqv1W+yT1Q95f7f3NUf0s9UOKbJPU3kns+6OynyV1UbS6GWOW3zCCxx83NdaVYWYjPNJs+0VmudWunL92hzwujc5jwWvaS1zXDaCN4KjZTylf01xXETTy6sjJFA6qqIadnfSSBl+gc59AufQtqadaqIc8TfjD2puT4Q6Lqj+lnqv1UrZZ6vN7yT2fdqWemarsmSRNx42PaSH4cPdA7R+RXC9bm3K40bpGMZTPDKYReQsnfCqqGnxYdI\/Dite2wm9vQtaadarJKxWI9xYqu5Z5Og6o\/pR6ocVJ2R53eX\/ANPuao\/pZ6ocU2SepvL\/AG\/ujMqcltXGC6GSOW3zdrHei+wrSrC1QlWPaKzXOVcav7tGqIHxPdHI1zXtNnMcLEFR5iY4SvqLlNymKqZzifFbWG4g9C5kfJlF92j91Wln4KXzjSX1Vz+Up1dUIQEEbnJ+51X2EnulI5sS4nV1pLXDyEJX8Ms0zxhP5bdWaX9gJMGBu1pbbFtvvPmVLha8NFH9Xms79N\/Xzo5LbjOKGb4UTiLxhDyCbXZbd5QUomivEa1j4ciYmm1HvOq5lptaZG\/B8eDRt71zAMXPvK0w1zC00f1I45yXrd+qr9E8HzJLKtumdUlwjELrY3NIxei\/MPxW1y5YruU+55sU03aaKpuMBszqfJ8TojhdJKS5wAubA7PwHqUm3RTdxNetHJxqrm3ZpmmWBFlupDgdK\/eNhsRvUm5g7E0TlHg428RdiYmZzXs7GAVJIFrsa4+faP6LGj5mbEceRjIiLnm7pT94z6rfyUpxXEBAQEBAQEAoKTuSSHmfKPx8320nvlU9XOX0+x8qnyj8MdYdUpmvTNmrqWN4ux0zQR0jfb8FvbjOqETH1zRhq6o8IeiwNitnzbnxc9zozxylRVT2\/BGmmB7l+F5xN6cY2A+RRLl65RVy4PQYLRuExFnP3mVfRJw8pGTXNBMrgSBdujcbHoW+00ZcUarQeLzmKYzaVXVtLU5do56R12vliL+5Lf2gNr7ekW9SjzVE3YmF3as37Ojrlu9HKOHk7MrB41qObHyrln69N\/tLhb+ZUtcZ9JY8p\/Lbl2VTk3LRk60tNUgd810Lj5W9038C71KFiqcpzes9nL+dNdr\/AC2TklydosniQizppHP\/AO0dy38B+K64anKnOfFW6eve8xWrHKmMm6qSpWn5G+Xco\/d6dRqPnSt8R\/x9nzltdVNgje+18LHOt5gSpFU5RmqqI1qohzOLld2jHSWZfaWzXIHPYFu1RNrh6er2anVzpr4+X\/10ymmEjGvb3rmhw8xFwpcTExm8xXRq1TTPg4xyuQNZlEObYF8DHOt\/mBcL\/wDOhV+JjKp7X2ermrDceUSzeR3JWOplqnDuY2aNv2j7XPoaO0tsNRnOaP7RYnVtU2evH\/DrpeBYEjabDym1\/wCinS8hHLNqPKjkr4Rk97wLvhOlHThGx\/ZJ9S4YijOlcaExPucVETyq4OWZh\/KdF9t\/6uUK18cPV6V4YO5H7PQatXzxzzLnKZ8Fq5qc02Jsb8OMS2J2A3tb+qiVYjVqyehwugtosU3YrymfDJuGb+WYq6Bs8V8JuCDva4bCCpFFcVRnCmxWFrw9ybdbT+VzITJKcVjBaWMtDiPnRE22+YkfiuGJt8M1xoDFzTd9zM8KnIVAe0EHoXMj5Movu0fuhWtn4KfJ840l9Vc\/lKdXRCEBBGZzfuVV9hJ7pSObEuBv23Wa4zpyYp+JO5cyw4y3gldgwN70kDFtv\/RQsLhKabeVccUm\/fmqrOmUTNVySEaR7nWOzE4kBSptUxTOrGThrzNUayVy9lYukboZXYRG0HCSBi23\/oouEwtNNP64d8Rfqqn9Mr1JlSOamfBUSFrvmvN9vOL26D+a5zharWI95bjhLpF+K7WrXPJYoqmGWnFPO8swSYmvAvcbdm7yn8EuWb1u97y1xzYou2q7erX4PraGhaQ41LyAQcODfbm3JXVjK4mnViM\/EinD08YqzYGWq7TzOeBZtg1oO\/CN11Nw9qLVuKEe9c95Vm79T9436rfyW7VcQEBAQEBAQCgpO5JIeZ8ofHzfbSe+VT1c5fT7HyqfKPwx1h1XaWodFIyRhs9jg5p\/mB2LMTlLndtxcomirlLuWa+fNLWsa1zxHPazonm3dfyk7HBWNu\/TVweDx2ib+HqnKM6esNnuHDmI9YXbOJ5Kuc6ZQuV80aGrB0kDA4\/xIxgff6zd\/pXOuzRV4JuH0libE501z5Tycxdm2\/J2WaKMnFG+djo3neWg2IPlFwofu5t3Iep2+MXgLtWWUxHF2tWLxLUc1\/lXLP2lN\/tLhb+ZUtcZ9JY8p\/KfyvWaBjJCbN00bD5nnAPxcF0rqy4q+zbm5VMR0n7IblFyQaugexovIx7JGfWBwnsuK0v0a1OSbonE7PiYq8PFKxtZRUYG5kMHut2rfOKKM0Wuqb9+Z7pZlC8uijcd5jaT5yASto5ONcZVzDVsjfLuUfu9Oo9PzpWuI+gtectsmjD2lp3EFpHkIsVJmM+CpiZic4avDyd5La4HQE25nyyOHpaTYrjs9vos6tNYyqMpr+0NjqXmKJxZGXYW9zEywJtuAvYLrP6Y4K6inXrymcs\/F58zqynLVVc0s7Sx98OjO9jW3s3\/AJ0qquVTVVMy+iaPw9uzYpponPxzdn5Pck\/BcnwtIs940r\/rO229AsFYWKdWh4rS2I9\/iapjlHCPJDcoGcJpa7JrAbNbKZJNvzHfs\/yc4+hc71zVqphL0ZgvfYe9VPTh+W8yxNkYWuF2uaWkdLSLFSpymFJEzTVnHOHDc3cnmly7DTu3x1RaD0twktPqIVZTGrdiP3e6xd\/3+jarnWl3dWbwbz3n38p1n2x\/IKrvfHL6Hoj6S35f9ugcjBPwWov3unFvZF1JwnKXnvaOI9\/Tl0bHn\/b\/AAusv4F3rXW\/8uVbor6u3l1ef1WPogg9C5kfJlF92j90K1tfBHk+caS+qufylOrohCAgjc5Beiqh\/oSe6UgclZmdUO2h8XrdwW2s11V9uYdWdzofaPBNY1Q5hVf+aH2jwTM1VLsxqofOh9o8EmriZLTszagb3w+07gmsaqkZoTn58XrdwTNnKVxuZVSdz4faPBM46MZKanMypjY57nRWa0uNnHcNvQmsxq5O0U\/eM+q38lq3XEBAQEBAQEAoKTuSSHmfKHx8320nvlU9XOX0+x8qnyj8MdYdUrmvRwT1kMNQXCJ7i0lrsJxEdzt5tq3oiJqylDx925aw9VdvnDqWq3J\/TP1v6KZOFpeU3gxf7ejWZc1Ms0U7m0UkpixHRubKMODmDmu2XA8llym1cpn9Kyp0ho\/EWs79Ma3jw\/GTqmSdNoIvhOHT4BpCzvcfPZTaM8uLyuI937yfd\/Dnw8mnZ9ztOU8jRi2MTucekNJYB6yD6lHvVRr0wt9GW6tlv1eGX+2+qUo2o5sfKuWfr03+0o9uf6lS1xn0ljyn8rvKa4jJVQQbEGEg+UTMIW1+f0MaGiJxlMT45\/iUzkGuFTSwTD58bXem238bre3VnTEoWKte5vVUdJa\/ypZR0OTywGzppGRD6t7u\/AW9K5YmrKlO0NYi7iM55UxMtqoxaOP6jfyC708oVt34585arkb5dyj93p1Hp+dK0xH\/AB9rzltFe8tilcDYiN5B6CGkhd6pypVdqM64ieWbhdLn\/lONzXmoLwNpY9jLOHONgBCrovV583u7uhcJVRlFGU5dZd3ppMbGv6Wh3rF1ZROcZvB106tU09HL88shtqcvU0QGySNj5LbsLC4uJ84FvUoVynWuxD1Gj8XNnRtdU+HCPN1NotsU2OEPKzOfGUHljNKjrJTLPGXPwht8bhsG7YCuddmmqc03D6Rv2KNS3VlEpuKMNaGjcAANt9gC6ckOqqZmZnxaFnPkrBlvJtU0bJJMDz\/O1pw9n8lFuU5XaZX2CxGej71mZ5RnDoClqBynOHk8raqvqJmugbE+TEHOc4utYfNA\/qoVeHqqrzeqwemrGHw1NExM1RDf818hR5PpmwRkmxLnPO9zzvP\/ADoUm3RqRkoMZi68Tdm5U1nldyw2KkFMCNJM4XHOI2m5PrAC44mvKMlnoDCzcvzc8Kfy42oD2wg9C5kfJlF92j90K1tfBT5PnGkvqrn8pTq6IQgII7OH90qfsZPdKDXHTCJrCGlznuaxjRsu4gnedwsCboM+Colax7pYg3C0uGGTEHAAm24W3ILMFbK\/CTBZrgDi0oNgRfdZBgy5TkcZCyIFjHuYSZAHEt32FrfigxJK8OfE1oJEjHPBuNgbh3+fEPUg+01RI6+GIEBzm3MoF8JtusgkH1eBwjZG58mHEWtIAa29rlx3XO4c9igoypMXUspLS06J\/cuIJGw9BIWYG5U\/eM+q38lgXEBAQEBAQEAoKTuSSHmfKPx8320nvlU9XOX0+x8qnyj8MdYdX0H\/AOhZYmM+Euk5scp5jY2Kta52EWE7NriP5m858oUq1icuFTy+O9n9aqa8P6f6ba3lEyYRfT28hjff8l32ihUzoXGRPwInK\/KlSsaRTMfK\/mJGBg8pJ2laVYqIjgl4f2exFU\/1JiI+7nUGcD5Mow1tU4nDMxzsI71jdzWt6AosXc69aXo68DTbwlVi1HOHTdaWT+ifqv1UvaqXmP8AwGL\/AG9UDkXPqjhrsoVD9LgndCWWZc2ZHhNxfZtXKm\/TFdUp+I0NiK7Fu3TlnTnnxVZ6Z+UdbQzU8Wl0j8FsUdh3L2u3+hbXb9NVPBro7RF\/D4im5XllGf4WMxM+6ejoxT1OkxNe7BgbiGjNiPxxLWzfiiMpdNKaHu4i\/wC8tZcYj1RXKHnXFlCSnEGPRRhxONtiXuI5vIB+JWl69rzCVorRteFor95lrS3Sn5TsnhjWnT3DQPiugedd4xNMQp69AYuqqZjL1QmTs+aOPKdXVO0uilhiY2zO6xM33HMuVN+IuTMpt3Q9+vCW7UZZ0zOfHqma3lNye+KRg093Mc0Xi5yCBzrrViaZhBo0DiqaomcuceLjRGy3kUHxe1y4ZQ7Hk\/lNoWwxteJsYY0G0dxiAAO26mxiKYpyl4y7oHFVXJqjLKZ6sf8A67yX8M+F\/t8eg0IGi3DFiJvf0LHv7evrN\/8Aw2N9z7nhlnnzXcrcp1I6nmbBptMY3iMujsA8g4STfpWasTTqzk1saAxEXKaq8sonjxcx\/wAcrPGajrXcVC156y9TsOH7IbvmRygx01O+KtdM9+kLmvsXnAQNhJPTdSbN\/VjKVFpLQlV25FViIiMvuma3lFyZLoyRPdkrZGnRbnC\/l6CV0qv0TzQreg8ZRnEZcYy5skcqWTv9fqv1Wdqoc938V+3q+O5U8n8wn6v9U2qhmPZ7Fft6ojKvKw2xFLAcXM+YgAeXCN\/rC1qxfSErD+zdU\/Oq\/wAQ5vlLKE1TK6ad5fI7eT0cwA5h5AolVU1TnL09ixRYoiiiMohjLV2EHoXMj5Movu0fuhWtr4KfJ840l9Vc\/lKdXRCEBBHZx\/udT9hJ7pSBDuoBLGwEua5pa9r272vAIvt2HYTvQWX1MgE8MuEuEBeJGi2Jrg4bW8xBagoo2TBkZdK0twN7nRAG2EWF7oINultUFj2hunlu3R3dzXs4mwPoKD7HGBUUgb3uhmA837KyDMyVBKWuLZABpZO5MYPzzz3QSNZSHEJI3YZA3Cbi7XNvcBw8\/OOlBG1dYZaae4s5okjcAbjE0cx6LEH0pA36n7xn1W\/kguICAgICAgIBQUnckkPM+Ufj5vtpPfKp6ucvp9j5VPlH4Y6w6iAgICAgICAgICAmQICAgICyCxkCAgICAsgsAgICD0LmR8mUX3aP3VaWfgpfONJfVXP5SnV1QhAQYWWoTJTTsG90TwPPhKCHEbJ4YnBzwMLXB0b3MO0c9t\/mKCiOhjYJO+JeLOe9xc4i1gLncBc7B0lBhOpQy1ny2GwAyOIsNg2IMRsTW4g35zi47ec70F6nomB0brG7Gua3bzOw3v096EGTFkxovZ8rQSXWbIQLk3OxBTV05JuJZW9yBZpYRs5+6advmQR1bC1kD4232gtuTcl7za5POSSg6DC2zWg8wA\/BBWgICAgICAgIKSEIcjquSysfJI8TU9nPc4A49znE9HlUGcLVM83r7ftDZpoimaZ4RC1qorPDU\/b4LGyVdYb7yWOyTVRWeGp+3wTZKusG8ljsk1UVnhqft8E2SrrBvJY7JNVFZ4an7fBNkq6wbyWOyTVRWeGp+3wTZKusG8ljsk1UVnhqft8E2SrrBvJY7JNVFZ4an7fBNkq6wbx2OyTVRWeGp+3wTZKusG8ljsk1UVnhqft8E2SrrBvHY7JNVFZ4an7fBNkq6wbx2OyTVRWeGp+3wTZKusG8ljsk1UVnhqft8E2SrrBvJY7JNVFZ4an7fBNkq6wbyWOyTVRWeGp+3wTZKusG8djsk1UVnhqft8E2SrrBvHY7JNVFZ4an7fBNkq6wbx2OyTVRWeGp+3wTZKusG8djsk1UVnhqft8E2SvrBvHY7JNVFZ4an7fBNkr6wbx2OyTVRWeGp+3wTZK+sG8djsk1UVnhqft8E2SvrBvHY7JNVFZ4an7fBNkq6wbx2OyTVRWeGp+3wTZK+sG8djsk1UVnhqft8E2SvrBvHY7JNVFZ4an7fBNkr6wbx2OyTVRWeGp+3wTZK+sG8djsk1UVnhqft8E2SrrBvHY7JdQzdoHU1JTwPILo4mMJbuJaLbLqZbp1aYjo8rir0Xr1VyPGc0mFujiAgIIObI8jHOdTPYGOcXGGUHCHHaSxw2tudtto2ncgofk+qPNT+2\/+1BjSZFqnc9P7b\/7UFtuQKoc9P7T\/AO1BfZkiqHi\/tv8A7UF05Oquin9t\/wDagsvyPVHxf23\/ANqC9kzN4tkbLUPD3NN2MYLMaf8ANt2ud6gOhBsCAgICAgICAgICD4gLAICAgICAgICAgICAgICAgICAgICAgICAgICBZZH1AQEBAQEBAQEBAQEBAQEBAQEBAQEBAQEBAQEBAQEBAQEBAQEBAQEBAQEBAQEBAQEBAQEBAQEBAQEBAQEBAQEBAQEBAQEBAQEBAQEBAQEBAQEBAQEBAQEBAQEBAQEBAQEBAQEBAQEBAQEBAQEBAQEBAQEBAQEBAQEBAQEBAQEBAQEBB8QfUBAQEAICAg+IPqD4g+oCAgICAgICAgICAgICAgICAgICAgICAgICAgICD\/\/Z' alt='Resultado de imagen para simrad pro series'><\/p>\n<\/p>\n<p>Requisitos:<br \/>&#8211; Ser Distribuidor Autorizado SYSCOM en SIMRAD<br \/>&#8211; Llevar Laptop con sistema operativo Windows.<\/p>\n<p>A qui\u00e9n est\u00e1 dirigido:<br \/>A distribuidores dedicados al sector comercial marino de nivel profesional. <\/p>\n<p>Objetivos:<br \/>Brindar nuevas herramientas y conocimientos te\u00f3ricos y pr\u00e1cticos enfocados en la actualizaci\u00f3n de las nuevas tecnolog\u00edas enfocadas en los requerimientos actuales de los usuarios del sector marino.<\/p>\n<p>Contenido:<\/p>\n<p>\u2022 Manejo de equipos Pantallas de navegaci\u00f3n.<br \/>\u2022 Manejo de Pilotos autom\u00e1ticos IMO.<br \/>\u2022 Manejo de Girocomp\u00e1s GC80\/85<br \/>\u2022 Manejo de Radares HALO.<\/p>\n","protected":false},"excerpt":{"rendered":"<p>Certificaci\u00f3n SIMRAD<\/p>\n","protected":false},"featured_media":68530,"comment_status":"open","ping_status":"closed","template":"","meta":[],"product_brand":[],"product_cat":[1526],"product_tag":[1505,1527,1172],"class_list":{"0":"post-68531","1":"product","2":"type-product","3":"status-publish","4":"has-post-thumbnail","6":"product_cat-sistema-de-navegacion","7":"product_tag-simrad","8":"product_tag-sistema-de-navegacion","9":"product_tag-soluciones-marinas","11":"first","12":"instock","13":"sale","14":"shipping-taxable","15":"purchasable","16":"product-type-simple"},"_links":{"self":[{"href":"https:\/\/soydeaqui.ddns.net\/pachuca\/index.php\/wp-json\/wp\/v2\/product\/68531","targetHints":{"allow":["GET"]}}],"collection":[{"href":"https:\/\/soydeaqui.ddns.net\/pachuca\/index.php\/wp-json\/wp\/v2\/product"}],"about":[{"href":"https:\/\/soydeaqui.ddns.net\/pachuca\/index.php\/wp-json\/wp\/v2\/types\/product"}],"replies":[{"embeddable":true,"href":"https:\/\/soydeaqui.ddns.net\/pachuca\/index.php\/wp-json\/wp\/v2\/comments?post=68531"}],"wp:featuredmedia":[{"embeddable":true,"href":"https:\/\/soydeaqui.ddns.net\/pachuca\/index.php\/wp-json\/wp\/v2\/media\/68530"}],"wp:attachment":[{"href":"https:\/\/soydeaqui.ddns.net\/pachuca\/index.php\/wp-json\/wp\/v2\/media?parent=68531"}],"wp:term":[{"taxonomy":"product_brand","embeddable":true,"href":"https:\/\/soydeaqui.ddns.net\/pachuca\/index.php\/wp-json\/wp\/v2\/product_brand?post=68531"},{"taxonomy":"product_cat","embeddable":true,"href":"https:\/\/soydeaqui.ddns.net\/pachuca\/index.php\/wp-json\/wp\/v2\/product_cat?post=68531"},{"taxonomy":"product_tag","embeddable":true,"href":"https:\/\/soydeaqui.ddns.net\/pachuca\/index.php\/wp-json\/wp\/v2\/product_tag?post=68531"}],"curies":[{"name":"wp","href":"https:\/\/api.w.org\/{rel}","templated":true}]}}