{"id":68512,"date":"2026-03-19T10:11:50","date_gmt":"2026-03-19T10:11:50","guid":{"rendered":"https:\/\/soydeaqui.ddns.net\/pachuca\/index.php\/producto\/ptt-inalambrico-bluetooth-con-auricular-con-microfono-boom-para-radios-kenwood-serie-nx5000-3000\/"},"modified":"2026-03-19T10:11:51","modified_gmt":"2026-03-19T10:11:51","slug":"ptt-inalambrico-bluetooth-con-auricular-con-microfono-boom-para-radios-kenwood-serie-nx5000-3000","status":"publish","type":"product","link":"https:\/\/soydeaqui.ddns.net\/pachuca\/index.php\/producto\/ptt-inalambrico-bluetooth-con-auricular-con-microfono-boom-para-radios-kenwood-serie-nx5000-3000\/","title":{"rendered":"PTT inal\u00e1mbrico Bluetooth con auricular con micr\u00f3fono boom para radios Kenwood Serie NX5000\/3000"},"content":{"rendered":"<div style='width: 100%; max-width: 1200px; margin: 0 auto; font-family: sans-serif; line-height: 1.6; color: inherit; background-color: transparent;'>\n<div style='display: flex; flex-wrap: wrap; gap: 30px; margin-bottom: 30px;'>\n<div style='flex: 1 1 300px; min-width: 280px;'>\n<h3 style='font-size: 22px; border-bottom: 2px solid currentColor; padding-bottom: 5px; margin-top: 0; color: inherit; opacity: 0.8;'>Descripci\u00f3n<\/h3>\n<p style='font-size: 15px; margin-bottom: 10px; color: inherit;'>El BTH-300 es un kit de micr\u00f3fono de solapa inal\u00e1mbrico dise\u00f1ado para usar con un PRYMEBLU\u00ae<\/p>\n<p style='font-size: 15px; margin-bottom: 10px; color: inherit;'>Adaptador Bluetooth y una radio bidireccional (cada uno se vende por separado) y\/o tel\u00e9fono celular.<\/p>\n<\/p><\/div>\n<\/p><\/div>\n<div style='display: flex; flex-wrap: wrap; gap: 20px; margin-bottom: 30px;'>\n<div style='flex: 1 1 250px; border: 1px solid rgba(150&comma; 150&comma; 150&comma; 0.4); border-radius: 8px; overflow: hidden; display: flex; flex-direction: column;'>\n<div style='padding: 15px; border-bottom: 1px solid rgba(150&comma; 150&comma; 150&comma; 0.2); font-weight: bold; font-size: 18px; color: inherit;'>Caracter\u00edsticas<\/div>\n<div style='padding: 15px; color: inherit;'>\n<ul style='padding-left: 20px; margin: 0; font-size: 14px; list-style-type: disc;'>\n<li style='margin-bottom: 5px;'><strong>\u2022 8 versiones diferentes<\/strong><\/li>\n<li style='margin-bottom: 5px;'><strong>\u2022 M\u00e1s de 10 horas de duraci\u00f3n de la bater\u00eda<\/strong><\/li>\n<li style='margin-bottom: 5px;'><strong>\u2022 PTT inal\u00e1mbrico incorporado<\/strong><\/li>\n<li style='margin-bottom: 5px;'><strong>\u2022 Micr\u00f3fono incorporado<\/strong> (para aplicaciones de solo auriculares) con tecnolog\u00eda de cambio autom\u00e1tico<\/li>\n<li style='margin-bottom: 5px;'><strong>\u2022 LED de estado incongruente<\/strong><\/li>\n<li style='margin-bottom: 5px;'><strong>\u2022 Controles de volumen ajustables<\/strong> que recuerdan la configuraci\u00f3n&comma; incluso cuando la unidad est\u00e1 apagada<\/li>\n<li style='margin-bottom: 5px;'><strong>\u2022 Conector de carga micro USB<\/strong> compatible con miles de cargadores de bater\u00eda de repuesto<\/li>\n<li style='margin-bottom: 5px;'><strong>\u2022 360\u00b0 metal&comma; giratorio&comma; clip de ropa<\/strong> permite al usuario usar c\u00f3modamente<\/li>\n<li style='margin-bottom: 5px;'><strong>\u2022 Compatible con los adaptadores de radio PRYMEBLU\u00ae<\/strong> y la mayor\u00eda de los tel\u00e9fonos celulares<\/li>\n<li style='margin-bottom: 5px;'><strong>\u2022 Admite la operaci\u00f3n de emparejamiento dual<\/strong><\/li>\n<\/ul><\/div>\n<\/p><\/div>\n<\/p><\/div>\n<hr style='border: 0; border-top: 1px solid rgba(150&comma; 150&comma; 150&comma; 0.3); margin: 30px 0;'> <\/div>\n","protected":false},"excerpt":{"rendered":"<p>PTT inal\u00e1mbrico Bluetooth con auricular con micr\u00f3fono boom para radios Kenwood Serie NX5000\/3000<\/p>\n","protected":false},"featured_media":68511,"comment_status":"open","ping_status":"closed","template":"","meta":[],"product_brand":[],"product_cat":[1586],"product_tag":[1579,1518,1730],"class_list":{"0":"post-68512","1":"product","2":"type-product","3":"status-publish","4":"has-post-thumbnail","6":"product_cat-microfono-audifono-accesorios-para-kenwood","7":"product_tag-accesorios-para-kenwood","8":"product_tag-microfono-audifono","9":"product_tag-pryme","11":"first","12":"outofstock","13":"sale","14":"shipping-taxable","15":"purchasable","16":"product-type-simple"},"_links":{"self":[{"href":"https:\/\/soydeaqui.ddns.net\/pachuca\/index.php\/wp-json\/wp\/v2\/product\/68512","targetHints":{"allow":["GET"]}}],"collection":[{"href":"https:\/\/soydeaqui.ddns.net\/pachuca\/index.php\/wp-json\/wp\/v2\/product"}],"about":[{"href":"https:\/\/soydeaqui.ddns.net\/pachuca\/index.php\/wp-json\/wp\/v2\/types\/product"}],"replies":[{"embeddable":true,"href":"https:\/\/soydeaqui.ddns.net\/pachuca\/index.php\/wp-json\/wp\/v2\/comments?post=68512"}],"wp:featuredmedia":[{"embeddable":true,"href":"https:\/\/soydeaqui.ddns.net\/pachuca\/index.php\/wp-json\/wp\/v2\/media\/68511"}],"wp:attachment":[{"href":"https:\/\/soydeaqui.ddns.net\/pachuca\/index.php\/wp-json\/wp\/v2\/media?parent=68512"}],"wp:term":[{"taxonomy":"product_brand","embeddable":true,"href":"https:\/\/soydeaqui.ddns.net\/pachuca\/index.php\/wp-json\/wp\/v2\/product_brand?post=68512"},{"taxonomy":"product_cat","embeddable":true,"href":"https:\/\/soydeaqui.ddns.net\/pachuca\/index.php\/wp-json\/wp\/v2\/product_cat?post=68512"},{"taxonomy":"product_tag","embeddable":true,"href":"https:\/\/soydeaqui.ddns.net\/pachuca\/index.php\/wp-json\/wp\/v2\/product_tag?post=68512"}],"curies":[{"name":"wp","href":"https:\/\/api.w.org\/{rel}","templated":true}]}}