{"id":68468,"date":"2026-03-19T10:10:18","date_gmt":"2026-03-19T10:10:18","guid":{"rendered":"https:\/\/soydeaqui.ddns.net\/pachuca\/index.php\/producto\/receptor-de-comunicacion-portatil-para-senal-analogica-fm-am-y-digital-nxdn-p25-dpmr\/"},"modified":"2026-03-19T10:10:31","modified_gmt":"2026-03-19T10:10:31","slug":"receptor-de-comunicacion-portatil-para-senal-analogica-fm-am-y-digital-nxdn-p25-dpmr","status":"publish","type":"product","link":"https:\/\/soydeaqui.ddns.net\/pachuca\/index.php\/producto\/receptor-de-comunicacion-portatil-para-senal-analogica-fm-am-y-digital-nxdn-p25-dpmr\/","title":{"rendered":"Receptor de comunicaci\u00f3n port\u00e1til para se\u00f1al anal\u00f3gica FM, AM y digital NXDN, P25, dPMR"},"content":{"rendered":"<div style='width: 100%; max-width: 1200px; margin: 0 auto; font-family: sans-serif; line-height: 1.6; color: inherit; background-color: transparent;'>\n<div style='display: flex; flex-wrap: wrap; gap: 30px; margin-bottom: 30px;'>\n<div style='flex: 1 1 300px; min-width: 280px;'>\n<h3 style='font-size: 22px; border-bottom: 2px solid currentColor; padding-bottom: 5px; margin-top: 0; color: inherit; opacity: 0.8;'>Descripci\u00f3n<\/h3>\n<p style='margin: 15px 0; color: inherit; font-size: 15px;'>El receptor R30 port\u00e1til le ofrece a los usuarios la posibilidad de decodificar m\u00faltiples se\u00f1ales digitales&comma; as\u00ed como los se\u00f1ales anal\u00f3gicas.<\/p>\n<\/p><\/div>\n<\/p><\/div>\n<div style='display: flex; flex-wrap: wrap; gap: 30px; margin-bottom: 30px;'>\n<div style='flex: 1 1 300px; min-width: 280px;'>\n<h3 style='font-size: 22px; border-bottom: 2px solid currentColor; padding-bottom: 5px; margin-top: 0; color: inherit; opacity: 0.8;'>Especificaciones<\/h3>\n<ul style='padding-left: 20px; font-size: 15px; color: inherit;'>\n<li style='margin-bottom: 5px;'><strong>Rango de operaci\u00f3n:<\/strong> 0.1\u20133304.999 MHz<\/li>\n<li style='margin-bottom: 5px;'><strong>Dimensiones:<\/strong> 58 x 143 x 30.5 mm<\/li>\n<li style='margin-bottom: 5px;'><strong>Peso:<\/strong> 200g<\/li>\n<\/ul><\/div>\n<div style='flex: 1 1 300px; min-width: 280px;'>\n<h3 style='font-size: 22px; border-bottom: 2px solid currentColor; padding-bottom: 5px; margin-top: 0; color: inherit; opacity: 0.8;'>Caracter\u00edsticas generales<\/h3>\n<ul style='padding-left: 20px; font-size: 15px; color: inherit;'>\n<li style='margin-bottom: 5px;'>Decodificaci\u00f3n digital de NXDN&comma; P25 fase 1&comma; D-STAR<\/li>\n<li style='margin-bottom: 5px;'>Decodificaci\u00f3n anal\u00f3gica USB&comma; LSB&comma; CW&comma; AM&comma; FM y WFM<\/li>\n<li style='margin-bottom: 5px;'>Pantalla de 2.3&#8242;<\/li>\n<li style='margin-bottom: 5px;'>2000 canales divididos entre 100 grupos<\/li>\n<li style='margin-bottom: 5px;'>Funci\u00f3n de Bluetooth incluido<\/li>\n<li style='margin-bottom: 5px;'>GPS incluido que permite mostrar en pantalla posici\u00f3n&comma; curso&comma; velocidad y altura<\/li>\n<li style='margin-bottom: 5px;'>Protecci\u00f3n al ambiente IP57<\/li>\n<li style='margin-bottom: 5px;'>Permite un monitoreo de doble banda de manera simult\u00e1nea<\/li>\n<li style='margin-bottom: 5px;'>Grabaci\u00f3n de voz en formato WAV* (requiere tarjeta micro SD)<\/li>\n<li style='margin-bottom: 5px;'>Escaneo de canales de alta velocidad (150 canales por segundo)<\/li>\n<\/ul><\/div>\n<\/p><\/div>\n<div style='display: flex; flex-wrap: wrap; gap: 30px; margin-bottom: 30px;'>\n<div style='flex: 1 1 300px; min-width: 280px;'>\n<h3 style='font-size: 22px; border-bottom: 2px solid currentColor; padding-bottom: 5px; margin-top: 0; color: inherit; opacity: 0.8;'>Im\u00e1genes<\/h3>\n<div style='margin-bottom: 20px;'> <img style='width: 100%; height: auto; border: 1px solid rgba(150&comma;150&comma;150&comma;0.3); border-radius: 8px;' src='data:image\/jpeg;base64&comma;\/9j\/4AAQSkZJRgABAQAAAQABAAD\/2wCEAAkGBxIQEBUQDxAQFRUSFRAPEBUOEBAQFRUSFRcXFxUWFRUYHSggGBolHRMVITEhJykrLi4vFx8zODMtNygtLisBCgoKDg0OFxAQGCwdHx8tKysrLTcwLzcvMysrLTItLS03MiswNTcxLS01NysyNzYvLy03LC0wKy0rLTc3LS0rK\/\/AABEIAOEA4QMBIgACEQEDEQH\/xAAcAAEAAQUBAQAAAAAAAAAAAAAABwEEBQYIAwL\/xABIEAACAQMBBAQKBwMKBwEAAAAAAQIDBBEFBgcSIRMxQVEIIiNhcXOBkbGyFDI0UmJyoTM1QhUkQ1ODkqLBwvAlVGOT0eHxF\/\/EABoBAQACAwEAAAAAAAAAAAAAAAACAwEFBgT\/xAAmEQEAAQMCBQUBAQAAAAAAAAAAAQIDBBESEyFBUWEFFTEy8CIU\/9oADAMBAAIRAxEAPwCcQAAAAAAAAAAAAAAAAAAAAAAAAAAAAAAAAAAAAAAAAAAAAAAAAAAAAAAAAAAAAAAAAAAAAAAAAAAAAAAAAAAAAAAAAAAAAAAAAAAAAAAAAAAAAAAAAAAAAAAAAfPEWuoanSt48dapGC\/E8BKmmap0iNZXgNJu95dpBtRU545ZiuXsFnvLs5vEuOGe2S5Ed9Pd7fa8vbu4U6N2BZ2GpUq8eOjOM1+F595dJknhqpmmdJjR9AoAwqCgAqCgAqCgAqCgAqCgyBUFABUFABUFABUFABUFMjIFQUAGF2o12FjQdWfN9VOP3pdhEtta3ms3DlJ8s+NJ\/Ugu5LvMjvOvpXF9G3j1U1GKX454y\/dj3kk7M6NC1oQpxSXJOXnl2tlM\/wB1adIdJaqp9NxKbsRrcufHiGu6fuytIx8tKpUl2vjcF7FErf7sbSUfIyq05dj43Ne1SN6wME+HT2az3bM3buLP7wgy4trzRbhNN4b8WUcunUS7H5yXNmdcp3tBVYdfVOPbGXahtTpEbu2nSkueHKD7pLqaI03YX8qF3KhJ8p8UH2S7YvzMyu02x1C1n9Gq06i7YySfscZdQGz7z950dOj0VJKpXa8Vd0E+qUv1Ig2726vL2T4684023iEJShFfB9Za7QbP17SbjXpTj3cUWk16H1mPqWqfWQGz7vN6V1ZSUK8pVqH3ZS8aUO+DfV5mdZaTqUa9OFanJShUipRlHqafM5G2Z3eX1810dF06b661VOMcPqjH6z9h2Fur2VjptD6PTlKXG+Oc5fWnLq9iA3EAAAAAAAAAAAAAAAAAAAAAAAAAAAAAAB516KmnGSUoyTjJPqaeU0RZt1uXt72bq0X0FZ85Rj4s8d8fOa1pG6vUa6Uqk6dJNc1njl9i6i9q7kL2KzCvSl5sSj8ZI33R7zrGzq06V3V4ak3h4jKUY+eUo9QGk6H4P91OcfrqVJZ8aUnmS9C6yadH3B28fGvK1Sb7oLgXt5mX2h7uL65kpV6sKUO1R8eT9C6iY9H0qNKKjFbJdS6kZ3K5zYAAAGF17R6V7RqW9ZcVOosNdq7Gu5o5\/13cLeU5P6NUp1oPqz4k16XyZ0oKgOJ9W3d6hRbjK0qtr71NcSfokkzF091F9P6tqS9L5fA7dABzNp3B3knmUqUf5pP4GZou6G7p16dSdSmo06kZtR5yfC84OjwB5U6aikl0I9QAAH\/\/Z' alt='Resultado de imagen para ICOM' \/> <img style='width: 100%; height: auto; border: 1px solid rgba(150&comma;150&comma;150&comma;0.3); border-radius: 8px; margin-top: 20px;' src='http:\/\/www.icomamerica.com\/es\/products\/r30\/ProductHeader.jpg' alt='R30' \/> <\/div>\n<\/p><\/div>\n<hr style='border: 0; border-top: 1px solid rgba(150&comma;150&comma;150&comma;0.3); margin: 30px 0;'> <\/div>\n","protected":false},"excerpt":{"rendered":"<p>Receptor de comunicaci\u00f3n port\u00e1til para se\u00f1al anal\u00f3gica FM, AM y digital NXDN, P25, dPMR<\/p>\n","protected":false},"featured_media":68467,"comment_status":"open","ping_status":"closed","template":"","meta":[],"product_brand":[],"product_cat":[1512],"product_tag":[1288,1513,62],"class_list":{"0":"post-68468","1":"product","2":"type-product","3":"status-publish","4":"has-post-thumbnail","6":"product_cat-todos-radios-amateur","7":"product_tag-icom","8":"product_tag-radios-amateur","9":"product_tag-todos","11":"first","12":"outofstock","13":"sale","14":"shipping-taxable","15":"purchasable","16":"product-type-simple"},"_links":{"self":[{"href":"https:\/\/soydeaqui.ddns.net\/pachuca\/index.php\/wp-json\/wp\/v2\/product\/68468","targetHints":{"allow":["GET"]}}],"collection":[{"href":"https:\/\/soydeaqui.ddns.net\/pachuca\/index.php\/wp-json\/wp\/v2\/product"}],"about":[{"href":"https:\/\/soydeaqui.ddns.net\/pachuca\/index.php\/wp-json\/wp\/v2\/types\/product"}],"replies":[{"embeddable":true,"href":"https:\/\/soydeaqui.ddns.net\/pachuca\/index.php\/wp-json\/wp\/v2\/comments?post=68468"}],"wp:featuredmedia":[{"embeddable":true,"href":"https:\/\/soydeaqui.ddns.net\/pachuca\/index.php\/wp-json\/wp\/v2\/media\/68467"}],"wp:attachment":[{"href":"https:\/\/soydeaqui.ddns.net\/pachuca\/index.php\/wp-json\/wp\/v2\/media?parent=68468"}],"wp:term":[{"taxonomy":"product_brand","embeddable":true,"href":"https:\/\/soydeaqui.ddns.net\/pachuca\/index.php\/wp-json\/wp\/v2\/product_brand?post=68468"},{"taxonomy":"product_cat","embeddable":true,"href":"https:\/\/soydeaqui.ddns.net\/pachuca\/index.php\/wp-json\/wp\/v2\/product_cat?post=68468"},{"taxonomy":"product_tag","embeddable":true,"href":"https:\/\/soydeaqui.ddns.net\/pachuca\/index.php\/wp-json\/wp\/v2\/product_tag?post=68468"}],"curies":[{"name":"wp","href":"https:\/\/api.w.org\/{rel}","templated":true}]}}