{"id":68462,"date":"2026-03-19T10:10:03","date_gmt":"2026-03-19T10:10:03","guid":{"rendered":"https:\/\/soydeaqui.ddns.net\/pachuca\/index.php\/producto\/renovacion-nxradio\/"},"modified":"2026-03-19T10:10:04","modified_gmt":"2026-03-19T10:10:04","slug":"renovacion-nxradio","status":"publish","type":"product","link":"https:\/\/soydeaqui.ddns.net\/pachuca\/index.php\/producto\/renovacion-nxradio\/","title":{"rendered":"Renovacion NXRADIO"},"content":{"rendered":"<div style='width: 100%; max-width: 1200px; margin: 0 auto; font-family: sans-serif; line-height: 1.6; color: inherit;'>\n<div style='display: flex; flex-direction: column; gap: 20px;'>\n<div>\n<p style='font-size: 16px; font-weight: bold; margin: 0; color: inherit;'>Renovaci\u00f3n de licencia anual NXRADIO para dispositivos IOS y Android.<\/p>\n<\/p><\/div>\n<div>\n<h3 style='font-size: 18px; border-bottom: 2px solid currentColor; padding-bottom: 5px; margin-top: 0; margin-bottom: 15px; color: inherit; opacity: 0.8;'>Condiciones de Uso<\/h3>\n<ul style='padding-left: 20px; font-size: 14px; color: inherit; list-style-type: disc;'>\n<li style='margin-bottom: 8px;'><strong>Renovaci\u00f3n aplica \u00fanicamente para licencias pr\u00f3ximas a vencer.<\/strong><\/li>\n<li style='margin-bottom: 8px;'><strong>El d\u00eda l\u00edmite de renovaci\u00f3n es igual al d\u00eda de activaci\u00f3n original.<\/strong><\/li>\n<li style='margin-bottom: 8px;'><strong>En caso de que las licencias hayan expirado&comma; usar modelo NXRADIO.<\/strong><\/li>\n<\/ul><\/div>\n<\/p><\/div>\n<\/p><\/div>\n","protected":false},"excerpt":{"rendered":"<p>Renovacion NXRADIO<\/p>\n","protected":false},"featured_media":68461,"comment_status":"open","ping_status":"closed","template":"","meta":[],"product_brand":[],"product_cat":[1721],"product_tag":[1780,1722,1508],"class_list":{"0":"post-68462","1":"product","2":"type-product","3":"status-publish","4":"has-post-thumbnail","6":"product_cat-plataforma-nxradio","7":"product_tag-nxradio","8":"product_tag-plataforma-nxradio","9":"product_tag-radios-lte","11":"first","12":"instock","13":"sale","14":"shipping-taxable","15":"purchasable","16":"product-type-simple"},"_links":{"self":[{"href":"https:\/\/soydeaqui.ddns.net\/pachuca\/index.php\/wp-json\/wp\/v2\/product\/68462","targetHints":{"allow":["GET"]}}],"collection":[{"href":"https:\/\/soydeaqui.ddns.net\/pachuca\/index.php\/wp-json\/wp\/v2\/product"}],"about":[{"href":"https:\/\/soydeaqui.ddns.net\/pachuca\/index.php\/wp-json\/wp\/v2\/types\/product"}],"replies":[{"embeddable":true,"href":"https:\/\/soydeaqui.ddns.net\/pachuca\/index.php\/wp-json\/wp\/v2\/comments?post=68462"}],"wp:featuredmedia":[{"embeddable":true,"href":"https:\/\/soydeaqui.ddns.net\/pachuca\/index.php\/wp-json\/wp\/v2\/media\/68461"}],"wp:attachment":[{"href":"https:\/\/soydeaqui.ddns.net\/pachuca\/index.php\/wp-json\/wp\/v2\/media?parent=68462"}],"wp:term":[{"taxonomy":"product_brand","embeddable":true,"href":"https:\/\/soydeaqui.ddns.net\/pachuca\/index.php\/wp-json\/wp\/v2\/product_brand?post=68462"},{"taxonomy":"product_cat","embeddable":true,"href":"https:\/\/soydeaqui.ddns.net\/pachuca\/index.php\/wp-json\/wp\/v2\/product_cat?post=68462"},{"taxonomy":"product_tag","embeddable":true,"href":"https:\/\/soydeaqui.ddns.net\/pachuca\/index.php\/wp-json\/wp\/v2\/product_tag?post=68462"}],"curies":[{"name":"wp","href":"https:\/\/api.w.org\/{rel}","templated":true}]}}