{"id":6844,"date":"2026-03-18T06:48:25","date_gmt":"2026-03-18T06:48:25","guid":{"rendered":"https:\/\/soydeaqui.ddns.net\/pachuca\/index.php\/producto\/protector-de-silicio-sasd-120-vac-en-montaje-din-rail-para-una-fase-certificacion-ul-1449-4th-ed\/"},"modified":"2026-03-18T06:48:30","modified_gmt":"2026-03-18T06:48:30","slug":"protector-de-silicio-sasd-120-vac-en-montaje-din-rail-para-una-fase-certificacion-ul-1449-4th-ed","status":"publish","type":"product","link":"https:\/\/soydeaqui.ddns.net\/pachuca\/index.php\/producto\/protector-de-silicio-sasd-120-vac-en-montaje-din-rail-para-una-fase-certificacion-ul-1449-4th-ed\/","title":{"rendered":"Protector de Silicio SASD 120 Vac en Montaje DIN Rail Para Una Fase, Certificaci\u00f3n UL 1449 4th Ed"},"content":{"rendered":"<div style='width: 100%; max-width: 1200px; margin: 0 auto; font-family: sans-serif; line-height: 1.6; color: inherit; background-color: transparent;'>\n<p style='text-align: center; margin: 0 0 10px;'> <img style='width: 100%; max-width: 200px; height: auto; border: 1px solid rgba(150&comma;150&comma;150&comma;0.3); border-radius: 8px;' src='https:\/\/ftp3.syscom.mx\/usuarios\/fotos\/ALPUF140\/80800-transtector_logo.jpg' alt='Logo Transtector'> <\/p>\n<div style='margin: 30px 0;'>\n<p style='text-align: justify; font-size: 15px; color: inherit;'> La protecci\u00f3n contra sobretensiones el\u00e9ctricas de CA en este componente de riel DIN Transtector tiene la forma de diodo de supresi\u00f3n de avalancha de silicio (SASD). Este AC SPD utiliza circuitos de diodo de supresi\u00f3n de avalancha de silicio (SASD) para proteger los dispositivos el\u00e9ctricos de picos de corriente alterna. La supresi\u00f3n de sobretensi\u00f3n transitoria de rel\u00e1mpagos y eventos de picos el\u00e9ctricos fuertes se maneja a trav\u00e9s de circuitos de protecci\u00f3n de diodo de supresi\u00f3n de avalancha de silicio (SASD) en el 1101-627 SPD. El protector de sobretensi\u00f3n comercial 1101-627 para alimentaci\u00f3n de CA es UL 1449 4th Ed. clasificado con LED de estado. <\/p>\n<\/p><\/div>\n<div style='display: flex; flex-wrap: wrap; gap: 30px; margin: 30px 0;'>\n<div style='flex: 1 1 300px; min-width: 280px;'>\n<h3 style='font-size: 20px; border-bottom: 2px solid currentColor; padding-bottom: 5px; margin-top: 0; color: inherit; opacity: 0.8;'>Caracter\u00edsticas principales:<\/h3>\n<ul style='padding-left: 20px; font-size: 15px; color: inherit; list-style-type: disc;'>\n<li style='margin-bottom: 5px;'>Protector modular<\/li>\n<li style='margin-bottom: 5px;'>Voltaje de 120 Vca<\/li>\n<li style='margin-bottom: 5px;'>Tecnolog\u00eda: H\u00edbrida&comma; Diodo avalancha de silicio (SASD) y Tubo de gas (GDT)<\/li>\n<li style='margin-bottom: 5px;'>Tiempo de respuesta de supresi\u00f3n < 5 ns<\/li>\n<li style='margin-bottom: 5px;'>Terminal atornillable #4 a #14 AWG<\/li>\n<li style='margin-bottom: 5px;'>Garant\u00eda 1 a\u00f1o<\/li>\n<\/ul><\/div>\n<div style='flex: 1 1 300px; min-width: 280px;'>\n<h3 style='font-size: 20px; border-bottom: 2px solid currentColor; padding-bottom: 5px; margin-top: 0; color: inherit; opacity: 0.8;'>Beneficios:<\/h3>\n<ul style='padding-left: 20px; font-size: 15px; color: inherit; list-style-type: disc;'>\n<li style='margin-bottom: 5px;'>F\u00e1cil instalaci\u00f3n<\/li>\n<li style='margin-bottom: 5px;'>Indicador de LED estado del protector<\/li>\n<li style='margin-bottom: 5px;'>Rango de temperatura: -40\u00b0 a 80\u00b0C<\/li>\n<li style='margin-bottom: 5px;'>Certificaci\u00f3n UL 1449 4th Ed.<\/li>\n<li style='margin-bottom: 5px;'>Peso: 181.44 g<\/li>\n<li style='margin-bottom: 5px;'>Modos de protecci\u00f3n: L-N\/G<\/li>\n<li style='margin-bottom: 5px;'>Montaje en Riel DIN<\/li>\n<\/ul><\/div>\n<div style='flex: 1 1 300px; min-width: 280px;'>\n<h3 style='font-size: 20px; border-bottom: 2px solid currentColor; padding-bottom: 5px; margin-top: 0; color: inherit; opacity: 0.8;'>Aplicaciones:<\/h3>\n<ul style='padding-left: 20px; font-size: 15px; color: inherit; list-style-type: disc;'>\n<li style='margin-bottom: 5px;'>Paneles el\u00e9ctricos<\/li>\n<li style='margin-bottom: 5px;'>Escuelas<\/li>\n<li style='margin-bottom: 5px;'>Control central de motores<\/li>\n<li style='margin-bottom: 5px;'>Hospitales<\/li>\n<li style='margin-bottom: 5px;'>Automatizaci\u00f3n industrial<\/li>\n<li style='margin-bottom: 5px;'>Estaci\u00f3n de comunicaciones<\/li>\n<li style='margin-bottom: 5px;'>Centros de datos<\/li>\n<\/ul><\/div>\n<\/p><\/div>\n<hr style='border: 0; border-top: 1px solid rgba(150&comma; 150&comma; 150&comma; 0.3); margin: 30px 0;'> <\/div>\n","protected":false},"excerpt":{"rendered":"<p>Protector de Silicio SASD 120 Vac en Montaje DIN Rail Para Una Fase, Certificaci\u00f3n UL 1449 4th Ed<\/p>\n","protected":false},"featured_media":6843,"comment_status":"open","ping_status":"closed","template":"","meta":[],"product_brand":[],"product_cat":[532],"product_tag":[533,62,546],"class_list":{"0":"post-6844","1":"product","2":"type-product","3":"status-publish","4":"has-post-thumbnail","6":"product_cat-todos-proteccion-contra-sobretensiones","7":"product_tag-proteccion-contra-sobretensiones","8":"product_tag-todos","9":"product_tag-transtector","11":"first","12":"outofstock","13":"sale","14":"shipping-taxable","15":"purchasable","16":"product-type-simple"},"_links":{"self":[{"href":"https:\/\/soydeaqui.ddns.net\/pachuca\/index.php\/wp-json\/wp\/v2\/product\/6844","targetHints":{"allow":["GET"]}}],"collection":[{"href":"https:\/\/soydeaqui.ddns.net\/pachuca\/index.php\/wp-json\/wp\/v2\/product"}],"about":[{"href":"https:\/\/soydeaqui.ddns.net\/pachuca\/index.php\/wp-json\/wp\/v2\/types\/product"}],"replies":[{"embeddable":true,"href":"https:\/\/soydeaqui.ddns.net\/pachuca\/index.php\/wp-json\/wp\/v2\/comments?post=6844"}],"wp:featuredmedia":[{"embeddable":true,"href":"https:\/\/soydeaqui.ddns.net\/pachuca\/index.php\/wp-json\/wp\/v2\/media\/6843"}],"wp:attachment":[{"href":"https:\/\/soydeaqui.ddns.net\/pachuca\/index.php\/wp-json\/wp\/v2\/media?parent=6844"}],"wp:term":[{"taxonomy":"product_brand","embeddable":true,"href":"https:\/\/soydeaqui.ddns.net\/pachuca\/index.php\/wp-json\/wp\/v2\/product_brand?post=6844"},{"taxonomy":"product_cat","embeddable":true,"href":"https:\/\/soydeaqui.ddns.net\/pachuca\/index.php\/wp-json\/wp\/v2\/product_cat?post=6844"},{"taxonomy":"product_tag","embeddable":true,"href":"https:\/\/soydeaqui.ddns.net\/pachuca\/index.php\/wp-json\/wp\/v2\/product_tag?post=6844"}],"curies":[{"name":"wp","href":"https:\/\/api.w.org\/{rel}","templated":true}]}}