{"id":68429,"date":"2026-03-19T10:08:54","date_gmt":"2026-03-19T10:08:54","guid":{"rendered":"https:\/\/soydeaqui.ddns.net\/pachuca\/index.php\/producto\/luz-estroboscopica-led-55-patrones-de-parpadeo-ajustables-8-patrones-bateria-de-respaldo-12-24-vcc-vca-resistente-al-clima-ip66-ip55\/"},"modified":"2026-03-19T10:09:00","modified_gmt":"2026-03-19T10:09:00","slug":"luz-estroboscopica-led-55-patrones-de-parpadeo-ajustables-8-patrones-bateria-de-respaldo-12-24-vcc-vca-resistente-al-clima-ip66-ip55","status":"publish","type":"product","link":"https:\/\/soydeaqui.ddns.net\/pachuca\/index.php\/producto\/luz-estroboscopica-led-55-patrones-de-parpadeo-ajustables-8-patrones-bateria-de-respaldo-12-24-vcc-vca-resistente-al-clima-ip66-ip55\/","title":{"rendered":"Luz Estrobosc\u00f3pica LED (55) \/ Patrones de Parpadeo Ajustables \/ 8 Patrones \/ Bater\u00eda de Respaldo \/ 12-24 Vcc\/Vca \/ Resistente al Clima IP66\/IP55"},"content":{"rendered":"<div style='width: 100%; max-width: 1200px; margin: 0 auto; font-family: sans-serif; line-height: 1.6; color: inherit; background-color: transparent;'>\n<div style='display: flex; flex-wrap: wrap; gap: 30px; margin-bottom: 30px;'>\n<div style='flex: 1 1 300px; min-width: 280px;'>\n<h3 style='font-size: 22px; border-bottom: 2px solid currentColor; padding-bottom: 5px; margin-top: 0; color: inherit; opacity: 0.8;'>Descripci\u00f3n General<\/h3>\n<p style='font-size: 15px; color: inherit; margin-bottom: 15px;'>La luz estrobosc\u00f3pica LED SFIRE ofrece funcionalidades avanzadas en aplicaciones de se\u00f1alizaci\u00f3n y advertencia. Con hasta 55 LEDs (SF1301SAQ)&comma; un dise\u00f1o resistente a condiciones clim\u00e1ticas&comma; y un ciclo de vida de 50&comma;000 horas&comma; supera a las luces estrobosc\u00f3picas convencionales. Dispone de un sistema patentado de visibilidad m\u00faltiple y opci\u00f3n de bater\u00eda de respaldo&comma; apropiadas para iluminaci\u00f3n continua. Las luces permiten una personalizaci\u00f3n total de patrones de destello&comma; ciclo de trabajo y velocidad de parpadeo&comma; y en el modelo SF-1301-SAQ&comma; incorpora un buzzer de 100dB.<\/p>\n<\/p><\/div>\n<\/p><\/div>\n<div style='display: flex; flex-wrap: wrap; gap: 20px; margin-bottom: 30px;'>\n<div style='flex: 1 1 250px; border: 1px solid rgba(150&comma; 150&comma; 150&comma; 0.4); border-radius: 8px; overflow: hidden; display: flex; flex-direction: column;'>\n<div style='padding: 15px; border-bottom: 1px solid rgba(150&comma; 150&comma; 150&comma; 0.2); font-weight: bold; font-size: 18px; color: inherit;'>Caracter\u00edsticas Principales<\/div>\n<div style='padding: 15px; color: inherit;'>\n<ul style='padding-left: 20px; margin: 0; font-size: 14px; list-style-type: disc;'>\n<li style='margin-bottom: 5px;'>Alta intensidad LED<\/li>\n<li style='margin-bottom: 5px;'>Vida \u00fatil de m\u00e1s de 50&comma;000 horas<\/li>\n<li style='margin-bottom: 5px;'>Instalaci\u00f3n sencilla de 2 cables<\/li>\n<li style='margin-bottom: 5px;'>Resistente al clima<\/li>\n<li style='margin-bottom: 5px;'>Lente de alto impacto y resistente al calor<\/li>\n<li style='margin-bottom: 5px;'>Visible en todas las direcciones<\/li>\n<li style='margin-bottom: 5px;'>Bater\u00eda de respaldo de 9V opcional&comma; <strong style='color: inherit;'>no incluida<\/strong><\/li>\n<\/ul><\/div>\n<\/p><\/div>\n<div style='flex: 1 1 250px; border: 1px solid rgba(150&comma; 150&comma; 150&comma; 0.4); border-radius: 8px; overflow: hidden; display: flex; flex-direction: column;'>\n<div style='padding: 15px; border-bottom: 1px solid rgba(150&comma; 150&comma; 150&comma; 0.2); font-weight: bold; font-size: 18px; color: inherit;'>Funcionalidades<\/div>\n<div style='padding: 15px; color: inherit;'>\n<ul style='padding-left: 20px; margin: 0; font-size: 14px; list-style-type: disc;'>\n<li style='margin-bottom: 5px;'>8 patrones de parpadeo diferentes<\/li>\n<li style='margin-bottom: 5px;'>Ciclo de trabajo ajustable<\/li>\n<li style='margin-bottom: 5px;'>Velocidad de parpadeo ajustable<\/li>\n<li style='margin-bottom: 5px;'>Buzzer de 100dB en el modelo SF-1301-SAQ<\/li>\n<\/ul><\/div>\n<\/p><\/div>\n<\/p><\/div>\n<div style='display: flex; flex-wrap: wrap; gap: 20px; margin-bottom: 30px;'>\n<div style='flex: 1 1 250px; border: 1px solid rgba(150&comma; 150&comma; 150&comma; 0.4); border-radius: 8px; overflow: hidden; display: flex; flex-direction: column;'>\n<div style='padding: 15px; border-bottom: 1px solid rgba(150&comma; 150&comma; 150&comma; 0.2); font-weight: bold; font-size: 18px; color: inherit;'>Interfaces y Conectividad<\/div>\n<div style='padding: 15px; color: inherit;'>\n<ul style='padding-left: 20px; margin: 0; font-size: 14px; list-style-type: disc;'>\n<li style='margin-bottom: 5px;'>Voltaje de operaci\u00f3n: 12 \u2013 24 Vcc\/Vca&comma; 60Hz<\/li>\n<\/ul><\/div>\n<\/p><\/div>\n<div style='flex: 1 1 250px; border: 1px solid rgba(150&comma; 150&comma; 150&comma; 0.4); border-radius: 8px; overflow: hidden; display: flex; flex-direction: column;'>\n<div style='padding: 15px; border-bottom: 1px solid rgba(150&comma; 150&comma; 150&comma; 0.2); font-weight: bold; font-size: 18px; color: inherit;'>Requisitos y Compatibilidad<\/div>\n<div style='padding: 15px; color: inherit;'>\n<ul style='padding-left: 20px; margin: 0; font-size: 14px; list-style-type: disc;'>\n<li style='margin-bottom: 5px;'>Modelo SF-1301-BAQ: IP66<\/li>\n<li style='margin-bottom: 5px;'>Modelo SF-1301-SAQ: IP55<\/li>\n<li style='margin-bottom: 5px;'>Consumo de corriente en diferentes modos: 100mA a 150mA<\/li>\n<\/ul><\/div>\n<\/p><\/div>\n<\/p><\/div>\n<div style='display: flex; flex-wrap: wrap; gap: 20px; margin-bottom: 30px;'>\n<div style='flex: 1 1 250px; border: 1px solid rgba(150&comma; 150&comma; 150&comma; 0.4); border-radius: 8px; overflow: hidden; display: flex; flex-direction: column;'>\n<div style='padding: 15px; border-bottom: 1px solid rgba(150&comma; 150&comma; 150&comma; 0.2); font-weight: bold; font-size: 18px; color: inherit;'>Seguridad y Alarmas<\/div>\n<div style='padding: 15px; color: inherit;'>\n<p style='font-size: 14px; margin: 0;'>Ideal para aplicaciones en sistemas de seguridad donde la se\u00f1alizaci\u00f3n visual audible es esencial.<\/p>\n<\/p><\/div>\n<\/p><\/div>\n<div style='flex: 1 1 250px; border: 1px solid rgba(150&comma; 150&comma; 150&comma; 0.4); border-radius: 8px; overflow: hidden; display: flex; flex-direction: column;'>\n<div style='padding: 15px; border-bottom: 1px solid rgba(150&comma; 150&comma; 150&comma; 0.2); font-weight: bold; font-size: 18px; color: inherit;'>Iluminaci\u00f3n Continua<\/div>\n<div style='padding: 15px; color: inherit;'>\n<p style='font-size: 14px; margin: 0;'>Proporciona opciones de luz continua con bater\u00eda de respaldo para ambientes cr\u00edticos.<\/p>\n<\/p><\/div>\n<\/p><\/div>\n<div style='flex: 1 1 250px; border: 1px solid rgba(150&comma; 150&comma; 150&comma; 0.4); border-radius: 8px; overflow: hidden; display: flex; flex-direction: column;'>\n<div style='padding: 15px; border-bottom: 1px solid rgba(150&comma; 150&comma; 150&comma; 0.2); font-weight: bold; font-size: 18px; color: inherit;'>Ambientes Exteriores<\/div>\n<div style='padding: 15px; color: inherit;'>\n<p style='font-size: 14px; margin: 0;'>Dise\u00f1ada para resistir condiciones clim\u00e1ticas adversas con grados de protecci\u00f3n IP66\/IP55.<\/p>\n<\/p><\/div>\n<\/p><\/div>\n<\/p><\/div>\n<hr style='border: 0; border-top: 1px solid rgba(150&comma; 150&comma; 150&comma; 0.3); margin: 30px 0;'> <\/div>\n","protected":false},"excerpt":{"rendered":"<p>Luz Estrobosc\u00f3pica LED (55) \/ Patrones de Parpadeo Ajustables \/ 8 Patrones \/ Bater\u00eda de Respaldo \/ 12-24 Vcc\/Vca \/ Resistente al Clima IP66\/IP55<\/p>\n","protected":false},"featured_media":68428,"comment_status":"open","ping_status":"closed","template":"","meta":[],"product_brand":[],"product_cat":[1673],"product_tag":[1633,79,246],"class_list":{"0":"post-68429","1":"product","2":"type-product","3":"status-publish","4":"has-post-thumbnail","6":"product_cat-lamparas-de-obstruccion-torres-y-mastiles","7":"product_tag-lamparas-de-obstruccion","8":"product_tag-sfire","9":"product_tag-torres-y-mastiles","11":"first","12":"instock","13":"sale","14":"shipping-taxable","15":"purchasable","16":"product-type-simple"},"_links":{"self":[{"href":"https:\/\/soydeaqui.ddns.net\/pachuca\/index.php\/wp-json\/wp\/v2\/product\/68429","targetHints":{"allow":["GET"]}}],"collection":[{"href":"https:\/\/soydeaqui.ddns.net\/pachuca\/index.php\/wp-json\/wp\/v2\/product"}],"about":[{"href":"https:\/\/soydeaqui.ddns.net\/pachuca\/index.php\/wp-json\/wp\/v2\/types\/product"}],"replies":[{"embeddable":true,"href":"https:\/\/soydeaqui.ddns.net\/pachuca\/index.php\/wp-json\/wp\/v2\/comments?post=68429"}],"wp:featuredmedia":[{"embeddable":true,"href":"https:\/\/soydeaqui.ddns.net\/pachuca\/index.php\/wp-json\/wp\/v2\/media\/68428"}],"wp:attachment":[{"href":"https:\/\/soydeaqui.ddns.net\/pachuca\/index.php\/wp-json\/wp\/v2\/media?parent=68429"}],"wp:term":[{"taxonomy":"product_brand","embeddable":true,"href":"https:\/\/soydeaqui.ddns.net\/pachuca\/index.php\/wp-json\/wp\/v2\/product_brand?post=68429"},{"taxonomy":"product_cat","embeddable":true,"href":"https:\/\/soydeaqui.ddns.net\/pachuca\/index.php\/wp-json\/wp\/v2\/product_cat?post=68429"},{"taxonomy":"product_tag","embeddable":true,"href":"https:\/\/soydeaqui.ddns.net\/pachuca\/index.php\/wp-json\/wp\/v2\/product_tag?post=68429"}],"curies":[{"name":"wp","href":"https:\/\/api.w.org\/{rel}","templated":true}]}}