{"id":68393,"date":"2026-03-19T10:07:25","date_gmt":"2026-03-19T10:07:25","guid":{"rendered":"https:\/\/soydeaqui.ddns.net\/pachuca\/index.php\/producto\/funda-de-piel-reforzada-version-2-de-facil-acceso-y-cubierta-frontal-de-plastico-transparente-para-los-radios-tk-2000kv2-tk-3000kv2\/"},"modified":"2026-03-19T10:07:33","modified_gmt":"2026-03-19T10:07:33","slug":"funda-de-piel-reforzada-version-2-de-facil-acceso-y-cubierta-frontal-de-plastico-transparente-para-los-radios-tk-2000kv2-tk-3000kv2","status":"publish","type":"product","link":"https:\/\/soydeaqui.ddns.net\/pachuca\/index.php\/producto\/funda-de-piel-reforzada-version-2-de-facil-acceso-y-cubierta-frontal-de-plastico-transparente-para-los-radios-tk-2000kv2-tk-3000kv2\/","title":{"rendered":"Funda de Piel Reforzada, Versi\u00f3n 2 de F\u00e1cil Acceso y Cubierta Frontal de Pl\u00e1stico Transparente para los Radios TK-2000KV2, TK-3000KV2"},"content":{"rendered":"<div style='width: 100%; max-width: 1200px; margin: 0 auto; font-family: sans-serif; line-height: 1.6; color: inherit; background-color: transparent;'>\n<div style='display: flex; flex-wrap: wrap; gap: 30px; margin-bottom: 30px;'>\n<div style='flex: 1 1 300px; min-width: 280px;'>\n<h3 style='font-size: 22px; border-bottom: 2px solid currentColor; padding-bottom: 5px; margin-top: 0; color: inherit; opacity: 0.8;'>Caracter\u00edsticas Principales<\/h3>\n<ul style='padding-left: 20px; font-size: 15px; color: inherit;'>\n<li style='margin-bottom: 5px;'>Funda de piel reforzada para protecci\u00f3n extra<\/li>\n<li style='margin-bottom: 5px;'>Cubierta de pl\u00e1stico transparente para visibilidad<\/li>\n<li style='margin-bottom: 5px;'>Acceso sencillo al puerto de accesorios<\/li>\n<li style='margin-bottom: 5px;'>Compatible con clip de cintur\u00f3n incluido<\/li>\n<li style='margin-bottom: 5px;'>Acceso r\u00e1pido al cargador de bater\u00edas<\/li>\n<\/ul><\/div>\n<div style='flex: 1 1 300px; min-width: 280px;'>\n<h3 style='font-size: 22px; border-bottom: 2px solid currentColor; padding-bottom: 5px; margin-top: 0; color: inherit; opacity: 0.8;'>Especificaciones T\u00e9cnicas<\/h3>\n<ul style='padding-left: 20px; font-size: 15px; color: inherit;'>\n<li style='margin-bottom: 5px;'><strong>Material externo:<\/strong> Piel vacuno original<\/li>\n<li style='margin-bottom: 5px;'><strong>Material interno:<\/strong> Forro sint\u00e9tico<\/li>\n<li style='margin-bottom: 5px;'><strong>Secciones transparentes:<\/strong> Mica de uso industrial<\/li>\n<li style='margin-bottom: 5px;'><strong>Hilo:<\/strong> Nylon de alta resistencia<\/li>\n<li style='margin-bottom: 5px;'><strong>Cerradura:<\/strong> Zipper met\u00e1lico<\/li>\n<li style='margin-bottom: 5px;'><strong>Dimensiones:<\/strong> 54 x 113 x 24.9 mm<\/li>\n<li style='margin-bottom: 5px;'><strong>Compatibilidad:<\/strong> KENWOOD TK-2000KV2 \/ TK-3000KV2<\/li>\n<\/ul><\/div>\n<div style='flex: 1 1 300px; min-width: 280px;'>\n<h3 style='font-size: 22px; border-bottom: 2px solid currentColor; padding-bottom: 5px; margin-top: 0; color: inherit; opacity: 0.8;'>Aplicaciones<\/h3>\n<p style='font-size: 15px; color: inherit; margin-top: 0;'>Dise\u00f1ado especialmente para usuarios de seguridad p\u00fablica y privada&comma; as\u00ed como para entornos hostiles&comma; extremos y de alta actividad. Ofrece excelente nivel de conveniencia y practicidad para una amplia variedad de radios.<\/p>\n<\/p><\/div>\n<\/p><\/div>\n<div style='display: flex; flex-wrap: wrap; gap: 20px; margin-bottom: 30px;'>\n<div style='flex: 1 1 250px; border: 1px solid rgba(150&comma; 150&comma; 150&comma; 0.4); border-radius: 8px; overflow: hidden; display: flex; flex-direction: column;'>\n<div style='padding: 15px; border-bottom: 1px solid rgba(150&comma; 150&comma; 150&comma; 0.2); font-weight: bold; font-size: 18px; color: inherit;'>Caracter\u00edsticas de Acceso<\/div>\n<div style='padding: 15px; color: inherit;'>\n<ul style='padding-left: 20px; margin: 0; font-size: 14px; list-style-type: disc;'>\n<li style='margin-bottom: 5px;'>Zona abierta para bot\u00f3n PTT<\/li>\n<li style='margin-bottom: 5px;'>Conector de accesorios y micr\u00f3fono<\/li>\n<li style='margin-bottom: 5px;'>Perforaciones para bocina<\/li>\n<li style='margin-bottom: 5px;'>Perforaci\u00f3n compatible con clip de cintur\u00f3n<\/li>\n<li style='margin-bottom: 5px;'>Soporte para bater\u00edas sin comprometer calidad de audio<\/li>\n<\/ul><\/div>\n<\/p><\/div>\n<div style='flex: 1 1 250px; border: 1px solid rgba(150&comma; 150&comma; 150&comma; 0.4); border-radius: 8px; overflow: hidden; display: flex; flex-direction: column;'>\n<div style='padding: 15px; border-bottom: 1px solid rgba(150&comma; 150&comma; 150&comma; 0.2); font-weight: bold; font-size: 18px; color: inherit;'>Compatibilidad<\/div>\n<div style='padding: 15px; color: inherit;'>\n<ul style='padding-left: 20px; margin: 0; font-size: 14px; list-style-type: disc;'>\n<li style='margin-bottom: 5px;'>KENWOOD TK-2000KV2<\/li>\n<li style='margin-bottom: 5px;'>KENWOOD TK-3000KV2<\/li>\n<\/ul><\/div>\n<\/p><\/div>\n<\/p><\/div>\n<hr style='border: 0; border-top: 1px solid rgba(150&comma; 150&comma; 150&comma; 0.3); margin: 30px 0;'>\n<div style='display: flex; flex-wrap: wrap; gap: 20px;'>\n<div style='flex: 1 1 250px; border: 1px solid rgba(150&comma; 150&comma; 150&comma; 0.4); border-radius: 8px; overflow: hidden; display: flex; flex-direction: column;'>\n<div style='padding: 15px; border-bottom: 1px solid rgba(150&comma; 150&comma; 150&comma; 0.2); font-weight: bold; font-size: 18px; color: inherit;'>Dise\u00f1o<\/div>\n<div style='padding: 15px; color: inherit;'>\n<ul style='padding-left: 20px; margin: 0; font-size: 14px; list-style-type: disc;'>\n<li style='margin-bottom: 5px;'>Piel original de res con forro sint\u00e9tico interno<\/li>\n<li style='margin-bottom: 5px;'>Cubierta frontal de pl\u00e1stico transparente<\/li>\n<li style='margin-bottom: 5px;'>Acceso a controles y clip<\/li>\n<\/ul><\/div>\n<\/p><\/div>\n<\/p><\/div>\n<\/p><\/div>\n","protected":false},"excerpt":{"rendered":"<p>Funda de Piel Reforzada, Versi\u00f3n 2 de F\u00e1cil Acceso y Cubierta Frontal de Pl\u00e1stico Transparente para los Radios TK-2000KV2, TK-3000KV2<\/p>\n","protected":false},"featured_media":68392,"comment_status":"open","ping_status":"closed","template":"","meta":[],"product_brand":[],"product_cat":[1753],"product_tag":[1579,1724,63],"class_list":{"0":"post-68393","1":"product","2":"type-product","3":"status-publish","4":"has-post-thumbnail","6":"product_cat-fundas-accesorios-para-kenwood","7":"product_tag-accesorios-para-kenwood","8":"product_tag-fundas","9":"product_tag-syscom","11":"first","12":"instock","13":"sale","14":"shipping-taxable","15":"purchasable","16":"product-type-simple"},"_links":{"self":[{"href":"https:\/\/soydeaqui.ddns.net\/pachuca\/index.php\/wp-json\/wp\/v2\/product\/68393","targetHints":{"allow":["GET"]}}],"collection":[{"href":"https:\/\/soydeaqui.ddns.net\/pachuca\/index.php\/wp-json\/wp\/v2\/product"}],"about":[{"href":"https:\/\/soydeaqui.ddns.net\/pachuca\/index.php\/wp-json\/wp\/v2\/types\/product"}],"replies":[{"embeddable":true,"href":"https:\/\/soydeaqui.ddns.net\/pachuca\/index.php\/wp-json\/wp\/v2\/comments?post=68393"}],"wp:featuredmedia":[{"embeddable":true,"href":"https:\/\/soydeaqui.ddns.net\/pachuca\/index.php\/wp-json\/wp\/v2\/media\/68392"}],"wp:attachment":[{"href":"https:\/\/soydeaqui.ddns.net\/pachuca\/index.php\/wp-json\/wp\/v2\/media?parent=68393"}],"wp:term":[{"taxonomy":"product_brand","embeddable":true,"href":"https:\/\/soydeaqui.ddns.net\/pachuca\/index.php\/wp-json\/wp\/v2\/product_brand?post=68393"},{"taxonomy":"product_cat","embeddable":true,"href":"https:\/\/soydeaqui.ddns.net\/pachuca\/index.php\/wp-json\/wp\/v2\/product_cat?post=68393"},{"taxonomy":"product_tag","embeddable":true,"href":"https:\/\/soydeaqui.ddns.net\/pachuca\/index.php\/wp-json\/wp\/v2\/product_tag?post=68393"}],"curies":[{"name":"wp","href":"https:\/\/api.w.org\/{rel}","templated":true}]}}