{"id":68379,"date":"2026-03-19T10:07:00","date_gmt":"2026-03-19T10:07:00","guid":{"rendered":"https:\/\/soydeaqui.ddns.net\/pachuca\/index.php\/producto\/montaje-lateral-con-60-cm-de-separacion-con-angulo-ajustable-mastil-de-2-3-8-x-36\/"},"modified":"2026-03-19T10:07:02","modified_gmt":"2026-03-19T10:07:02","slug":"montaje-lateral-con-60-cm-de-separacion-con-angulo-ajustable-mastil-de-2-3-8-x-36","status":"publish","type":"product","link":"https:\/\/soydeaqui.ddns.net\/pachuca\/index.php\/producto\/montaje-lateral-con-60-cm-de-separacion-con-angulo-ajustable-mastil-de-2-3-8-x-36\/","title":{"rendered":"Montaje Lateral con 60 cm de Separaci\u00f3n con \u00c1ngulo Ajustable. M\u00e1stil de 2-3\/8&#8243; x 36&#8243;."},"content":{"rendered":"<div style='width: 100%; max-width: 1200px; margin: 0 auto; font-family: sans-serif; line-height: 1.6; color: inherit; background-color: transparent;'>\n<div style='display: flex; flex-wrap: wrap; gap: 30px; margin-bottom: 30px;'>\n<div style='flex: 1 1 300px; min-width: 280px;'>\n<h3 style='font-size: 22px; border-bottom: 2px solid currentColor; padding-bottom: 5px; margin-top: 0; color: inherit; opacity: 0.8;'>Caracter\u00edsticas<\/h3>\n<ul style='padding-left: 20px; font-size: 15px; color: inherit;'>\n<li style='margin-bottom: 5px;'><strong>Modelo de Fabricante:<\/strong> 5.930.0202.022<\/li>\n<li style='margin-bottom: 5px;'><strong>Separaci\u00f3n de la torre:<\/strong> 60 cm (2&#8242;)<\/li>\n<li style='margin-bottom: 5px;'><strong>Di\u00e1metro de tubo:<\/strong> 2-3\/8&#8242; (60 mm)<\/li>\n<li style='margin-bottom: 5px;'><strong>Altura de tubo:<\/strong> 3&#8242; (90 cm)<\/li>\n<li style='margin-bottom: 5px;'><strong>Material de fabricaci\u00f3n:<\/strong> Acero galvanizado por inmersi\u00f3n<\/li>\n<\/ul><\/div>\n<div style='flex: 1 1 300px; min-width: 280px;'>\n<h3 style='font-size: 22px; border-bottom: 2px solid currentColor; padding-bottom: 5px; margin-top: 0; color: inherit; opacity: 0.8;'>Incluye<\/h3>\n<ul style='padding-left: 20px; font-size: 15px; color: inherit;'>\n<li style='margin-bottom: 5px;'>M\u00e1stil principal<\/li>\n<li style='margin-bottom: 5px;'>Par de herrajes de sujeci\u00f3n<\/li>\n<li style='margin-bottom: 5px;'>Torniller\u00eda para instalaci\u00f3n a torre<\/li>\n<li style='margin-bottom: 5px;'>Torniller\u00eda para ajuste de \u00e1ngulo vertical<\/li>\n<\/ul><\/div>\n<\/p><\/div>\n<div style='display: flex; flex-wrap: wrap; gap: 20px; margin-bottom: 30px;'>\n<div style='flex: 1 1 250px; border: 1px solid rgba(150&comma; 150&comma; 150&comma; 0.4); border-radius: 8px; overflow: hidden; display: flex; flex-direction: column;'>\n<div style='padding: 15px; border-bottom: 1px solid rgba(150&comma; 150&comma; 150&comma; 0.2); font-weight: bold; font-size: 18px; color: inherit;'>Aplicaci\u00f3n<\/div>\n<div style='padding: 15px; color: inherit;'>\n<ul style='padding-left: 20px; margin: 0; font-size: 14px; list-style-type: disc;'>\n<li style='margin-bottom: 5px;'>Recomendado para torres Autosoportadas tipo SUPER TITAN<\/li>\n<\/ul><\/div>\n<\/p><\/div>\n<\/p><\/div>\n<hr style='border: 0; border-top: 1px solid rgba(150&comma; 150&comma; 150&comma; 0.3); margin: 30px 0;'> <\/div>\n","protected":false},"excerpt":{"rendered":"<p>Montaje Lateral con 60 cm de Separaci\u00f3n con \u00c1ngulo Ajustable. M\u00e1stil de 2-3\/8&#8243; x 36&#8243;.<\/p>\n","protected":false},"featured_media":68378,"comment_status":"open","ping_status":"closed","template":"","meta":[],"product_brand":[],"product_cat":[1645],"product_tag":[1646,246,1715],"class_list":{"0":"post-68379","1":"product","2":"type-product","3":"status-publish","4":"has-post-thumbnail","6":"product_cat-accesorios-para-torres-autosoportadas","7":"product_tag-accesorios-para-torres-autosoportadas","8":"product_tag-torres-y-mastiles","9":"product_tag-trylon","11":"first","12":"outofstock","13":"sale","14":"shipping-taxable","15":"purchasable","16":"product-type-simple"},"_links":{"self":[{"href":"https:\/\/soydeaqui.ddns.net\/pachuca\/index.php\/wp-json\/wp\/v2\/product\/68379","targetHints":{"allow":["GET"]}}],"collection":[{"href":"https:\/\/soydeaqui.ddns.net\/pachuca\/index.php\/wp-json\/wp\/v2\/product"}],"about":[{"href":"https:\/\/soydeaqui.ddns.net\/pachuca\/index.php\/wp-json\/wp\/v2\/types\/product"}],"replies":[{"embeddable":true,"href":"https:\/\/soydeaqui.ddns.net\/pachuca\/index.php\/wp-json\/wp\/v2\/comments?post=68379"}],"wp:featuredmedia":[{"embeddable":true,"href":"https:\/\/soydeaqui.ddns.net\/pachuca\/index.php\/wp-json\/wp\/v2\/media\/68378"}],"wp:attachment":[{"href":"https:\/\/soydeaqui.ddns.net\/pachuca\/index.php\/wp-json\/wp\/v2\/media?parent=68379"}],"wp:term":[{"taxonomy":"product_brand","embeddable":true,"href":"https:\/\/soydeaqui.ddns.net\/pachuca\/index.php\/wp-json\/wp\/v2\/product_brand?post=68379"},{"taxonomy":"product_cat","embeddable":true,"href":"https:\/\/soydeaqui.ddns.net\/pachuca\/index.php\/wp-json\/wp\/v2\/product_cat?post=68379"},{"taxonomy":"product_tag","embeddable":true,"href":"https:\/\/soydeaqui.ddns.net\/pachuca\/index.php\/wp-json\/wp\/v2\/product_tag?post=68379"}],"curies":[{"name":"wp","href":"https:\/\/api.w.org\/{rel}","templated":true}]}}