{"id":68348,"date":"2026-03-19T10:06:03","date_gmt":"2026-03-19T10:06:03","guid":{"rendered":"https:\/\/soydeaqui.ddns.net\/pachuca\/index.php\/producto\/amplificador-para-ampliar-cobertura-celular-en-exterior-1900-mhz-banda-2-soporta-2g-y-3g-mejora-las-llamadas-85-db-de-ganancia-5-watt-de-potencia-maxima-hasta-2-km-de-cobertura\/"},"modified":"2026-03-19T10:06:06","modified_gmt":"2026-03-19T10:06:06","slug":"amplificador-para-ampliar-cobertura-celular-en-exterior-1900-mhz-banda-2-soporta-2g-y-3g-mejora-las-llamadas-85-db-de-ganancia-5-watt-de-potencia-maxima-hasta-2-km-de-cobertura","status":"publish","type":"product","link":"https:\/\/soydeaqui.ddns.net\/pachuca\/index.php\/producto\/amplificador-para-ampliar-cobertura-celular-en-exterior-1900-mhz-banda-2-soporta-2g-y-3g-mejora-las-llamadas-85-db-de-ganancia-5-watt-de-potencia-maxima-hasta-2-km-de-cobertura\/","title":{"rendered":"Amplificador para ampliar cobertura Celular en Exterior | 1900 MHz, Banda 2 | Soporta 2G y 3G, Mejora las llamadas, 85 dB de Ganancia, 5 Watt de potencia M\u00e1xima, hasta 2 km de cobertura."},"content":{"rendered":"<div style='width: 100%; max-width: 1200px; margin: 0 auto; font-family: sans-serif; line-height: 1.6; color: inherit; background-color: transparent;'> <!-- Secci\u00f3n principal --> <\/p>\n<div style='margin-bottom: 30px;'>\n<p style='margin: 0 0 15px; color: inherit;'>El <strong>EP37-85-19<\/strong> es ampliamente utilizado para extender la cobertura en \u00e1rea abierta&comma; cubriendo longitudes de hasta 2 km. Mejora las llamadas telef\u00f3nicas y soporta 2G y 3G.<\/p>\n<\/p><\/div>\n<p> <!-- Caracter\u00edsticas --> <\/p>\n<div style='display: flex; flex-wrap: wrap; gap: 30px; margin-bottom: 30px;'>\n<div style='flex: 1 1 300px; min-width: 280px;'>\n<h3 style='font-size: 22px; border-bottom: 2px solid currentColor; padding-bottom: 5px; margin-top: 0; color: inherit; opacity: 0.8;'>Caracter\u00edsticas<\/h3>\n<ul style='padding-left: 20px; font-size: 15px; color: inherit;'>\n<li style='margin-bottom: 5px;'>Banda Ancha<\/li>\n<li style='margin-bottom: 5px;'>Soporta todos los operadores y todas las tecnolog\u00edas en la Banda de frecuencia de 1900 MHz (Banda 2)<\/li>\n<li style='margin-bottom: 5px;'>Alta potencia para cubrir grandes extensiones<\/li>\n<li style='margin-bottom: 5px;'>Construcci\u00f3n de metal de alta calidad&comma; fuerte y duradera<\/li>\n<li style='margin-bottom: 5px;'>Buena disipaci\u00f3n de calor para un rendimiento \u00f3ptimo<\/li>\n<li style='margin-bottom: 5px;'>LED indicador de alarma<\/li>\n<li style='margin-bottom: 5px;'>Sistema AGC y ALC (Control de Ganancia Autom\u00e1tico y Control de Linea Autom\u00e1tico)<\/li>\n<li style='margin-bottom: 5px;'>Atenuaci\u00f3n de ganancia manual<\/li>\n<\/ul><\/div>\n<\/p><\/div>\n<p> <!-- Especificaciones --> <\/p>\n<div style='display: flex; flex-wrap: wrap; gap: 20px; margin-bottom: 30px;'>\n<div style='flex: 1 1 250px; border: 1px solid rgba(150&comma; 150&comma; 150&comma; 0.4); border-radius: 8px; overflow: hidden; display: flex; flex-direction: column;'>\n<div style='padding: 15px; border-bottom: 1px solid rgba(150&comma; 150&comma; 150&comma; 0.2); font-weight: bold; font-size: 18px; color: inherit;'>Especificaciones Principales<\/div>\n<div style='padding: 15px; color: inherit;'>\n<ul style='padding-left: 20px; margin: 0; font-size: 14px; list-style-type: disc;'>\n<li style='margin-bottom: 5px;'><strong>Banda de Frecuencia:<\/strong> 1900 MHz | Banda 2<\/li>\n<li style='margin-bottom: 5px;'><strong>Rango frecuencias:<\/strong> Downlink 1930-1980 MHz \/ Uplink 1850-1900 MHz<\/li>\n<li style='margin-bottom: 5px;'><strong>Ganancia:<\/strong> 85 dB<\/li>\n<li style='margin-bottom: 5px;'><strong>Potencia M\u00e1xima:<\/strong> Downlink 37 dBm (5 Watt) \/ Uplink 27 dBm (0.5 Watt)<\/li>\n<li style='margin-bottom: 5px;'><strong>Conectores:<\/strong> N Hembra<\/li>\n<li style='margin-bottom: 5px;'><strong>Alimentaci\u00f3n:<\/strong> 110 \/ 220 Vca<\/li>\n<li style='margin-bottom: 5px;'><strong>Consumo de Energ\u00eda:<\/strong> <95 Watts<\/li>\n<li style='margin-bottom: 5px;'><strong>Dimensiones:<\/strong> 340 x 470 x 270 mm<\/li>\n<\/ul><\/div>\n<\/p><\/div>\n<\/p><\/div>\n<p> <!-- Imagen --> <\/p>\n<div style='margin-bottom: 30px;'> <img style='width: 100%; height: auto; border: 1px solid rgba(150&comma;150&comma;150&comma;0.3); border-radius: 8px;' src='https:\/\/ftp3.syscom.mx\/usuarios\/fotos\/CRSOG08WB\/13965-diagrama_de_funcionamiento..png' alt=''> <\/div>\n<p> <!-- Informaci\u00f3n adicional --> <\/p>\n<div style='margin: 30px 0; padding: 15px; background-color: rgba(0&comma; 92&comma; 185&comma; 0.08); border-left: 4px solid #005cb9; border-radius: 6px;'>\n<h3 style='font-size: 18px; color: inherit; font-weight: bold; margin-top: 0; margin-bottom: 8px;'>Aplicaci\u00f3n (Network Cell Info Lite) para medir la intensidad de se\u00f1al celular con Android<\/h3>\n<p style='margin: 0 0 10px; color: inherit; font-size: 15px;'>Puedes usar una aplicaci\u00f3n gratuita para Android que te permite medir la intensidad real de se\u00f1al celular en tu ubicaci\u00f3n&comma; lo cual es \u00fatil para una buena soluci\u00f3n de amplificador. M\u00e1s informaci\u00f3n aqu\u00ed: <a style='color: #005cb9; text-decoration: underline;' href='https:\/\/soporte.syscom.mx\/es\/articles\/6106035-aplicacion-app-para-medir-la-intensidad-de-senal-celular-con-android' target='_blank' rel='noopener'>Ver art\u00edculo de soporte<\/a><\/p>\n<\/p><\/div>\n<p> <!-- Notas --> <\/p>\n<div style='margin-bottom: 30px;'>\n<h3 style='font-size: 18px; color: inherit; font-weight: bold; margin-top: 0; margin-bottom: 8px;'>NOTAS:<\/h3>\n<ul style='padding-left: 20px; margin: 0; font-size: 14px; color: inherit; list-style-type: square;'>\n<li style='margin-bottom: 5px;'><span style='color: inherit;'>Instale el amplificador&comma; antenas y accesorios de acuerdo al manual de usuario o gu\u00eda de instalaci\u00f3n.<\/span><\/li>\n<li style='margin-bottom: 5px;'><span style='color: inherit;'>Use el sistema amplificador para lo que est\u00e1 dise\u00f1ado.<\/span><\/li>\n<li style='margin-bottom: 5px;'><span style='color: inherit;'>Si tiene dudas contacte nuestro departamento de Ingenier\u00eda Radiocomunicaci\u00f3n.<\/span><\/li>\n<li style='margin-bottom: 5px;'><span style='color: inherit;'>Una mala instalaci\u00f3n o mal uso de este sistema puede provocar interferencia.<\/span><\/li>\n<\/ul><\/div>\n<p> <!-- Separador --> <\/p>\n<hr style='border: 0; border-top: 1px solid rgba(150&comma; 150&comma; 150&comma; 0.3); margin: 30px 0;'> <\/div>\n","protected":false},"excerpt":{"rendered":"<p>Amplificador para ampliar cobertura Celular en Exterior | 1900 MHz, Banda 2 | Soporta 2G y 3G, Mejora las llamadas, 85 dB de Ganancia, 5 Watt de potencia M\u00e1xima, hasta 2 km de cobertura.<\/p>\n","protected":false},"featured_media":68347,"comment_status":"open","ping_status":"closed","template":"","meta":[],"product_brand":[],"product_cat":[1570,1552],"product_tag":[1535,1571,1553,935],"class_list":{"0":"post-68348","1":"product","2":"type-product","3":"status-publish","4":"has-post-thumbnail","6":"product_cat-amplificadores-de-senal-celular-adsc","7":"product_cat-cobertura-para-celular-4g-lte","8":"product_tag-3g-y-voz","9":"product_tag-amplificadores-de-senal-celular-adsc","10":"product_tag-cobertura-para-celular-4g-lte","11":"product_tag-epcom","13":"first","14":"instock","15":"sale","16":"shipping-taxable","17":"purchasable","18":"product-type-simple"},"_links":{"self":[{"href":"https:\/\/soydeaqui.ddns.net\/pachuca\/index.php\/wp-json\/wp\/v2\/product\/68348","targetHints":{"allow":["GET"]}}],"collection":[{"href":"https:\/\/soydeaqui.ddns.net\/pachuca\/index.php\/wp-json\/wp\/v2\/product"}],"about":[{"href":"https:\/\/soydeaqui.ddns.net\/pachuca\/index.php\/wp-json\/wp\/v2\/types\/product"}],"replies":[{"embeddable":true,"href":"https:\/\/soydeaqui.ddns.net\/pachuca\/index.php\/wp-json\/wp\/v2\/comments?post=68348"}],"wp:featuredmedia":[{"embeddable":true,"href":"https:\/\/soydeaqui.ddns.net\/pachuca\/index.php\/wp-json\/wp\/v2\/media\/68347"}],"wp:attachment":[{"href":"https:\/\/soydeaqui.ddns.net\/pachuca\/index.php\/wp-json\/wp\/v2\/media?parent=68348"}],"wp:term":[{"taxonomy":"product_brand","embeddable":true,"href":"https:\/\/soydeaqui.ddns.net\/pachuca\/index.php\/wp-json\/wp\/v2\/product_brand?post=68348"},{"taxonomy":"product_cat","embeddable":true,"href":"https:\/\/soydeaqui.ddns.net\/pachuca\/index.php\/wp-json\/wp\/v2\/product_cat?post=68348"},{"taxonomy":"product_tag","embeddable":true,"href":"https:\/\/soydeaqui.ddns.net\/pachuca\/index.php\/wp-json\/wp\/v2\/product_tag?post=68348"}],"curies":[{"name":"wp","href":"https:\/\/api.w.org\/{rel}","templated":true}]}}