{"id":68331,"date":"2026-03-19T10:05:26","date_gmt":"2026-03-19T10:05:26","guid":{"rendered":"https:\/\/soydeaqui.ddns.net\/pachuca\/index.php\/producto\/hasta-0-5-kilometro-amplificador-para-ampliar-cobertura-celular-en-exterior-850-mhz-banda-5-soporta-3g-y-mejora-las-llamadas-75-db-de-ganancia-0-5-watt-de-potencia-maxima-hasta-500-m-de-cob\/"},"modified":"2026-03-19T10:05:33","modified_gmt":"2026-03-19T10:05:33","slug":"hasta-0-5-kilometro-amplificador-para-ampliar-cobertura-celular-en-exterior-850-mhz-banda-5-soporta-3g-y-mejora-las-llamadas-75-db-de-ganancia-0-5-watt-de-potencia-maxima-hasta-500-m-de-cob","status":"publish","type":"product","link":"https:\/\/soydeaqui.ddns.net\/pachuca\/index.php\/producto\/hasta-0-5-kilometro-amplificador-para-ampliar-cobertura-celular-en-exterior-850-mhz-banda-5-soporta-3g-y-mejora-las-llamadas-75-db-de-ganancia-0-5-watt-de-potencia-maxima-hasta-500-m-de-cob\/","title":{"rendered":"(HASTA 0.5 KIL\u00d3METRO) Amplificador para ampliar cobertura Celular en Exterior | 850 MHz, Banda 5 | Soporta 3G y Mejora las llamadas | 75 dB de Ganancia, 0.5 Watt de potencia M\u00e1xima, hasta 500 m de cobertura."},"content":{"rendered":"<div style='width: 100%; max-width: 1200px; margin: 0 auto; font-family: sans-serif; line-height: 1.6; color: inherit; background-color: transparent;'>\n<div style='display: flex; flex-wrap: wrap; gap: 30px; margin-bottom: 30px;'>\n<div style='flex: 1 1 300px; min-width: 280px;'>\n<p style='font-size: 15px; color: inherit; margin: 0 0 15px 0;'>EPCOM Amplificadores. Serie para ampliar la cobertura en Exterior.<\/p>\n<p style='font-size: 15px; color: inherit; margin: 0 0 15px 0;'>El amplificador EP27-75-85 es ampliamente utilizado para ampliar la cobertura en exterior&comma; cubriendo longitudes de hasta 500 m. Mejora las llamadas telef\u00f3nicas y soporta 3G.<\/p>\n<ul style='padding-left: 20px; font-size: 15px; color: inherit;'>\n<li style='margin-bottom: 5px;'>Banda Ancha.<\/li>\n<li style='margin-bottom: 5px;'>Soporta todos los operadores y todas las tecnolog\u00edas en la Banda de frecuencia de 850 MHz (Banda 5).<\/li>\n<li style='margin-bottom: 5px;'>Alta potencia para cubrir grandes extensiones.<\/li>\n<li style='margin-bottom: 5px;'>Construcci\u00f3n de metal de alta calidad&comma; fuerte y duradera.<\/li>\n<li style='margin-bottom: 5px;'>Buena disipaci\u00f3n de calor para un rendimiento \u00f3ptimo.<\/li>\n<li style='margin-bottom: 5px;'>LED indicador de alarma.<\/li>\n<li style='margin-bottom: 5px;'>Sistema AGC y ALC (Control de Ganancia Autom\u00e1tico y Control de L\u00ednea Autom\u00e1tico).<\/li>\n<li style='margin-bottom: 5px;'>Atenuaci\u00f3n de ganancia manual.<\/li>\n<\/ul><\/div>\n<\/p><\/div>\n<div style='display: flex; flex-wrap: wrap; gap: 20px; margin-bottom: 30px;'>\n<div style='flex: 1 1 250px; border: 1px solid rgba(150&comma; 150&comma; 150&comma; 0.4); border-radius: 8px; overflow: hidden; display: flex; flex-direction: column;'>\n<div style='padding: 15px; border-bottom: 1px solid rgba(150&comma; 150&comma; 150&comma; 0.2); font-weight: bold; font-size: 18px; color: inherit;'>Especificaciones Principales<\/div>\n<div style='padding: 15px; color: inherit;'>\n<ul style='padding-left: 20px; margin: 0; font-size: 14px; list-style-type: disc;'>\n<li style='margin-bottom: 5px;'><strong>Banda de Frecuencia:<\/strong> 850 MHz | Banda 5<\/li>\n<li style='margin-bottom: 5px;'><strong>Rango de frecuencia:<\/strong> Downlink 869-894 MHz \/ Uplink 824-849 MHz<\/li>\n<li style='margin-bottom: 5px;'><strong>Ganancia:<\/strong> 75 dB<\/li>\n<li style='margin-bottom: 5px;'><strong>Potencia M\u00e1xima:<\/strong> Downlink 27 dBm (0.5 Watt) \/ Uplink 27 dBm (0.5 Watt)<\/li>\n<li style='margin-bottom: 5px;'><strong>Conectores:<\/strong> N hembra<\/li>\n<li style='margin-bottom: 5px;'><strong>Consumo de Energ\u00eda:<\/strong> <40 Watts<\/li>\n<li style='margin-bottom: 5px;'><strong>Alimentaci\u00f3n:<\/strong> 12 Vcc \/ 5 A<\/li>\n<li style='margin-bottom: 5px;'><strong>Dimensiones:<\/strong> 268 x 350 x 58 mm<\/li>\n<\/ul><\/div>\n<\/p><\/div>\n<\/p><\/div>\n<div style='display: flex; flex-wrap: wrap; gap: 30px; margin-bottom: 30px;'>\n<div style='flex: 1 1 300px; min-width: 280px;'>\n<p style='font-size: 15px; color: inherit; margin: 0 0 15px 0;'><strong>El amplificador EP27-75-85 es de banda sencilla&comma; s\u00f3lo amplifica la banda de 850 MHz.<\/strong><\/p>\n<p style='font-size: 15px; color: inherit; margin: 0 0 15px 0;'>En la siguiente imagen se resalta lo que puede mejorar.<\/p>\n<\/p><\/div>\n<\/p><\/div>\n<div style='display: flex; flex-wrap: wrap; gap: 30px; margin-bottom: 30px;'>\n<div style='flex: 1 1 300px; min-width: 280px;'> <img style='width: 100%; height: auto; border: 1px solid rgba(150&comma;150&comma;150&comma;0.3); border-radius: 8px;' src='https:\/\/ftp3.syscom.mx\/usuarios\/fotos\/CRSOG08WB\/13965-diagrama_de_funcionamiento..png' alt=''> <\/div>\n<div style='flex: 1 1 300px; min-width: 280px;'> <img style='width: 100%; height: auto; border: 1px solid rgba(150&comma;150&comma;150&comma;0.3); border-radius: 8px;' src='https:\/\/ftp3.syscom.mx\/usuarios\/amarquez\/AdSC\/Fotos%20y%20diagramas%20para%20AdSC\/850%20MHz%20Bandas%20de%20frecuencia%20y%20tecnologias.png' alt=''> <\/div>\n<\/p><\/div>\n<hr style='border: 0; border-top: 1px solid rgba(150&comma; 150&comma; 150&comma; 0.3); margin: 30px 0;'> <\/div>\n","protected":false},"excerpt":{"rendered":"<p>(HASTA 0.5 KIL\u00d3METRO) Amplificador para ampliar cobertura Celular en Exterior | 850 MHz, Banda 5 | Soporta 3G y Mejora las llamadas | 75 dB de Ganancia, 0.5 Watt de potencia M\u00e1xima, hasta 500 m de cobertura.<\/p>\n","protected":false},"featured_media":68330,"comment_status":"open","ping_status":"closed","template":"","meta":[],"product_brand":[],"product_cat":[1570,1552],"product_tag":[1535,1571,1553,935],"class_list":{"0":"post-68331","1":"product","2":"type-product","3":"status-publish","4":"has-post-thumbnail","6":"product_cat-amplificadores-de-senal-celular-adsc","7":"product_cat-cobertura-para-celular-4g-lte","8":"product_tag-3g-y-voz","9":"product_tag-amplificadores-de-senal-celular-adsc","10":"product_tag-cobertura-para-celular-4g-lte","11":"product_tag-epcom","13":"first","14":"outofstock","15":"sale","16":"shipping-taxable","17":"purchasable","18":"product-type-simple"},"_links":{"self":[{"href":"https:\/\/soydeaqui.ddns.net\/pachuca\/index.php\/wp-json\/wp\/v2\/product\/68331","targetHints":{"allow":["GET"]}}],"collection":[{"href":"https:\/\/soydeaqui.ddns.net\/pachuca\/index.php\/wp-json\/wp\/v2\/product"}],"about":[{"href":"https:\/\/soydeaqui.ddns.net\/pachuca\/index.php\/wp-json\/wp\/v2\/types\/product"}],"replies":[{"embeddable":true,"href":"https:\/\/soydeaqui.ddns.net\/pachuca\/index.php\/wp-json\/wp\/v2\/comments?post=68331"}],"wp:featuredmedia":[{"embeddable":true,"href":"https:\/\/soydeaqui.ddns.net\/pachuca\/index.php\/wp-json\/wp\/v2\/media\/68330"}],"wp:attachment":[{"href":"https:\/\/soydeaqui.ddns.net\/pachuca\/index.php\/wp-json\/wp\/v2\/media?parent=68331"}],"wp:term":[{"taxonomy":"product_brand","embeddable":true,"href":"https:\/\/soydeaqui.ddns.net\/pachuca\/index.php\/wp-json\/wp\/v2\/product_brand?post=68331"},{"taxonomy":"product_cat","embeddable":true,"href":"https:\/\/soydeaqui.ddns.net\/pachuca\/index.php\/wp-json\/wp\/v2\/product_cat?post=68331"},{"taxonomy":"product_tag","embeddable":true,"href":"https:\/\/soydeaqui.ddns.net\/pachuca\/index.php\/wp-json\/wp\/v2\/product_tag?post=68331"}],"curies":[{"name":"wp","href":"https:\/\/api.w.org\/{rel}","templated":true}]}}