{"id":68318,"date":"2026-03-19T10:04:52","date_gmt":"2026-03-19T10:04:52","guid":{"rendered":"https:\/\/soydeaqui.ddns.net\/pachuca\/index.php\/producto\/transponder-nais-500-clase-b-con-gps-500\/"},"modified":"2026-03-19T10:04:56","modified_gmt":"2026-03-19T10:04:56","slug":"transponder-nais-500-clase-b-con-gps-500","status":"publish","type":"product","link":"https:\/\/soydeaqui.ddns.net\/pachuca\/index.php\/producto\/transponder-nais-500-clase-b-con-gps-500\/","title":{"rendered":"Transponder NAIS-500 clase B con GPS-500"},"content":{"rendered":"<div style='width: 100%; max-width: 1200px; margin: 0 auto; font-family: sans-serif; line-height: 1.6; color: inherit; background-color: transparent;'>\n<div style='display: flex; flex-wrap: wrap; gap: 30px; margin-bottom: 30px;'>\n<div style='flex: 1 1 300px; min-width: 280px;'>\n<h3 style='font-size: 22px; border-bottom: 2px solid currentColor; padding-bottom: 5px; margin-top: 0; color: inherit; opacity: 0.8;'>Descripci\u00f3n<\/h3>\n<p style='font-size: 15px; color: inherit;'>Reduzca su riesgo de colisi\u00f3n con este transpondedor AIS Clase B completamente integrado&comma; esencial para navegar por las atareadas rutas de navegaci\u00f3n de hoy y los puertos congestionados.<\/p>\n<p style='font-size: 15px; color: inherit;'>Compacto en tama\u00f1o&comma; liviano&comma; totalmente impermeable&comma; con bajo consumo de energ\u00eda y m\u00faltiples conexiones&comma; el NAIS 500 es ideal para la conexi\u00f3n en red con cualquier plotter \/ multifuncional serie NSS&comma; NSO o GO y el sistema Simrad RS VHF.<\/p>\n<\/p><\/div>\n<\/p><\/div>\n<div style='display: flex; flex-wrap: wrap; gap: 30px; margin-bottom: 30px;'>\n<div style='flex: 1 1 300px; min-width: 280px;'>\n<h3 style='font-size: 22px; border-bottom: 2px solid currentColor; padding-bottom: 5px; margin-top: 0; color: inherit; opacity: 0.8;'>Caracter\u00edsticas<\/h3>\n<ul style='padding-left: 20px; font-size: 15px; color: inherit;'>\n<li style='margin-bottom: 5px;'>Transceptor AIS Clase B<\/li>\n<li style='margin-bottom: 5px;'>Conector PL259 para VHF<\/li>\n<li style='margin-bottom: 5px;'>Conector externo GPS (SMA)<\/li>\n<li style='margin-bottom: 5px;'>Frecuencia de operaci\u00f3n 156.025 a 162.025 MHz en pasos de 25 kHz<\/li>\n<li style='margin-bottom: 5px;'>Cumple con norma IP67<\/li>\n<li style='margin-bottom: 5px;'>Cuenta con 1 transmisor y 2 receptores<\/li>\n<\/ul><\/div>\n<div style='flex: 1 1 300px; min-width: 280px;'>\n<h3 style='font-size: 22px; border-bottom: 2px solid currentColor; padding-bottom: 5px; margin-top: 0; color: inherit; opacity: 0.8;'>Incluye<\/h3>\n<ul style='padding-left: 20px; font-size: 15px; color: inherit;'>\n<li style='margin-bottom: 5px;'>Antena GPS-500<\/li>\n<li style='margin-bottom: 5px;'>Cable NMEA2000 de 1.8 m<\/li>\n<li style='margin-bottom: 5px;'>Conector en T NMEA200<\/li>\n<\/ul><\/div>\n<div style='flex: 1 1 300px; min-width: 280px;'>\n<h3 style='font-size: 22px; border-bottom: 2px solid currentColor; padding-bottom: 5px; margin-top: 0; color: inherit; opacity: 0.8;'>Especificaciones<\/h3>\n<ul style='padding-left: 20px; font-size: 15px; color: inherit;'>\n<li style='margin-bottom: 5px;'><strong>Dimensiones:<\/strong> 152 x 98 x 52 mm<\/li>\n<li style='margin-bottom: 5px;'><strong>Peso:<\/strong> 260 g<\/li>\n<\/ul><\/div>\n<\/p><\/div>\n<\/p><\/div>\n","protected":false},"excerpt":{"rendered":"<p>Transponder NAIS-500 clase B con GPS-500<\/p>\n","protected":false},"featured_media":68317,"comment_status":"open","ping_status":"closed","template":"","meta":[],"product_brand":[],"product_cat":[1503],"product_tag":[1504,1505,1172],"class_list":{"0":"post-68318","1":"product","2":"type-product","3":"status-publish","4":"has-post-thumbnail","6":"product_cat-navegacion-marina","7":"product_tag-navegacion-marina","8":"product_tag-simrad","9":"product_tag-soluciones-marinas","11":"first","12":"instock","13":"sale","14":"shipping-taxable","15":"purchasable","16":"product-type-simple"},"_links":{"self":[{"href":"https:\/\/soydeaqui.ddns.net\/pachuca\/index.php\/wp-json\/wp\/v2\/product\/68318","targetHints":{"allow":["GET"]}}],"collection":[{"href":"https:\/\/soydeaqui.ddns.net\/pachuca\/index.php\/wp-json\/wp\/v2\/product"}],"about":[{"href":"https:\/\/soydeaqui.ddns.net\/pachuca\/index.php\/wp-json\/wp\/v2\/types\/product"}],"replies":[{"embeddable":true,"href":"https:\/\/soydeaqui.ddns.net\/pachuca\/index.php\/wp-json\/wp\/v2\/comments?post=68318"}],"wp:featuredmedia":[{"embeddable":true,"href":"https:\/\/soydeaqui.ddns.net\/pachuca\/index.php\/wp-json\/wp\/v2\/media\/68317"}],"wp:attachment":[{"href":"https:\/\/soydeaqui.ddns.net\/pachuca\/index.php\/wp-json\/wp\/v2\/media?parent=68318"}],"wp:term":[{"taxonomy":"product_brand","embeddable":true,"href":"https:\/\/soydeaqui.ddns.net\/pachuca\/index.php\/wp-json\/wp\/v2\/product_brand?post=68318"},{"taxonomy":"product_cat","embeddable":true,"href":"https:\/\/soydeaqui.ddns.net\/pachuca\/index.php\/wp-json\/wp\/v2\/product_cat?post=68318"},{"taxonomy":"product_tag","embeddable":true,"href":"https:\/\/soydeaqui.ddns.net\/pachuca\/index.php\/wp-json\/wp\/v2\/product_tag?post=68318"}],"curies":[{"name":"wp","href":"https:\/\/api.w.org\/{rel}","templated":true}]}}