{"id":68287,"date":"2026-03-19T10:03:41","date_gmt":"2026-03-19T10:03:41","guid":{"rendered":"https:\/\/soydeaqui.ddns.net\/pachuca\/index.php\/producto\/barra-de-union-de-cobre-de-16-contactos-2-x-15-1-4-x-1-4-50-8-x-387-35-x-6-35-mm\/"},"modified":"2026-03-19T10:03:51","modified_gmt":"2026-03-19T10:03:51","slug":"barra-de-union-de-cobre-de-16-contactos-2-x-15-1-4-x-1-4-50-8-x-387-35-x-6-35-mm","status":"publish","type":"product","link":"https:\/\/soydeaqui.ddns.net\/pachuca\/index.php\/producto\/barra-de-union-de-cobre-de-16-contactos-2-x-15-1-4-x-1-4-50-8-x-387-35-x-6-35-mm\/","title":{"rendered":"Barra de Uni\u00f3n de Cobre de 16 Contactos 2&#8243; x 15-1\/4&#8243; x 1\/4&#8243; (50.8 x 387.35 x 6.35 mm)"},"content":{"rendered":"<div style='width: 100%; max-width: 1200px; margin: 0 auto; font-family: sans-serif; line-height: 1.6; color: inherit; background-color: transparent;'> <!-- Secci\u00f3n de caracter\u00edsticas principales --> <\/p>\n<div style='display: flex; flex-wrap: wrap; gap: 30px; margin-bottom: 30px;'>\n<div style='flex: 1 1 300px; min-width: 280px;'>\n<h3 style='font-size: 22px; border-bottom: 2px solid currentColor; padding-bottom: 5px; margin-top: 0; color: inherit; opacity: 0.8;'>Caracter\u00edsticas Principales<\/h3>\n<ul style='padding-left: 20px; font-size: 15px; color: inherit;'>\n<li style='margin-bottom: 5px;'>Cobre de alta conductividad para eficiencia el\u00e9ctrica<\/li>\n<li style='margin-bottom: 5px;'>16 contactos para m\u00faltiples conexiones<\/li>\n<li style='margin-bottom: 5px;'>Dimensiones precisas: 50.8 x 387.35 x 6.35 mm<\/li>\n<li style='margin-bottom: 5px;'>Dise\u00f1o robusto para aplicaciones industriales<\/li>\n<li style='margin-bottom: 5px;'>Compatibilidad con sistemas de alta demanda<\/li>\n<\/ul><\/div>\n<\/p><\/div>\n<p> <!-- Secci\u00f3n de caracter\u00edsticas t\u00e9cnicas --> <\/p>\n<div style='display: flex; flex-wrap: wrap; gap: 20px; margin-bottom: 30px;'>\n<div style='flex: 1 1 250px; border: 1px solid rgba(150&comma; 150&comma; 150&comma; 0.4); border-radius: 8px; overflow: hidden; display: flex; flex-direction: column;'>\n<div style='padding: 15px; border-bottom: 1px solid rgba(150&comma; 150&comma; 150&comma; 0.2); font-weight: bold; font-size: 18px; color: inherit;'>Caracter\u00edsticas T\u00e9cnicas<\/div>\n<div style='padding: 15px; color: inherit;'>\n<ul style='padding-left: 20px; margin: 0; font-size: 14px; list-style-type: disc;'>\n<li style='margin-bottom: 5px;'><strong>Solera:<\/strong> Cobre pulido<\/li>\n<li style='margin-bottom: 5px;'><strong>Aisladores:<\/strong> Color rojo<\/li>\n<li style='margin-bottom: 5px;'><strong>Torniller\u00eda:<\/strong> Acero inoxidable<\/li>\n<li style='margin-bottom: 5px;'><strong>Ampacidad M\u00e1xima:<\/strong> 2649A<\/li>\n<li style='margin-bottom: 5px;'><strong>Torniller\u00eda:<\/strong> Para sujeci\u00f3n en rack<\/li>\n<li style='margin-bottom: 5px;'><strong>Trapecio:<\/strong> Acero galvanizado<\/li>\n<\/ul><\/div>\n<\/p><\/div>\n<p> <!-- Secci\u00f3n de aplicaciones --> <\/p>\n<div style='flex: 1 1 250px; border: 1px solid rgba(150&comma; 150&comma; 150&comma; 0.4); border-radius: 8px; overflow: hidden; display: flex; flex-direction: column;'>\n<div style='padding: 15px; border-bottom: 1px solid rgba(150&comma; 150&comma; 150&comma; 0.2); font-weight: bold; font-size: 18px; color: inherit;'>Aplicaciones<\/div>\n<div style='padding: 15px; color: inherit;'>\n<ul style='padding-left: 20px; margin: 0; font-size: 14px; list-style-type: disc;'>\n<li style='margin-bottom: 5px;'>Distribuci\u00f3n el\u00e9ctrica<\/li>\n<li style='margin-bottom: 5px;'>Distribuci\u00f3n de sistemas de puesta a tierra<\/li>\n<li style='margin-bottom: 5px;'>Barras uni\u00f3n para telecomunicaciones<\/li>\n<li style='margin-bottom: 5px;'>Telefon\u00eda<\/li>\n<li style='margin-bottom: 5px;'>Circuito cerrado de televisi\u00f3n<\/li>\n<li style='margin-bottom: 5px;'>Edificios comerciales<\/li>\n<li style='margin-bottom: 5px;'>Industria en general<\/li>\n<\/ul><\/div>\n<\/p><\/div>\n<p> <!-- Secci\u00f3n de beneficios --> <\/p>\n<div style='flex: 1 1 250px; border: 1px solid rgba(150&comma; 150&comma; 150&comma; 0.4); border-radius: 8px; overflow: hidden; display: flex; flex-direction: column;'>\n<div style='padding: 15px; border-bottom: 1px solid rgba(150&comma; 150&comma; 150&comma; 0.2); font-weight: bold; font-size: 18px; color: inherit;'>Beneficios<\/div>\n<div style='padding: 15px; color: inherit;'>\n<ul style='padding-left: 20px; margin: 0; font-size: 14px; list-style-type: disc;'>\n<li style='margin-bottom: 5px;'>Facilita revisi\u00f3n y mantenimiento de conexiones<\/li>\n<li style='margin-bottom: 5px;'>Listas para instalarse&comma; evitan ensamblar en campo o barrenar en sitio<\/li>\n<li style='margin-bottom: 5px;'>Conexi\u00f3n segura&comma; duradera y confiable<\/li>\n<li style='margin-bottom: 5px;'>Evita uniones con cinta aislante o termocontr\u00e1ctiles<\/li>\n<li style='margin-bottom: 5px;'>Barrenadas para conectores m\u00e1s utilizados (uno o dos ojillos&comma; mec\u00e1nicos o de compresi\u00f3n)<\/li>\n<\/ul><\/div>\n<\/p><\/div>\n<\/p><\/div>\n<p> <!-- Secci\u00f3n de especificaciones dimensionales --> <\/p>\n<div style='display: flex; flex-wrap: wrap; gap: 20px; margin-bottom: 30px;'>\n<div style='flex: 1 1 250px; border: 1px solid rgba(150&comma; 150&comma; 150&comma; 0.4); border-radius: 8px; overflow: hidden; display: flex; flex-direction: column;'>\n<div style='padding: 15px; border-bottom: 1px solid rgba(150&comma; 150&comma; 150&comma; 0.2); font-weight: bold; font-size: 18px; color: inherit;'>Especificaciones Dimensionales<\/div>\n<div style='padding: 15px; color: inherit;'>\n<ul style='padding-left: 20px; margin: 0; font-size: 14px; list-style-type: disc;'>\n<li style='margin-bottom: 5px;'><strong>Medida de Barra:<\/strong> 400 x 50 x 6.4 mm<\/li>\n<li style='margin-bottom: 5px;'><strong>Medida total de barra:<\/strong> 400 x 140 x 8.6 mm<\/li>\n<li style='margin-bottom: 5px;'><strong>Tama\u00f1o torniller\u00eda:<\/strong> 5\/16\u201d<\/li>\n<\/ul><\/div>\n<\/p><\/div>\n<p> <!-- Secci\u00f3n de garant\u00eda --> <\/p>\n<div style='flex: 1 1 250px; border: 1px solid rgba(150&comma; 150&comma; 150&comma; 0.4); border-radius: 8px; overflow: hidden; display: flex; flex-direction: column;'>\n<div style='padding: 15px; border-bottom: 1px solid rgba(150&comma; 150&comma; 150&comma; 0.2); font-weight: bold; font-size: 18px; color: inherit;'>Garant\u00eda<\/div>\n<div style='padding: 15px; color: inherit;'>\n<p style='margin: 0; font-size: 14px;'>20 a\u00f1os de garant\u00eda&comma; v\u00e1lida siempre y cuando sean instalados todos los componentes del kit de acuerdo al sistema Total Ground.<\/p>\n<\/p><\/div>\n<\/p><\/div>\n<\/p><\/div>\n<p> <!-- Separador --> <\/p>\n<hr style='border: 0; border-top: 1px solid rgba(150&comma; 150&comma; 150&comma; 0.3); margin: 30px 0;'> <\/div>\n","protected":false},"excerpt":{"rendered":"<p>Barra de Uni\u00f3n de Cobre de 16 Contactos 2&#8243; x 15-1\/4&#8243; x 1\/4&#8243; (50.8 x 387.35 x 6.35 mm)<\/p>\n","protected":false},"featured_media":68286,"comment_status":"open","ping_status":"closed","template":"","meta":[],"product_brand":[],"product_cat":[707],"product_tag":[606,605,635],"class_list":{"0":"post-68287","1":"product","2":"type-product","3":"status-publish","4":"has-post-thumbnail","6":"product_cat-accesorios-para-racks-y-gabinetes-racks-y-gabinetes-radiocomunicacion","7":"product_tag-accesorios-para-racks-y-gabinetes","8":"product_tag-racks-y-gabinetes","9":"product_tag-total-ground","11":"first","12":"instock","13":"sale","14":"shipping-taxable","15":"purchasable","16":"product-type-simple"},"_links":{"self":[{"href":"https:\/\/soydeaqui.ddns.net\/pachuca\/index.php\/wp-json\/wp\/v2\/product\/68287","targetHints":{"allow":["GET"]}}],"collection":[{"href":"https:\/\/soydeaqui.ddns.net\/pachuca\/index.php\/wp-json\/wp\/v2\/product"}],"about":[{"href":"https:\/\/soydeaqui.ddns.net\/pachuca\/index.php\/wp-json\/wp\/v2\/types\/product"}],"replies":[{"embeddable":true,"href":"https:\/\/soydeaqui.ddns.net\/pachuca\/index.php\/wp-json\/wp\/v2\/comments?post=68287"}],"wp:featuredmedia":[{"embeddable":true,"href":"https:\/\/soydeaqui.ddns.net\/pachuca\/index.php\/wp-json\/wp\/v2\/media\/68286"}],"wp:attachment":[{"href":"https:\/\/soydeaqui.ddns.net\/pachuca\/index.php\/wp-json\/wp\/v2\/media?parent=68287"}],"wp:term":[{"taxonomy":"product_brand","embeddable":true,"href":"https:\/\/soydeaqui.ddns.net\/pachuca\/index.php\/wp-json\/wp\/v2\/product_brand?post=68287"},{"taxonomy":"product_cat","embeddable":true,"href":"https:\/\/soydeaqui.ddns.net\/pachuca\/index.php\/wp-json\/wp\/v2\/product_cat?post=68287"},{"taxonomy":"product_tag","embeddable":true,"href":"https:\/\/soydeaqui.ddns.net\/pachuca\/index.php\/wp-json\/wp\/v2\/product_tag?post=68287"}],"curies":[{"name":"wp","href":"https:\/\/api.w.org\/{rel}","templated":true}]}}