{"id":68282,"date":"2026-03-19T10:03:32","date_gmt":"2026-03-19T10:03:32","guid":{"rendered":"https:\/\/soydeaqui.ddns.net\/pachuca\/index.php\/producto\/barra-de-union-de-cobre-de-4-contactos\/"},"modified":"2026-03-19T10:03:39","modified_gmt":"2026-03-19T10:03:39","slug":"barra-de-union-de-cobre-de-4-contactos","status":"publish","type":"product","link":"https:\/\/soydeaqui.ddns.net\/pachuca\/index.php\/producto\/barra-de-union-de-cobre-de-4-contactos\/","title":{"rendered":"Barra de Uni\u00f3n de Cobre de 4 contactos"},"content":{"rendered":"<div style='width: 100%; max-width: 1200px; margin: 0 auto; font-family: sans-serif; line-height: 1.6; color: inherit;'>\n<div style='display: flex; flex-direction: column; gap: 30px;'>\n<div style='display: flex; flex-direction: column; gap: 15px;'> <img style='width: auto; max-width: 300px; height: auto; border: 1px solid rgba(150&comma;150&comma;150&comma;0.3); border-radius: 8px;' src='http:\/\/ftp3.syscom.mx\/usuarios\/dcarreon\/LOGOS\/logo%20TG2.png' alt='Logo TOTAL GROUND'> <\/p>\n<p style='font-size: 15px; color: inherit; margin: 0 0 15px;'>En el sistema de puesta a tierra&comma; las barras de uni\u00f3n son el m\u00e9todo de empalme permitido&comma; cuando es imposible mantener un s\u00f3lo tramo continuo de conductor. Tambi\u00e9n es utilizado para la distribuci\u00f3n de las diferentes redes de tierra f\u00edsica en un edificio.<\/p>\n<p style='font-size: 15px; color: inherit; margin: 0 0 15px;'>Su funci\u00f3n es distribuir los hilos de tierra tanto de manera directa a los equipos a proteger o bien mediante la utilizaci\u00f3n de acopladores secundarios.<\/p>\n<p style='font-size: 15px; color: inherit; margin: 0 0 15px;'>Asegura la continuidad el\u00e9ctrica y la capacidad de conducir corriente.<\/p>\n<div style='margin: 20px 0;'>\n<h3 style='font-size: 22px; border-bottom: 2px solid currentColor; padding-bottom: 5px; margin-top: 0; margin-bottom: 15px; color: inherit; opacity: 0.8;'>Caracter\u00edsticas<\/h3>\n<ul style='padding-left: 20px; font-size: 15px; color: inherit; list-style-type: disc;'>\n<li style='margin-bottom: 5px;'>Solera fabricada en Cobre pulido<\/li>\n<li style='margin-bottom: 5px;'>Aisladores color rojo<\/li>\n<li style='margin-bottom: 5px;'>Torniller\u00eda de acero galvanizado<\/li>\n<li style='margin-bottom: 5px;'>Ampacidad M\u00e1xima: 722<\/li>\n<li style='margin-bottom: 5px;'>Modelo montable en Gabinete<\/li>\n<\/ul><\/div>\n<\/p><\/div>\n<div style='display: flex; flex-direction: column; align-items: center; gap: 15px;'> <img style='width: 100%; height: auto; border: 1px solid rgba(150&comma;150&comma;150&comma;0.3); border-radius: 8px;' src='https:\/\/ftp3.syscom.mx\/usuarios\/fotos\/TGBPS7515\/162812-tgb1.jpg' alt='Barra de Uni\u00f3n de Cobre TGBPS7515'> <img style='width: auto; max-width: 200px; height: auto; border: 1px solid rgba(150&comma;150&comma;150&comma;0.3); border-radius: 8px;' src='https:\/\/ftp3.syscom.mx\/usuarios\/fotos\/KITMASTER45AB\/75922-garantia_10_a%C3%B1os.png' alt='Garant\u00eda 10 a\u00f1os'> <\/div>\n<\/p><\/div>\n<\/p><\/div>\n","protected":false},"excerpt":{"rendered":"<p>Barra de Uni\u00f3n de Cobre de 4 contactos<\/p>\n","protected":false},"featured_media":68281,"comment_status":"open","ping_status":"closed","template":"","meta":[],"product_brand":[],"product_cat":[707],"product_tag":[606,605,635],"class_list":{"0":"post-68282","1":"product","2":"type-product","3":"status-publish","4":"has-post-thumbnail","6":"product_cat-accesorios-para-racks-y-gabinetes-racks-y-gabinetes-radiocomunicacion","7":"product_tag-accesorios-para-racks-y-gabinetes","8":"product_tag-racks-y-gabinetes","9":"product_tag-total-ground","11":"first","12":"instock","13":"sale","14":"shipping-taxable","15":"purchasable","16":"product-type-simple"},"_links":{"self":[{"href":"https:\/\/soydeaqui.ddns.net\/pachuca\/index.php\/wp-json\/wp\/v2\/product\/68282","targetHints":{"allow":["GET"]}}],"collection":[{"href":"https:\/\/soydeaqui.ddns.net\/pachuca\/index.php\/wp-json\/wp\/v2\/product"}],"about":[{"href":"https:\/\/soydeaqui.ddns.net\/pachuca\/index.php\/wp-json\/wp\/v2\/types\/product"}],"replies":[{"embeddable":true,"href":"https:\/\/soydeaqui.ddns.net\/pachuca\/index.php\/wp-json\/wp\/v2\/comments?post=68282"}],"wp:featuredmedia":[{"embeddable":true,"href":"https:\/\/soydeaqui.ddns.net\/pachuca\/index.php\/wp-json\/wp\/v2\/media\/68281"}],"wp:attachment":[{"href":"https:\/\/soydeaqui.ddns.net\/pachuca\/index.php\/wp-json\/wp\/v2\/media?parent=68282"}],"wp:term":[{"taxonomy":"product_brand","embeddable":true,"href":"https:\/\/soydeaqui.ddns.net\/pachuca\/index.php\/wp-json\/wp\/v2\/product_brand?post=68282"},{"taxonomy":"product_cat","embeddable":true,"href":"https:\/\/soydeaqui.ddns.net\/pachuca\/index.php\/wp-json\/wp\/v2\/product_cat?post=68282"},{"taxonomy":"product_tag","embeddable":true,"href":"https:\/\/soydeaqui.ddns.net\/pachuca\/index.php\/wp-json\/wp\/v2\/product_tag?post=68282"}],"curies":[{"name":"wp","href":"https:\/\/api.w.org\/{rel}","templated":true}]}}