{"id":6828,"date":"2026-03-18T06:48:13","date_gmt":"2026-03-18T06:48:13","guid":{"rendered":"https:\/\/soydeaqui.ddns.net\/pachuca\/index.php\/producto\/cable-sensor-para-cerca-ironclad-rollo-de-152-mts-de-cable-requiere-lpu-400\/"},"modified":"2026-03-18T06:48:13","modified_gmt":"2026-03-18T06:48:13","slug":"cable-sensor-para-cerca-ironclad-rollo-de-152-mts-de-cable-requiere-lpu-400","status":"publish","type":"product","link":"https:\/\/soydeaqui.ddns.net\/pachuca\/index.php\/producto\/cable-sensor-para-cerca-ironclad-rollo-de-152-mts-de-cable-requiere-lpu-400\/","title":{"rendered":"Cable Sensor para Cerca IRONCLAD, Rollo de 152 mts de cable \/Requiere LPU-400"},"content":{"rendered":"<div style='width: 100%; max-width: 1200px; margin: 0 auto; font-family: sans-serif; line-height: 1.6; color: inherit; background-color: transparent;'> <!-- Secci\u00f3n de caracter\u00edsticas principales --> <\/p>\n<div style='display: flex; flex-wrap: wrap; gap: 30px; margin-bottom: 30px;'>\n<div style='flex: 1 1 300px; min-width: 280px;'>\n<h3 style='font-size: 22px; border-bottom: 2px solid currentColor; padding-bottom: 5px; margin-top: 0; color: inherit; opacity: 0.8;'>Caracter\u00edsticas Principales<\/h3>\n<ul style='padding-left: 20px; font-size: 15px; color: inherit;'>\n<li style='margin-bottom: 5px;'>Cable sensor compatible con LPU400<\/li>\n<li style='margin-bottom: 5px;'>Carrete de cable de 150 metros<\/li>\n<li style='margin-bottom: 5px;'>Para uso solo en sistema LPU de RBTEC<\/li>\n<li style='margin-bottom: 5px;'>No cuenta con fin de l\u00ednea&comma; se adquiere por separado<\/li>\n<li style='margin-bottom: 5px;'>Para mallas y cercas<\/li>\n<\/ul><\/div>\n<\/p><\/div>\n<p> <!-- Secci\u00f3n de especificaciones t\u00e9cnicas --> <\/p>\n<div style='display: flex; flex-wrap: wrap; gap: 20px; margin-bottom: 30px;'>\n<div style='flex: 1 1 250px; border: 1px solid rgba(150&comma; 150&comma; 150&comma; 0.4); border-radius: 8px; overflow: hidden; display: flex; flex-direction: column;'>\n<div style='padding: 15px; border-bottom: 1px solid rgba(150&comma; 150&comma; 150&comma; 0.2); font-weight: bold; font-size: 18px; color: inherit;'>Especificaciones T\u00e9cnicas<\/div>\n<div style='padding: 15px; color: inherit;'>\n<ul style='padding-left: 20px; margin: 0; font-size: 14px; list-style-type: disc;'>\n<li style='margin-bottom: 5px;'>Cable sensor de vibraci\u00f3n pasivo<\/li>\n<li style='margin-bottom: 5px;'>Armadura de malla de acero integrada<\/li>\n<li style='margin-bottom: 5px;'>Operaci\u00f3n: 12-24VDC&comma; 40mA @ 12VDC<\/li>\n<li style='margin-bottom: 5px;'>Rel\u00e9s de contacto seco con contactos N.O. y N.C. por zona<\/li>\n<li style='margin-bottom: 5px;'>Gabinete: NEMA 4x&comma; IP-66<\/li>\n<\/ul><\/div>\n<\/p><\/div>\n<p> <!-- Secci\u00f3n de funcionalidades --> <\/p>\n<div style='flex: 1 1 250px; border: 1px solid rgba(150&comma; 150&comma; 150&comma; 0.4); border-radius: 8px; overflow: hidden; display: flex; flex-direction: column;'>\n<div style='padding: 15px; border-bottom: 1px solid rgba(150&comma; 150&comma; 150&comma; 0.2); font-weight: bold; font-size: 18px; color: inherit;'>Funcionalidades<\/div>\n<div style='padding: 15px; color: inherit;'>\n<ul style='padding-left: 20px; margin: 0; font-size: 14px; list-style-type: disc;'>\n<li style='margin-bottom: 5px;'>F\u00e1cil instalaci\u00f3n sin herramientas especiales<\/li>\n<li style='margin-bottom: 5px;'>Conecta a cualquier sistema de alarma<\/li>\n<li style='margin-bottom: 5px;'>3 capas de filtrado de alarmas<\/li>\n<li style='margin-bottom: 5px;'>Auto-calibraci\u00f3n del sistema<\/li>\n<li style='margin-bottom: 5px;'>11 niveles de sensibilidad por zona<\/li>\n<li style='margin-bottom: 5px;'>Tasa extremadamente baja de falsas alarmas<\/li>\n<li style='margin-bottom: 5px;'>Sin mantenimiento &#8211; 2 a\u00f1os de garant\u00eda en el cable sensor<\/li>\n<\/ul><\/div>\n<\/p><\/div>\n<p> <!-- Secci\u00f3n de aplicaciones --> <\/p>\n<div style='flex: 1 1 250px; border: 1px solid rgba(150&comma; 150&comma; 150&comma; 0.4); border-radius: 8px; overflow: hidden; display: flex; flex-direction: column;'>\n<div style='padding: 15px; border-bottom: 1px solid rgba(150&comma; 150&comma; 150&comma; 0.2); font-weight: bold; font-size: 18px; color: inherit;'>Aplicaciones<\/div>\n<div style='padding: 15px; color: inherit;'>\n<ul style='padding-left: 20px; margin: 0; font-size: 14px; list-style-type: disc;'>\n<li style='margin-bottom: 5px;'>\u00c1reas comerciales e industriales<\/li>\n<li style='margin-bottom: 5px;'>Almacenamiento de veh\u00edculos y embarcaciones<\/li>\n<li style='margin-bottom: 5px;'>Parques solares y e\u00f3licos<\/li>\n<li style='margin-bottom: 5px;'>Subestaciones el\u00e9ctricas<\/li>\n<li style='margin-bottom: 5px;'>Patio de casas grandes<\/li>\n<li style='margin-bottom: 5px;'>Instalaciones de almacenamiento self-service<\/li>\n<li style='margin-bottom: 5px;'>Antenas de comunicaci\u00f3n<\/li>\n<\/ul><\/div>\n<\/p><\/div>\n<\/p><\/div>\n<p> <!-- Secci\u00f3n de configuraciones --> <\/p>\n<div style='display: flex; flex-wrap: wrap; gap: 20px; margin-bottom: 30px;'>\n<div style='flex: 1 1 250px; border: 1px solid rgba(150&comma; 150&comma; 150&comma; 0.4); border-radius: 8px; overflow: hidden; display: flex; flex-direction: column;'>\n<div style='padding: 15px; border-bottom: 1px solid rgba(150&comma; 150&comma; 150&comma; 0.2); font-weight: bold; font-size: 18px; color: inherit;'>Configuraciones Disponibles<\/div>\n<div style='padding: 15px; color: inherit;'>\n<ul style='padding-left: 20px; margin: 0; font-size: 14px; list-style-type: disc;'>\n<li style='margin-bottom: 5px;'>75m\/250ft de cable sensor (una zona)<\/li>\n<li style='margin-bottom: 5px;'>152m\/500ft de cable sensor (dos zonas)<\/li>\n<li style='margin-bottom: 5px;'>152m\/500ft de cable sensor (una zona)<\/li>\n<li style='margin-bottom: 5px;'>305m\/1000ft de cable sensor (dos zonas)<\/li>\n<li style='margin-bottom: 5px;'>305m\/1000ft de cable sensor (una zona)<\/li>\n<li style='margin-bottom: 5px;'>610m\/2000ft de cable sensor (dos zonas)<\/li>\n<\/ul><\/div>\n<\/p><\/div>\n<p> <!-- Secci\u00f3n de detalles t\u00e9cnicos --> <\/p>\n<div style='flex: 1 1 250px; border: 1px solid rgba(150&comma; 150&comma; 150&comma; 0.4); border-radius: 8px; overflow: hidden; display: flex; flex-direction: column;'>\n<div style='padding: 15px; border-bottom: 1px solid rgba(150&comma; 150&comma; 150&comma; 0.2); font-weight: bold; font-size: 18px; color: inherit;'>Detalles T\u00e9cnicos<\/div>\n<div style='padding: 15px; color: inherit;'>\n<ul style='padding-left: 20px; margin: 0; font-size: 14px; list-style-type: disc;'>\n<li style='margin-bottom: 5px;'>Sistema de detecci\u00f3n por vibraci\u00f3n<\/li>\n<li style='margin-bottom: 5px;'>Compensaci\u00f3n aut\u00f3noma del clima<\/li>\n<li style='margin-bottom: 5px;'>Detecci\u00f3n por algoritmo de vibraci\u00f3n<\/li>\n<li style='margin-bottom: 5px;'>Detecci\u00f3n de patrones t\u00edpicos de intrusi\u00f3n<\/li>\n<li style='margin-bottom: 5px;'>Auto-calibraci\u00f3n del sistema<\/li>\n<li style='margin-bottom: 5px;'>Ajuste de sensibilidad en tarjeta<\/li>\n<\/ul><\/div>\n<\/p><\/div>\n<\/p><\/div>\n<p> <!-- Separador --> <\/p>\n<hr style='border: 0; border-top: 1px solid rgba(150&comma; 150&comma; 150&comma; 0.3); margin: 30px 0;'> <\/div>\n","protected":false},"excerpt":{"rendered":"<p>Cable Sensor para Cerca IRONCLAD, Rollo de 152 mts de cable \/Requiere LPU-400<\/p>\n","protected":false},"featured_media":6827,"comment_status":"open","ping_status":"closed","template":"","meta":[],"product_brand":[],"product_cat":[103],"product_tag":[105,104,220],"class_list":{"0":"post-6828","1":"product","2":"type-product","3":"status-publish","4":"has-post-thumbnail","6":"product_cat-cable-sensor-perimetral","7":"product_tag-cable-sensor-perimetral","8":"product_tag-proteccion-perimetral","9":"product_tag-rbtec","11":"first","12":"outofstock","13":"sale","14":"shipping-taxable","15":"purchasable","16":"product-type-simple"},"_links":{"self":[{"href":"https:\/\/soydeaqui.ddns.net\/pachuca\/index.php\/wp-json\/wp\/v2\/product\/6828","targetHints":{"allow":["GET"]}}],"collection":[{"href":"https:\/\/soydeaqui.ddns.net\/pachuca\/index.php\/wp-json\/wp\/v2\/product"}],"about":[{"href":"https:\/\/soydeaqui.ddns.net\/pachuca\/index.php\/wp-json\/wp\/v2\/types\/product"}],"replies":[{"embeddable":true,"href":"https:\/\/soydeaqui.ddns.net\/pachuca\/index.php\/wp-json\/wp\/v2\/comments?post=6828"}],"wp:featuredmedia":[{"embeddable":true,"href":"https:\/\/soydeaqui.ddns.net\/pachuca\/index.php\/wp-json\/wp\/v2\/media\/6827"}],"wp:attachment":[{"href":"https:\/\/soydeaqui.ddns.net\/pachuca\/index.php\/wp-json\/wp\/v2\/media?parent=6828"}],"wp:term":[{"taxonomy":"product_brand","embeddable":true,"href":"https:\/\/soydeaqui.ddns.net\/pachuca\/index.php\/wp-json\/wp\/v2\/product_brand?post=6828"},{"taxonomy":"product_cat","embeddable":true,"href":"https:\/\/soydeaqui.ddns.net\/pachuca\/index.php\/wp-json\/wp\/v2\/product_cat?post=6828"},{"taxonomy":"product_tag","embeddable":true,"href":"https:\/\/soydeaqui.ddns.net\/pachuca\/index.php\/wp-json\/wp\/v2\/product_tag?post=6828"}],"curies":[{"name":"wp","href":"https:\/\/api.w.org\/{rel}","templated":true}]}}