{"id":68263,"date":"2026-03-19T10:02:52","date_gmt":"2026-03-19T10:02:52","guid":{"rendered":"https:\/\/soydeaqui.ddns.net\/pachuca\/index.php\/producto\/ancla-aleta-de-3-orificios-con-2-puntos-de-fijacion-uso-en-fijacion-de-mastiles-galvanizado-por-inmersion-en-caliente\/"},"modified":"2026-03-19T10:03:04","modified_gmt":"2026-03-19T10:03:04","slug":"ancla-aleta-de-3-orificios-con-2-puntos-de-fijacion-uso-en-fijacion-de-mastiles-galvanizado-por-inmersion-en-caliente","status":"publish","type":"product","link":"https:\/\/soydeaqui.ddns.net\/pachuca\/index.php\/producto\/ancla-aleta-de-3-orificios-con-2-puntos-de-fijacion-uso-en-fijacion-de-mastiles-galvanizado-por-inmersion-en-caliente\/","title":{"rendered":"Ancla Aleta de 3 Orificios con 2 Puntos de Fijaci\u00f3n. Uso en Fijaci\u00f3n de m\u00e1stiles. Galvanizado por Inmersi\u00f3n en Caliente."},"content":{"rendered":"<div style='width: 100%; max-width: 1200px; margin: 0 auto; font-family: sans-serif; line-height: 1.6; color: inherit; background-color: transparent;'>\n<div style='display: flex; flex-wrap: wrap; gap: 30px; margin-bottom: 30px;'>\n<div style='flex: 1 1 300px; min-width: 280px;'>\n<h3 style='font-size: 22px; border-bottom: 2px solid currentColor; padding-bottom: 5px; margin-top: 0; color: inherit; opacity: 0.8;'>Caracter\u00edsticas<\/h3>\n<ul style='padding-left: 20px; font-size: 15px; color: inherit;'>\n<li style='margin-bottom: 5px;'><strong>Barrenos para fijaci\u00f3n:<\/strong> 2 de 1\/2&#8242;<\/li>\n<li style='margin-bottom: 5px;'><strong>Barrenos para sujeci\u00f3n:<\/strong> 3 de 7\/16&#8242;<\/li>\n<li style='margin-bottom: 5px;'><strong>Material:<\/strong> Placa de 1\/4&#8242; de espesor<\/li>\n<li style='margin-bottom: 5px;'><strong>Acabado:<\/strong> Galvanizado por inmersi\u00f3n en caliente<\/li>\n<\/ul><\/div>\n<div style='flex: 1 1 300px; min-width: 280px;'>\n<h3 style='font-size: 22px; border-bottom: 2px solid currentColor; padding-bottom: 5px; margin-top: 0; color: inherit; opacity: 0.8;'>Especificaciones T\u00e9cnicas<\/h3>\n<ul style='padding-left: 20px; font-size: 15px; color: inherit;'>\n<li style='margin-bottom: 5px;'><strong>Peso:<\/strong> 1.07 kg<\/li>\n<li style='margin-bottom: 5px;'><strong>Dimensiones:<\/strong> 120 x 74 x 170 mm (ancho x alto x profundidad)<\/li>\n<\/ul><\/div>\n<\/p><\/div>\n<div style='display: flex; flex-wrap: wrap; gap: 20px; margin-bottom: 30px;'>\n<div style='flex: 1 1 250px; border: 1px solid rgba(150&comma; 150&comma; 150&comma; 0.4); border-radius: 8px; overflow: hidden; display: flex; flex-direction: column;'>\n<div style='padding: 15px; border-bottom: 1px solid rgba(150&comma; 150&comma; 150&comma; 0.2); font-weight: bold; font-size: 18px; color: inherit;'>Aplicaci\u00f3n<\/div>\n<div style='padding: 15px; color: inherit;'>\n<ul style='padding-left: 20px; margin: 0; font-size: 14px; list-style-type: disc;'>\n<li style='margin-bottom: 5px;'>Fijaci\u00f3n de m\u00e1stiles<\/li>\n<\/ul><\/div>\n<\/p><\/div>\n<\/p><\/div>\n<\/p><\/div>\n","protected":false},"excerpt":{"rendered":"<p>Ancla Aleta de 3 Orificios con 2 Puntos de Fijaci\u00f3n. Uso en Fijaci\u00f3n de m\u00e1stiles. Galvanizado por Inmersi\u00f3n en Caliente.<\/p>\n","protected":false},"featured_media":68262,"comment_status":"open","ping_status":"closed","template":"","meta":[],"product_brand":[],"product_cat":[589],"product_tag":[590,733,246],"class_list":{"0":"post-68263","1":"product","2":"type-product","3":"status-publish","4":"has-post-thumbnail","6":"product_cat-accesorios-para-torres-arriostradas","7":"product_tag-accesorios-para-torres-arriostradas","8":"product_tag-syscom-towers","9":"product_tag-torres-y-mastiles","11":"first","12":"instock","13":"sale","14":"shipping-taxable","15":"purchasable","16":"product-type-simple"},"_links":{"self":[{"href":"https:\/\/soydeaqui.ddns.net\/pachuca\/index.php\/wp-json\/wp\/v2\/product\/68263","targetHints":{"allow":["GET"]}}],"collection":[{"href":"https:\/\/soydeaqui.ddns.net\/pachuca\/index.php\/wp-json\/wp\/v2\/product"}],"about":[{"href":"https:\/\/soydeaqui.ddns.net\/pachuca\/index.php\/wp-json\/wp\/v2\/types\/product"}],"replies":[{"embeddable":true,"href":"https:\/\/soydeaqui.ddns.net\/pachuca\/index.php\/wp-json\/wp\/v2\/comments?post=68263"}],"wp:featuredmedia":[{"embeddable":true,"href":"https:\/\/soydeaqui.ddns.net\/pachuca\/index.php\/wp-json\/wp\/v2\/media\/68262"}],"wp:attachment":[{"href":"https:\/\/soydeaqui.ddns.net\/pachuca\/index.php\/wp-json\/wp\/v2\/media?parent=68263"}],"wp:term":[{"taxonomy":"product_brand","embeddable":true,"href":"https:\/\/soydeaqui.ddns.net\/pachuca\/index.php\/wp-json\/wp\/v2\/product_brand?post=68263"},{"taxonomy":"product_cat","embeddable":true,"href":"https:\/\/soydeaqui.ddns.net\/pachuca\/index.php\/wp-json\/wp\/v2\/product_cat?post=68263"},{"taxonomy":"product_tag","embeddable":true,"href":"https:\/\/soydeaqui.ddns.net\/pachuca\/index.php\/wp-json\/wp\/v2\/product_tag?post=68263"}],"curies":[{"name":"wp","href":"https:\/\/api.w.org\/{rel}","templated":true}]}}