{"id":6826,"date":"2026-03-18T06:48:08","date_gmt":"2026-03-18T06:48:08","guid":{"rendered":"https:\/\/soydeaqui.ddns.net\/pachuca\/index.php\/producto\/cable-sensor-para-cerca-ironclad-rollo-de-305-mts-cable-requiere-lpu-400\/"},"modified":"2026-03-18T06:48:09","modified_gmt":"2026-03-18T06:48:09","slug":"cable-sensor-para-cerca-ironclad-rollo-de-305-mts-cable-requiere-lpu-400","status":"publish","type":"product","link":"https:\/\/soydeaqui.ddns.net\/pachuca\/index.php\/producto\/cable-sensor-para-cerca-ironclad-rollo-de-305-mts-cable-requiere-lpu-400\/","title":{"rendered":"Cable Sensor para Cerca IRONCLAD,  Rollo de 305 mts cable \/ Requiere LPU-400"},"content":{"rendered":"<div style='width: 100%; max-width: 1200px; margin: 0 auto; font-family: sans-serif; line-height: 1.6; color: inherit; background-color: transparent;'> <!-- Secci\u00f3n de caracter\u00edsticas principales --> <\/p>\n<div style='display: flex; flex-wrap: wrap; gap: 30px; margin-bottom: 30px;'>\n<div style='flex: 1 1 300px; min-width: 280px;'>\n<h3 style='font-size: 22px; border-bottom: 2px solid currentColor; padding-bottom: 5px; margin-top: 0; color: inherit; opacity: 0.8;'>Caracter\u00edsticas principales<\/h3>\n<ul style='padding-left: 20px; font-size: 15px; color: inherit;'>\n<li style='margin-bottom: 5px;'>Dise\u00f1ado espec\u00edficamente para su uso en exteriores<\/li>\n<li style='margin-bottom: 5px;'>Cubierta exterior hecha de una armadura de malla de acero como parte integral del cable e inseparable<\/li>\n<li style='margin-bottom: 5px;'>Rollo de 305 mts<\/li>\n<li style='margin-bottom: 5px;'>Requiere de la unidad analizadora LPU-304<\/li>\n<li style='margin-bottom: 5px;'>1 a\u00f1o de garant\u00eda<\/li>\n<\/ul><\/div>\n<div style='flex: 1 1 300px; min-width: 280px;'>\n<h3 style='font-size: 22px; border-bottom: 2px solid currentColor; padding-bottom: 5px; margin-top: 0; color: inherit; opacity: 0.8;'>Caracter\u00edsticas del sistema<\/h3>\n<ul style='padding-left: 20px; font-size: 15px; color: inherit;'>\n<li style='margin-bottom: 5px;'>Conecte y despliegue &#8211; Kits asequibles listos para la instalaci\u00f3n<\/li>\n<li style='margin-bottom: 5px;'>3 capas de filtraci\u00f3n de falsas alarmas &#8211; Tasa extremadamente baja de falsas alarmas<\/li>\n<li style='margin-bottom: 5px;'>Protege cercas de hasta 10 pies de alto en un s\u00f3lo recorrido de cable<\/li>\n<li style='margin-bottom: 5px;'>No se requiere capacitaci\u00f3n ni herramientas especiales&comma; viene con su manual de instalaci\u00f3n<\/li>\n<li style='margin-bottom: 5px;'>No requiere calibraci\u00f3n &#8211; el sistema se auto calibra<\/li>\n<li style='margin-bottom: 5px;'>Sin mantenimiento &#8211; en el cable del sensor<\/li>\n<li style='margin-bottom: 5px;'>22 Niveles de sensibilidad por zona f\u00e1cilmente ajustables con interruptores DIP<\/li>\n<li style='margin-bottom: 5px;'>Las salidas de rel\u00e9 de contacto seco (NO o NC) se pueden conectar a cualquier sistema de alarma \/ DVR<\/li>\n<li style='margin-bottom: 5px;'>Ideal para la instalaci\u00f3n en cercas de eslabones de cadena o bobinas tipo serpentinas<\/li>\n<\/ul><\/div>\n<\/p><\/div>\n<p> <!-- Separador --> <\/p>\n<hr style='border: 0; border-top: 1px solid rgba(150&comma; 150&comma; 150&comma; 0.3); margin: 30px 0;'> <!-- Secci\u00f3n de descripci\u00f3n detallada --> <\/p>\n<div style='margin-bottom: 30px;'>\n<h3 style='font-size: 22px; border-bottom: 2px solid currentColor; padding-bottom: 5px; margin-top: 0; margin-bottom: 15px; color: inherit; opacity: 0.8;'>Descripci\u00f3n del sistema<\/h3>\n<p style='font-size: 15px; color: inherit; margin-bottom: 15px;'>Detectar y detener intrusos en la l\u00ednea de cerca. El Ironclad es un cable sensor que se adjunta a la cerca para detectar cualquier corte&comma; escalada&comma; elevaci\u00f3n o salto de la cerca. Un solo tendido del cable en el centro de la cerca de detecci\u00f3n permite la detecci\u00f3n de toda la altura de la cerca de hasta 10 pies contra cualquier intento de intrusi\u00f3n.<\/p>\n<p style='font-size: 15px; color: inherit; margin-bottom: 15px;'>Cada procesador puede monitorear hasta 2 zonas con 2 salidas de rel\u00e9 separadas por zona&comma; las zonas se venden pre cortadas en 250 &#8216;\/ 500&#8217; \/ 1000 \u2018 (75m \/ 152m \/ 305m). El sistema ha sido dise\u00f1ado para conectarse a cualquier sistema de alarma y es capaz de adaptarse a los sistemas viejos o nuevos de alarma antirrobo \/ DVR \/ NVR \/ SCADA.<\/p>\n<p style='font-size: 15px; color: inherit; margin-bottom: 15px;'>Totalmente envuelto por una trenza de acero inoxidable el Ironclad es ideal para la instalaci\u00f3n en cercas de alambre&comma; alambres de p\u00faas y bobina de concertinas.<\/p>\n<\/p><\/div>\n<p> <!-- Separador --> <\/p>\n<hr style='border: 0; border-top: 1px solid rgba(150&comma; 150&comma; 150&comma; 0.3); margin: 30px 0;'> <!-- Secci\u00f3n de detecci\u00f3n de intrusos --> <\/p>\n<div style='margin-bottom: 30px;'>\n<h3 style='font-size: 22px; border-bottom: 2px solid currentColor; padding-bottom: 5px; margin-top: 0; margin-bottom: 15px; color: inherit; opacity: 0.8;'>\u00bfC\u00f3mo es que IRONCLAD detecta intrusos y no viento?<\/h3>\n<p style='font-size: 15px; color: inherit; margin-bottom: 15px;'>El sistema utiliza 3 capas de filtraci\u00f3n de falsas alarmas:<\/p>\n<ol style='padding-left: 20px; font-size: 15px; color: inherit;'>\n<li style='margin-bottom: 5px;'>El algoritmo de detecci\u00f3n ha sido dise\u00f1ado para detectar s\u00f3lo vibraciones agudas de frecuencias asociadas con los intentos de intrusi\u00f3n&comma; mientras que el filtrado de las frecuencias largas del clima<\/li>\n<li style='margin-bottom: 5px;'>22 Niveles de sensibilidad por zona f\u00e1cilmente ajustables con interruptores DIP<\/li>\n<li style='margin-bottom: 5px;'>Estaci\u00f3n meteorol\u00f3gica para evitar falsas alarmas causadas por condiciones clim\u00e1ticas<\/li>\n<\/ol><\/div>\n<p> <!-- Separador --> <\/p>\n<hr style='border: 0; border-top: 1px solid rgba(150&comma; 150&comma; 150&comma; 0.3); margin: 30px 0;'> <!-- Secci\u00f3n de aplicaciones --> <\/p>\n<div style='margin-bottom: 30px;'>\n<h3 style='font-size: 22px; border-bottom: 2px solid currentColor; padding-bottom: 5px; margin-top: 0; margin-bottom: 15px; color: inherit; opacity: 0.8;'>Aplicaciones<\/h3>\n<p style='font-size: 15px; color: inherit; margin-bottom: 15px;'>Obtenga una mejor protecci\u00f3n perimetral para sitios como los siguientes:<\/p>\n<ul style='padding-left: 20px; font-size: 15px; color: inherit;'>\n<li style='margin-bottom: 5px;'>\u00c1reas comerciales e industriales<\/li>\n<li style='margin-bottom: 5px;'>Autos&comma; RV&comma; barcos o equipo de \u00e1reas de almacenamiento<\/li>\n<li style='margin-bottom: 5px;'>Solares y parques e\u00f3licos<\/li>\n<li style='margin-bottom: 5px;'>Agua&comma; subestaciones el\u00e9ctricas<\/li>\n<li style='margin-bottom: 5px;'>Patios de casas grandes<\/li>\n<li style='margin-bottom: 5px;'>Ubicaciones de Almacenamiento<\/li>\n<li style='margin-bottom: 5px;'>Radio&comma; celular&comma; antenas de comunicaci\u00f3n<\/li>\n<\/ul><\/div>\n<p> <!-- Separador --> <\/p>\n<hr style='border: 0; border-top: 1px solid rgba(150&comma; 150&comma; 150&comma; 0.3); margin: 30px 0;'> <!-- Secci\u00f3n de disposici\u00f3n del sensor --> <\/p>\n<div style='margin-bottom: 30px;'>\n<h3 style='font-size: 22px; border-bottom: 2px solid currentColor; padding-bottom: 5px; margin-top: 0; margin-bottom: 15px; color: inherit; opacity: 0.8;'>Disposici\u00f3n del sensor del sistema de alarma de la cerca<\/h3>\n<ol style='padding-left: 20px; font-size: 15px; color: inherit;'>\n<li style='margin-bottom: 5px;'>El cable del sensor es pre-cortado en 250ft \/ 75m&comma; 500ft \/ 152m y 1000ft \/ 305m<\/li>\n<li style='margin-bottom: 5px;'>Cada procesador (analizador) puede supervisar hasta 2 zonas (carretes)<\/li>\n<li style='margin-bottom: 5px;'>La longitud m\u00e1xima por procesador es 2000ft \/ 600m del cable del sensor&comma; 2 zonas de 1000ft \/ 305m<\/li>\n<li style='margin-bottom: 5px;'>Cada kit tambi\u00e9n incluye: Un procesador en una carcasa resistente a la intemperie y un cable sensor de la longitud seleccionada<\/li>\n<li style='margin-bottom: 5px;'>Para cubrir per\u00edmetros m\u00e1s grandes existe la opci\u00f3n de combinar tantos kits como sea necesario<\/li>\n<\/ol><\/div>\n<p> <!-- Separador --> <\/p>\n<hr style='border: 0; border-top: 1px solid rgba(150&comma; 150&comma; 150&comma; 0.3); margin: 30px 0;'> <!-- Secci\u00f3n de im\u00e1genes --> <\/p>\n<div style='display: flex; flex-wrap: wrap; gap: 20px; justify-content: center; margin-bottom: 30px;'>\n<div style='flex: 1 1 300px; min-width: 280px;'> <img style='width: 100%; height: auto; border: 1px solid rgba(150&comma;150&comma;150&comma;0.3); border-radius: 8px;' src='https:\/\/www.rbtec.com\/resize.ashx?path=\/sites\/rbtec\/UserContent\/images\/ironclad\/ironclad_main.jpg&#038;width=452' alt='IRONCLAD'> <\/p>\n<p style='text-align: center; margin-top: 10px; font-size: 14px; color: inherit;'>IRONCLAD<\/p>\n<\/p><\/div>\n<div style='flex: 1 1 300px; min-width: 280px;'> <img style='width: 100%; height: auto; border: 1px solid rgba(150&comma;150&comma;150&comma;0.3); border-radius: 8px;' src='https:\/\/www.rbtec.com\/sites\/rbtec\/UserContent\/images\/ironclad\/Photoshop.jpg' alt='Sensores de vallas'> <\/div>\n<div style='flex: 1 1 300px; min-width: 280px;'> <img style='width: 100%; height: auto; border: 1px solid rgba(150&comma;150&comma;150&comma;0.3); border-radius: 8px;' src='https:\/\/www.rbtec.com\/sites\/rbtec\/UserContent\/images\/ironclad\/Fence%20Intrusion%20Detection%20System.jpg' alt=''> <\/div>\n<\/p><\/div>\n<p> <!-- Separador final --> <\/p>\n<hr style='border: 0; border-top: 1px solid rgba(150&comma; 150&comma; 150&comma; 0.3); margin: 30px 0;'> <!-- Secci\u00f3n de preguntas frecuentes --> <\/p>\n<div style='margin-bottom: 30px;'>\n<h3 style='font-size: 22px; border-bottom: 2px solid currentColor; padding-bottom: 5px; margin-top: 0; margin-bottom: 15px; color: inherit; opacity: 0.8;'>Preguntas frecuentes<\/h3>\n<p style='font-size: 15px; color: inherit; margin-bottom: 15px;'>Preguntas frecuentes sobre Ironclad<\/p>\n<\/p><\/div>\n<\/p><\/div>\n","protected":false},"excerpt":{"rendered":"<p>Cable Sensor para Cerca IRONCLAD,  Rollo de 305 mts cable \/ Requiere LPU-400<\/p>\n","protected":false},"featured_media":6825,"comment_status":"open","ping_status":"closed","template":"","meta":[],"product_brand":[],"product_cat":[103],"product_tag":[105,104,220],"class_list":{"0":"post-6826","1":"product","2":"type-product","3":"status-publish","4":"has-post-thumbnail","6":"product_cat-cable-sensor-perimetral","7":"product_tag-cable-sensor-perimetral","8":"product_tag-proteccion-perimetral","9":"product_tag-rbtec","11":"first","12":"outofstock","13":"sale","14":"shipping-taxable","15":"purchasable","16":"product-type-simple"},"_links":{"self":[{"href":"https:\/\/soydeaqui.ddns.net\/pachuca\/index.php\/wp-json\/wp\/v2\/product\/6826","targetHints":{"allow":["GET"]}}],"collection":[{"href":"https:\/\/soydeaqui.ddns.net\/pachuca\/index.php\/wp-json\/wp\/v2\/product"}],"about":[{"href":"https:\/\/soydeaqui.ddns.net\/pachuca\/index.php\/wp-json\/wp\/v2\/types\/product"}],"replies":[{"embeddable":true,"href":"https:\/\/soydeaqui.ddns.net\/pachuca\/index.php\/wp-json\/wp\/v2\/comments?post=6826"}],"wp:featuredmedia":[{"embeddable":true,"href":"https:\/\/soydeaqui.ddns.net\/pachuca\/index.php\/wp-json\/wp\/v2\/media\/6825"}],"wp:attachment":[{"href":"https:\/\/soydeaqui.ddns.net\/pachuca\/index.php\/wp-json\/wp\/v2\/media?parent=6826"}],"wp:term":[{"taxonomy":"product_brand","embeddable":true,"href":"https:\/\/soydeaqui.ddns.net\/pachuca\/index.php\/wp-json\/wp\/v2\/product_brand?post=6826"},{"taxonomy":"product_cat","embeddable":true,"href":"https:\/\/soydeaqui.ddns.net\/pachuca\/index.php\/wp-json\/wp\/v2\/product_cat?post=6826"},{"taxonomy":"product_tag","embeddable":true,"href":"https:\/\/soydeaqui.ddns.net\/pachuca\/index.php\/wp-json\/wp\/v2\/product_tag?post=6826"}],"curies":[{"name":"wp","href":"https:\/\/api.w.org\/{rel}","templated":true}]}}