{"id":6824,"date":"2026-03-18T06:48:07","date_gmt":"2026-03-18T06:48:07","guid":{"rendered":"https:\/\/soydeaqui.ddns.net\/pachuca\/index.php\/producto\/kit-de-cable-sensor-perimetral-ironclad-para-cercas-ciclonicas-152-metros-1-zona-sin-falsas-alarmas-por-viento-todo-incluido\/"},"modified":"2026-03-18T06:48:07","modified_gmt":"2026-03-18T06:48:07","slug":"kit-de-cable-sensor-perimetral-ironclad-para-cercas-ciclonicas-152-metros-1-zona-sin-falsas-alarmas-por-viento-todo-incluido","status":"publish","type":"product","link":"https:\/\/soydeaqui.ddns.net\/pachuca\/index.php\/producto\/kit-de-cable-sensor-perimetral-ironclad-para-cercas-ciclonicas-152-metros-1-zona-sin-falsas-alarmas-por-viento-todo-incluido\/","title":{"rendered":"Kit de Cable Sensor Perimetral IRONCLAD para Cercas Cicl\u00f3nicas \/ 152 METROS \/ 1 ZONA \/ Sin Falsas Alarmas por Viento \/ TODO Incluido"},"content":{"rendered":"<div style='width: 100%; max-width: 1200px; margin: 0 auto; font-family: sans-serif; line-height: 1.6; color: inherit; background-color: transparent;'> <!-- Imagen principal --> <\/p>\n<div style='width: 100%;'> <img style='width: 100%; height: auto; border: 1px solid rgba(150&comma;150&comma;150&comma;0.3); border-radius: 8px;' src='https:\/\/ftp3.syscom.mx\/usuarios\/ftp\/single_page\/rbtec\/img_rb0.jpg' alt=''> <\/div>\n<p> <!-- Separador --> <\/p>\n<hr style='border: 0; border-top: 1px solid rgba(150&comma; 150&comma; 150&comma; 0.3); margin: 30px 0;'> <!-- Secci\u00f3n de caracter\u00edsticas --> <\/p>\n<div style='display: flex; flex-wrap: wrap; gap: 30px;'>\n<div style='flex: 1 1 300px; min-width: 280px;'> <img style='width: 100%; height: auto; border: 1px solid rgba(150&comma;150&comma;150&comma;0.3); border-radius: 8px;' src='https:\/\/ftp3.syscom.mx\/usuarios\/ftp\/single_page\/rbtec\/img_rb1.jpg' alt=''> <\/div>\n<div style='flex: 2 1 400px; min-width: 300px;'>\n<p style='color: inherit; font-size: 15px;'>IRONCLAD es un cable sensor blindado completamente envuelto por una malla de acero&comma; la soluci\u00f3n ideal para la instalaci\u00f3n en las cercas de alambre y bobina concertina. La l\u00ednea del sensor se puede ajustar f\u00e1cilmente a la longitud deseada de la zona de detecci\u00f3n sin sobreabundancia del sensor a lo largo de la malla.<\/p>\n<h3 style='font-size: 20px; border-left: 4px solid #09ce09; padding-left: 10px; margin-top: 0; color: inherit; opacity: 0.8;'>El sistema de alarma perimetral IRONCLAD es la soluci\u00f3n ideal para la protecci\u00f3n de:<\/h3>\n<ul style='padding-left: 20px; font-size: 14px; color: inherit;'>\n<li>\u00c1reas comerciales e industriales.<\/li>\n<li>Condominios o fraccionamientos cerrados.<\/li>\n<li>Centros de datos.<\/li>\n<li>Subestaciones de agua&comma; electricidad y servicios p\u00fablicos.<\/li>\n<li>Bodegas de autom\u00f3viles&comma; caravanas&comma; botes o equipos.<\/li>\n<li>Granjas solares y centrales fotovoltaicas.<\/li>\n<li>Patios de residencias grandes<\/li>\n<li>Cualquier lugar cercado.<\/li>\n<\/ul><\/div>\n<\/p><\/div>\n<p> <!-- Separador --> <\/p>\n<hr style='border: 0; border-top: 1px solid rgba(150&comma; 150&comma; 150&comma; 0.3); margin: 30px 0;'> <!-- Secci\u00f3n de detecci\u00f3n de alarma --> <\/p>\n<div style='display: flex; flex-wrap: wrap; gap: 30px; background-color: #1b1b1b; border-radius: 8px; padding: 20px; margin-bottom: 30px;'>\n<div style='flex: 1 1 300px; min-width: 280px; color: white;'>\n<h3 style='font-size: 20px; margin-top: 0; color: inherit;'>\u00bfC\u00f3mo el sistema Detecta una Verdadera Alarma?<\/h3>\n<p style='color: inherit;'>IRONCLAD ofrece una soluci\u00f3n para la detecci\u00f3n de intrusos mediante el an\u00e1lisis de patrones de vibraci\u00f3n t\u00edpicos de un intento de entrada forzada.<\/p>\n<h4 style='font-size: 18px; color: inherit;'>El sistema utiliza 3 niveles de filtraci\u00f3n de alarma<\/h4>\n<ol style='padding-left: 20px; font-size: 14px; color: inherit;'>\n<li><strong>Algoritmo<\/strong> de detecci\u00f3n por <strong>vibraciones agudas de frecuencias asociadas con los intentos de intrusi\u00f3n.<\/strong><\/li>\n<li><strong>11 niveles de sensibilidad<\/strong> configurados f\u00e1cilmente.<\/li>\n<li>Unidad de compensaci\u00f3n de clima autom\u00e1tica para la autocalibraci\u00f3n del sistema. (VX25)<\/li>\n<\/ol><\/div>\n<div style='flex: 1 1 300px; min-width: 280px;'> <img style='width: 100%; height: auto; border: 1px solid rgba(150&comma;150&comma;150&comma;0.3); border-radius: 8px;' src='https:\/\/ftp3.syscom.mx\/usuarios\/ftp\/single_page\/rbtec\/img_rb2.png' alt=''> <\/div>\n<\/p><\/div>\n<p> <!-- Separador --> <\/p>\n<hr style='border: 0; border-top: 1px solid rgba(150&comma; 150&comma; 150&comma; 0.3); margin: 30px 0;'> <!-- Secci\u00f3n de kits --> <\/p>\n<div style='display: flex; flex-wrap: wrap; gap: 30px; margin-bottom: 30px;'>\n<div style='flex: 1 1 300px; min-width: 280px;'>\n<h3 style='font-size: 20px; border-left: 4px solid #09ce09; padding-left: 10px; margin-top: 0; color: inherit; opacity: 0.8;'>6 Configuraciones de Kits Listos para Instalaci\u00f3n R\u00e1pida<\/h3>\n<p style='color: inherit; font-size: 14px;'>Cada kit incluye analizador de campo con el carrete de cable sensor<\/p>\n<p style='color: inherit; font-weight: bold; font-size: 14px;'>Opcional:<\/p>\n<ul style='padding-left: 20px; font-size: 14px; color: inherit;'>\n<li>75 m \/ 250ft de l\u00ednea del sensor (una zona).<\/li>\n<li>152 m \/ 500ft de cable del sensor (2 zonas) de longitud&comma; 152 m \/ 500ft de l\u00ednea del sensor (una zona).<\/li>\n<li>305 m \/ 1&comma;000ft cable del sensor (2 zonas) de longitud&comma; 305 m \/ 1&comma;000ft de l\u00ednea del sensor (una zona).<\/li>\n<\/ul><\/div>\n<div style='flex: 1 1 300px; min-width: 280px;'> <img style='width: 100%; height: auto; border: 1px solid rgba(150&comma;150&comma;150&comma;0.3); border-radius: 8px;' src='https:\/\/ftp3.syscom.mx\/usuarios\/ftp\/single_page\/rbtec\/img_rb3.jpg' alt=''> <\/div>\n<\/p><\/div>\n<p> <!-- Separador --> <\/p>\n<hr style='border: 0; border-top: 1px solid rgba(150&comma; 150&comma; 150&comma; 0.3); margin: 30px 0;'> <!-- Secci\u00f3n de instalaci\u00f3n y especificaciones --> <\/p>\n<div style='display: flex; flex-wrap: wrap; gap: 30px; margin-bottom: 30px;'>\n<div style='flex: 1 1 300px; min-width: 280px;'>\n<h3 style='font-size: 20px; border-left: 4px solid #09ce09; padding-left: 10px; margin-top: 0; color: inherit; opacity: 0.8;'>Instalaci\u00f3n del Sistema<\/h3>\n<p> <img style='width: 100%; height: auto; border: 1px solid rgba(150&comma;150&comma;150&comma;0.3); border-radius: 8px;' src='https:\/\/ftp3.syscom.mx\/usuarios\/ftp\/single_page\/rbtec\/img_rb4.jpg' alt=''> <\/div>\n<div style='flex: 2 1 400px; min-width: 300px;'>\n<h4 style='font-size: 18px; margin-top: 0; color: inherit;'>Especificaciones T\u00e9cnicas<\/h4>\n<ul style='padding-left: 20px; font-size: 14px; color: inherit;'>\n<li>Potencia de Operaci\u00f3n requerida: 12 \u2013 24VDC 40mA @ 12VDC<\/li>\n<li>Salidas de Alarma: Salida de Intrusi\u00f3n y monitoreo de l\u00ednea para cada zona. Rel\u00e9s de contacto seco con contactos N.O y N.C estimados en 1A @ 12VDC.<\/li>\n<li>Carcasa: NEMA 4x&comma; IP-66. 9.5&#8242; x 7.5&#8242; x 2.75&#8242; (24cm x 19.5cm x 7.0cm) Peso: 2.2 lbs (1Kg)<\/li>\n<li>Entorno: Temperatura de Operaci\u00f3n: &#8211; 40\u00b0F a 176\u00b0F (-40\u00b0C a 80\u00b0C)<\/li>\n<li>Humedad relativa de hasta el 98% sin condensaci\u00f3n.<\/li>\n<li>Piel exterior de Acero.<\/li>\n<li>Di\u00e1metro: 0.197&#8242; (5mm).<\/li>\n<li>Ataduras resistentes UV (ties610)<\/li>\n<li>Opciones: VX-25: Unidad de compensaci\u00f3n clim\u00e1tica (para instalaci\u00f3n multi-zona).<\/li>\n<li><a style='color: #09ce09; text-decoration: none;' href='https:\/\/www.youtube.com\/watch?v=FJHRJiGBEeg&#038;t=222s' target='_blank'>Vea nuestro webinar sobre como dise\u00f1ar una soluci\u00f3n de protecci\u00f3n perimetral con IRONCLAD\/MICALERT<\/a>.<\/li>\n<li style='font-weight: bold;'>NOTA: El \u00f3ptimo funcionamiento del sistema depende de las condiciones f\u00edsicas de la barrera f\u00edsica.<\/li>\n<\/ul>\n<h4 style='font-size: 18px; margin-top: 20px; color: inherit;'>Kit incluye<\/h4>\n<ul style='padding-left: 20px; font-size: 14px; color: inherit;'>\n<li style='margin-bottom: 5px;'>1 LPU304<\/li>\n<li style='margin-bottom: 5px;'>1 IROC-500<\/li>\n<li style='margin-bottom: 5px;'>1 JB4<\/li>\n<\/ul><\/div>\n<\/p><\/div>\n<p> <!-- Secci\u00f3n de videos --> <\/p>\n<div style='display: flex; flex-wrap: wrap; gap: 20px; margin-bottom: 30px;'>\n<div style='flex: 1 1 300px; min-width: 280px;'>\n<div style='position: relative; padding-bottom: 56.25%; height: 0; overflow: hidden;'>   <\/div>\n<\/p><\/div>\n<div style='flex: 1 1 300px; min-width: 280px;'>\n<div style='position: relative; padding-bottom: 56.25%; height: 0; overflow: hidden;'>   <\/div>\n<\/p><\/div>\n<div style='flex: 1 1 300px; min-width: 280px;'>\n<div style='position: relative; padding-bottom: 56.25%; height: 0; overflow: hidden;'>   <\/div>\n<\/p><\/div>\n<\/p><\/div>\n<p> <!-- Imagenes adicionales --> <\/p>\n<div style='display: flex; flex-wrap: wrap; gap: 20px; margin-bottom: 30px;'>\n<div style='flex: 1 1 100%;'> <img style='width: 100%; height: auto; border: 1px solid rgba(150&comma;150&comma;150&comma;0.3); border-radius: 8px;' src='https:\/\/i.ibb.co\/dLDkn5c\/imagen3.png' alt=''> <\/div>\n<div style='flex: 1 1 100%;'> <img style='width: 100%; height: auto; border: 1px solid rgba(150&comma;150&comma;150&comma;0.3); border-radius: 8px;' src='https:\/\/directory.ifsecglobal.com\/c232368th_S-comp232368.jpg' alt=''> <\/div>\n<\/p><\/div>\n<\/p><\/div>\n","protected":false},"excerpt":{"rendered":"<p>Kit de Cable Sensor Perimetral IRONCLAD para Cercas Cicl\u00f3nicas \/ 152 METROS \/ 1 ZONA \/ Sin Falsas Alarmas por Viento \/ TODO Incluido<\/p>\n","protected":false},"featured_media":6823,"comment_status":"open","ping_status":"closed","template":"","meta":[],"product_brand":[],"product_cat":[103],"product_tag":[105,104,220],"class_list":{"0":"post-6824","1":"product","2":"type-product","3":"status-publish","4":"has-post-thumbnail","6":"product_cat-cable-sensor-perimetral","7":"product_tag-cable-sensor-perimetral","8":"product_tag-proteccion-perimetral","9":"product_tag-rbtec","11":"first","12":"outofstock","13":"sale","14":"shipping-taxable","15":"purchasable","16":"product-type-simple"},"_links":{"self":[{"href":"https:\/\/soydeaqui.ddns.net\/pachuca\/index.php\/wp-json\/wp\/v2\/product\/6824","targetHints":{"allow":["GET"]}}],"collection":[{"href":"https:\/\/soydeaqui.ddns.net\/pachuca\/index.php\/wp-json\/wp\/v2\/product"}],"about":[{"href":"https:\/\/soydeaqui.ddns.net\/pachuca\/index.php\/wp-json\/wp\/v2\/types\/product"}],"replies":[{"embeddable":true,"href":"https:\/\/soydeaqui.ddns.net\/pachuca\/index.php\/wp-json\/wp\/v2\/comments?post=6824"}],"wp:featuredmedia":[{"embeddable":true,"href":"https:\/\/soydeaqui.ddns.net\/pachuca\/index.php\/wp-json\/wp\/v2\/media\/6823"}],"wp:attachment":[{"href":"https:\/\/soydeaqui.ddns.net\/pachuca\/index.php\/wp-json\/wp\/v2\/media?parent=6824"}],"wp:term":[{"taxonomy":"product_brand","embeddable":true,"href":"https:\/\/soydeaqui.ddns.net\/pachuca\/index.php\/wp-json\/wp\/v2\/product_brand?post=6824"},{"taxonomy":"product_cat","embeddable":true,"href":"https:\/\/soydeaqui.ddns.net\/pachuca\/index.php\/wp-json\/wp\/v2\/product_cat?post=6824"},{"taxonomy":"product_tag","embeddable":true,"href":"https:\/\/soydeaqui.ddns.net\/pachuca\/index.php\/wp-json\/wp\/v2\/product_tag?post=6824"}],"curies":[{"name":"wp","href":"https:\/\/api.w.org\/{rel}","templated":true}]}}