{"id":68213,"date":"2026-03-19T10:01:09","date_gmt":"2026-03-19T10:01:09","guid":{"rendered":"https:\/\/soydeaqui.ddns.net\/pachuca\/index.php\/producto\/antena-omni-en-banda-aerea-con-plano-de-tierra-118-138-mhz-2-5-dbd-ajustable-el-ancho-de-banda-desde-1-6-2-1-250-watt-n-macho\/"},"modified":"2026-03-19T10:01:11","modified_gmt":"2026-03-19T10:01:11","slug":"antena-omni-en-banda-aerea-con-plano-de-tierra-118-138-mhz-2-5-dbd-ajustable-el-ancho-de-banda-desde-1-6-2-1-250-watt-n-macho","status":"publish","type":"product","link":"https:\/\/soydeaqui.ddns.net\/pachuca\/index.php\/producto\/antena-omni-en-banda-aerea-con-plano-de-tierra-118-138-mhz-2-5-dbd-ajustable-el-ancho-de-banda-desde-1-6-2-1-250-watt-n-macho\/","title":{"rendered":"Antena Omni en Banda A\u00e9rea con Plano de Tierra, 118-138 MHz, 2.5 dBd, Ajustable el Ancho de Banda desde 1.6-2.1 %, 250 Watt, N Macho."},"content":{"rendered":"<div style='width: 100%; max-width: 1200px; margin: 0 auto; font-family: sans-serif; line-height: 1.6; color: inherit; background-color: transparent;'> <!-- Secci\u00f3n de descripci\u00f3n general --> <\/p>\n<div style='margin-bottom: 30px;'>\n<h2 style='font-size: 24px; border-bottom: 2px solid currentColor; padding-bottom: 5px; margin-top: 0; color: inherit; opacity: 0.9;'>Descripci\u00f3n General<\/h2>\n<p style='font-size: 15px; color: inherit;'> Antena omnidireccional con plano de tierra&comma; dise\u00f1ada para aplicaciones en banda a\u00e9rea. Ganancia nominal de 2.5 dBd (4.6 dBi) y ancho de banda ajustable entre 1.6-2.1%. Fabricada para ofrecer una soluci\u00f3n econ\u00f3mica y vers\u00e1til con f\u00e1cil ajuste de frecuencia en campo. <\/p>\n<ul style='padding-left: 20px; font-size: 15px; color: inherit;'>\n<li style='margin-bottom: 5px;'>Frecuencia ajustable dentro del rango especificado<\/li>\n<li style='margin-bottom: 5px;'>Patr\u00f3n de radiaci\u00f3n omnidireccional con 2.5 dBd de ganancia<\/li>\n<li style='margin-bottom: 5px;'>Dise\u00f1o liviano con f\u00e1cil ensamblaje e instalaci\u00f3n<\/li>\n<li style='margin-bottom: 5px;'>Compatible con montaje est\u00e1ndar mediante abrazadera Clamp135<\/li>\n<\/ul><\/div>\n<p> <!-- Secciones de especificaciones --> <\/p>\n<div style='display: flex; flex-wrap: wrap; gap: 30px;'>\n<div style='flex: 1 1 300px; min-width: 280px;'>\n<h3 style='font-size: 22px; border-bottom: 2px solid currentColor; padding-bottom: 5px; margin-top: 0; color: inherit; opacity: 0.8;'>Especificaciones El\u00e9ctricas<\/h3>\n<ul style='padding-left: 20px; font-size: 15px; color: inherit;'>\n<li style='margin-bottom: 5px;'><strong>Rango de Frecuencia:<\/strong> 118-138 MHz<\/li>\n<li style='margin-bottom: 5px;'><strong>Conector:<\/strong> N Macho<\/li>\n<li style='margin-bottom: 5px;'><strong>Ganancia (nominal):<\/strong> 2.5 dBd (4.6 dBi)<\/li>\n<li style='margin-bottom: 5px;'><strong>Ancho de Banda:<\/strong> 1.6-2.1%<\/li>\n<li style='margin-bottom: 5px;'><strong>Impedancia:<\/strong> 50 Ohm<\/li>\n<li style='margin-bottom: 5px;'><strong>VSWR (m\u00e1x.):<\/strong> 1.5:1<\/li>\n<li style='margin-bottom: 5px;'><strong>Polarizaci\u00f3n:<\/strong> Vertical<\/li>\n<li style='margin-bottom: 5px;'><strong>Patr\u00f3n de Radiaci\u00f3n:<\/strong> Omnidireccional<\/li>\n<li style='margin-bottom: 5px;'><strong>Ancho de Haz Vertical (t\u00edpico):<\/strong> 40\u00ba<\/li>\n<li style='margin-bottom: 5px;'><strong>Potencia de Entrada (m\u00e1x.):<\/strong> 250 Watt<\/li>\n<li style='margin-bottom: 5px;'><strong>Protecci\u00f3n contra Rayos:<\/strong> Aterrizado en DC<\/li>\n<\/ul><\/div>\n<div style='flex: 1 1 300px; min-width: 280px;'>\n<h3 style='font-size: 22px; border-bottom: 2px solid currentColor; padding-bottom: 5px; margin-top: 0; color: inherit; opacity: 0.8;'>Especificaciones Mec\u00e1nicas<\/h3>\n<ul style='padding-left: 20px; font-size: 15px; color: inherit;'>\n<li style='margin-bottom: 5px;'><strong>Altura x Di\u00e1metro (m\u00e1x.):<\/strong> 3.25 m x 3.81 cm<\/li>\n<li style='margin-bottom: 5px;'><strong>Peso (antena + abrazaderas):<\/strong> 6.356 kg<\/li>\n<li style='margin-bottom: 5px;'><strong>Herraje para Montaje (Incluido):<\/strong> Clamp135<\/li>\n<li style='margin-bottom: 5px;'><strong>Di\u00e1metro Base:<\/strong> 1.5&#8242; (38 mm)<\/li>\n<li style='margin-bottom: 5px;'><strong>Peso de Env\u00edo:<\/strong> 6.81 kg<\/li>\n<li style='margin-bottom: 5px;'><strong>Dimensiones de Env\u00edo:<\/strong> 1854x127x152 mm<\/li>\n<\/ul>\n<h3 style='font-size: 22px; border-bottom: 2px solid currentColor; padding-bottom: 5px; margin-top: 25px; margin-bottom: 15px; color: inherit; opacity: 0.8;'>Especificaciones Ambientales<\/h3>\n<ul style='padding-left: 20px; font-size: 15px; color: inherit;'>\n<li style='margin-bottom: 5px;'><strong>Rango de Temperatura:<\/strong> -40 a +60\u00b0C (-40 a +140\u00b0F)<\/li>\n<li style='margin-bottom: 5px;'><strong>Carga de Viento (sin hielo):<\/strong> 201 km\/h<\/li>\n<li style='margin-bottom: 5px;'><strong>Carga de Viento (con hielo 1\/2&#8242;):<\/strong> 137 km\/h<\/li>\n<li style='margin-bottom: 5px;'><strong>\u00c1rea de Carga de Viento (equivalente plano):<\/strong> 0.11 m\u00b2<\/li>\n<li style='margin-bottom: 5px;'><strong>\u00c1rea de Carga de Viento (con hielo 1\/2&#8242;):<\/strong> 0.21 m\u00b2<\/li>\n<\/ul><\/div>\n<\/p><\/div>\n<p> <!-- Secci\u00f3n de aplicaciones --> <\/p>\n<div style='margin-top: 30px;'>\n<h3 style='font-size: 22px; border-bottom: 2px solid currentColor; padding-bottom: 5px; margin-top: 0; color: inherit; opacity: 0.8;'>Aplicaciones<\/h3>\n<ul style='padding-left: 20px; font-size: 15px; color: inherit;'>\n<li style='margin-bottom: 5px;'>Sistemas de comunicaci\u00f3n a\u00e9rea en la banda 118-138 MHz<\/li>\n<li style='margin-bottom: 5px;'>Servicios de radio troncales y sistemas arrendados<\/li>\n<li style='margin-bottom: 5px;'>Sistemas de comunicaci\u00f3n donde se requiere ajuste r\u00e1pido de frecuencia<\/li>\n<li style='margin-bottom: 5px;'>Aplicaciones donde se requiere reutilizaci\u00f3n o reventa de antenas<\/li>\n<\/ul><\/div>\n<p> <!-- Separador --> <\/p>\n<hr style='border: 0; border-top: 1px solid rgba(150&comma; 150&comma; 150&comma; 0.3); margin: 30px 0;'> <!-- Notas adicionales --> <\/p>\n<div style='margin-top: 30px;'>\n<p style='font-size: 15px; color: inherit; margin-bottom: 15px;'><strong>Nota:<\/strong> La antena est\u00e1 disponible opcionalmente con conector N-Hembra como modelo SG217-SF1SNF.<\/p>\n<p style='font-size: 15px; color: inherit;'><strong>Nota:<\/strong> Especificar la frecuencia central al momento de realizar el pedido.<\/p>\n<\/p><\/div>\n<\/p><\/div>\n","protected":false},"excerpt":{"rendered":"<p>Antena Omni en Banda A\u00e9rea con Plano de Tierra, 118-138 MHz, 2.5 dBd, Ajustable el Ancho de Banda desde 1.6-2.1 %, 250 Watt, N Macho.<\/p>\n","protected":false},"featured_media":68212,"comment_status":"open","ping_status":"closed","template":"","meta":[],"product_brand":[],"product_cat":[1958],"product_tag":[1959,1404,1671],"class_list":{"0":"post-68213","1":"product","2":"type-product","3":"status-publish","4":"has-post-thumbnail","6":"product_cat-aereas","7":"product_tag-aereas","8":"product_tag-antenas","9":"product_tag-sinclair","11":"first","12":"outofstock","13":"sale","14":"shipping-taxable","15":"purchasable","16":"product-type-simple"},"_links":{"self":[{"href":"https:\/\/soydeaqui.ddns.net\/pachuca\/index.php\/wp-json\/wp\/v2\/product\/68213","targetHints":{"allow":["GET"]}}],"collection":[{"href":"https:\/\/soydeaqui.ddns.net\/pachuca\/index.php\/wp-json\/wp\/v2\/product"}],"about":[{"href":"https:\/\/soydeaqui.ddns.net\/pachuca\/index.php\/wp-json\/wp\/v2\/types\/product"}],"replies":[{"embeddable":true,"href":"https:\/\/soydeaqui.ddns.net\/pachuca\/index.php\/wp-json\/wp\/v2\/comments?post=68213"}],"wp:featuredmedia":[{"embeddable":true,"href":"https:\/\/soydeaqui.ddns.net\/pachuca\/index.php\/wp-json\/wp\/v2\/media\/68212"}],"wp:attachment":[{"href":"https:\/\/soydeaqui.ddns.net\/pachuca\/index.php\/wp-json\/wp\/v2\/media?parent=68213"}],"wp:term":[{"taxonomy":"product_brand","embeddable":true,"href":"https:\/\/soydeaqui.ddns.net\/pachuca\/index.php\/wp-json\/wp\/v2\/product_brand?post=68213"},{"taxonomy":"product_cat","embeddable":true,"href":"https:\/\/soydeaqui.ddns.net\/pachuca\/index.php\/wp-json\/wp\/v2\/product_cat?post=68213"},{"taxonomy":"product_tag","embeddable":true,"href":"https:\/\/soydeaqui.ddns.net\/pachuca\/index.php\/wp-json\/wp\/v2\/product_tag?post=68213"}],"curies":[{"name":"wp","href":"https:\/\/api.w.org\/{rel}","templated":true}]}}