{"id":68195,"date":"2026-03-19T10:00:30","date_gmt":"2026-03-19T10:00:30","guid":{"rendered":"https:\/\/soydeaqui.ddns.net\/pachuca\/index.php\/producto\/callbox-digital-nxdn-intercomunicador-inalambrico-via-radio-vhf-150-165mhz-serie-xd-en-color-negro\/"},"modified":"2026-03-19T10:00:36","modified_gmt":"2026-03-19T10:00:36","slug":"callbox-digital-nxdn-intercomunicador-inalambrico-via-radio-vhf-150-165mhz-serie-xd-en-color-negro","status":"publish","type":"product","link":"https:\/\/soydeaqui.ddns.net\/pachuca\/index.php\/producto\/callbox-digital-nxdn-intercomunicador-inalambrico-via-radio-vhf-150-165mhz-serie-xd-en-color-negro\/","title":{"rendered":"Callbox Digital NXDN, Intercomunicador Inal\u00e1mbrico V\u00eda Radio VHF 150-165MHZ, Serie XD en Color Negro"},"content":{"rendered":"<div style='width: 100%; max-width: 1200px; margin: 0 auto; font-family: sans-serif; line-height: 1.6; color: inherit; background-color: transparent;'> <!-- Secci\u00f3n de descripci\u00f3n principal --> <\/p>\n<div style='margin-bottom: 30px; font-size: 15px;'>\n<p style='margin: 0 0 15px 0; color: inherit;'>Equipo digital de comunicaci\u00f3n fijo v\u00eda radio de la serie XD la cual provee una comunicaci\u00f3n clara y de gran alcance en formato digital NXDN o an\u00e1logo<\/p>\n<p style='margin: 0 0 15px 0; color: inherit;'>con su personal equipado con radios de dos v\u00edas. Instale un equipo Callbox de Ritron en cualquier \u00e1rea donde se requiere tener siempre disponible una forma r\u00e1pida y accesible de comunicaci\u00f3n directa a su sistema de radiocomunicaci\u00f3n.<\/p>\n<\/p><\/div>\n<p> <!-- Secci\u00f3n de aplicaciones --> <\/p>\n<div style='margin-bottom: 30px;'>\n<h3 style='font-size: 22px; border-bottom: 2px solid currentColor; padding-bottom: 5px; margin-top: 0; margin-bottom: 15px; color: inherit; opacity: 0.8;'>Aplicaciones<\/h3>\n<p style='margin: 0 0 15px 0; color: inherit;'><strong>Ideal para:<\/strong><\/p>\n<ul style='padding-left: 20px; margin: 0; font-size: 14px; color: inherit;'>\n<li style='margin-bottom: 5px;'>Campus Universitarios<\/li>\n<li style='margin-bottom: 5px;'>Aeropuertos<\/li>\n<li style='margin-bottom: 5px;'>Hospitales<\/li>\n<li style='margin-bottom: 5px;'>Manufactura<\/li>\n<li style='margin-bottom: 5px;'>Almacenes<\/li>\n<li style='margin-bottom: 5px;'>Parques<\/li>\n<li style='margin-bottom: 5px;'>Campos Deportivos<\/li>\n<li style='margin-bottom: 5px;'>Tiendas Departamentales<\/li>\n<li style='margin-bottom: 5px;'>Etc.<\/li>\n<\/ul><\/div>\n<p> <!-- Secci\u00f3n de caracter\u00edsticas --> <\/p>\n<div style='margin-bottom: 30px;'>\n<h3 style='font-size: 22px; border-bottom: 2px solid currentColor; padding-bottom: 5px; margin-top: 0; margin-bottom: 15px; color: inherit; opacity: 0.8;'>Caracter\u00edsticas Generales Serie XD<\/h3>\n<ul style='padding-left: 20px; margin: 0; font-size: 14px; color: inherit;'>\n<li style='margin-bottom: 5px;'>1 canal digital NXDN (12.5 o 6.25 KHz) o an\u00e1logo (12.5 KHz).<\/li>\n<li style='margin-bottom: 5px;'>VHF 150 &#8211; 165 MHz<\/li>\n<li style='margin-bottom: 5px;'>Se\u00f1alizaci\u00f3n NXDN: 64 n\u00fameros de acceso al radio (RAN)&comma; N\u00famero de unidad (ID).<\/li>\n<li style='margin-bottom: 5px;'>Llamadas Individuales&comma; grupales y generales.<\/li>\n<li style='margin-bottom: 5px;'>Gabinete de uso rudo de policarbonato&comma; sellado para uso en exteriores.<\/li>\n<li style='margin-bottom: 5px;'>Opera con 3 bater\u00edas tipo D (No incluidas) o con alimentaci\u00f3n externa (Requiere adaptador).<\/li>\n<li style='margin-bottom: 5px;'>Apagado autom\u00e1tico.<\/li>\n<li style='margin-bottom: 5px;'>Alerta de bater\u00eda baja.<\/li>\n<li style='margin-bottom: 5px;'>Volumen ajustable para ambientes ruidosos.<\/li>\n<li style='margin-bottom: 5px;'>Programable por PC o en campo.<\/li>\n<li style='margin-bottom: 5px;'>PTT de aluminio antivand\u00e1lico.<\/li>\n<li style='margin-bottom: 5px;'>Antena interna<\/li>\n<li style='margin-bottom: 5px;'><strong>Capacidad para grabar mensajes de voz<\/strong>.<\/li>\n<li style='margin-bottom: 5px;'>Mensaje de voz de bienvenida&comma; ubicaci\u00f3n&comma; bater\u00eda baja y falla en corriente el\u00e9ctrica.<\/li>\n<li style='margin-bottom: 5px;'>Entrada digital con notificaci\u00f3n por voz de activaci\u00f3n o desactivaci\u00f3n.<\/li>\n<li style='margin-bottom: 5px;'><strong>Salida de relevador<\/strong> con activaci\u00f3n v\u00eda se\u00f1alizaci\u00f3n.<\/li>\n<li style='margin-bottom: 5px;'>Programable con software <strong>RQXPCPK1<\/strong>.<\/li>\n<\/ul><\/div>\n<p> <!-- Separador --> <\/p>\n<hr style='border: 0; border-top: 1px solid rgba(150&comma; 150&comma; 150&comma; 0.3); margin: 30px 0;'> <\/div>\n","protected":false},"excerpt":{"rendered":"<p>Callbox Digital NXDN, Intercomunicador Inal\u00e1mbrico V\u00eda Radio VHF 150-165MHZ, Serie XD en Color Negro<\/p>\n","protected":false},"featured_media":68194,"comment_status":"open","ping_status":"closed","template":"","meta":[],"product_brand":[],"product_cat":[1545],"product_tag":[1546,1548,1547],"class_list":{"0":"post-68195","1":"product","2":"type-product","3":"status-publish","4":"has-post-thumbnail","6":"product_cat-voceo-monitoreo-remoto","7":"product_tag-aplicaciones-y-soluciones","8":"product_tag-ritron","9":"product_tag-voceo-monitoreo-remoto","11":"first","12":"outofstock","13":"sale","14":"shipping-taxable","15":"purchasable","16":"product-type-simple"},"_links":{"self":[{"href":"https:\/\/soydeaqui.ddns.net\/pachuca\/index.php\/wp-json\/wp\/v2\/product\/68195","targetHints":{"allow":["GET"]}}],"collection":[{"href":"https:\/\/soydeaqui.ddns.net\/pachuca\/index.php\/wp-json\/wp\/v2\/product"}],"about":[{"href":"https:\/\/soydeaqui.ddns.net\/pachuca\/index.php\/wp-json\/wp\/v2\/types\/product"}],"replies":[{"embeddable":true,"href":"https:\/\/soydeaqui.ddns.net\/pachuca\/index.php\/wp-json\/wp\/v2\/comments?post=68195"}],"wp:featuredmedia":[{"embeddable":true,"href":"https:\/\/soydeaqui.ddns.net\/pachuca\/index.php\/wp-json\/wp\/v2\/media\/68194"}],"wp:attachment":[{"href":"https:\/\/soydeaqui.ddns.net\/pachuca\/index.php\/wp-json\/wp\/v2\/media?parent=68195"}],"wp:term":[{"taxonomy":"product_brand","embeddable":true,"href":"https:\/\/soydeaqui.ddns.net\/pachuca\/index.php\/wp-json\/wp\/v2\/product_brand?post=68195"},{"taxonomy":"product_cat","embeddable":true,"href":"https:\/\/soydeaqui.ddns.net\/pachuca\/index.php\/wp-json\/wp\/v2\/product_cat?post=68195"},{"taxonomy":"product_tag","embeddable":true,"href":"https:\/\/soydeaqui.ddns.net\/pachuca\/index.php\/wp-json\/wp\/v2\/product_tag?post=68195"}],"curies":[{"name":"wp","href":"https:\/\/api.w.org\/{rel}","templated":true}]}}