{"id":68178,"date":"2026-03-19T09:59:54","date_gmt":"2026-03-19T09:59:54","guid":{"rendered":"https:\/\/soydeaqui.ddns.net\/pachuca\/index.php\/producto\/s3009-s5100-sonda-expandida-para-transductores-duales-el-kit-incluye-s3009-sonda-de-eco-de-navegacion-de-9-y-modulo-de-sonda-s5100\/"},"modified":"2026-03-19T09:59:56","modified_gmt":"2026-03-19T09:59:56","slug":"s3009-s5100-sonda-expandida-para-transductores-duales-el-kit-incluye-s3009-sonda-de-eco-de-navegacion-de-9-y-modulo-de-sonda-s5100","status":"publish","type":"product","link":"https:\/\/soydeaqui.ddns.net\/pachuca\/index.php\/producto\/s3009-s5100-sonda-expandida-para-transductores-duales-el-kit-incluye-s3009-sonda-de-eco-de-navegacion-de-9-y-modulo-de-sonda-s5100\/","title":{"rendered":"S3009 + S5100 Sonda expandida para transductores duales: el kit incluye S3009 sonda de eco de navegaci\u00f3n de 9 &#8220;y m\u00f3dulo de sonda S5100."},"content":{"rendered":"<div style='width: 100%; max-width: 1200px; margin: 0 auto; font-family: sans-serif; line-height: 1.6; color: inherit; background-color: transparent;'> <!-- Secci\u00f3n de contenido con flex\/grid --> <\/p>\n<div style='display: flex; flex-wrap: wrap; gap: 30px; margin-bottom: 30px;'>\n<div style='flex: 1 1 300px; min-width: 280px;'>\n<h3 style='font-size: 22px; border-bottom: 2px solid currentColor; padding-bottom: 5px; margin-top: 0; color: inherit; opacity: 0.8;'>Sonda expandida para transductores duales<\/h3>\n<p style='font-size: 15px; color: inherit; margin-bottom: 15px;'>S3009 + S5100 Sonda expandida para transductores duales: el kit incluye S3009 sonda de eco de navegaci\u00f3n de 9 &#8216;y m\u00f3dulo de sonda S5100.<\/p>\n<\/p><\/div>\n<\/p><\/div>\n<p> <!-- Secci\u00f3n de cards con especificaciones --> <\/p>\n<div style='display: flex; flex-wrap: wrap; gap: 20px; margin-bottom: 30px;'>\n<div style='flex: 1 1 250px; border: 1px solid rgba(150&comma; 150&comma; 150&comma; 0.4); border-radius: 8px; overflow: hidden; display: flex; flex-direction: column;'>\n<div style='padding: 15px; border-bottom: 1px solid rgba(150&comma; 150&comma; 150&comma; 0.2); font-weight: bold; font-size: 18px; color: inherit;'>Ecosonda S3009<\/div>\n<div style='padding: 15px; color: inherit;'>\n<h4 style='margin-top: 0; margin-bottom: 10px; font-size: 16px; color: inherit; opacity: 0.8;'>Caracter\u00edsticas<\/h4>\n<ul style='padding-left: 20px; margin: 0; font-size: 14px; list-style-type: disc;'>\n<li style='margin-bottom: 5px;'>Sonda homologada tipo IMO con pantalla integrada<\/li>\n<li style='margin-bottom: 5px;'>Cumple las resoluciones de la IMO A.224 (VII)&comma; MSC.74 (69) Anexo 4<\/li>\n<li style='margin-bottom: 5px;'>Grabaci\u00f3n en profundidad de alta precisi\u00f3n con un historial almacenado de 12 horas<\/li>\n<li style='margin-bottom: 5px;'>Sistema rentable y compacto para recipientes m\u00e1s peque\u00f1os con un solo transductor<\/li>\n<li style='margin-bottom: 5px;'>El sistema expandido S3009 + S5100 admite lectura de pantalla dividida con transductores de proa y popa<\/li>\n<li style='margin-bottom: 5px;'>Pantalla LCD de 9 pulgadas y 480&#215;800 p\u00edxeles de alto brillo<\/li>\n<li style='margin-bottom: 5px;'>Ranura para tarjeta SD frontal de f\u00e1cil acceso para grabar datos de profundidad<\/li>\n<li style='margin-bottom: 5px;'>Transductores est\u00e1ndar de 50 kHz y 200 kHz. (TGM50&comma; TGM60)<\/li>\n<\/ul>\n<h4 style='margin-top: 15px; margin-bottom: 10px; font-size: 16px; color: inherit; opacity: 0.8;'>Especificaciones<\/h4>\n<ul style='padding-left: 20px; margin: 0; font-size: 14px; list-style-type: disc;'>\n<li style='margin-bottom: 5px;'><strong>Dimensiones:<\/strong> 219 x 260 x 80 mm<\/li>\n<li style='margin-bottom: 5px;'><strong>Peso:<\/strong> 1.95 kg<\/li>\n<\/ul><\/div>\n<\/p><\/div>\n<div style='flex: 1 1 250px; border: 1px solid rgba(150&comma; 150&comma; 150&comma; 0.4); border-radius: 8px; overflow: hidden; display: flex; flex-direction: column;'>\n<div style='padding: 15px; border-bottom: 1px solid rgba(150&comma; 150&comma; 150&comma; 0.2); font-weight: bold; font-size: 18px; color: inherit;'>M\u00f3dulo de sonar S5100<\/div>\n<div style='padding: 15px; color: inherit;'>\n<h4 style='margin-top: 0; margin-bottom: 10px; font-size: 16px; color: inherit; opacity: 0.8;'>Caracter\u00edsticas<\/h4>\n<ul style='padding-left: 20px; margin: 0; font-size: 14px; list-style-type: disc;'>\n<li style='margin-bottom: 5px;'>Tres canales de sonar totalmente independientes ofrecen cobertura de alta resoluci\u00f3n<\/li>\n<li style='margin-bottom: 5px;'>Claridad sin ruido en todos los rangos de profundidad.<\/li>\n<li style='margin-bottom: 5px;'>Combine cualquiera de los tres rangos de frecuencia para alcanzar m\u00faltiples profundidades&comma; incluyendo CHIRP Ultra-Bajo&comma; Bajo&comma; Medio o Alto<\/li>\n<li style='margin-bottom: 5px;'>Compatible con transductores CHIRP de gran angular para una mayor cobertura de la columna de agua<\/li>\n<li style='margin-bottom: 5px;'>Visualizaci\u00f3n simult\u00e1nea en pantalla dividida de m\u00faltiples rangos de profundidad en su pantalla<\/li>\n<li style='margin-bottom: 5px;'>Profundidad m\u00e1xima de 3.000 metros \/ 10.000 pies (depende del transductor)<\/li>\n<li style='margin-bottom: 5px;'>F\u00e1cil de instalar con tres conectores transductores plug-and-play de 9 pines<\/li>\n<li style='margin-bottom: 5px;'>Compatible con las pantallas multifunci\u00f3n Simrad NSS evo3 y NSS evo2&comma; los sistemas NSO evo2 y los buscadores de peces de la serie S2000<\/li>\n<\/ul>\n<h4 style='margin-top: 15px; margin-bottom: 10px; font-size: 16px; color: inherit; opacity: 0.8;'>Especificaciones<\/h4>\n<ul style='padding-left: 20px; margin: 0; font-size: 14px; list-style-type: disc;'>\n<li style='margin-bottom: 5px;'><strong>Peso:<\/strong> 4.7 kg<\/li>\n<li style='margin-bottom: 5px;'><strong>Dimensiones:<\/strong> 340 x 100 x 250 mm<\/li>\n<\/ul><\/div>\n<\/p><\/div>\n<\/p><\/div>\n<p> <!-- Galer\u00eda de im\u00e1genes --> <\/p>\n<div style='display: flex; flex-wrap: wrap; gap: 15px; margin-bottom: 30px;'>\n<div style='flex: 1 1 300px; min-width: 280px;'> <img style='width: 100%; height: auto; border: 1px solid rgba(150&comma;150&comma;150&comma;0.3); border-radius: 8px;' src='http:\/\/www.navico-commercial.com\/Root\/Simrad_images\/s3009\/s3009_1_md.jpg' alt=''> <\/div>\n<div style='flex: 1 1 300px; min-width: 280px;'> <img style='width: 100%; height: auto; border: 1px solid rgba(150&comma;150&comma;150&comma;0.3); border-radius: 8px;' src='https:\/\/pricebook.navico.com\/systembuilder-core\/image\/product\/S5100.png' alt=''> <\/div>\n<\/p><\/div>\n<p> <!-- Separador --> <\/p>\n<hr style='border: 0; border-top: 1px solid rgba(150&comma; 150&comma; 150&comma; 0.3); margin: 30px 0;'> <\/div>\n","protected":false},"excerpt":{"rendered":"<p>S3009 + S5100 Sonda expandida para transductores duales: el kit incluye S3009 sonda de eco de navegaci\u00f3n de 9 &#8220;y m\u00f3dulo de sonda S5100.<\/p>\n","protected":false},"featured_media":68177,"comment_status":"open","ping_status":"closed","template":"","meta":[],"product_brand":[],"product_cat":[1526],"product_tag":[1505,1527,1172],"class_list":{"0":"post-68178","1":"product","2":"type-product","3":"status-publish","4":"has-post-thumbnail","6":"product_cat-sistema-de-navegacion","7":"product_tag-simrad","8":"product_tag-sistema-de-navegacion","9":"product_tag-soluciones-marinas","11":"first","12":"outofstock","13":"sale","14":"shipping-taxable","15":"purchasable","16":"product-type-simple"},"_links":{"self":[{"href":"https:\/\/soydeaqui.ddns.net\/pachuca\/index.php\/wp-json\/wp\/v2\/product\/68178","targetHints":{"allow":["GET"]}}],"collection":[{"href":"https:\/\/soydeaqui.ddns.net\/pachuca\/index.php\/wp-json\/wp\/v2\/product"}],"about":[{"href":"https:\/\/soydeaqui.ddns.net\/pachuca\/index.php\/wp-json\/wp\/v2\/types\/product"}],"replies":[{"embeddable":true,"href":"https:\/\/soydeaqui.ddns.net\/pachuca\/index.php\/wp-json\/wp\/v2\/comments?post=68178"}],"wp:featuredmedia":[{"embeddable":true,"href":"https:\/\/soydeaqui.ddns.net\/pachuca\/index.php\/wp-json\/wp\/v2\/media\/68177"}],"wp:attachment":[{"href":"https:\/\/soydeaqui.ddns.net\/pachuca\/index.php\/wp-json\/wp\/v2\/media?parent=68178"}],"wp:term":[{"taxonomy":"product_brand","embeddable":true,"href":"https:\/\/soydeaqui.ddns.net\/pachuca\/index.php\/wp-json\/wp\/v2\/product_brand?post=68178"},{"taxonomy":"product_cat","embeddable":true,"href":"https:\/\/soydeaqui.ddns.net\/pachuca\/index.php\/wp-json\/wp\/v2\/product_cat?post=68178"},{"taxonomy":"product_tag","embeddable":true,"href":"https:\/\/soydeaqui.ddns.net\/pachuca\/index.php\/wp-json\/wp\/v2\/product_tag?post=68178"}],"curies":[{"name":"wp","href":"https:\/\/api.w.org\/{rel}","templated":true}]}}