{"id":68164,"date":"2026-03-19T09:59:23","date_gmt":"2026-03-19T09:59:23","guid":{"rendered":"https:\/\/soydeaqui.ddns.net\/pachuca\/index.php\/producto\/lector-de-codigo-de-barras-usb-para-software-batteryshop\/"},"modified":"2026-03-19T09:59:24","modified_gmt":"2026-03-19T09:59:24","slug":"lector-de-codigo-de-barras-usb-para-software-batteryshop","status":"publish","type":"product","link":"https:\/\/soydeaqui.ddns.net\/pachuca\/index.php\/producto\/lector-de-codigo-de-barras-usb-para-software-batteryshop\/","title":{"rendered":"Lector de c\u00f3digo de barras USB para Software BatteryShop \u2122"},"content":{"rendered":"<div style='width: 100%; max-width: 1200px; margin: 0 auto; font-family: sans-serif; line-height: 1.6; color: inherit; background-color: transparent;'>\n<div style='display: flex; flex-wrap: wrap; gap: 30px; margin-bottom: 30px;'>\n<div style='flex: 1 1 300px; min-width: 280px;'>\n<h3 style='font-size: 22px; border-bottom: 2px solid currentColor; padding-bottom: 5px; margin-top: 0; color: inherit; opacity: 0.8;'>Descripci\u00f3n<\/h3>\n<p style='font-size: 15px; color: inherit; margin: 0 0 15px 0; padding: 0;'>Un esc\u00e1ner de c\u00f3digo de barras le permite escanear las etiquetas de la bater\u00eda para recuperar la informaci\u00f3n clave que se importa en nuestro software para PC BatteryShop \u2122. Esta informaci\u00f3n informa los datos hist\u00f3ricos del servicio de la bater\u00eda y configurar\u00e1 el analizador con la configuraci\u00f3n correcta de prueba y mantenimiento<\/p>\n<\/p><\/div>\n<\/p><\/div>\n<\/p><\/div>\n","protected":false},"excerpt":{"rendered":"<p>Lector de c\u00f3digo de barras USB para Software BatteryShop \u2122<\/p>\n","protected":false},"featured_media":68163,"comment_status":"open","ping_status":"closed","template":"","meta":[],"product_brand":[],"product_cat":[1907],"product_tag":[1908,1678,931],"class_list":{"0":"post-68164","1":"product","2":"type-product","3":"status-publish","4":"has-post-thumbnail","6":"product_cat-analizadores-de-baterias","7":"product_tag-analizadores-de-baterias","8":"product_tag-cadex-electronics-inc","9":"product_tag-equipo-de-laboratorio","11":"first","12":"outofstock","13":"sale","14":"shipping-taxable","15":"purchasable","16":"product-type-simple"},"_links":{"self":[{"href":"https:\/\/soydeaqui.ddns.net\/pachuca\/index.php\/wp-json\/wp\/v2\/product\/68164","targetHints":{"allow":["GET"]}}],"collection":[{"href":"https:\/\/soydeaqui.ddns.net\/pachuca\/index.php\/wp-json\/wp\/v2\/product"}],"about":[{"href":"https:\/\/soydeaqui.ddns.net\/pachuca\/index.php\/wp-json\/wp\/v2\/types\/product"}],"replies":[{"embeddable":true,"href":"https:\/\/soydeaqui.ddns.net\/pachuca\/index.php\/wp-json\/wp\/v2\/comments?post=68164"}],"wp:featuredmedia":[{"embeddable":true,"href":"https:\/\/soydeaqui.ddns.net\/pachuca\/index.php\/wp-json\/wp\/v2\/media\/68163"}],"wp:attachment":[{"href":"https:\/\/soydeaqui.ddns.net\/pachuca\/index.php\/wp-json\/wp\/v2\/media?parent=68164"}],"wp:term":[{"taxonomy":"product_brand","embeddable":true,"href":"https:\/\/soydeaqui.ddns.net\/pachuca\/index.php\/wp-json\/wp\/v2\/product_brand?post=68164"},{"taxonomy":"product_cat","embeddable":true,"href":"https:\/\/soydeaqui.ddns.net\/pachuca\/index.php\/wp-json\/wp\/v2\/product_cat?post=68164"},{"taxonomy":"product_tag","embeddable":true,"href":"https:\/\/soydeaqui.ddns.net\/pachuca\/index.php\/wp-json\/wp\/v2\/product_tag?post=68164"}],"curies":[{"name":"wp","href":"https:\/\/api.w.org\/{rel}","templated":true}]}}