{"id":68158,"date":"2026-03-19T09:59:09","date_gmt":"2026-03-19T09:59:09","guid":{"rendered":"https:\/\/soydeaqui.ddns.net\/pachuca\/index.php\/producto\/transductor-xsonic-ss175l-0-grados-bajo-chirp-con-conector-negro-de-9-pines\/"},"modified":"2026-03-19T09:59:10","modified_gmt":"2026-03-19T09:59:10","slug":"transductor-xsonic-ss175l-0-grados-bajo-chirp-con-conector-negro-de-9-pines","status":"publish","type":"product","link":"https:\/\/soydeaqui.ddns.net\/pachuca\/index.php\/producto\/transductor-xsonic-ss175l-0-grados-bajo-chirp-con-conector-negro-de-9-pines\/","title":{"rendered":"Transductor XSONIC SS175L 0 grados bajo CHIRP con conector negro de 9 pines."},"content":{"rendered":"<div style='width: 100%; max-width: 1200px; margin: 0 auto; font-family: sans-serif; line-height: 1.6; color: inherit; background-color: transparent;'> <!-- Descripci\u00f3n principal --> <\/p>\n<div style='margin-bottom: 30px; font-size: 15px; color: inherit;'>\n<p>El transductor a trav\u00e9s del casco CHIRP de baja frecuencia xSonic SS175L se transmite a trav\u00e9s del ancho de banda de 40-60 kHz&comma; proporcionando una detecci\u00f3n de fondo de hasta 4&comma;000 pies. Dise\u00f1ado para barcos de hasta 36 pies&comma; el SS175L ofrece una excelente separaci\u00f3n de objetivos&comma; lo que hace que sea f\u00e1cil distinguir al cebo del juego Pescado y estructura. La inclinaci\u00f3n de 0 \u00b0 es ideal para embarcaciones con un punto muerto en el casco de 0 \u00b0 a 11 \u00b0.<\/p>\n<\/p><\/div>\n<p> <!-- Especificaciones en cards --> <\/p>\n<div style='display: flex; flex-wrap: wrap; gap: 20px; margin-bottom: 30px;'>\n<div style='flex: 1 1 250px; border: 1px solid rgba(150&comma; 150&comma; 150&comma; 0.4); border-radius: 8px; overflow: hidden; display: flex; flex-direction: column;'>\n<div style='padding: 15px; border-bottom: 1px solid rgba(150&comma; 150&comma; 150&comma; 0.2); font-weight: bold; font-size: 18px; color: inherit;'>Especificaciones<\/div>\n<div style='padding: 15px; color: inherit;'>\n<ul style='padding-left: 20px; margin: 0; font-size: 14px; list-style-type: disc; color: inherit;'>\n<li style='margin-bottom: 5px;'><strong>Haz:<\/strong> 32 a 21 grados bajo CHIRP<\/li>\n<li style='margin-bottom: 5px;'><strong>Interfaz de conexi\u00f3n:<\/strong> 9 Pin xSonic<\/li>\n<li style='margin-bottom: 5px;'><strong>\u00c1ngulo de salida muerta:<\/strong> Grado 0 a 11<\/li>\n<li style='margin-bottom: 5px;'><strong>Frecuencia:<\/strong> 40kHz-60kHz bajo CHIRP<\/li>\n<li style='margin-bottom: 5px;'><strong>Material:<\/strong> Acero inoxidable<\/li>\n<li style='margin-bottom: 5px;'><strong>Profundidad m\u00e1xima:<\/strong> CHIRP bajo de 4000 pies<\/li>\n<li style='margin-bottom: 5px;'><strong>Tipo de montaje:<\/strong> Vaciado a trav\u00e9s del casco<\/li>\n<li style='margin-bottom: 5px;'><strong>Sonar:<\/strong> CHIRP de un solo canal<\/li>\n<li style='margin-bottom: 5px;'><strong>Potencia de transmisi\u00f3n:<\/strong> 1 kW<\/li>\n<li style='margin-bottom: 5px;'><strong>Tipo:<\/strong> A trav\u00e9s del casco<\/li>\n<\/ul><\/div>\n<\/p><\/div>\n<\/p><\/div>\n<p> <!-- Imagen --> <\/p>\n<div style='margin-bottom: 30px;'> <img style='width: 100%; height: auto; border: 1px solid rgba(150&comma;150&comma;150&comma;0.3); border-radius: 8px;' src='https:\/\/pricebook.navico.com\/systembuilder-core\/image\/drawing\/DRAWING_B175_TRANSDUCER.png' alt=''> <\/div>\n<\/p><\/div>\n","protected":false},"excerpt":{"rendered":"<p>Transductor XSONIC SS175L 0 grados bajo CHIRP con conector negro de 9 pines.<\/p>\n","protected":false},"featured_media":68157,"comment_status":"open","ping_status":"closed","template":"","meta":[],"product_brand":[],"product_cat":[1541],"product_tag":[1542,1505,1172],"class_list":{"0":"post-68158","1":"product","2":"type-product","3":"status-publish","4":"has-post-thumbnail","6":"product_cat-equipos-para-pesca-comercial-y-recreativa","7":"product_tag-equipos-para-pesca-comercial-y-recreativa","8":"product_tag-simrad","9":"product_tag-soluciones-marinas","11":"first","12":"outofstock","13":"sale","14":"shipping-taxable","15":"purchasable","16":"product-type-simple"},"_links":{"self":[{"href":"https:\/\/soydeaqui.ddns.net\/pachuca\/index.php\/wp-json\/wp\/v2\/product\/68158","targetHints":{"allow":["GET"]}}],"collection":[{"href":"https:\/\/soydeaqui.ddns.net\/pachuca\/index.php\/wp-json\/wp\/v2\/product"}],"about":[{"href":"https:\/\/soydeaqui.ddns.net\/pachuca\/index.php\/wp-json\/wp\/v2\/types\/product"}],"replies":[{"embeddable":true,"href":"https:\/\/soydeaqui.ddns.net\/pachuca\/index.php\/wp-json\/wp\/v2\/comments?post=68158"}],"wp:featuredmedia":[{"embeddable":true,"href":"https:\/\/soydeaqui.ddns.net\/pachuca\/index.php\/wp-json\/wp\/v2\/media\/68157"}],"wp:attachment":[{"href":"https:\/\/soydeaqui.ddns.net\/pachuca\/index.php\/wp-json\/wp\/v2\/media?parent=68158"}],"wp:term":[{"taxonomy":"product_brand","embeddable":true,"href":"https:\/\/soydeaqui.ddns.net\/pachuca\/index.php\/wp-json\/wp\/v2\/product_brand?post=68158"},{"taxonomy":"product_cat","embeddable":true,"href":"https:\/\/soydeaqui.ddns.net\/pachuca\/index.php\/wp-json\/wp\/v2\/product_cat?post=68158"},{"taxonomy":"product_tag","embeddable":true,"href":"https:\/\/soydeaqui.ddns.net\/pachuca\/index.php\/wp-json\/wp\/v2\/product_tag?post=68158"}],"curies":[{"name":"wp","href":"https:\/\/api.w.org\/{rel}","templated":true}]}}