{"id":68131,"date":"2026-03-19T09:58:07","date_gmt":"2026-03-19T09:58:07","guid":{"rendered":"https:\/\/soydeaqui.ddns.net\/pachuca\/index.php\/producto\/ptt-inalambrico-con-tubo-acustico-para-radios-icom-con-bluetooth-interconstruido\/"},"modified":"2026-03-19T09:58:09","modified_gmt":"2026-03-19T09:58:09","slug":"ptt-inalambrico-con-tubo-acustico-para-radios-icom-con-bluetooth-interconstruido","status":"publish","type":"product","link":"https:\/\/soydeaqui.ddns.net\/pachuca\/index.php\/producto\/ptt-inalambrico-con-tubo-acustico-para-radios-icom-con-bluetooth-interconstruido\/","title":{"rendered":"PTT inal\u00e1mbrico con tubo ac\u00fastico para radios Icom con Bluetooth interconstruido"},"content":{"rendered":"<div style='width: 100%; max-width: 1200px; margin: 0 auto; font-family: sans-serif; line-height: 1.6; color: inherit; background-color: transparent;'>\n<div style='display: flex; flex-wrap: wrap; gap: 30px; margin-bottom: 30px;'>\n<div style='flex: 1 1 300px; min-width: 280px;'>\n<h3 style='font-size: 22px; border-bottom: 2px solid currentColor; padding-bottom: 5px; margin-top: 0; color: inherit; opacity: 0.8;'>Descripci\u00f3n<\/h3>\n<p style='font-size: 15px; color: inherit; margin-top: 0; margin-bottom: 15px;'>El BTH-300-IC-KIT2 es un kit de micr\u00f3fono inal\u00e1mbrico de solapa dise\u00f1ado para usar con los radios Icom.<\/p>\n<\/p><\/div>\n<\/p><\/div>\n<div style='display: flex; flex-wrap: wrap; gap: 20px; margin-bottom: 30px;'>\n<div style='flex: 1 1 250px; border: 1px solid rgba(150&comma; 150&comma; 150&comma; 0.4); border-radius: 8px; overflow: hidden; display: flex; flex-direction: column;'>\n<div style='padding: 15px; border-bottom: 1px solid rgba(150&comma; 150&comma; 150&comma; 0.2); font-weight: bold; font-size: 18px; color: inherit;'>Caracter\u00edsticas<\/div>\n<div style='padding: 15px; color: inherit;'>\n<ul style='padding-left: 20px; margin: 0; font-size: 14px; list-style-type: disc;'>\n<li style='margin-bottom: 5px;'>8 versiones diferentes de KITS<\/li>\n<li style='margin-bottom: 5px;'>M\u00e1s de 10 horas de duraci\u00f3n de la bater\u00eda<\/li>\n<li style='margin-bottom: 5px;'>PTT inal\u00e1mbrico incorporado<\/li>\n<li style='margin-bottom: 5px;'>Micr\u00f3fono incorporado (para aplicaciones solo para auriculares) con tecnolog\u00eda de cambio autom\u00e1tico<\/li>\n<li style='margin-bottom: 5px;'>LED de estado discreto<\/li>\n<li style='margin-bottom: 5px;'>Controles de ajuste de volumen con memoria de ajustes&comma; incluso cuando la unidad est\u00e1 apagada<\/li>\n<li style='margin-bottom: 5px;'>El conector de carga micro USB es compatible con cargadores de bater\u00eda para Android<\/li>\n<li style='margin-bottom: 5px;'>El clip de sujeci\u00f3n met\u00e1lico giratorio (360\u00b0)&comma; permite que el usuario lo use c\u00f3modamente<\/li>\n<li style='margin-bottom: 5px;'>Compatible con los adaptadores de radio PRYMEBLU\u00ae y la mayor\u00eda de los tel\u00e9fonos celulares (compatible con la operaci\u00f3n de emparejamiento doble)<\/li>\n<\/ul><\/div>\n<\/p><\/div>\n<div style='flex: 1 1 250px; border: 1px solid rgba(150&comma; 150&comma; 150&comma; 0.4); border-radius: 8px; overflow: hidden; display: flex; flex-direction: column;'>\n<div style='padding: 15px; border-bottom: 1px solid rgba(150&comma; 150&comma; 150&comma; 0.2); font-weight: bold; font-size: 18px; color: inherit;'>Incluye<\/div>\n<div style='padding: 15px; color: inherit;'>\n<ul style='padding-left: 20px; margin: 0; font-size: 14px; list-style-type: disc;'>\n<li style='margin-bottom: 5px;'>Cargador y cable USB incluido<\/li>\n<\/ul><\/div>\n<\/p><\/div>\n<\/p><\/div>\n<div style='display: flex; flex-wrap: wrap; gap: 20px; margin-bottom: 30px;'>\n<div style='flex: 1 1 250px; border: 1px solid rgba(150&comma; 150&comma; 150&comma; 0.4); border-radius: 8px; overflow: hidden; display: flex; flex-direction: column;'>\n<div style='padding: 15px; border-bottom: 1px solid rgba(150&comma; 150&comma; 150&comma; 0.2); font-weight: bold; font-size: 18px; color: inherit;'>Micr\u00f3fono integrado<\/div>\n<div style='padding: 15px; color: inherit;'>\n<p style='margin-top: 0; margin-bottom: 15px; font-size: 14px;'>Cuando el BTH-300 se usa con un auricular solo para escuchar&comma; este micr\u00f3fono interconstruido capta el audio de voz del usuario para enviarlo por aire. Cuando se utiliza un accesorio que contiene un micr\u00f3fono&comma; el micr\u00f3fono interno del BTH300 se silencia.<\/p>\n<\/p><\/div>\n<\/p><\/div>\n<div style='flex: 1 1 250px; border: 1px solid rgba(150&comma; 150&comma; 150&comma; 0.4); border-radius: 8px; overflow: hidden; display: flex; flex-direction: column;'>\n<div style='padding: 15px; border-bottom: 1px solid rgba(150&comma; 150&comma; 150&comma; 0.2); font-weight: bold; font-size: 18px; color: inherit;'>LED de indicador del estado<\/div>\n<div style='padding: 15px; color: inherit;'>\n<p style='margin-top: 0; margin-bottom: 15px; font-size: 14px;'>El LED de estado&comma; parpadea indicando al usuario el estado actual del dispositivo.<\/p>\n<\/p><\/div>\n<\/p><\/div>\n<div style='flex: 1 1 250px; border: 1px solid rgba(150&comma; 150&comma; 150&comma; 0.4); border-radius: 8px; overflow: hidden; display: flex; flex-direction: column;'>\n<div style='padding: 15px; border-bottom: 1px solid rgba(150&comma; 150&comma; 150&comma; 0.2); font-weight: bold; font-size: 18px; color: inherit;'>Bot\u00f3n PTT (Push-to-Talk)<\/div>\n<div style='padding: 15px; color: inherit;'>\n<p style='margin-top: 0; margin-bottom: 15px; font-size: 14px;'>Cuando el micr\u00f3fono de solapa PRYMEBLU\u00ae BTH-300 est\u00e1 emparejado con un adaptador Bluetooth PRYMEBLU&comma; al mantener presionado este bot\u00f3n se activa la funci\u00f3n Push-to-Talk del radio de dos v\u00edas.<\/p>\n<\/p><\/div>\n<\/p><\/div>\n<div style='flex: 1 1 250px; border: 1px solid rgba(150&comma; 150&comma; 150&comma; 0.4); border-radius: 8px; overflow: hidden; display: flex; flex-direction: column;'>\n<div style='padding: 15px; border-bottom: 1px solid rgba(150&comma; 150&comma; 150&comma; 0.2); font-weight: bold; font-size: 18px; color: inherit;'>Bot\u00f3n telef\u00f3nico<\/div>\n<div style='padding: 15px; color: inherit;'>\n<p style='margin-top: 0; margin-bottom: 15px; font-size: 14px;'>Cuando el BTH-300 est\u00e1 emparejado con un tel\u00e9fono celular&comma; este bot\u00f3n se puede usar para administrar las funciones del tel\u00e9fono&comma; como contestar o colgar una llamada.<\/p>\n<\/p><\/div>\n<\/p><\/div>\n<div style='flex: 1 1 250px; border: 1px solid rgba(150&comma; 150&comma; 150&comma; 0.4); border-radius: 8px; overflow: hidden; display: flex; flex-direction: column;'>\n<div style='padding: 15px; border-bottom: 1px solid rgba(150&comma; 150&comma; 150&comma; 0.2); font-weight: bold; font-size: 18px; color: inherit;'>Clip de ropa<\/div>\n<div style='padding: 15px; color: inherit;'>\n<p style='margin-top: 0; margin-bottom: 15px; font-size: 14px;'>El clip tipo caim\u00e1n fija el micr\u00f3fono de solapa PRYMEBLU BTH-300 a la ropa del usuario durante el uso. El clip se puede girar para permitir que el micr\u00f3fono se coloque mejor.<\/p>\n<\/p><\/div>\n<\/p><\/div>\n<div style='flex: 1 1 250px; border: 1px solid rgba(150&comma; 150&comma; 150&comma; 0.4); border-radius: 8px; overflow: hidden; display: flex; flex-direction: column;'>\n<div style='padding: 15px; border-bottom: 1px solid rgba(150&comma; 150&comma; 150&comma; 0.2); font-weight: bold; font-size: 18px; color: inherit;'>Auriculares \/ Puerto de accesorios<\/div>\n<div style='padding: 15px; color: inherit;'>\n<p style='margin-top: 0; margin-bottom: 15px; font-size: 14px;'>En este conector se puede conectar cualquier aud\u00edfono monoest\u00e9reo o est\u00e9reo de solo 3&comma;5 mm est\u00e1ndar. Las llamadas recibidas se escuchar\u00e1n a trav\u00e9s del auricular. Esta toma tambi\u00e9n se puede usar con un accesorio de audio de 3&comma;5 mm de 4 conductores (compatible con iPhone de Apple) que contiene un auricular y un micr\u00f3fono&comma; como los n\u00fameros de parte de Apple ME186LL \/ A&comma; o MD827LL \/ A (no incluidos). Cuando se usa con tal accesorio&comma; las llamadas recibidas se pueden escuchar a trav\u00e9s de los auriculares y el audio de transmisi\u00f3n se tomar\u00e1 del micr\u00f3fono accesorio.<\/p>\n<\/p><\/div>\n<\/p><\/div>\n<div style='flex: 1 1 250px; border: 1px solid rgba(150&comma; 150&comma; 150&comma; 0.4); border-radius: 8px; overflow: hidden; display: flex; flex-direction: column;'>\n<div style='padding: 15px; border-bottom: 1px solid rgba(150&comma; 150&comma; 150&comma; 0.2); font-weight: bold; font-size: 18px; color: inherit;'>Bot\u00f3n de encendido<\/div>\n<div style='padding: 15px; color: inherit;'>\n<p style='margin-top: 0; margin-bottom: 15px; font-size: 14px;'>Al presionar este bot\u00f3n durante un segundo&comma; se activa o desactiva el micr\u00f3fono de solapa PRYMEBLU BTH-300. Este bot\u00f3n tambi\u00e9n se usa para colocar el micr\u00f3fono de solapa en modo de emparejamiento para que pueda conectarse de forma inal\u00e1mbrica a un adaptador PRYMEBLU o un tel\u00e9fono celular.<\/p>\n<\/p><\/div>\n<\/p><\/div>\n<div style='flex: 1 1 250px; border: 1px solid rgba(150&comma; 150&comma; 150&comma; 0.4); border-radius: 8px; overflow: hidden; display: flex; flex-direction: column;'>\n<div style='padding: 15px; border-bottom: 1px solid rgba(150&comma; 150&comma; 150&comma; 0.2); font-weight: bold; font-size: 18px; color: inherit;'>Botones de subir\/bajar el volumen<\/div>\n<div style='padding: 15px; color: inherit;'>\n<p style='margin-top: 0; margin-bottom: 15px; font-size: 14px;'>Estos botones se pueden usar para ajustar el nivel de volumen del auricular conectado al BTH-300.<\/p>\n<\/p><\/div>\n<\/p><\/div>\n<div style='flex: 1 1 250px; border: 1px solid rgba(150&comma; 150&comma; 150&comma; 0.4); border-radius: 8px; overflow: hidden; display: flex; flex-direction: column;'>\n<div style='padding: 15px; border-bottom: 1px solid rgba(150&comma; 150&comma; 150&comma; 0.2); font-weight: bold; font-size: 18px; color: inherit;'>Puerto de carga USB<\/div>\n<div style='padding: 15px; color: inherit;'>\n<p style='margin-top: 0; margin-bottom: 15px; font-size: 14px;'>Este conector micro-USB se usa para conectar el cable de carga suministrado al BTH-300 para recargar la bater\u00eda interna de Li-Ion del dispositivo.<\/p>\n<\/p><\/div>\n<\/p><\/div>\n<\/p><\/div>\n<hr style='border: 0; border-top: 1px solid rgba(150&comma; 150&comma; 150&comma; 0.3); margin: 30px 0;'> <\/div>\n","protected":false},"excerpt":{"rendered":"<p>PTT inal\u00e1mbrico con tubo ac\u00fastico para radios Icom con Bluetooth interconstruido<\/p>\n","protected":false},"featured_media":68130,"comment_status":"open","ping_status":"closed","template":"","meta":[],"product_brand":[],"product_cat":[1519],"product_tag":[417,1517,1730],"class_list":{"0":"post-68131","1":"product","2":"type-product","3":"status-publish","4":"has-post-thumbnail","6":"product_cat-accesorios-generales-accesorios-para-icom","7":"product_tag-accesorios-generales","8":"product_tag-accesorios-para-icom","9":"product_tag-pryme","11":"first","12":"outofstock","13":"sale","14":"shipping-taxable","15":"purchasable","16":"product-type-simple"},"_links":{"self":[{"href":"https:\/\/soydeaqui.ddns.net\/pachuca\/index.php\/wp-json\/wp\/v2\/product\/68131","targetHints":{"allow":["GET"]}}],"collection":[{"href":"https:\/\/soydeaqui.ddns.net\/pachuca\/index.php\/wp-json\/wp\/v2\/product"}],"about":[{"href":"https:\/\/soydeaqui.ddns.net\/pachuca\/index.php\/wp-json\/wp\/v2\/types\/product"}],"replies":[{"embeddable":true,"href":"https:\/\/soydeaqui.ddns.net\/pachuca\/index.php\/wp-json\/wp\/v2\/comments?post=68131"}],"wp:featuredmedia":[{"embeddable":true,"href":"https:\/\/soydeaqui.ddns.net\/pachuca\/index.php\/wp-json\/wp\/v2\/media\/68130"}],"wp:attachment":[{"href":"https:\/\/soydeaqui.ddns.net\/pachuca\/index.php\/wp-json\/wp\/v2\/media?parent=68131"}],"wp:term":[{"taxonomy":"product_brand","embeddable":true,"href":"https:\/\/soydeaqui.ddns.net\/pachuca\/index.php\/wp-json\/wp\/v2\/product_brand?post=68131"},{"taxonomy":"product_cat","embeddable":true,"href":"https:\/\/soydeaqui.ddns.net\/pachuca\/index.php\/wp-json\/wp\/v2\/product_cat?post=68131"},{"taxonomy":"product_tag","embeddable":true,"href":"https:\/\/soydeaqui.ddns.net\/pachuca\/index.php\/wp-json\/wp\/v2\/product_tag?post=68131"}],"curies":[{"name":"wp","href":"https:\/\/api.w.org\/{rel}","templated":true}]}}