{"id":6808,"date":"2026-03-18T06:47:54","date_gmt":"2026-03-18T06:47:54","guid":{"rendered":"https:\/\/soydeaqui.ddns.net\/pachuca\/index.php\/producto\/altavoz-colgante-con-cobertura-360-7-5w-10w-15w-20w-30w-60w\/"},"modified":"2026-03-18T06:48:00","modified_gmt":"2026-03-18T06:48:00","slug":"altavoz-colgante-con-cobertura-360-7-5w-10w-15w-20w-30w-60w","status":"publish","type":"product","link":"https:\/\/soydeaqui.ddns.net\/pachuca\/index.php\/producto\/altavoz-colgante-con-cobertura-360-7-5w-10w-15w-20w-30w-60w\/","title":{"rendered":"Altavoz Colgante Con Cobertura 360\u00b0 |  7.5W, 10W, 15W, 20W, 30W, 60W"},"content":{"rendered":"<div style='width: 100%; max-width: 1200px; margin: 0 auto; font-family: sans-serif; line-height: 1.6; color: inherit;'>\n<div style='display: flex; flex-direction: column; align-items: center; text-align: center; margin-bottom: 30px;'> <img style='width: 100%; max-width: 800px; height: auto; border: 1px solid rgba(150&comma;150&comma;150&comma;0.3); border-radius: 8px;' src='https:\/\/ftp3.syscom.mx\/usuarios\/fotos\/SF208P\/196708-bocinas.png' alt=''> <\/div>\n<div style='display: flex; flex-direction: column; align-items: center; text-align: center; margin-bottom: 30px;'> <img style='width: 100%; max-width: 700px; height: auto; border: 1px solid rgba(150&comma;150&comma;150&comma;0.3); border-radius: 8px;' src='https:\/\/ftp3.syscom.mx\/usuarios\/fotos\/SF600W\/83001-sf600w.jpg' alt=''> <\/div>\n<div style='margin-bottom: 30px;'>\n<p style='font-size: 15px; color: inherit;'>Es un altavoz colgante con un transformador incorporado de 70v \/ 100v. La tecnolog\u00eda del transformador reduce las p\u00e9rdidas de l\u00ednea en distancias m\u00e1s largas y permite una f\u00e1cil conexi\u00f3n en paralelo de m\u00faltiples altavoces. Es adecuado para uso en techos altos. Tiene un amplio \u00e1ngulo de dispersi\u00f3n de sonido de 360\u00b0 ideal para lugares abiertos que requieren mensajes inteligibles a grandes distancias.<\/p>\n<\/p><\/div>\n<div style='display: flex; flex-wrap: wrap; gap: 30px; margin-bottom: 30px;'>\n<div style='flex: 1 1 300px; min-width: 280px;'>\n<h3 style='font-size: 22px; border-bottom: 2px solid currentColor; padding-bottom: 5px; margin-top: 0; color: inherit; opacity: 0.8;'>APLICACIONES<\/h3>\n<ul style='padding-left: 20px; font-size: 15px; color: inherit; list-style-type: disc;'>\n<li style='margin-bottom: 5px;'>Aeropuertos<\/li>\n<li style='margin-bottom: 5px;'>Maquiladoras<\/li>\n<li style='margin-bottom: 5px;'>Hospitales<\/li>\n<li style='margin-bottom: 5px;'>Universidades<\/li>\n<li style='margin-bottom: 5px;'>Centros comerciales<\/li>\n<li style='margin-bottom: 5px;'>Tiendas<\/li>\n<li style='margin-bottom: 5px;'>Plazas comerciales<\/li>\n<\/ul><\/div>\n<\/p><\/div>\n<div style='display: flex; flex-wrap: wrap; gap: 30px; margin-bottom: 30px;'>\n<div style='flex: 1 1 300px; min-width: 280px;'>\n<h3 style='font-size: 22px; border-bottom: 2px solid currentColor; padding-bottom: 5px; margin-top: 0; color: inherit; opacity: 0.8;'>CARACTERISTICAS<\/h3>\n<ul style='padding-left: 20px; font-size: 15px; color: inherit; list-style-type: disc;'>\n<li style='margin-bottom: 5px;'>\u00c1ngulo de dispersi\u00f3n de 360\u00b0<\/li>\n<li style='margin-bottom: 5px;'>Potencia a 100V | 7.5W&comma; 10W&comma; 15W&comma; 20W&comma; 30W&comma; 60W<\/li>\n<li style='margin-bottom: 5px;'>Potencia a 70V | 3.75W&comma; 5W&comma; 7.5W&comma; 10W&comma; 15W&comma; 30W<\/li>\n<li style='margin-bottom: 5px;'>Sensibilidad 102dB<\/li>\n<li style='margin-bottom: 5px;'>Cubierta pl\u00e1stica<\/li>\n<\/ul><\/div>\n<\/p><\/div>\n<\/p><\/div>\n","protected":false},"excerpt":{"rendered":"<p>Altavoz Colgante Con Cobertura 360\u00b0 |  7.5W, 10W, 15W, 20W, 30W, 60W<\/p>\n","protected":false},"featured_media":6807,"comment_status":"open","ping_status":"closed","template":"","meta":[],"product_brand":[],"product_cat":[108],"product_tag":[110,109],"class_list":{"0":"post-6808","1":"product","2":"type-product","3":"status-publish","4":"has-post-thumbnail","6":"product_cat-epcom-proaudio","7":"product_tag-epcom-proaudio","8":"product_tag-megafonia-y-audioevacuacion","10":"first","11":"instock","12":"sale","13":"shipping-taxable","14":"purchasable","15":"product-type-simple"},"_links":{"self":[{"href":"https:\/\/soydeaqui.ddns.net\/pachuca\/index.php\/wp-json\/wp\/v2\/product\/6808","targetHints":{"allow":["GET"]}}],"collection":[{"href":"https:\/\/soydeaqui.ddns.net\/pachuca\/index.php\/wp-json\/wp\/v2\/product"}],"about":[{"href":"https:\/\/soydeaqui.ddns.net\/pachuca\/index.php\/wp-json\/wp\/v2\/types\/product"}],"replies":[{"embeddable":true,"href":"https:\/\/soydeaqui.ddns.net\/pachuca\/index.php\/wp-json\/wp\/v2\/comments?post=6808"}],"wp:featuredmedia":[{"embeddable":true,"href":"https:\/\/soydeaqui.ddns.net\/pachuca\/index.php\/wp-json\/wp\/v2\/media\/6807"}],"wp:attachment":[{"href":"https:\/\/soydeaqui.ddns.net\/pachuca\/index.php\/wp-json\/wp\/v2\/media?parent=6808"}],"wp:term":[{"taxonomy":"product_brand","embeddable":true,"href":"https:\/\/soydeaqui.ddns.net\/pachuca\/index.php\/wp-json\/wp\/v2\/product_brand?post=6808"},{"taxonomy":"product_cat","embeddable":true,"href":"https:\/\/soydeaqui.ddns.net\/pachuca\/index.php\/wp-json\/wp\/v2\/product_cat?post=6808"},{"taxonomy":"product_tag","embeddable":true,"href":"https:\/\/soydeaqui.ddns.net\/pachuca\/index.php\/wp-json\/wp\/v2\/product_tag?post=6808"}],"curies":[{"name":"wp","href":"https:\/\/api.w.org\/{rel}","templated":true}]}}